{"id":8441,"date":"2022-12-09T21:43:36","date_gmt":"2022-12-09T19:43:36","guid":{"rendered":"https:\/\/vivasem.ro\/?post_type=product&#038;p=8441"},"modified":"2024-12-12T22:48:33","modified_gmt":"2024-12-12T20:48:33","slug":"abraham-lincoln-improved-f1-100s","status":"publish","type":"product","link":"https:\/\/vivasem.ro\/?product=abraham-lincoln-improved-f1-100s","title":{"rendered":".ABRAHAM LINCOLN IMPROVED F1"},"content":{"rendered":"<h6><span style=\"color: #ff0000;\">ABRAHAM LINCOLN IMPROVED F1\u00a0-Reimeer Seeds USA,<\/span><\/h6>\n<h6><span style=\"color: #0000ff;\">UNUL DINTRE CEI MAI CULTIVA\u021aI HIBRIZI DIN AMERICA , \u00ceNTRE PREFERA\u021aII GR\u0102DINARILOR PROFESIONI\u0218TI, DATORIT\u0102 CALIT\u0102\u021aILOR GUSTATIVE EXCELENTE !<\/span><\/h6>\n<h6><span style=\"color: #ff0000;\">ACESTA PRODUCE FRUCTE, MARI , \u00ceN MEDIE \u00ceNTRE 150-300 grame, CE CRESC \u00ceN\u00a0 CIORCHINI DE C\u0102TE 3-5 BUC\u0102\u021aI .<\/span><\/h6>\n<h6><span style=\"color: #ff0000;\">TOMATELE ROTUNDE, UNEORI MAI APLATIZATE, DE CULOARE RO\u0218IE, SUNT FOARTE DULCI,\u00a0 FOARTE GUSTOASE, CU O AROM\u0102 PUTERNIC\u0102 DE RO\u0218IE CLASIC\u0102.<\/span><\/h6>\n<h6><span style=\"color: #0000ff;\">NU FAC COTOR MARE,(CEP), LEMNOS,vezi foto.<\/span><\/h6>\n<h6>PULPA ESTE FERM\u0102, REZISTENT\u0102 LA TRANSPORT, FOARTE C\u0102RNOAS\u0102, CE POATE FI FELIAT\u0102 \u0218I FOLOSIT\u0102 \u00ceN SANDVI\u0218URI, SALATE,ETC.<\/h6>\n<h6><span style=\"color: #0000ff;\">HIBRID NEDETERMINAT,PRODUCTIV, CU FOARTE BUNE REZULTATE ,\u00a0 \u00ceN GR\u0102DIN\u0102, DAR \u0218I \u00ceN SOLAR.<\/span><\/h6>\n<h6>FRUCTELE SE COC \u00ceN 75 ZILE DE LA PLANTARE.<\/h6>\n<h6><span style=\"color: #ff0000;\">PREZINT\u0102 REZISTEN\u021a\u0102 LA URM\u0102TOARELE BOLI :<\/span><\/h6>\n<h6><span style=\"color: #ff0000;\">F=FULVIA FULVA<\/span><\/h6>\n<h6><span style=\"color: #ff0000;\">N=NEMATOZI,<\/span><\/h6>\n<h6><span style=\"color: #ff0000;\">ST=STEMPHILYUM<\/span><\/h6>\n<h6><span style=\"color: #ff0000;\">A=ALTERNARIOZ\u0102<\/span><\/h6>\n<h6><span style=\"color: #ff0000;\">V=VERTICILOZ\u0102<\/span><\/h6>\n<h6><\/h6>\n<h6><\/h6>\n<h6><\/h6>\n","protected":false},"excerpt":{"rendered":"<h6><\/h6>\n<h6><span style=\"color: #ff00ff;\">DEOSEBIT DE GUSTOS <\/span><span style=\"color: #ff00ff;\">!<\/span><\/h6>\n<h6><img loading=\"lazy\" decoding=\"async\" class=\"alignnone wp-image-5567\" src=\"https:\/\/vivasem.ro\/wp-content\/uploads\/2021\/11\/NOU3.jpg\" alt=\"\" width=\"57\" height=\"55\" srcset=\"https:\/\/vivasem.ro\/wp-content\/uploads\/2021\/11\/NOU3.jpg 270w, https:\/\/vivasem.ro\/wp-content\/uploads\/2021\/11\/NOU3-248x241.jpg 248w\" sizes=\"auto, (max-width: 57px) 100vw, 57px\" \/><img loading=\"lazy\" decoding=\"async\" class=\"alignnone wp-image-15077\" src=\"https:\/\/vivasem.ro\/wp-content\/uploads\/2023\/12\/SUPEROFERTA-11-Copy-300x153.jpg\" alt=\"\" width=\"157\" height=\"80\" srcset=\"https:\/\/vivasem.ro\/wp-content\/uploads\/2023\/12\/SUPEROFERTA-11-Copy-300x153.jpg 300w, https:\/\/vivasem.ro\/wp-content\/uploads\/2023\/12\/SUPEROFERTA-11-Copy-248x126.jpg 248w, https:\/\/vivasem.ro\/wp-content\/uploads\/2023\/12\/SUPEROFERTA-11-Copy-590x301.jpg 590w, https:\/\/vivasem.ro\/wp-content\/uploads\/2023\/12\/SUPEROFERTA-11-Copy-150x77.jpg 150w, https:\/\/vivasem.ro\/wp-content\/uploads\/2023\/12\/SUPEROFERTA-11-Copy.jpg 700w\" sizes=\"auto, (max-width: 157px) 100vw, 157px\" \/><\/h6>\n","protected":false},"featured_media":8847,"comment_status":"open","ping_status":"closed","template":"","meta":{"site-sidebar-layout":"left-sidebar","site-content-layout":"default","ast-site-content-layout":"default","site-content-style":"default","site-sidebar-style":"default","ast-global-header-display":"","ast-banner-title-visibility":"","ast-main-header-display":"","ast-hfb-above-header-display":"","ast-hfb-below-header-display":"","ast-hfb-mobile-header-display":"","site-post-title":"","ast-breadcrumbs-content":"","ast-featured-img":"","footer-sml-layout":"","ast-disable-related-posts":"","theme-transparent-header-meta":"default","adv-header-id-meta":"","stick-header-meta":"","header-above-stick-meta":"","header-main-stick-meta":"","header-below-stick-meta":"","astra-migrate-meta-layouts":"set","ast-page-background-enabled":"default","ast-page-background-meta":{"desktop":{"background-color":"var(--ast-global-color-4)","background-image":"","background-repeat":"repeat","background-position":"center center","background-size":"auto","background-attachment":"scroll","background-type":"","background-media":"","overlay-type":"","overlay-color":"","overlay-opacity":"","overlay-gradient":""},"tablet":{"background-color":"","background-image":"","background-repeat":"repeat","background-position":"center center","background-size":"auto","background-attachment":"scroll","background-type":"","background-media":"","overlay-type":"","overlay-color":"","overlay-opacity":"","overlay-gradient":""},"mobile":{"background-color":"","background-image":"","background-repeat":"repeat","background-position":"center center","background-size":"auto","background-attachment":"scroll","background-type":"","background-media":"","overlay-type":"","overlay-color":"","overlay-opacity":"","overlay-gradient":""}},"ast-content-background-meta":{"desktop":{"background-color":"var(--ast-global-color-5)","background-image":"","background-repeat":"repeat","background-position":"center center","background-size":"auto","background-attachment":"scroll","background-type":"","background-media":"","overlay-type":"","overlay-color":"","overlay-opacity":"","overlay-gradient":""},"tablet":{"background-color":"var(--ast-global-color-5)","background-image":"","background-repeat":"repeat","background-position":"center center","background-size":"auto","background-attachment":"scroll","background-type":"","background-media":"","overlay-type":"","overlay-color":"","overlay-opacity":"","overlay-gradient":""},"mobile":{"background-color":"var(--ast-global-color-5)","background-image":"","background-repeat":"repeat","background-position":"center center","background-size":"auto","background-attachment":"scroll","background-type":"","background-media":"","overlay-type":"","overlay-color":"","overlay-opacity":"","overlay-gradient":""}}},"product_brand":[],"product_cat":[110],"product_tag":[],"class_list":{"0":"post-8441","1":"product","2":"type-product","3":"status-publish","4":"has-post-thumbnail","6":"product_cat-tomate-hibrid","7":"pa_z-cantitate-10-seminte","8":"pa_z-cantitate-100-seminte","9":"pa_z-cantitate-200-seminte","10":"pa_z-cantitate-25-seminte","11":"pa_z-cantitate-250-seminte","12":"pa_z-cantitate-50-seminte","13":"desktop-align-left","14":"tablet-align-left","15":"mobile-align-left","17":"first","18":"instock","19":"sale","20":"taxable","21":"shipping-taxable","22":"purchasable","23":"product-type-variable"},"_links":{"self":[{"href":"https:\/\/vivasem.ro\/index.php?rest_route=\/wp\/v2\/product\/8441","targetHints":{"allow":["GET"]}}],"collection":[{"href":"https:\/\/vivasem.ro\/index.php?rest_route=\/wp\/v2\/product"}],"about":[{"href":"https:\/\/vivasem.ro\/index.php?rest_route=\/wp\/v2\/types\/product"}],"replies":[{"embeddable":true,"href":"https:\/\/vivasem.ro\/index.php?rest_route=%2Fwp%2Fv2%2Fcomments&post=8441"}],"wp:featuredmedia":[{"embeddable":true,"href":"https:\/\/vivasem.ro\/index.php?rest_route=\/wp\/v2\/media\/8847"}],"wp:attachment":[{"href":"https:\/\/vivasem.ro\/index.php?rest_route=%2Fwp%2Fv2%2Fmedia&parent=8441"}],"wp:term":[{"taxonomy":"product_brand","embeddable":true,"href":"https:\/\/vivasem.ro\/index.php?rest_route=%2Fwp%2Fv2%2Fproduct_brand&post=8441"},{"taxonomy":"product_cat","embeddable":true,"href":"https:\/\/vivasem.ro\/index.php?rest_route=%2Fwp%2Fv2%2Fproduct_cat&post=8441"},{"taxonomy":"product_tag","embeddable":true,"href":"https:\/\/vivasem.ro\/index.php?rest_route=%2Fwp%2Fv2%2Fproduct_tag&post=8441"}],"curies":[{"name":"wp","href":"https:\/\/api.w.org\/{rel}","templated":true}]}}