{"id":8413,"date":"2022-12-07T22:13:55","date_gmt":"2022-12-07T20:13:55","guid":{"rendered":"https:\/\/vivasem.ro\/?post_type=product&#038;p=8413"},"modified":"2026-03-16T13:38:50","modified_gmt":"2026-03-16T11:38:50","slug":"wes-oxheart","status":"publish","type":"product","link":"https:\/\/vivasem.ro\/?product=wes-oxheart","title":{"rendered":"\u201e\u201eINIM\u0102 DE BOU WES (GIANT OXHEART)"},"content":{"rendered":"<h6><span style=\"color: #ff0000;\"><strong>WES \/INIM\u0102 DE BOU WES (GIANT OXHEART),\u00a0 \u00a0 \u00a0 \u00a0 \u00a0 \u00a0 \u00a0 \u00a0 \u00a0 \u00a0 \u00a0 \u00a0 \u00a0 \u00a0 \u00a0 \u00a0 \u00a0 \u00a0 \u00a0 \u00a0 \u00a0 \u00a0 \u00a0 \u00a0 \u00a0 \u00a0 \u00a0 \u00a0 \u00a0 \u00a0 \u00a0 \u00a0 \u00a0 \u00a0 \u00a0 \u00a0 \u00a0 \u00a0 \u00a0 \u00a0 \u00a0 \u00a0 \u00a0 \u00a0 \u00a0 \u00a0 \u00a0<a href=\"https:\/\/vivasem.ro\/wp-content\/uploads\/2022\/12\/REIMER-LOGO.jpg\"><img loading=\"lazy\" decoding=\"async\" class=\"alignnone wp-image-8415\" src=\"https:\/\/vivasem.ro\/wp-content\/uploads\/2022\/12\/REIMER-LOGO-300x278.jpg\" alt=\"\" width=\"102\" height=\"95\" srcset=\"https:\/\/vivasem.ro\/wp-content\/uploads\/2022\/12\/REIMER-LOGO-300x278.jpg 300w, https:\/\/vivasem.ro\/wp-content\/uploads\/2022\/12\/REIMER-LOGO-248x230.jpg 248w, https:\/\/vivasem.ro\/wp-content\/uploads\/2022\/12\/REIMER-LOGO.jpg 408w\" sizes=\"auto, (max-width: 102px) 100vw, 102px\" \/><\/a><\/strong><\/span><\/h6>\n<h6><span style=\"color: #0000ff;\"><strong>EXCELENT SOI HEIRLOOM, AMERICAN, TIP INIM\u0102 DE BOU, DE CULOARE RO\u0218IE,UNEORI CU NUAN\u021aE SPRE ROZ , CU FRUCTE DEOSEBIT DE GUSTOASE, CU O AROM\u0102 COMPLEX\u0102 ,DE RO\u0218IE CLASIC\u0102.<\/strong><\/span><\/h6>\n<h6>GREUTATEA ESTE \u00ceNTRE 150-400 grame, DAR UNELE FRUCTE POT AJUNGE URIA\u0218E. LA 1 KILOGRAM.<\/h6>\n<h6>PULPA ESTE\u00a0 DENS\u0102, FERM\u0102, <span style=\"color: #0000ff;\"><strong>SUNT FOARTE C\u0102RNOASE<\/strong>, CU MIEZ CENTRAL MARE, CU FOARTE PU\u021aINE SEMIN\u021aE \u0218I PU\u021aIN GEL<\/span>.<\/h6>\n<h6>COAJA ESTE SUB\u021aIRE.RECOMANDATE DE CONSUM PROASP\u0102T, \u00ceN SALATE, SANDVI\u0218URI, DAR \u0218I G\u0102TITE.<\/h6>\n<h6><span style=\"color: #0000ff;\">PLANTELE SUNT DE SEZON LUNG, NEDETERMINATE,<\/span> SEMITIMPURII, CU REZULTATE BUNE \u00ceN GR\u0102DIN\u0102 DAR \u0218I SOLAR, NECESIT\u0102 SUPORT SOLID.<\/h6>\n<h6><span style=\"color: #ff0000;\">DEOSEBIT DE PRODUCTIV, DINTRE CELE MAI BUNE SOIURI DE INIM\u0102 DE BOU PE CARE LE-AM PROBAT!<\/span><\/h6>\n<h6><span style=\"color: #ff0000;\"><a href=\"https:\/\/vivasem.ro\/wp-content\/uploads\/2021\/11\/RECOMAND.jpg\"><img loading=\"lazy\" decoding=\"async\" class=\"alignnone wp-image-8306\" src=\"https:\/\/vivasem.ro\/wp-content\/uploads\/2021\/11\/RECOMAND.jpg\" alt=\"\" width=\"131\" height=\"127\" \/><\/a><\/span><\/h6>\n","protected":false},"excerpt":{"rendered":"<h6><span style=\"color: #0000ff;\">20 SEMIN\u021aE<\/span><\/h6>\n<h6><span style=\"color: #ff00ff;\">SOI EXCEP\u021aIONAL <\/span><span style=\"color: #ff00ff;\">TIP\u00a0 LACRIMA FECIOAREI ,DAR MULT <\/span><span style=\"color: #ff00ff;\">MAI PRODUCTIV <\/span><span style=\"color: #ff00ff;\">!<\/span><\/h6>\n<p>&nbsp;<\/p>\n","protected":false},"featured_media":16708,"comment_status":"open","ping_status":"closed","template":"","meta":{"site-sidebar-layout":"default","site-content-layout":"default","ast-site-content-layout":"default","site-content-style":"default","site-sidebar-style":"default","ast-global-header-display":"","ast-banner-title-visibility":"","ast-main-header-display":"","ast-hfb-above-header-display":"","ast-hfb-below-header-display":"","ast-hfb-mobile-header-display":"","site-post-title":"","ast-breadcrumbs-content":"","ast-featured-img":"","footer-sml-layout":"","ast-disable-related-posts":"","theme-transparent-header-meta":"default","adv-header-id-meta":"","stick-header-meta":"","header-above-stick-meta":"","header-main-stick-meta":"","header-below-stick-meta":"","astra-migrate-meta-layouts":"set","ast-page-background-enabled":"default","ast-page-background-meta":{"desktop":{"background-color":"var(--ast-global-color-4)","background-image":"","background-repeat":"repeat","background-position":"center center","background-size":"auto","background-attachment":"scroll","background-type":"","background-media":"","overlay-type":"","overlay-color":"","overlay-opacity":"","overlay-gradient":""},"tablet":{"background-color":"","background-image":"","background-repeat":"repeat","background-position":"center center","background-size":"auto","background-attachment":"scroll","background-type":"","background-media":"","overlay-type":"","overlay-color":"","overlay-opacity":"","overlay-gradient":""},"mobile":{"background-color":"","background-image":"","background-repeat":"repeat","background-position":"center center","background-size":"auto","background-attachment":"scroll","background-type":"","background-media":"","overlay-type":"","overlay-color":"","overlay-opacity":"","overlay-gradient":""}},"ast-content-background-meta":{"desktop":{"background-color":"var(--ast-global-color-5)","background-image":"","background-repeat":"repeat","background-position":"center center","background-size":"auto","background-attachment":"scroll","background-type":"","background-media":"","overlay-type":"","overlay-color":"","overlay-opacity":"","overlay-gradient":""},"tablet":{"background-color":"var(--ast-global-color-5)","background-image":"","background-repeat":"repeat","background-position":"center center","background-size":"auto","background-attachment":"scroll","background-type":"","background-media":"","overlay-type":"","overlay-color":"","overlay-opacity":"","overlay-gradient":""},"mobile":{"background-color":"var(--ast-global-color-5)","background-image":"","background-repeat":"repeat","background-position":"center center","background-size":"auto","background-attachment":"scroll","background-type":"","background-media":"","overlay-type":"","overlay-color":"","overlay-opacity":"","overlay-gradient":""}}},"product_brand":[],"product_cat":[141,142,15],"product_tag":[],"class_list":{"0":"post-8413","1":"product","2":"type-product","3":"status-publish","4":"has-post-thumbnail","6":"product_cat-soi-gigant-urias","7":"product_cat-soiuri-rosii-roz","8":"product_cat-tomate-soi","9":"desktop-align-left","10":"tablet-align-left","11":"mobile-align-left","13":"first","14":"outofstock","15":"taxable","16":"shipping-taxable","17":"purchasable","18":"product-type-simple"},"_links":{"self":[{"href":"https:\/\/vivasem.ro\/index.php?rest_route=\/wp\/v2\/product\/8413","targetHints":{"allow":["GET"]}}],"collection":[{"href":"https:\/\/vivasem.ro\/index.php?rest_route=\/wp\/v2\/product"}],"about":[{"href":"https:\/\/vivasem.ro\/index.php?rest_route=\/wp\/v2\/types\/product"}],"replies":[{"embeddable":true,"href":"https:\/\/vivasem.ro\/index.php?rest_route=%2Fwp%2Fv2%2Fcomments&post=8413"}],"wp:featuredmedia":[{"embeddable":true,"href":"https:\/\/vivasem.ro\/index.php?rest_route=\/wp\/v2\/media\/16708"}],"wp:attachment":[{"href":"https:\/\/vivasem.ro\/index.php?rest_route=%2Fwp%2Fv2%2Fmedia&parent=8413"}],"wp:term":[{"taxonomy":"product_brand","embeddable":true,"href":"https:\/\/vivasem.ro\/index.php?rest_route=%2Fwp%2Fv2%2Fproduct_brand&post=8413"},{"taxonomy":"product_cat","embeddable":true,"href":"https:\/\/vivasem.ro\/index.php?rest_route=%2Fwp%2Fv2%2Fproduct_cat&post=8413"},{"taxonomy":"product_tag","embeddable":true,"href":"https:\/\/vivasem.ro\/index.php?rest_route=%2Fwp%2Fv2%2Fproduct_tag&post=8413"}],"curies":[{"name":"wp","href":"https:\/\/api.w.org\/{rel}","templated":true}]}}