{"id":840,"date":"2021-11-06T21:09:12","date_gmt":"2021-11-06T19:09:12","guid":{"rendered":"https:\/\/vivasem.ro\/?post_type=product&#038;p=840"},"modified":"2026-02-06T12:34:20","modified_gmt":"2026-02-06T10:34:20","slug":"lacrimile-fetei-momini-salzi","status":"publish","type":"product","link":"https:\/\/vivasem.ro\/?product=lacrimile-fetei-momini-salzi","title":{"rendered":"LACRIMILE FETEI\/MOMINI SALZI (30s)"},"content":{"rendered":"<p><span style=\"color: #ff0000;\"><strong><u>LACRIMILE FETEI-MOMINI SALZI-LACRIMA FECIOAREI,<\/u><\/strong><\/span><\/p>\n<p><span style=\"color: #ff0000;\"><strong><u>Semin\u021be de la FLORIAN BULGARIA, ambalate \u00een plic zip.<\/u><\/strong><\/span><\/p>\n<div class=\"ast-oembed-container \" style=\"height: 100%;\"><iframe loading=\"lazy\" title=\"Recolt\u0103 de ro\u0219ii uria\u0219e \u0219i gustoase\" width=\"500\" height=\"281\" src=\"https:\/\/www.youtube.com\/embed\/BYrXITGrdBk?start=2&#038;feature=oembed\" frameborder=\"0\" allow=\"accelerometer; autoplay; clipboard-write; encrypted-media; gyroscope; picture-in-picture; web-share\" referrerpolicy=\"strict-origin-when-cross-origin\" allowfullscreen><\/iframe><\/div>\n<h6><span style=\"color: #000080;\"><strong>SOI BULG\u0102RESC CU FRUCTE \u00ceN FORM\u0102 DE INIM\u0102 , FOARTE MARI,\u00ceN MEDIE DE 200-500 grame , CE POT AJUNGE URIA\u0218E P\u00c2NA LA 1 kilogram.<\/strong><\/span><\/h6>\n<h6><span style=\"color: #ff0000;\">DE CULOARE RO\u0218IE , SUNT FOARTE C\u0102RNOASE, NETEDE, CU GUST EXCELENT, UNIC, DISTINCT, FOARTE BUN. FOARTE DULCI, NEACIDE, C\u0102RNOASE, CU SEMIN\u021aE PU\u021aINE.<\/span><\/h6>\n<h6><span style=\"color: #000080;\">PLANTE PUTERNICE, VIGUROASE, BUNE PENTRU CULTURA IN C\u00c2MP , DAR \u0218I \u00ceN SOLAR, NEDETERMINATE, SEMITIMPURII..<\/span><\/h6>\n<h6><span style=\"color: #000080;\">SOI FOARTE PRODUCTIV, SE OB\u021aIN DE MULTE ORI PESTE 1 KG \/PLANT\u0102 LA O RECOLTARE.<\/span><\/h6>\n<p>Ambalaj: PLIC ZIP cu 30 srmin\u021be<\/p>\n","protected":false},"excerpt":{"rendered":"<h6><span style=\"color: #0000ff;\">30 SEMIN\u021aE<\/span><\/h6>\n<h6><span style=\"color: #ff00ff;\">GUST EXCELENT ! FOARTE PRODUCTIV !<\/span><\/h6>\n<h6><span style=\"color: #ff00ff;\">Vezi VIDEO !<\/span><\/h6>\n","protected":false},"featured_media":3540,"comment_status":"open","ping_status":"closed","template":"","meta":{"site-sidebar-layout":"default","site-content-layout":"default","ast-site-content-layout":"default","site-content-style":"default","site-sidebar-style":"default","ast-global-header-display":"","ast-banner-title-visibility":"","ast-main-header-display":"","ast-hfb-above-header-display":"","ast-hfb-below-header-display":"","ast-hfb-mobile-header-display":"","site-post-title":"","ast-breadcrumbs-content":"","ast-featured-img":"","footer-sml-layout":"","ast-disable-related-posts":"","theme-transparent-header-meta":"default","adv-header-id-meta":"","stick-header-meta":"","header-above-stick-meta":"","header-main-stick-meta":"","header-below-stick-meta":"","astra-migrate-meta-layouts":"set","ast-page-background-enabled":"default","ast-page-background-meta":{"desktop":{"background-color":"var(--ast-global-color-4)","background-image":"","background-repeat":"repeat","background-position":"center center","background-size":"auto","background-attachment":"scroll","background-type":"","background-media":"","overlay-type":"","overlay-color":"","overlay-opacity":"","overlay-gradient":""},"tablet":{"background-color":"","background-image":"","background-repeat":"repeat","background-position":"center center","background-size":"auto","background-attachment":"scroll","background-type":"","background-media":"","overlay-type":"","overlay-color":"","overlay-opacity":"","overlay-gradient":""},"mobile":{"background-color":"","background-image":"","background-repeat":"repeat","background-position":"center center","background-size":"auto","background-attachment":"scroll","background-type":"","background-media":"","overlay-type":"","overlay-color":"","overlay-opacity":"","overlay-gradient":""}},"ast-content-background-meta":{"desktop":{"background-color":"var(--ast-global-color-5)","background-image":"","background-repeat":"repeat","background-position":"center center","background-size":"auto","background-attachment":"scroll","background-type":"","background-media":"","overlay-type":"","overlay-color":"","overlay-opacity":"","overlay-gradient":""},"tablet":{"background-color":"var(--ast-global-color-5)","background-image":"","background-repeat":"repeat","background-position":"center center","background-size":"auto","background-attachment":"scroll","background-type":"","background-media":"","overlay-type":"","overlay-color":"","overlay-opacity":"","overlay-gradient":""},"mobile":{"background-color":"var(--ast-global-color-5)","background-image":"","background-repeat":"repeat","background-position":"center center","background-size":"auto","background-attachment":"scroll","background-type":"","background-media":"","overlay-type":"","overlay-color":"","overlay-opacity":"","overlay-gradient":""}}},"product_brand":[],"product_cat":[141,142,144,187,15],"product_tag":[],"class_list":{"0":"post-840","1":"product","2":"type-product","3":"status-publish","4":"has-post-thumbnail","6":"product_cat-soi-gigant-urias","7":"product_cat-soiuri-rosii-roz","8":"product_cat-soiuri-tip-inima-de-bou","9":"product_cat-soiuri-florian-opal-bulgaria","10":"product_cat-tomate-soi","11":"desktop-align-left","12":"tablet-align-left","13":"mobile-align-left","15":"first","16":"instock","17":"taxable","18":"shipping-taxable","19":"purchasable","20":"product-type-simple"},"_links":{"self":[{"href":"https:\/\/vivasem.ro\/index.php?rest_route=\/wp\/v2\/product\/840","targetHints":{"allow":["GET"]}}],"collection":[{"href":"https:\/\/vivasem.ro\/index.php?rest_route=\/wp\/v2\/product"}],"about":[{"href":"https:\/\/vivasem.ro\/index.php?rest_route=\/wp\/v2\/types\/product"}],"replies":[{"embeddable":true,"href":"https:\/\/vivasem.ro\/index.php?rest_route=%2Fwp%2Fv2%2Fcomments&post=840"}],"wp:featuredmedia":[{"embeddable":true,"href":"https:\/\/vivasem.ro\/index.php?rest_route=\/wp\/v2\/media\/3540"}],"wp:attachment":[{"href":"https:\/\/vivasem.ro\/index.php?rest_route=%2Fwp%2Fv2%2Fmedia&parent=840"}],"wp:term":[{"taxonomy":"product_brand","embeddable":true,"href":"https:\/\/vivasem.ro\/index.php?rest_route=%2Fwp%2Fv2%2Fproduct_brand&post=840"},{"taxonomy":"product_cat","embeddable":true,"href":"https:\/\/vivasem.ro\/index.php?rest_route=%2Fwp%2Fv2%2Fproduct_cat&post=840"},{"taxonomy":"product_tag","embeddable":true,"href":"https:\/\/vivasem.ro\/index.php?rest_route=%2Fwp%2Fv2%2Fproduct_tag&post=840"}],"curies":[{"name":"wp","href":"https:\/\/api.w.org\/{rel}","templated":true}]}}