{"id":8381,"date":"2022-12-04T09:28:20","date_gmt":"2022-12-04T07:28:20","guid":{"rendered":"https:\/\/vivasem.ro\/?post_type=product&#038;p=8381"},"modified":"2023-02-28T17:47:12","modified_gmt":"2023-02-28T15:47:12","slug":"ridichi-de-luna-de-baleni-50g","status":"publish","type":"product","link":"https:\/\/vivasem.ro\/?product=ridichi-de-luna-de-baleni-50g","title":{"rendered":"\u201eRidichi de lun\u0103 de BALENI (50g)"},"content":{"rendered":"<h6><span style=\"color: #ff0000;\"><strong><u><span style=\"color: #ff0000;\">Ridichi de lun\u0103 DE B\u0102LENI-<\/span><\/u><\/strong><\/span><\/h6>\n<h6><span style=\"color: #ff0000;\"><span class=\"post-meta-key\">Produc\u0103tor: <\/span><\/span><span style=\"color: #ff0000;\"><strong><u>4Agro Romania,<\/u><\/strong><\/span><\/h6>\n<h6><span style=\"color: #0000ff;\">SOI ROM\u00c2NESC,TIMPURIU, 28 ZILE, REZISTENT LA TEMPERATURI SC\u0102ZUTE.<\/span><\/h6>\n<h6>Bulbul este uniform \u015fi are diametrul de 30-40 mm, cu greutatea de 30-50 gr.<\/h6>\n<h6><span style=\"color: #0000ff;\">FRUCT COMPLET RO\u0218U, CU PULP\u0102 CROCANT\u0102 \u0218I REZISTEN\u021a\u0102 LA CR\u0102PARE.<\/span><\/h6>\n<h6><span style=\"color: #0000ff;\">.<\/span><\/h6>\n<ul>\n<li>\n<h6><b>Perioada semanare protejat\u0103:<\/b> Februarie &#8211; Aprilie ,iar \u00een c\u00e2mp:Martie-Mai<\/h6>\n<\/li>\n<li>\n<h6><b>Perioada recoltare:<\/b> Martie-Iunie<\/h6>\n<\/li>\n<li>\n<h6>Densitate: <span style=\"font-size: 1.1em; font-weight: bold;\">Recomand\u0103m 5<\/span><span style=\"font-size: 16px;\"> cm. \u00eentre plante x 20 cm \u00eentre r\u00e2nduri.<\/span><\/h6>\n<\/li>\n<li>\n<h6>Cele mai bune randamente se pot obtine prin fertilizare cu ingrasaminte pe baza de azot sau gunoi de grajd, dar de asemenea si ingrasamantul organic este foarte benefic.<\/h6>\n<\/li>\n<\/ul>\n<p>&nbsp;<\/p>\n","protected":false},"excerpt":{"rendered":"<h6><span style=\"color: #0000ff;\">50 grame\/6000 semin\u021be\/<img loading=\"lazy\" decoding=\"async\" class=\"alignnone wp-image-6106\" src=\"https:\/\/vivasem.ro\/wp-content\/uploads\/2021\/12\/NOU3.jpg\" alt=\"\" width=\"72\" height=\"69\" srcset=\"https:\/\/vivasem.ro\/wp-content\/uploads\/2021\/12\/NOU3.jpg 270w, https:\/\/vivasem.ro\/wp-content\/uploads\/2021\/12\/NOU3-248x241.jpg 248w\" sizes=\"auto, (max-width: 72px) 100vw, 72px\" \/><\/span><\/h6>\n<h6><span style=\"color: #0000ff;\"><a href=\"https:\/\/vivasem.ro\/wp-content\/uploads\/2021\/11\/RO-1.jpg\"><img loading=\"lazy\" decoding=\"async\" class=\"alignnone wp-image-7098\" src=\"https:\/\/vivasem.ro\/wp-content\/uploads\/2021\/11\/RO-1-300x107.jpg\" alt=\"\" width=\"300\" height=\"107\" \/><\/a><\/span><\/h6>\n<p>&nbsp;<\/p>\n","protected":false},"featured_media":8001,"comment_status":"open","ping_status":"closed","template":"","meta":{"site-sidebar-layout":"default","site-content-layout":"default","ast-site-content-layout":"default","site-content-style":"default","site-sidebar-style":"default","ast-global-header-display":"","ast-banner-title-visibility":"","ast-main-header-display":"","ast-hfb-above-header-display":"","ast-hfb-below-header-display":"","ast-hfb-mobile-header-display":"","site-post-title":"","ast-breadcrumbs-content":"","ast-featured-img":"","footer-sml-layout":"","ast-disable-related-posts":"","theme-transparent-header-meta":"default","adv-header-id-meta":"","stick-header-meta":"","header-above-stick-meta":"","header-main-stick-meta":"","header-below-stick-meta":"","astra-migrate-meta-layouts":"default","ast-page-background-enabled":"default","ast-page-background-meta":{"desktop":{"background-color":"var(--ast-global-color-4)","background-image":"","background-repeat":"repeat","background-position":"center center","background-size":"auto","background-attachment":"scroll","background-type":"","background-media":"","overlay-type":"","overlay-color":"","overlay-opacity":"","overlay-gradient":""},"tablet":{"background-color":"","background-image":"","background-repeat":"repeat","background-position":"center center","background-size":"auto","background-attachment":"scroll","background-type":"","background-media":"","overlay-type":"","overlay-color":"","overlay-opacity":"","overlay-gradient":""},"mobile":{"background-color":"","background-image":"","background-repeat":"repeat","background-position":"center center","background-size":"auto","background-attachment":"scroll","background-type":"","background-media":"","overlay-type":"","overlay-color":"","overlay-opacity":"","overlay-gradient":""}},"ast-content-background-meta":{"desktop":{"background-color":"var(--ast-global-color-5)","background-image":"","background-repeat":"repeat","background-position":"center center","background-size":"auto","background-attachment":"scroll","background-type":"","background-media":"","overlay-type":"","overlay-color":"","overlay-opacity":"","overlay-gradient":""},"tablet":{"background-color":"var(--ast-global-color-5)","background-image":"","background-repeat":"repeat","background-position":"center center","background-size":"auto","background-attachment":"scroll","background-type":"","background-media":"","overlay-type":"","overlay-color":"","overlay-opacity":"","overlay-gradient":""},"mobile":{"background-color":"var(--ast-global-color-5)","background-image":"","background-repeat":"repeat","background-position":"center center","background-size":"auto","background-attachment":"scroll","background-type":"","background-media":"","overlay-type":"","overlay-color":"","overlay-opacity":"","overlay-gradient":""}}},"product_brand":[],"product_cat":[149],"product_tag":[],"class_list":{"0":"post-8381","1":"product","2":"type-product","3":"status-publish","4":"has-post-thumbnail","6":"product_cat-33-produse-epuizate","7":"desktop-align-left","8":"tablet-align-left","9":"mobile-align-left","11":"first","12":"outofstock","13":"taxable","14":"shipping-taxable","15":"purchasable","16":"product-type-simple"},"_links":{"self":[{"href":"https:\/\/vivasem.ro\/index.php?rest_route=\/wp\/v2\/product\/8381","targetHints":{"allow":["GET"]}}],"collection":[{"href":"https:\/\/vivasem.ro\/index.php?rest_route=\/wp\/v2\/product"}],"about":[{"href":"https:\/\/vivasem.ro\/index.php?rest_route=\/wp\/v2\/types\/product"}],"replies":[{"embeddable":true,"href":"https:\/\/vivasem.ro\/index.php?rest_route=%2Fwp%2Fv2%2Fcomments&post=8381"}],"wp:featuredmedia":[{"embeddable":true,"href":"https:\/\/vivasem.ro\/index.php?rest_route=\/wp\/v2\/media\/8001"}],"wp:attachment":[{"href":"https:\/\/vivasem.ro\/index.php?rest_route=%2Fwp%2Fv2%2Fmedia&parent=8381"}],"wp:term":[{"taxonomy":"product_brand","embeddable":true,"href":"https:\/\/vivasem.ro\/index.php?rest_route=%2Fwp%2Fv2%2Fproduct_brand&post=8381"},{"taxonomy":"product_cat","embeddable":true,"href":"https:\/\/vivasem.ro\/index.php?rest_route=%2Fwp%2Fv2%2Fproduct_cat&post=8381"},{"taxonomy":"product_tag","embeddable":true,"href":"https:\/\/vivasem.ro\/index.php?rest_route=%2Fwp%2Fv2%2Fproduct_tag&post=8381"}],"curies":[{"name":"wp","href":"https:\/\/api.w.org\/{rel}","templated":true}]}}