{"id":8376,"date":"2022-12-04T08:08:25","date_gmt":"2022-12-04T06:08:25","guid":{"rendered":"https:\/\/vivasem.ro\/?post_type=product&#038;p=8376"},"modified":"2025-11-11T07:52:44","modified_gmt":"2025-11-11T05:52:44","slug":"mrs-maxwells-big-italian","status":"publish","type":"product","link":"https:\/\/vivasem.ro\/?product=mrs-maxwells-big-italian","title":{"rendered":"BIG ITALIAN MRS. MAXWELL\u2019S \/GRANDE ITALIANO DI SIGNORA MAXWELL"},"content":{"rendered":"<h6><span style=\"color: #ff0000;\">BIG ITALIAN MRS. MAXWELL\u2019S\/MRS. MAXWELL\u2019S BIG ITALIAN \/GRANDE ITALIANO DI SIGNORA MAXWELL<\/span><\/h6>\n<h6><span style=\"color: #ff0000;\">Produc\u0103tor:Holmes Seeds USA,<\/span><\/h6>\n<h6><span style=\"color: #0000ff;\">SOI GIGANT AMERICAN, ORIGINAR DIN ITALIA<span style=\"color: #ff0000;\">,CU FRUCTE MARI \u0218I URIA\u0218E, CE POT AJUNGE\u00a0 \u00ceNTRE 500 \u0218I 900 grame , CU GUST \u0218I\u00a0 AROM\u0102 INCREDIBIL\u0102, DE RO\u0218IE CLASIC\u0102, <\/span><\/span><span style=\"color: #ff0000;\">FOARTE DULCE.<\/span><\/h6>\n<h6>FRUCTELE SUNT DE CULOARE\u00a0 ROZ \u00ceNCHIS, CU PULPA\u00a0 FOARTE C\u0102RNOAS\u0102, CE POATE FI FELIAT\u0102 \u0218I FOLOSIT\u0102 \u00ceN SANDVI\u0218URI, SALATE,ETC., FOARTE REZISTENTE LA CR\u0102PARE.<\/h6>\n<h6><span style=\"color: #0000ff;\">PLANTELE NEDETERMINATE, SUNT VIGUROASE, CU FRUNZE TIP CARTOF \u0218I FOARTE PRDUCTIVE.<\/span><\/h6>\n<h6>SOI DE CULTIVAT \u00ceN GR\u0102DIN\u0102, DAR \u0218I \u00ceN SOLAR.<\/h6>\n<h6>\u00a0 <span style=\"color: #0000ff;\">POVESTEA ACESTUI SOI HEIRLOOM, ESTE C\u0102<\/span>, <span style=\"color: #0000ff;\">acum<\/span> <span style=\"color: #0000ff;\">30-40 de ani,\u00a0 doamna Maxwell din Mexico, Missouri-SUA, a primit de la cineva din Italia c\u00e2teva semin\u021be \u0219i le-a cultivat. A fost at\u0103t de \u00eenc\u00e2ntat\u0103 de calit\u0103\u021bile lui, \u00eenc\u0103t peste 30 de ani s-a ocupat de ameliorarea lui, \u0219i apoi munca i-a fot preluat\u0103 de fiul s\u0103u, care apoi l-a popularizat \u00een toat\u0103 lumea.<\/span><\/h6>\n<h6><\/h6>\n<p>&nbsp;<\/p>\n<h6><\/h6>\n","protected":false},"excerpt":{"rendered":"<h6><span style=\"color: #0000ff;\">25 SEMIN\u021aE<\/span><img loading=\"lazy\" decoding=\"async\" class=\"alignnone wp-image-5567\" src=\"https:\/\/vivasem.ro\/wp-content\/uploads\/2021\/11\/NOU3.jpg\" alt=\"\" width=\"56\" height=\"54\" srcset=\"https:\/\/vivasem.ro\/wp-content\/uploads\/2021\/11\/NOU3.jpg 270w, https:\/\/vivasem.ro\/wp-content\/uploads\/2021\/11\/NOU3-248x241.jpg 248w\" sizes=\"auto, (max-width: 56px) 100vw, 56px\" \/><\/h6>\n<h6><span style=\"color: #ff00ff;\">SOI GIGANT,GUST EXCEP\u021aIONAL, FOARTE PRODUCTIV !<\/span><\/h6>\n","protected":false},"featured_media":17137,"comment_status":"open","ping_status":"closed","template":"","meta":{"site-sidebar-layout":"default","site-content-layout":"default","ast-site-content-layout":"default","site-content-style":"default","site-sidebar-style":"default","ast-global-header-display":"","ast-banner-title-visibility":"","ast-main-header-display":"","ast-hfb-above-header-display":"","ast-hfb-below-header-display":"","ast-hfb-mobile-header-display":"","site-post-title":"","ast-breadcrumbs-content":"","ast-featured-img":"","footer-sml-layout":"","ast-disable-related-posts":"","theme-transparent-header-meta":"default","adv-header-id-meta":"","stick-header-meta":"","header-above-stick-meta":"","header-main-stick-meta":"","header-below-stick-meta":"","astra-migrate-meta-layouts":"set","ast-page-background-enabled":"default","ast-page-background-meta":{"desktop":{"background-color":"var(--ast-global-color-4)","background-image":"","background-repeat":"repeat","background-position":"center center","background-size":"auto","background-attachment":"scroll","background-type":"","background-media":"","overlay-type":"","overlay-color":"","overlay-opacity":"","overlay-gradient":""},"tablet":{"background-color":"","background-image":"","background-repeat":"repeat","background-position":"center center","background-size":"auto","background-attachment":"scroll","background-type":"","background-media":"","overlay-type":"","overlay-color":"","overlay-opacity":"","overlay-gradient":""},"mobile":{"background-color":"","background-image":"","background-repeat":"repeat","background-position":"center center","background-size":"auto","background-attachment":"scroll","background-type":"","background-media":"","overlay-type":"","overlay-color":"","overlay-opacity":"","overlay-gradient":""}},"ast-content-background-meta":{"desktop":{"background-color":"var(--ast-global-color-5)","background-image":"","background-repeat":"repeat","background-position":"center center","background-size":"auto","background-attachment":"scroll","background-type":"","background-media":"","overlay-type":"","overlay-color":"","overlay-opacity":"","overlay-gradient":""},"tablet":{"background-color":"var(--ast-global-color-5)","background-image":"","background-repeat":"repeat","background-position":"center center","background-size":"auto","background-attachment":"scroll","background-type":"","background-media":"","overlay-type":"","overlay-color":"","overlay-opacity":"","overlay-gradient":""},"mobile":{"background-color":"var(--ast-global-color-5)","background-image":"","background-repeat":"repeat","background-position":"center center","background-size":"auto","background-attachment":"scroll","background-type":"","background-media":"","overlay-type":"","overlay-color":"","overlay-opacity":"","overlay-gradient":""}}},"product_brand":[],"product_cat":[151,141,142,15],"product_tag":[],"class_list":{"0":"post-8376","1":"product","2":"type-product","3":"status-publish","4":"has-post-thumbnail","6":"product_cat-soiuri-italiene","7":"product_cat-soi-gigant-urias","8":"product_cat-soiuri-rosii-roz","9":"product_cat-tomate-soi","10":"desktop-align-left","11":"tablet-align-left","12":"mobile-align-left","14":"first","15":"instock","16":"taxable","17":"shipping-taxable","18":"purchasable","19":"product-type-simple"},"_links":{"self":[{"href":"https:\/\/vivasem.ro\/index.php?rest_route=\/wp\/v2\/product\/8376","targetHints":{"allow":["GET"]}}],"collection":[{"href":"https:\/\/vivasem.ro\/index.php?rest_route=\/wp\/v2\/product"}],"about":[{"href":"https:\/\/vivasem.ro\/index.php?rest_route=\/wp\/v2\/types\/product"}],"replies":[{"embeddable":true,"href":"https:\/\/vivasem.ro\/index.php?rest_route=%2Fwp%2Fv2%2Fcomments&post=8376"}],"wp:featuredmedia":[{"embeddable":true,"href":"https:\/\/vivasem.ro\/index.php?rest_route=\/wp\/v2\/media\/17137"}],"wp:attachment":[{"href":"https:\/\/vivasem.ro\/index.php?rest_route=%2Fwp%2Fv2%2Fmedia&parent=8376"}],"wp:term":[{"taxonomy":"product_brand","embeddable":true,"href":"https:\/\/vivasem.ro\/index.php?rest_route=%2Fwp%2Fv2%2Fproduct_brand&post=8376"},{"taxonomy":"product_cat","embeddable":true,"href":"https:\/\/vivasem.ro\/index.php?rest_route=%2Fwp%2Fv2%2Fproduct_cat&post=8376"},{"taxonomy":"product_tag","embeddable":true,"href":"https:\/\/vivasem.ro\/index.php?rest_route=%2Fwp%2Fv2%2Fproduct_tag&post=8376"}],"curies":[{"name":"wp","href":"https:\/\/api.w.org\/{rel}","templated":true}]}}