{"id":836,"date":"2021-11-06T20:26:49","date_gmt":"2021-11-06T18:26:49","guid":{"rendered":"https:\/\/vivasem.ro\/?post_type=product&#038;p=836"},"modified":"2025-11-07T12:31:12","modified_gmt":"2025-11-07T10:31:12","slug":"giant-tree-copacul-urias","status":"publish","type":"product","link":"https:\/\/vivasem.ro\/?product=giant-tree-copacul-urias","title":{"rendered":"COPACUL URIAS-GIANT TREE"},"content":{"rendered":"<h6><span style=\"color: #ff0000;\">GIANT TREE,<\/span><\/h6>\n<h6>NUMELE DE COPACUL URIA\u0218, <span style=\"color: #0000ff;\">ESTE DAT DE PLANTELE VIGUROASE CE AJUNG<\/span> L<span style=\"color: #0000ff;\">A 3-5 metrii , DAR \u0218I PENTRU C\u0102 PRODUC FRUCTE MARI, \u00ceN MEDIE DE 200-450 grame, DAR UNELE AJUNG URIA\u0218E, P\u00c2N\u0102 LA 1 KG.<\/span><\/h6>\n<h6>TOMATELE SUNT DE CULOARE RO\u0218IE-PURPURIE,UNEORI ROZ MAI DESCHIS, <span style=\"color: #0000ff;\">AU PULP\u0102 EXTRAORDINAR\u0102, TIP BEEFSTEAK, CU DOAR C\u00c2TEVA SEMIN\u021aE, EXCEP\u021aIONAL DE GUSTOAS\u0102 ,AROMAT\u0102.<\/span><\/h6>\n<h6>PLANTELE PUTERNICE,NEDETERMINATE, CARE ASIGUR\u0102 RECOLTE\u00a0 \u00ceNALTE,FOARTE BOGATE, <span style=\"color: #0000ff;\">NECESIT\u0102 SISTEM DE SUS\u021aINERE SOLID, MAI ALES IN SOLARII UNDE POATE AJUNGE LA DIMENSIUNI IMPRESIONANTE<\/span>.<\/h6>\n<h6>SOI DIN SUA,LA CARE\u00a0 \u0218I FRUNZELE SUNT MARI, TIP CARTOF.<\/h6>\n<h6>ATEN\u021aIE ! NU ASOCIA\u021aI ACEST SOI,CU IMAGINILE DE PE NET CU COPACI IN CARE SE AFL\u0102 SUTE DE RO\u0218II M\u0102RUNTE.<\/h6>\n","protected":false},"excerpt":{"rendered":"<h6><span style=\"color: #0000ff;\">30 SEMIN\u021aE<\/span><\/h6>\n<h6>SOI URIA\u0218 EXTREM DE PRODUCTIV !<\/h6>\n<h6>GUST EXCEP\u021aIONAL !<\/h6>\n","protected":false},"featured_media":2683,"comment_status":"open","ping_status":"closed","template":"","meta":{"site-sidebar-layout":"default","site-content-layout":"default","ast-site-content-layout":"default","site-content-style":"default","site-sidebar-style":"default","ast-global-header-display":"","ast-banner-title-visibility":"","ast-main-header-display":"","ast-hfb-above-header-display":"","ast-hfb-below-header-display":"","ast-hfb-mobile-header-display":"","site-post-title":"","ast-breadcrumbs-content":"","ast-featured-img":"","footer-sml-layout":"","ast-disable-related-posts":"","theme-transparent-header-meta":"default","adv-header-id-meta":"","stick-header-meta":"","header-above-stick-meta":"","header-main-stick-meta":"","header-below-stick-meta":"","astra-migrate-meta-layouts":"set","ast-page-background-enabled":"default","ast-page-background-meta":{"desktop":{"background-color":"var(--ast-global-color-4)","background-image":"","background-repeat":"repeat","background-position":"center center","background-size":"auto","background-attachment":"scroll","background-type":"","background-media":"","overlay-type":"","overlay-color":"","overlay-opacity":"","overlay-gradient":""},"tablet":{"background-color":"","background-image":"","background-repeat":"repeat","background-position":"center center","background-size":"auto","background-attachment":"scroll","background-type":"","background-media":"","overlay-type":"","overlay-color":"","overlay-opacity":"","overlay-gradient":""},"mobile":{"background-color":"","background-image":"","background-repeat":"repeat","background-position":"center center","background-size":"auto","background-attachment":"scroll","background-type":"","background-media":"","overlay-type":"","overlay-color":"","overlay-opacity":"","overlay-gradient":""}},"ast-content-background-meta":{"desktop":{"background-color":"var(--ast-global-color-5)","background-image":"","background-repeat":"repeat","background-position":"center center","background-size":"auto","background-attachment":"scroll","background-type":"","background-media":"","overlay-type":"","overlay-color":"","overlay-opacity":"","overlay-gradient":""},"tablet":{"background-color":"var(--ast-global-color-5)","background-image":"","background-repeat":"repeat","background-position":"center center","background-size":"auto","background-attachment":"scroll","background-type":"","background-media":"","overlay-type":"","overlay-color":"","overlay-opacity":"","overlay-gradient":""},"mobile":{"background-color":"var(--ast-global-color-5)","background-image":"","background-repeat":"repeat","background-position":"center center","background-size":"auto","background-attachment":"scroll","background-type":"","background-media":"","overlay-type":"","overlay-color":"","overlay-opacity":"","overlay-gradient":""}}},"product_brand":[],"product_cat":[141,142,15],"product_tag":[],"class_list":{"0":"post-836","1":"product","2":"type-product","3":"status-publish","4":"has-post-thumbnail","6":"product_cat-soi-gigant-urias","7":"product_cat-soiuri-rosii-roz","8":"product_cat-tomate-soi","9":"desktop-align-left","10":"tablet-align-left","11":"mobile-align-left","13":"first","14":"instock","15":"taxable","16":"shipping-taxable","17":"purchasable","18":"product-type-simple"},"_links":{"self":[{"href":"https:\/\/vivasem.ro\/index.php?rest_route=\/wp\/v2\/product\/836","targetHints":{"allow":["GET"]}}],"collection":[{"href":"https:\/\/vivasem.ro\/index.php?rest_route=\/wp\/v2\/product"}],"about":[{"href":"https:\/\/vivasem.ro\/index.php?rest_route=\/wp\/v2\/types\/product"}],"replies":[{"embeddable":true,"href":"https:\/\/vivasem.ro\/index.php?rest_route=%2Fwp%2Fv2%2Fcomments&post=836"}],"wp:featuredmedia":[{"embeddable":true,"href":"https:\/\/vivasem.ro\/index.php?rest_route=\/wp\/v2\/media\/2683"}],"wp:attachment":[{"href":"https:\/\/vivasem.ro\/index.php?rest_route=%2Fwp%2Fv2%2Fmedia&parent=836"}],"wp:term":[{"taxonomy":"product_brand","embeddable":true,"href":"https:\/\/vivasem.ro\/index.php?rest_route=%2Fwp%2Fv2%2Fproduct_brand&post=836"},{"taxonomy":"product_cat","embeddable":true,"href":"https:\/\/vivasem.ro\/index.php?rest_route=%2Fwp%2Fv2%2Fproduct_cat&post=836"},{"taxonomy":"product_tag","embeddable":true,"href":"https:\/\/vivasem.ro\/index.php?rest_route=%2Fwp%2Fv2%2Fproduct_tag&post=836"}],"curies":[{"name":"wp","href":"https:\/\/api.w.org\/{rel}","templated":true}]}}