{"id":835,"date":"2021-11-06T20:16:34","date_gmt":"2021-11-06T18:16:34","guid":{"rendered":"https:\/\/vivasem.ro\/?post_type=product&#038;p=835"},"modified":"2026-01-18T17:33:48","modified_gmt":"2026-01-18T15:33:48","slug":"melissa-caucazian-shepherd","status":"publish","type":"product","link":"https:\/\/vivasem.ro\/?product=melissa-caucazian-shepherd","title":{"rendered":"MELISSA  (GIGANT)"},"content":{"rendered":"<table width=\"2029\">\n<tbody>\n<tr>\n<td width=\"936\">\n<h6><span style=\"color: #ff0000;\">MELISSA CAUCAZIAN SHEPHERD\/MELISSA- CIOB\u0102NESCUL DIN CAUCAZ,<\/span><\/h6>\n<h6><span style=\"color: #003366;\">SOI EXCEP\u021aIONAL, NOU, UCRAINEAN, ORIGINAR \u00ceN MUN\u021aII CAUCAZ, ADAPTAT LA CLIM\u0102 R\u0102COROAS\u0102 \u0218I RECE.<\/span><\/h6>\n<h6><span style=\"color: #ff0000;\">EXTREM DE PRODUCTIV, SE SPUNE C\u0102 SE POT\u00a0 OB\u021aINE \u0218I 25 KG\/ PLANT\u0102 \u00ceN CONDI\u021aII IDEALE DE CULTIVARE.<\/span><\/h6>\n<h6><span style=\"color: #333399;\">FRUCTELE SUNT FOARTE MARI,\u00a0 \u00ceN GREUTATE DE 200-400-800 grame , IAR UNELE AJUNG URIA\u0218E,PESTE 1,1 kilograme,\u00a0 TIP BEEFSTEAK , C\u0102RNOASE, CU GUST EXCELENT,BINE ECHILIBRAT \u00ceNTRE DULCE\u00a0 SI ACID, FRUCTAT, CU PARFUM DE TOMATE VECHI.<\/span><\/h6>\n<h6><span style=\"color: #0000ff;\">PLANTELE VIGUROASE,\u00a0 DE SEZON LUNG, AJUNG LA 2,5 metrii,\u00a0 SUNT SEMITIMPURII, DE GR\u0102DIN\u0102 \u0218I SOLAR, ASIGUR\u0102 O PRODUC\u021aIE CONSTANT\u0102 MARE, P\u00c2N\u0102 T\u0102RZIU, LA C\u0102DEREA FRIGULUI.<\/span><\/h6>\n<\/td>\n<\/tr>\n<\/tbody>\n<\/table>\n","protected":false},"excerpt":{"rendered":"<h6><span style=\"color: #0000ff;\">30 SEMIN\u021aE <\/span><\/h6>\n<h6><span style=\"color: #0000ff;\"><span style=\"color: #ff0000;\">SOI FABULOS, EXTREM DE PRODUCTIV,<img loading=\"lazy\" decoding=\"async\" class=\"alignnone size-full wp-image-8306\" src=\"https:\/\/vivasem.ro\/wp-content\/uploads\/2021\/11\/RECOMAND-e1762844609348.jpg\" alt=\"\" width=\"87\" height=\"84\" \/><\/span><\/span><\/h6>\n<h6><span style=\"color: #0000ff;\"><span style=\"color: #ff0000;\">FOARTE REZISTENT, <\/span><\/span><span style=\"color: #0000ff;\"><span style=\"color: #ff0000;\">\u00a0<\/span><\/span><span style=\"color: #0000ff;\"><span style=\"color: #ff0000;\">GUST EXCEP\u021aIONAL.<\/span><\/span><\/h6>\n<h6><\/h6>\n","protected":false},"featured_media":16816,"comment_status":"open","ping_status":"closed","template":"","meta":{"site-sidebar-layout":"default","site-content-layout":"default","ast-site-content-layout":"default","site-content-style":"default","site-sidebar-style":"default","ast-global-header-display":"","ast-banner-title-visibility":"","ast-main-header-display":"","ast-hfb-above-header-display":"","ast-hfb-below-header-display":"","ast-hfb-mobile-header-display":"","site-post-title":"","ast-breadcrumbs-content":"","ast-featured-img":"","footer-sml-layout":"","ast-disable-related-posts":"","theme-transparent-header-meta":"default","adv-header-id-meta":"","stick-header-meta":"","header-above-stick-meta":"","header-main-stick-meta":"","header-below-stick-meta":"","astra-migrate-meta-layouts":"set","ast-page-background-enabled":"default","ast-page-background-meta":{"desktop":{"background-color":"var(--ast-global-color-4)","background-image":"","background-repeat":"repeat","background-position":"center center","background-size":"auto","background-attachment":"scroll","background-type":"","background-media":"","overlay-type":"","overlay-color":"","overlay-opacity":"","overlay-gradient":""},"tablet":{"background-color":"","background-image":"","background-repeat":"repeat","background-position":"center center","background-size":"auto","background-attachment":"scroll","background-type":"","background-media":"","overlay-type":"","overlay-color":"","overlay-opacity":"","overlay-gradient":""},"mobile":{"background-color":"","background-image":"","background-repeat":"repeat","background-position":"center center","background-size":"auto","background-attachment":"scroll","background-type":"","background-media":"","overlay-type":"","overlay-color":"","overlay-opacity":"","overlay-gradient":""}},"ast-content-background-meta":{"desktop":{"background-color":"var(--ast-global-color-5)","background-image":"","background-repeat":"repeat","background-position":"center center","background-size":"auto","background-attachment":"scroll","background-type":"","background-media":"","overlay-type":"","overlay-color":"","overlay-opacity":"","overlay-gradient":""},"tablet":{"background-color":"var(--ast-global-color-5)","background-image":"","background-repeat":"repeat","background-position":"center center","background-size":"auto","background-attachment":"scroll","background-type":"","background-media":"","overlay-type":"","overlay-color":"","overlay-opacity":"","overlay-gradient":""},"mobile":{"background-color":"var(--ast-global-color-5)","background-image":"","background-repeat":"repeat","background-position":"center center","background-size":"auto","background-attachment":"scroll","background-type":"","background-media":"","overlay-type":"","overlay-color":"","overlay-opacity":"","overlay-gradient":""}}},"product_brand":[],"product_cat":[141,142,15],"product_tag":[],"class_list":{"0":"post-835","1":"product","2":"type-product","3":"status-publish","4":"has-post-thumbnail","6":"product_cat-soi-gigant-urias","7":"product_cat-soiuri-rosii-roz","8":"product_cat-tomate-soi","9":"desktop-align-left","10":"tablet-align-left","11":"mobile-align-left","13":"first","14":"instock","15":"taxable","16":"shipping-taxable","17":"purchasable","18":"product-type-simple"},"_links":{"self":[{"href":"https:\/\/vivasem.ro\/index.php?rest_route=\/wp\/v2\/product\/835","targetHints":{"allow":["GET"]}}],"collection":[{"href":"https:\/\/vivasem.ro\/index.php?rest_route=\/wp\/v2\/product"}],"about":[{"href":"https:\/\/vivasem.ro\/index.php?rest_route=\/wp\/v2\/types\/product"}],"replies":[{"embeddable":true,"href":"https:\/\/vivasem.ro\/index.php?rest_route=%2Fwp%2Fv2%2Fcomments&post=835"}],"wp:featuredmedia":[{"embeddable":true,"href":"https:\/\/vivasem.ro\/index.php?rest_route=\/wp\/v2\/media\/16816"}],"wp:attachment":[{"href":"https:\/\/vivasem.ro\/index.php?rest_route=%2Fwp%2Fv2%2Fmedia&parent=835"}],"wp:term":[{"taxonomy":"product_brand","embeddable":true,"href":"https:\/\/vivasem.ro\/index.php?rest_route=%2Fwp%2Fv2%2Fproduct_brand&post=835"},{"taxonomy":"product_cat","embeddable":true,"href":"https:\/\/vivasem.ro\/index.php?rest_route=%2Fwp%2Fv2%2Fproduct_cat&post=835"},{"taxonomy":"product_tag","embeddable":true,"href":"https:\/\/vivasem.ro\/index.php?rest_route=%2Fwp%2Fv2%2Fproduct_tag&post=835"}],"curies":[{"name":"wp","href":"https:\/\/api.w.org\/{rel}","templated":true}]}}