{"id":8330,"date":"2022-12-01T09:01:24","date_gmt":"2022-12-01T07:01:24","guid":{"rendered":"https:\/\/vivasem.ro\/?post_type=product&#038;p=8330"},"modified":"2024-05-01T08:14:12","modified_gmt":"2024-05-01T06:14:12","slug":"fasole-enorma","status":"publish","type":"product","link":"https:\/\/vivasem.ro\/?product=fasole-enorma","title":{"rendered":"FASOLE ENORMA"},"content":{"rendered":"<h6><span style=\"color: #ff0000;\"><strong><u>ENORMA,\u00a0<\/u><\/strong><\/span><\/h6>\n<h6><strong>Varietate englezeasc\u0103, \u00eembun\u0103t\u0103\u021bit\u0103 de fasole Phaseolus Coccineus\u00a0 pentru p\u0103st\u0103i \u0219i boabe .<\/strong><\/h6>\n<h6><span style=\"color: #0000ff;\"><strong>Are rezisten\u021b\u0103<\/strong> <strong>mare la boli,\u0219i produc\u021bie ridicat\u0103<\/strong> .<\/span><\/h6>\n<h6><span style=\"color: #ff0000;\">Rode\u0219te numeroase p\u0103st\u0103i lungi de 25-40 centimetrii ,cu cali\u0103\u021bi gustative \u00eenalte,dulci,foarte aromate, excelente g\u0103tite, dup\u0103 p\u0103rerea mea, mai gustoase dec\u00e2t fasolea lat\u0103 galben\u0103.<\/span><\/h6>\n<h6>Plantele sunt viguroase \u0219i pot trece de 5 metrii, au flori ro\u0219ii.<\/h6>\n<h6><span style=\"color: #ff0000;\">Boabele uscate sunt pestri\u021be, negru cu roz, \u0219i sunt de 4 ori,p\u00e2n\u0103 la de 10 ori mai mari dec\u00e2t boabele de fasole obi\u0219nuit\u0103.Dac\u0103 un bob de fasole Aurie de Bac\u0103u, are 0,3-0,4 grame, unul de Enorma, are 2-3 grame.<\/span><\/h6>\n<h6>Familia de fasole\u00a0 PHASEOLUS COCCINEUS (denumit\u0103 \u0219i\u00a0 RUNNER BEAN\u00a0 sau MULTIFLORA BEAN), este o alt\u0103 familie de fasole, caracterizat\u0103 prin plante viguroase, foarte rezistente la boli \u0219i temperaturi sc\u0103zute, cu p\u0103st\u0103i mari, de culoare verde, cu suprafa\u021ba rugoas\u0103 \u0219i boabe foarte mari, albe sau multicolore.<\/h6>\n","protected":false},"excerpt":{"rendered":"<h6><span style=\"color: #0000ff;\">1o SEMIN\u021aE<\/span><\/h6>\n<h6><span style=\"color: #ff0000;\">SOI DE BOABE \u0218I P\u0102ST\u0102I<\/span><\/h6>\n","protected":false},"featured_media":8331,"comment_status":"open","ping_status":"closed","template":"","meta":{"site-sidebar-layout":"default","site-content-layout":"default","ast-site-content-layout":"default","site-content-style":"default","site-sidebar-style":"default","ast-global-header-display":"","ast-banner-title-visibility":"","ast-main-header-display":"","ast-hfb-above-header-display":"","ast-hfb-below-header-display":"","ast-hfb-mobile-header-display":"","site-post-title":"","ast-breadcrumbs-content":"","ast-featured-img":"","footer-sml-layout":"","ast-disable-related-posts":"","theme-transparent-header-meta":"default","adv-header-id-meta":"","stick-header-meta":"","header-above-stick-meta":"","header-main-stick-meta":"","header-below-stick-meta":"","astra-migrate-meta-layouts":"set","ast-page-background-enabled":"default","ast-page-background-meta":{"desktop":{"background-color":"var(--ast-global-color-4)","background-image":"","background-repeat":"repeat","background-position":"center center","background-size":"auto","background-attachment":"scroll","background-type":"","background-media":"","overlay-type":"","overlay-color":"","overlay-opacity":"","overlay-gradient":""},"tablet":{"background-color":"","background-image":"","background-repeat":"repeat","background-position":"center center","background-size":"auto","background-attachment":"scroll","background-type":"","background-media":"","overlay-type":"","overlay-color":"","overlay-opacity":"","overlay-gradient":""},"mobile":{"background-color":"","background-image":"","background-repeat":"repeat","background-position":"center center","background-size":"auto","background-attachment":"scroll","background-type":"","background-media":"","overlay-type":"","overlay-color":"","overlay-opacity":"","overlay-gradient":""}},"ast-content-background-meta":{"desktop":{"background-color":"var(--ast-global-color-5)","background-image":"","background-repeat":"repeat","background-position":"center center","background-size":"auto","background-attachment":"scroll","background-type":"","background-media":"","overlay-type":"","overlay-color":"","overlay-opacity":"","overlay-gradient":""},"tablet":{"background-color":"var(--ast-global-color-5)","background-image":"","background-repeat":"repeat","background-position":"center center","background-size":"auto","background-attachment":"scroll","background-type":"","background-media":"","overlay-type":"","overlay-color":"","overlay-opacity":"","overlay-gradient":""},"mobile":{"background-color":"var(--ast-global-color-5)","background-image":"","background-repeat":"repeat","background-position":"center center","background-size":"auto","background-attachment":"scroll","background-type":"","background-media":"","overlay-type":"","overlay-color":"","overlay-opacity":"","overlay-gradient":""}}},"product_brand":[],"product_cat":[15],"product_tag":[],"class_list":{"0":"post-8330","1":"product","2":"type-product","3":"status-publish","4":"has-post-thumbnail","6":"product_cat-tomate-soi","7":"desktop-align-left","8":"tablet-align-left","9":"mobile-align-left","11":"first","12":"outofstock","13":"taxable","14":"shipping-taxable","15":"purchasable","16":"product-type-simple"},"_links":{"self":[{"href":"https:\/\/vivasem.ro\/index.php?rest_route=\/wp\/v2\/product\/8330","targetHints":{"allow":["GET"]}}],"collection":[{"href":"https:\/\/vivasem.ro\/index.php?rest_route=\/wp\/v2\/product"}],"about":[{"href":"https:\/\/vivasem.ro\/index.php?rest_route=\/wp\/v2\/types\/product"}],"replies":[{"embeddable":true,"href":"https:\/\/vivasem.ro\/index.php?rest_route=%2Fwp%2Fv2%2Fcomments&post=8330"}],"wp:featuredmedia":[{"embeddable":true,"href":"https:\/\/vivasem.ro\/index.php?rest_route=\/wp\/v2\/media\/8331"}],"wp:attachment":[{"href":"https:\/\/vivasem.ro\/index.php?rest_route=%2Fwp%2Fv2%2Fmedia&parent=8330"}],"wp:term":[{"taxonomy":"product_brand","embeddable":true,"href":"https:\/\/vivasem.ro\/index.php?rest_route=%2Fwp%2Fv2%2Fproduct_brand&post=8330"},{"taxonomy":"product_cat","embeddable":true,"href":"https:\/\/vivasem.ro\/index.php?rest_route=%2Fwp%2Fv2%2Fproduct_cat&post=8330"},{"taxonomy":"product_tag","embeddable":true,"href":"https:\/\/vivasem.ro\/index.php?rest_route=%2Fwp%2Fv2%2Fproduct_tag&post=8330"}],"curies":[{"name":"wp","href":"https:\/\/api.w.org\/{rel}","templated":true}]}}