{"id":833,"date":"2021-11-06T19:38:35","date_gmt":"2021-11-06T17:38:35","guid":{"rendered":"https:\/\/vivasem.ro\/?post_type=product&#038;p=833"},"modified":"2025-02-18T13:29:43","modified_gmt":"2025-02-18T11:29:43","slug":"vintage-wine-vin-vechi","status":"publish","type":"product","link":"https:\/\/vivasem.ro\/?product=vintage-wine-vin-vechi","title":{"rendered":"\u201e\u201eVINTAGE WINE (VINUL VECHI)"},"content":{"rendered":"<h6><span style=\"color: #ff0000;\"><strong>VINTAGE WINE (VINUL VECHI),<\/strong><\/span><\/h6>\n<h6><span style=\"color: #0000ff;\"><strong>SOI AMERICAN EXCEP\u021aIONAL, DINTRE CELE MAI FRUMOASE TOMATE NEGRE, DATORIT\u0102 CULORII RO\u0218U \u00ceNCHIS\u00a0 SPRE MAHON, CA UN VIN RO\u0218U,VECHI,\u00a0 DE UNDE \u0218I NUMELE.<\/strong><\/span><\/h6>\n<h6><span style=\"color: #0000ff;\"><strong>DE FOARTE MARE PRODUCTIVITATE, RODE\u0218TE \u00ceN CIORCHINI DE RO\u0218II MARI,\u00ceN MEDIE DE 200-300 grame, IAR UNELE AJUNG URIA\u0218E DE PESTE\u00a0 700 grame.<\/strong><\/span><\/h6>\n<h6>FRUCTELE SUNT C\u0102RNOASE, CU PULP\u0102 C\u0102RNOAS\u0102,TIP BEEFSTEAK , CU <span style=\"color: #0000ff;\">GUST EXCEP\u021aIONAL ,DULCE, SLAB ACID\u00a0 \u0218I CU O AROM\u0102 INTENS\u0102. COMPLET\u0102 ,DE RO\u0218IE VECHE.<\/span><\/h6>\n<h6>PLANTE VIGUROASE, CU FRUNZE TIP CARTOF , NEDETERMINATE, CE SE COMPORT\u0102\u00a0 BINE \u00ceN GR\u0102DIN\u0102, DAR \u0218I \u00ceN SOLAR, <span style=\"color: #0000ff;\">FIIND BINE ADAPTATE\u00a0 LA TEMPERATURI RIDICATE.<\/span><\/h6>\n<p>&nbsp;<\/p>\n","protected":false},"excerpt":{"rendered":"<h6><span style=\"color: #0000ff;\">15 SEMIN\u021aE<\/span><\/h6>\n<h6><span style=\"color: #ff00ff;\">SOI EXCEP\u021aIONAL, FOARTE PRODUCTIV !<\/span><\/h6>\n<h6><span style=\"color: #ff00ff;\">GUST EXTRAORDINAR !<\/span><\/h6>\n","protected":false},"featured_media":3807,"comment_status":"open","ping_status":"closed","template":"","meta":{"site-sidebar-layout":"default","site-content-layout":"default","ast-site-content-layout":"default","site-content-style":"default","site-sidebar-style":"default","ast-global-header-display":"","ast-banner-title-visibility":"","ast-main-header-display":"","ast-hfb-above-header-display":"","ast-hfb-below-header-display":"","ast-hfb-mobile-header-display":"","site-post-title":"","ast-breadcrumbs-content":"","ast-featured-img":"","footer-sml-layout":"","ast-disable-related-posts":"","theme-transparent-header-meta":"default","adv-header-id-meta":"","stick-header-meta":"","header-above-stick-meta":"","header-main-stick-meta":"","header-below-stick-meta":"","astra-migrate-meta-layouts":"set","ast-page-background-enabled":"default","ast-page-background-meta":{"desktop":{"background-color":"var(--ast-global-color-4)","background-image":"","background-repeat":"repeat","background-position":"center center","background-size":"auto","background-attachment":"scroll","background-type":"","background-media":"","overlay-type":"","overlay-color":"","overlay-opacity":"","overlay-gradient":""},"tablet":{"background-color":"","background-image":"","background-repeat":"repeat","background-position":"center center","background-size":"auto","background-attachment":"scroll","background-type":"","background-media":"","overlay-type":"","overlay-color":"","overlay-opacity":"","overlay-gradient":""},"mobile":{"background-color":"","background-image":"","background-repeat":"repeat","background-position":"center center","background-size":"auto","background-attachment":"scroll","background-type":"","background-media":"","overlay-type":"","overlay-color":"","overlay-opacity":"","overlay-gradient":""}},"ast-content-background-meta":{"desktop":{"background-color":"var(--ast-global-color-5)","background-image":"","background-repeat":"repeat","background-position":"center center","background-size":"auto","background-attachment":"scroll","background-type":"","background-media":"","overlay-type":"","overlay-color":"","overlay-opacity":"","overlay-gradient":""},"tablet":{"background-color":"var(--ast-global-color-5)","background-image":"","background-repeat":"repeat","background-position":"center center","background-size":"auto","background-attachment":"scroll","background-type":"","background-media":"","overlay-type":"","overlay-color":"","overlay-opacity":"","overlay-gradient":""},"mobile":{"background-color":"var(--ast-global-color-5)","background-image":"","background-repeat":"repeat","background-position":"center center","background-size":"auto","background-attachment":"scroll","background-type":"","background-media":"","overlay-type":"","overlay-color":"","overlay-opacity":"","overlay-gradient":""}}},"product_brand":[],"product_cat":[141,138,15],"product_tag":[],"class_list":{"0":"post-833","1":"product","2":"type-product","3":"status-publish","4":"has-post-thumbnail","6":"product_cat-soi-gigant-urias","7":"product_cat-soiuri-negre","8":"product_cat-tomate-soi","9":"desktop-align-left","10":"tablet-align-left","11":"mobile-align-left","13":"first","14":"outofstock","15":"taxable","16":"shipping-taxable","17":"purchasable","18":"product-type-simple"},"_links":{"self":[{"href":"https:\/\/vivasem.ro\/index.php?rest_route=\/wp\/v2\/product\/833","targetHints":{"allow":["GET"]}}],"collection":[{"href":"https:\/\/vivasem.ro\/index.php?rest_route=\/wp\/v2\/product"}],"about":[{"href":"https:\/\/vivasem.ro\/index.php?rest_route=\/wp\/v2\/types\/product"}],"replies":[{"embeddable":true,"href":"https:\/\/vivasem.ro\/index.php?rest_route=%2Fwp%2Fv2%2Fcomments&post=833"}],"wp:featuredmedia":[{"embeddable":true,"href":"https:\/\/vivasem.ro\/index.php?rest_route=\/wp\/v2\/media\/3807"}],"wp:attachment":[{"href":"https:\/\/vivasem.ro\/index.php?rest_route=%2Fwp%2Fv2%2Fmedia&parent=833"}],"wp:term":[{"taxonomy":"product_brand","embeddable":true,"href":"https:\/\/vivasem.ro\/index.php?rest_route=%2Fwp%2Fv2%2Fproduct_brand&post=833"},{"taxonomy":"product_cat","embeddable":true,"href":"https:\/\/vivasem.ro\/index.php?rest_route=%2Fwp%2Fv2%2Fproduct_cat&post=833"},{"taxonomy":"product_tag","embeddable":true,"href":"https:\/\/vivasem.ro\/index.php?rest_route=%2Fwp%2Fv2%2Fproduct_tag&post=833"}],"curies":[{"name":"wp","href":"https:\/\/api.w.org\/{rel}","templated":true}]}}