{"id":8302,"date":"2022-11-28T09:22:15","date_gmt":"2022-11-28T07:22:15","guid":{"rendered":"https:\/\/vivasem.ro\/?post_type=product&#038;p=8302"},"modified":"2025-09-09T11:45:14","modified_gmt":"2025-09-09T09:45:14","slug":"red-peach-piersica-rosie","status":"publish","type":"product","link":"https:\/\/vivasem.ro\/?product=red-peach-piersica-rosie","title":{"rendered":"\u201e\u201eRED PEACH-PIERSICA ROSIE"},"content":{"rendered":"<h6><span style=\"color: #ff0000;\">READ PEACH-PIERSICA ROSIE,\u00a0 \u00a0 \u00a0 \u00a0 \u00a0 \u00a0 \u00a0 \u00a0 \u00a0 \u00a0 \u00a0 \u00a0 \u00a0 \u00a0 \u00a0 \u00a0 \u00a0 \u00a0 \u00a0 \u00a0 \u00a0 \u00a0 \u00a0 \u00a0 \u00a0 \u00a0 \u00a0 \u00a0 \u00a0 \u00a0 \u00a0 \u00a0 \u00a0 \u00a0 \u00a0 \u00a0 \u00a0 \u00a0 \u00a0 \u00a0 \u00a0 \u00a0&#8211;<a href=\"https:\/\/vivasem.ro\/wp-content\/uploads\/2022\/11\/TRUE-LEAF.jpg\"><img loading=\"lazy\" decoding=\"async\" class=\"alignnone size-full wp-image-8254\" src=\"https:\/\/vivasem.ro\/wp-content\/uploads\/2022\/11\/TRUE-LEAF.jpg\" alt=\"\" width=\"219\" height=\"96\" \/><\/a><\/span><\/h6>\n<h6><span style=\"color: #ff0000;\">SOI RAR AMERICAN DE TOMATE, DEOSEBIT, DATORIT\u0102 ASEM\u0102N\u0102RII SALE\u00a0 EXTERIOARE, CU PIERSICILE ! <\/span><\/h6>\n<h6><span style=\"color: #ff0000;\">COAJA FRUCTELOR ,ESTE ACOPERIT\u0102 DE UN PUF FOARTE FIN, D\u00c2NDU-LE ASPECTUL MAT, CA \u0218I AL PIERSICILOR.<\/span><\/h6>\n<h6><span style=\"color: #0000ff;\">CULOAREA LA COACERE,ESTE RO\u0218IE SPRE ROZ ,F\u0102R\u0102 UMERI VERZI, DAR CEL MAI ASEM\u0102N\u0102TOR ASPECT CU PIERSICILE, SE OB\u021aINE C\u00c2ND FRUCTELE NU SUNT COAPTE DE TOT, \u0218I VOM AVEA CULORI DE GALBEN,ORANGE, RO\u0218U,ROZ&#8230;.<\/span><\/h6>\n<h6><span style=\"color: #0000ff;\">GUST EXCELENT, MULT APRECIAT , ECHILIBRAT DULCE-SLAB ACID,\u00a0 CU O AROM\u0102\u00a0 FOARTE INTENS\u0102 DE RO\u0218IE VECHE .<\/span><\/h6>\n<h6>PULPA ESTE\u00a0 FERM\u0102, C\u0102RNOAS\u0102, SUCULENT\u0102, PERFECT\u0102 PENTRU SALATE, DAR \u0218I DE CONSERVAT, G\u0102TIT, ETC. REZISTEN\u021a\u0102 MARE LA CR\u0102PARE !<\/h6>\n<h6>GREUTATEA\u00a0 MEDIE DE 50-100 grame.<\/h6>\n<h6><span style=\"color: #ff0000;\">O ALT\u0102 CARACTERISTIC\u0102 IMPORTANT\u0102, ESTE DURATA MARE DE P\u0102STRARE DUP\u0102 CULEGERE, DESPRE CARE UNII FERMIERI AMERICANI, SPUN C\u0102 AJUNGE \u0218I LA PATRU LUNI !!!<\/span><\/h6>\n<h6>PLANTELE NEDETERMINATE,\u00a0 <span style=\"color: #0000ff;\">SUNT FOARTE PRODUCTIVE\u00a0<\/span> , CU FOARTE BUNE REZULTATE \u00ceN GR\u0102DIN\u0102, DAR \u0218I \u00ceN SOLAR.<\/h6>\n<h6>TIMPURIETATE MEDIE,\u00a0 85-90\u00a0 ZILE DE LA TRANSPLANT.<\/h6>\n<h6>SOI HEIRLOOM, AMERICAN.<\/h6>\n","protected":false},"excerpt":{"rendered":"<h6><img loading=\"lazy\" decoding=\"async\" class=\"alignnone wp-image-5567\" src=\"https:\/\/vivasem.ro\/wp-content\/uploads\/2021\/11\/NOU3.jpg\" alt=\"\" width=\"57\" height=\"55\" srcset=\"https:\/\/vivasem.ro\/wp-content\/uploads\/2021\/11\/NOU3.jpg 270w, https:\/\/vivasem.ro\/wp-content\/uploads\/2021\/11\/NOU3-248x241.jpg 248w\" sizes=\"auto, (max-width: 57px) 100vw, 57px\" \/><\/h6>\n<h6><span style=\"color: #ff00ff;\">SOI RAR EXTREM DE GUSTOS <\/span><span style=\"color: #ff00ff;\">!<\/span><\/h6>\n","protected":false},"featured_media":8303,"comment_status":"open","ping_status":"closed","template":"","meta":{"site-sidebar-layout":"default","site-content-layout":"default","ast-site-content-layout":"default","site-content-style":"default","site-sidebar-style":"default","ast-global-header-display":"","ast-banner-title-visibility":"","ast-main-header-display":"","ast-hfb-above-header-display":"","ast-hfb-below-header-display":"","ast-hfb-mobile-header-display":"","site-post-title":"","ast-breadcrumbs-content":"","ast-featured-img":"","footer-sml-layout":"","ast-disable-related-posts":"","theme-transparent-header-meta":"default","adv-header-id-meta":"","stick-header-meta":"","header-above-stick-meta":"","header-main-stick-meta":"","header-below-stick-meta":"","astra-migrate-meta-layouts":"set","ast-page-background-enabled":"default","ast-page-background-meta":{"desktop":{"background-color":"var(--ast-global-color-4)","background-image":"","background-repeat":"repeat","background-position":"center center","background-size":"auto","background-attachment":"scroll","background-type":"","background-media":"","overlay-type":"","overlay-color":"","overlay-opacity":"","overlay-gradient":""},"tablet":{"background-color":"","background-image":"","background-repeat":"repeat","background-position":"center center","background-size":"auto","background-attachment":"scroll","background-type":"","background-media":"","overlay-type":"","overlay-color":"","overlay-opacity":"","overlay-gradient":""},"mobile":{"background-color":"","background-image":"","background-repeat":"repeat","background-position":"center center","background-size":"auto","background-attachment":"scroll","background-type":"","background-media":"","overlay-type":"","overlay-color":"","overlay-opacity":"","overlay-gradient":""}},"ast-content-background-meta":{"desktop":{"background-color":"var(--ast-global-color-5)","background-image":"","background-repeat":"repeat","background-position":"center center","background-size":"auto","background-attachment":"scroll","background-type":"","background-media":"","overlay-type":"","overlay-color":"","overlay-opacity":"","overlay-gradient":""},"tablet":{"background-color":"var(--ast-global-color-5)","background-image":"","background-repeat":"repeat","background-position":"center center","background-size":"auto","background-attachment":"scroll","background-type":"","background-media":"","overlay-type":"","overlay-color":"","overlay-opacity":"","overlay-gradient":""},"mobile":{"background-color":"var(--ast-global-color-5)","background-image":"","background-repeat":"repeat","background-position":"center center","background-size":"auto","background-attachment":"scroll","background-type":"","background-media":"","overlay-type":"","overlay-color":"","overlay-opacity":"","overlay-gradient":""}}},"product_brand":[],"product_cat":[180,139,143,142,144,15],"product_tag":[],"class_list":{"0":"post-8302","1":"product","2":"type-product","3":"status-publish","4":"has-post-thumbnail","6":"product_cat-oferte-de-pret-cantitate","7":"product_cat-tomate-galbene-orange-bicolore-verzi","8":"product_cat-soiuri-timpurii-cherry","9":"product_cat-soiuri-rosii-roz","10":"product_cat-soiuri-tip-inima-de-bou","11":"product_cat-tomate-soi","12":"pa_numar-30-s-202","13":"pa_numar-30-s-1200-seminte","14":"pa_numar-30-s-150-seminte","15":"pa_numar-30-s-1500-seminte","16":"pa_numar-30-s-180-seminte","17":"pa_numar-30-s-210-seminte","18":"pa_numar-30-s-240-seminte","19":"pa_numar-30-s-270-seminte","20":"pa_numar-30-s-30-seminte","21":"pa_numar-30-s-300-seminte","22":"pa_numar-30-s-60-seminte","23":"pa_numar-30-s-600-seminte","24":"pa_numar-30-s-90-seminte","25":"pa_numar-30-s-900-seminte","26":"desktop-align-left","27":"tablet-align-left","28":"mobile-align-left","30":"first","31":"outofstock","32":"sale","33":"taxable","34":"shipping-taxable","35":"purchasable","36":"product-type-variable"},"_links":{"self":[{"href":"https:\/\/vivasem.ro\/index.php?rest_route=\/wp\/v2\/product\/8302","targetHints":{"allow":["GET"]}}],"collection":[{"href":"https:\/\/vivasem.ro\/index.php?rest_route=\/wp\/v2\/product"}],"about":[{"href":"https:\/\/vivasem.ro\/index.php?rest_route=\/wp\/v2\/types\/product"}],"replies":[{"embeddable":true,"href":"https:\/\/vivasem.ro\/index.php?rest_route=%2Fwp%2Fv2%2Fcomments&post=8302"}],"wp:featuredmedia":[{"embeddable":true,"href":"https:\/\/vivasem.ro\/index.php?rest_route=\/wp\/v2\/media\/8303"}],"wp:attachment":[{"href":"https:\/\/vivasem.ro\/index.php?rest_route=%2Fwp%2Fv2%2Fmedia&parent=8302"}],"wp:term":[{"taxonomy":"product_brand","embeddable":true,"href":"https:\/\/vivasem.ro\/index.php?rest_route=%2Fwp%2Fv2%2Fproduct_brand&post=8302"},{"taxonomy":"product_cat","embeddable":true,"href":"https:\/\/vivasem.ro\/index.php?rest_route=%2Fwp%2Fv2%2Fproduct_cat&post=8302"},{"taxonomy":"product_tag","embeddable":true,"href":"https:\/\/vivasem.ro\/index.php?rest_route=%2Fwp%2Fv2%2Fproduct_tag&post=8302"}],"curies":[{"name":"wp","href":"https:\/\/api.w.org\/{rel}","templated":true}]}}