{"id":8301,"date":"2022-11-27T22:47:53","date_gmt":"2022-11-27T20:47:53","guid":{"rendered":"https:\/\/vivasem.ro\/?post_type=product&#038;p=8301"},"modified":"2025-05-17T12:18:35","modified_gmt":"2025-05-17T10:18:35","slug":"castraveti-taranesti-de-buzau-oferta","status":"publish","type":"product","link":"https:\/\/vivasem.ro\/?product=castraveti-taranesti-de-buzau-oferta","title":{"rendered":"\u201e\u201eCASTRAVETI T\u0102RANESTI\u00a0 DE BUZ\u0102U (OFERT\u0102 3+1)"},"content":{"rendered":"<h6><span style=\"color: #008080;\"><strong><u>CASTRAVE\u021aI \u021a\u0102RANE\u0218TI\u00a0 DE BUZAU -D\u00c2MBROCA,<\/u><\/strong><\/span><\/h6>\n<h6><span style=\"color: #ff0000;\"><strong>SOI TRADI\u021aIONAL, CE PRODUCE CASTRAVE\u021aI DE VARA \u0218I TOAMNA , CU FRUCTE MAI MARI DECAT CORNI\u0218ONUL,<\/strong> AJUNG\u00c2ND LA 12-15 CM,<\/span><span style=\"color: #0000ff;\"> DAR F\u0102R\u0102 A SE \u00ceNT\u0102RII COAJA, IAR PULPA R\u0102M\u00c2NAND CROCANT\u0102, GUSTOAS\u0102, DULCEAG\u0102, AROMAT\u0102, DE CULOARE VERDE DESCHIS, POTRIVIT DE SALATA SI MURATURI .<\/span><\/h6>\n<h6>DE CULTIVAT \u00ceN GR\u0102DIN\u0102 \u0218I \u00ceN SOLAR.<\/h6>\n<h6><\/h6>\n","protected":false},"excerpt":{"rendered":"<h6><span style=\"color: #0000ff;\">160 SEMIN\u021aE <span style=\"color: #ff0000;\">-OFERT\u0102 ! (3+1 GRATIS )<\/span><\/span><\/h6>\n<h6><span style=\"color: #0000ff;\"><span style=\"color: #ff0000;\"><a href=\"https:\/\/vivasem.ro\/wp-content\/uploads\/2021\/11\/RO-1-e1669582350814.jpg\"><img loading=\"lazy\" decoding=\"async\" class=\"alignnone wp-image-7098\" src=\"https:\/\/vivasem.ro\/wp-content\/uploads\/2021\/11\/RO-1-e1669582350814.jpg\" alt=\"\" width=\"215\" height=\"76\" \/><\/a><\/span><\/span><\/h6>\n<h6><\/h6>\n","protected":false},"featured_media":4973,"comment_status":"open","ping_status":"closed","template":"","meta":{"site-sidebar-layout":"default","site-content-layout":"default","ast-site-content-layout":"default","site-content-style":"default","site-sidebar-style":"default","ast-global-header-display":"","ast-banner-title-visibility":"","ast-main-header-display":"","ast-hfb-above-header-display":"","ast-hfb-below-header-display":"","ast-hfb-mobile-header-display":"","site-post-title":"","ast-breadcrumbs-content":"","ast-featured-img":"","footer-sml-layout":"","ast-disable-related-posts":"","theme-transparent-header-meta":"default","adv-header-id-meta":"","stick-header-meta":"","header-above-stick-meta":"","header-main-stick-meta":"","header-below-stick-meta":"","astra-migrate-meta-layouts":"set","ast-page-background-enabled":"default","ast-page-background-meta":{"desktop":{"background-color":"var(--ast-global-color-4)","background-image":"","background-repeat":"repeat","background-position":"center center","background-size":"auto","background-attachment":"scroll","background-type":"","background-media":"","overlay-type":"","overlay-color":"","overlay-opacity":"","overlay-gradient":""},"tablet":{"background-color":"","background-image":"","background-repeat":"repeat","background-position":"center center","background-size":"auto","background-attachment":"scroll","background-type":"","background-media":"","overlay-type":"","overlay-color":"","overlay-opacity":"","overlay-gradient":""},"mobile":{"background-color":"","background-image":"","background-repeat":"repeat","background-position":"center center","background-size":"auto","background-attachment":"scroll","background-type":"","background-media":"","overlay-type":"","overlay-color":"","overlay-opacity":"","overlay-gradient":""}},"ast-content-background-meta":{"desktop":{"background-color":"var(--ast-global-color-5)","background-image":"","background-repeat":"repeat","background-position":"center center","background-size":"auto","background-attachment":"scroll","background-type":"","background-media":"","overlay-type":"","overlay-color":"","overlay-opacity":"","overlay-gradient":""},"tablet":{"background-color":"var(--ast-global-color-5)","background-image":"","background-repeat":"repeat","background-position":"center center","background-size":"auto","background-attachment":"scroll","background-type":"","background-media":"","overlay-type":"","overlay-color":"","overlay-opacity":"","overlay-gradient":""},"mobile":{"background-color":"var(--ast-global-color-5)","background-image":"","background-repeat":"repeat","background-position":"center center","background-size":"auto","background-attachment":"scroll","background-type":"","background-media":"","overlay-type":"","overlay-color":"","overlay-opacity":"","overlay-gradient":""}}},"product_brand":[],"product_cat":[136],"product_tag":[],"class_list":{"0":"post-8301","1":"product","2":"type-product","3":"status-publish","4":"has-post-thumbnail","6":"product_cat-castraveti-soi","7":"desktop-align-left","8":"tablet-align-left","9":"mobile-align-left","11":"first","12":"outofstock","13":"taxable","14":"shipping-taxable","15":"purchasable","16":"product-type-simple"},"_links":{"self":[{"href":"https:\/\/vivasem.ro\/index.php?rest_route=\/wp\/v2\/product\/8301","targetHints":{"allow":["GET"]}}],"collection":[{"href":"https:\/\/vivasem.ro\/index.php?rest_route=\/wp\/v2\/product"}],"about":[{"href":"https:\/\/vivasem.ro\/index.php?rest_route=\/wp\/v2\/types\/product"}],"replies":[{"embeddable":true,"href":"https:\/\/vivasem.ro\/index.php?rest_route=%2Fwp%2Fv2%2Fcomments&post=8301"}],"wp:featuredmedia":[{"embeddable":true,"href":"https:\/\/vivasem.ro\/index.php?rest_route=\/wp\/v2\/media\/4973"}],"wp:attachment":[{"href":"https:\/\/vivasem.ro\/index.php?rest_route=%2Fwp%2Fv2%2Fmedia&parent=8301"}],"wp:term":[{"taxonomy":"product_brand","embeddable":true,"href":"https:\/\/vivasem.ro\/index.php?rest_route=%2Fwp%2Fv2%2Fproduct_brand&post=8301"},{"taxonomy":"product_cat","embeddable":true,"href":"https:\/\/vivasem.ro\/index.php?rest_route=%2Fwp%2Fv2%2Fproduct_cat&post=8301"},{"taxonomy":"product_tag","embeddable":true,"href":"https:\/\/vivasem.ro\/index.php?rest_route=%2Fwp%2Fv2%2Fproduct_tag&post=8301"}],"curies":[{"name":"wp","href":"https:\/\/api.w.org\/{rel}","templated":true}]}}