{"id":8294,"date":"2022-11-27T22:19:57","date_gmt":"2022-11-27T20:19:57","guid":{"rendered":"https:\/\/vivasem.ro\/?post_type=product&#038;p=8294"},"modified":"2025-06-02T09:01:17","modified_gmt":"2025-06-02T07:01:17","slug":"castraveti-suyo-long-25s","status":"publish","type":"product","link":"https:\/\/vivasem.ro\/?product=castraveti-suyo-long-25s","title":{"rendered":".Castraveti SUYO LONG"},"content":{"rendered":"<h6><span style=\"color: #ff0000;\"><u><b>CASTRAVE\u021aI SUYO <\/b><\/u><\/span><span style=\"color: #ff0000;\"><u><b>LONG<\/b><\/u><\/span><span style=\"color: #ff0000;\"><u>,<a href=\"https:\/\/vivasem.ro\/wp-content\/uploads\/2022\/11\/TRUE-LEAF.jpg\"><img loading=\"lazy\" decoding=\"async\" class=\"alignnone size-full wp-image-8254\" src=\"https:\/\/vivasem.ro\/wp-content\/uploads\/2022\/11\/TRUE-LEAF.jpg\" alt=\"\" width=\"219\" height=\"96\" \/><\/a><\/u><\/span><\/h6>\n<h6><span style=\"color: #ff6600;\">LOT CU GERMINATIE 60-75%<\/span><\/h6>\n<h6><span style=\"color: #0000ff;\"><strong>SOI CHINEZESC, FOARTE PRODUCTIV, TIMPURIU, SPECIAL DE SALAT\u0102.<\/strong><\/span><\/h6>\n<h6><span style=\"color: #ff0000;\"><strong>FRUCTELE SUNT <\/strong>, <strong>LUNGI<\/strong>, <strong>AJUNG LA\u00a0 50centimetrii, DAR<\/strong> LUNGIME OPTIM\u0102 DE CULEGERE ESTE DE 15-30 centimetrii, C\u00c2ND SUNT FOARTE FRAGEDE, <strong>CU PULP\u0102 CROCANT\u0102, SEMIN\u021aE PU\u021aINE , <\/strong>CAMERA SEMIN\u021aELOR MIC\u0102,<strong>FOARTE DULCI \u0218I AROMATE.AU <\/strong><\/span><span style=\"color: #ff0000;\">\u021aEPI RARI.<\/span><\/h6>\n<h6>CULOAREA ESTE VERDE INCHIS, CU VERDE DESCHIS PE MUCHII.<\/h6>\n<h6><span style=\"color: #0000ff;\">FRUCTELE AU \u00ceN DIAMETRU 3-4 centimetrii,<\/span> NU SE INGROA\u0218\u0102 MAI MULT, DECAT ATUNCI C\u00c2ND ATING PESTE\u00a0 30 centimetrii LUNGIME<span style=\"color: #0000ff;\">\u00a0.<\/span><\/h6>\n<h6>SE CULTIVA\u00a0 IN GR\u0102DIN\u0102 \u0218I SOLAR FIIND FOARTE PRODUCTIV.<\/h6>\n<h6>SE POATE \u0218I CONSERVA, CA ORICE ALT SOI, LA SARAMUR\u0102 SAU O\u021aET.<\/h6>\n<h6>25G60<\/h6>\n<h6><\/h6>\n","protected":false},"excerpt":{"rendered":"<h6><span style=\"color: #ff00ff;\">SOI EXCELENT,FOARTE PRODUCTIV \u00a0!<\/span><\/h6>\n","protected":false},"featured_media":8297,"comment_status":"open","ping_status":"closed","template":"","meta":{"site-sidebar-layout":"default","site-content-layout":"default","ast-site-content-layout":"default","site-content-style":"default","site-sidebar-style":"default","ast-global-header-display":"","ast-banner-title-visibility":"","ast-main-header-display":"","ast-hfb-above-header-display":"","ast-hfb-below-header-display":"","ast-hfb-mobile-header-display":"","site-post-title":"","ast-breadcrumbs-content":"","ast-featured-img":"","footer-sml-layout":"","ast-disable-related-posts":"","theme-transparent-header-meta":"default","adv-header-id-meta":"","stick-header-meta":"","header-above-stick-meta":"","header-main-stick-meta":"","header-below-stick-meta":"","astra-migrate-meta-layouts":"set","ast-page-background-enabled":"default","ast-page-background-meta":{"desktop":{"background-color":"var(--ast-global-color-4)","background-image":"","background-repeat":"repeat","background-position":"center center","background-size":"auto","background-attachment":"scroll","background-type":"","background-media":"","overlay-type":"","overlay-color":"","overlay-opacity":"","overlay-gradient":""},"tablet":{"background-color":"","background-image":"","background-repeat":"repeat","background-position":"center center","background-size":"auto","background-attachment":"scroll","background-type":"","background-media":"","overlay-type":"","overlay-color":"","overlay-opacity":"","overlay-gradient":""},"mobile":{"background-color":"","background-image":"","background-repeat":"repeat","background-position":"center center","background-size":"auto","background-attachment":"scroll","background-type":"","background-media":"","overlay-type":"","overlay-color":"","overlay-opacity":"","overlay-gradient":""}},"ast-content-background-meta":{"desktop":{"background-color":"var(--ast-global-color-5)","background-image":"","background-repeat":"repeat","background-position":"center center","background-size":"auto","background-attachment":"scroll","background-type":"","background-media":"","overlay-type":"","overlay-color":"","overlay-opacity":"","overlay-gradient":""},"tablet":{"background-color":"var(--ast-global-color-5)","background-image":"","background-repeat":"repeat","background-position":"center center","background-size":"auto","background-attachment":"scroll","background-type":"","background-media":"","overlay-type":"","overlay-color":"","overlay-opacity":"","overlay-gradient":""},"mobile":{"background-color":"var(--ast-global-color-5)","background-image":"","background-repeat":"repeat","background-position":"center center","background-size":"auto","background-attachment":"scroll","background-type":"","background-media":"","overlay-type":"","overlay-color":"","overlay-opacity":"","overlay-gradient":""}}},"product_brand":[],"product_cat":[149],"product_tag":[],"class_list":{"0":"post-8294","1":"product","2":"type-product","3":"status-publish","4":"has-post-thumbnail","6":"product_cat-33-produse-epuizate","7":"pa_cantitate-10-seminte","8":"pa_cantitate-100-seminte","9":"pa_cantitate-200-seminte","10":"pa_cantitate-25-seminte","11":"pa_cantitate-250-seminte","12":"pa_cantitate-50-seminte","13":"pa_cantitate-500-seminte","14":"desktop-align-left","15":"tablet-align-left","16":"mobile-align-left","18":"first","19":"outofstock","20":"taxable","21":"shipping-taxable","22":"product-type-simple"},"_links":{"self":[{"href":"https:\/\/vivasem.ro\/index.php?rest_route=\/wp\/v2\/product\/8294","targetHints":{"allow":["GET"]}}],"collection":[{"href":"https:\/\/vivasem.ro\/index.php?rest_route=\/wp\/v2\/product"}],"about":[{"href":"https:\/\/vivasem.ro\/index.php?rest_route=\/wp\/v2\/types\/product"}],"replies":[{"embeddable":true,"href":"https:\/\/vivasem.ro\/index.php?rest_route=%2Fwp%2Fv2%2Fcomments&post=8294"}],"wp:featuredmedia":[{"embeddable":true,"href":"https:\/\/vivasem.ro\/index.php?rest_route=\/wp\/v2\/media\/8297"}],"wp:attachment":[{"href":"https:\/\/vivasem.ro\/index.php?rest_route=%2Fwp%2Fv2%2Fmedia&parent=8294"}],"wp:term":[{"taxonomy":"product_brand","embeddable":true,"href":"https:\/\/vivasem.ro\/index.php?rest_route=%2Fwp%2Fv2%2Fproduct_brand&post=8294"},{"taxonomy":"product_cat","embeddable":true,"href":"https:\/\/vivasem.ro\/index.php?rest_route=%2Fwp%2Fv2%2Fproduct_cat&post=8294"},{"taxonomy":"product_tag","embeddable":true,"href":"https:\/\/vivasem.ro\/index.php?rest_route=%2Fwp%2Fv2%2Fproduct_tag&post=8294"}],"curies":[{"name":"wp","href":"https:\/\/api.w.org\/{rel}","templated":true}]}}