{"id":8283,"date":"2022-11-27T20:08:40","date_gmt":"2022-11-27T18:08:40","guid":{"rendered":"https:\/\/vivasem.ro\/?post_type=product&#038;p=8283"},"modified":"2025-10-09T09:42:22","modified_gmt":"2025-10-09T07:42:22","slug":"castraveti-japanese-long-25s","status":"publish","type":"product","link":"https:\/\/vivasem.ro\/?product=castraveti-japanese-long-25s","title":{"rendered":".Castraveti JAPANESE LONG"},"content":{"rendered":"<h6><span style=\"color: #ff0000;\"><u><b>CASTRAVE\u021aI JAPANESE <\/b><\/u><\/span><span style=\"color: #ff0000;\"><u><b>LONG <\/b><\/u><\/span><span style=\"color: #ff0000;\"><u><b>\/LUNGI\u00a0 JAPONEZI<\/b>,<a href=\"https:\/\/vivasem.ro\/wp-content\/uploads\/2022\/11\/TRUE-LEAF.jpg\"><img loading=\"lazy\" decoding=\"async\" class=\"alignnone size-full wp-image-8254\" src=\"https:\/\/vivasem.ro\/wp-content\/uploads\/2022\/11\/TRUE-LEAF.jpg\" alt=\"\" width=\"219\" height=\"96\" \/><\/a><\/u><\/span><\/h6>\n<h6><span style=\"color: #0000ff;\"><strong>SOI FOARTE PRODUCTIV, TIMPURIU, SPECIAL DE SALAT\u0102.<\/strong><\/span><\/h6>\n<h6><span style=\"color: #ff0000;\"><strong>FRUCTELE SUNT <\/strong><strong>CU <\/strong>\u021aEPI RARI, <strong>LUNGI,<\/strong>, <strong>ATING \u0218I 55 centimetrii,DAR<\/strong> LUNGIME OPTIM\u0102 DE CULEGERE ESTE DE 15-30 centimetrii, C\u00c2ND SUNT FOARTE FRAGEDE, <strong>CU PULP\u0102 CROCANT\u0102, SEMIN\u021aE PU\u021aINE , <\/strong>CAMERA SEMIN\u021aELOR MIC\u0102,<strong>FOARTE DULCI \u0218I AROMATE.<\/strong><\/span><\/h6>\n<h6>CULOAREA ESTE VERDE INCHIS.<\/h6>\n<h6><span style=\"color: #0000ff;\">FRUCTELE AU \u00ceN DIAMETRU 3-4 centimetrii,<\/span> NU SE INGROA\u0218\u0102 MAI MULT, DECAT ATUNCI C\u00c2ND ATING PESTE\u00a0 30 centimetrii LUNGIME<span style=\"color: #0000ff;\">\u00a0.<\/span><\/h6>\n<h6>SE CULTIVA\u00a0 IN GR\u0102DIN\u0102 \u0218I SOLAR FIIND FOARTE PRODUCTIV.<\/h6>\n<h6>SE POATE \u0218I CONSERVA, CA ORICE ALT SOI, LA SARAMUR\u0102 SAU O\u021aET.<\/h6>\n<h6><\/h6>\n<h6><\/h6>\n","protected":false},"excerpt":{"rendered":"<h6><span style=\"color: #ff00ff;\">SOI FOARTE PRODUCTIV \u0218I GUSTOS SPECIAL DE SALAT\u0102 !<\/span><\/h6>\n","protected":false},"featured_media":8284,"comment_status":"open","ping_status":"closed","template":"","meta":{"site-sidebar-layout":"default","site-content-layout":"default","ast-site-content-layout":"default","site-content-style":"default","site-sidebar-style":"default","ast-global-header-display":"","ast-banner-title-visibility":"","ast-main-header-display":"","ast-hfb-above-header-display":"","ast-hfb-below-header-display":"","ast-hfb-mobile-header-display":"","site-post-title":"","ast-breadcrumbs-content":"","ast-featured-img":"","footer-sml-layout":"","ast-disable-related-posts":"","theme-transparent-header-meta":"default","adv-header-id-meta":"","stick-header-meta":"","header-above-stick-meta":"","header-main-stick-meta":"","header-below-stick-meta":"","astra-migrate-meta-layouts":"set","ast-page-background-enabled":"default","ast-page-background-meta":{"desktop":{"background-color":"var(--ast-global-color-4)","background-image":"","background-repeat":"repeat","background-position":"center center","background-size":"auto","background-attachment":"scroll","background-type":"","background-media":"","overlay-type":"","overlay-color":"","overlay-opacity":"","overlay-gradient":""},"tablet":{"background-color":"","background-image":"","background-repeat":"repeat","background-position":"center center","background-size":"auto","background-attachment":"scroll","background-type":"","background-media":"","overlay-type":"","overlay-color":"","overlay-opacity":"","overlay-gradient":""},"mobile":{"background-color":"","background-image":"","background-repeat":"repeat","background-position":"center center","background-size":"auto","background-attachment":"scroll","background-type":"","background-media":"","overlay-type":"","overlay-color":"","overlay-opacity":"","overlay-gradient":""}},"ast-content-background-meta":{"desktop":{"background-color":"var(--ast-global-color-5)","background-image":"","background-repeat":"repeat","background-position":"center center","background-size":"auto","background-attachment":"scroll","background-type":"","background-media":"","overlay-type":"","overlay-color":"","overlay-opacity":"","overlay-gradient":""},"tablet":{"background-color":"var(--ast-global-color-5)","background-image":"","background-repeat":"repeat","background-position":"center center","background-size":"auto","background-attachment":"scroll","background-type":"","background-media":"","overlay-type":"","overlay-color":"","overlay-opacity":"","overlay-gradient":""},"mobile":{"background-color":"var(--ast-global-color-5)","background-image":"","background-repeat":"repeat","background-position":"center center","background-size":"auto","background-attachment":"scroll","background-type":"","background-media":"","overlay-type":"","overlay-color":"","overlay-opacity":"","overlay-gradient":""}}},"product_brand":[],"product_cat":[136],"product_tag":[],"class_list":{"0":"post-8283","1":"product","2":"type-product","3":"status-publish","4":"has-post-thumbnail","6":"product_cat-castraveti-soi","7":"pa_cantitate-10-seminte","8":"pa_cantitate-100-seminte","9":"pa_cantitate-200-seminte","10":"pa_cantitate-25-seminte","11":"pa_cantitate-250-seminte","12":"pa_cantitate-50-seminte","13":"pa_cantitate-500-seminte","14":"desktop-align-left","15":"tablet-align-left","16":"mobile-align-left","18":"first","19":"instock","20":"sale","21":"taxable","22":"shipping-taxable","23":"purchasable","24":"product-type-variable"},"_links":{"self":[{"href":"https:\/\/vivasem.ro\/index.php?rest_route=\/wp\/v2\/product\/8283","targetHints":{"allow":["GET"]}}],"collection":[{"href":"https:\/\/vivasem.ro\/index.php?rest_route=\/wp\/v2\/product"}],"about":[{"href":"https:\/\/vivasem.ro\/index.php?rest_route=\/wp\/v2\/types\/product"}],"replies":[{"embeddable":true,"href":"https:\/\/vivasem.ro\/index.php?rest_route=%2Fwp%2Fv2%2Fcomments&post=8283"}],"wp:featuredmedia":[{"embeddable":true,"href":"https:\/\/vivasem.ro\/index.php?rest_route=\/wp\/v2\/media\/8284"}],"wp:attachment":[{"href":"https:\/\/vivasem.ro\/index.php?rest_route=%2Fwp%2Fv2%2Fmedia&parent=8283"}],"wp:term":[{"taxonomy":"product_brand","embeddable":true,"href":"https:\/\/vivasem.ro\/index.php?rest_route=%2Fwp%2Fv2%2Fproduct_brand&post=8283"},{"taxonomy":"product_cat","embeddable":true,"href":"https:\/\/vivasem.ro\/index.php?rest_route=%2Fwp%2Fv2%2Fproduct_cat&post=8283"},{"taxonomy":"product_tag","embeddable":true,"href":"https:\/\/vivasem.ro\/index.php?rest_route=%2Fwp%2Fv2%2Fproduct_tag&post=8283"}],"curies":[{"name":"wp","href":"https:\/\/api.w.org\/{rel}","templated":true}]}}