{"id":8277,"date":"2022-11-27T11:18:58","date_gmt":"2022-11-27T09:18:58","guid":{"rendered":"https:\/\/vivasem.ro\/?post_type=product&#038;p=8277"},"modified":"2023-10-01T09:44:33","modified_gmt":"2023-10-01T07:44:33","slug":"spanac-urcator-malabar-red","status":"publish","type":"product","link":"https:\/\/vivasem.ro\/?product=spanac-urcator-malabar-red","title":{"rendered":"SPANAC URC\u0102TOR MALABAR RED"},"content":{"rendered":"<h6><span style=\"color: #008000;\"><strong><u>SPANAC URC\u0102TOR MALABAR RED,<a href=\"https:\/\/vivasem.ro\/wp-content\/uploads\/2022\/11\/TRUE-LEAF.jpg\"><img loading=\"lazy\" decoding=\"async\" class=\"alignnone size-full wp-image-8254\" src=\"https:\/\/vivasem.ro\/wp-content\/uploads\/2022\/11\/TRUE-LEAF.jpg\" alt=\"\" width=\"219\" height=\"96\" \/><\/a><\/u><\/strong><\/span><\/h6>\n<h6><strong>Cunoscut \u0219i ca Basella Rubra sau spanacul indian ro\u0219u, este o plant\u0103 c\u0103\u021b\u0103r\u0103toare care se intinde ca o lian\u0103 in gradin\u0103.Fa\u021b\u0103 de Basella Alba, are vrejul,pe\u021biolul \u0219i nervurile frunzelor de culoare purpurie-vi\u0219inie.<\/strong><\/h6>\n<h6>De\u0219i este diferit de spanacul clasic pe care il stim cu totii, are acelasi gust.<\/h6>\n<h6>Frunzele bogate in vitamine, pot fi g\u0103tite ca spanacul, \u00een sup\u0103, sosuri sau adaugate in salate. Se culeg de la baz\u0103, frunzele\u00a0 mari, spre varf unde r\u0103man cele mici. Din vrejul plantei, vor ap\u0103rea alte frunze, \u00een locul celor culese.<\/h6>\n<h6>Iube\u0219te vremea cald\u0103, insorit\u0103, astfel c\u0103 planta prosper\u0103 spre sfar\u0219itul verii si te po\u021bi bucura de beneficiile lui pana toamna, tarziu, fiindc\u0103 rezist\u0103 p\u00e2n\u0103 \u00een noiembrie fiind rezistent\u0103 la schimbarile de temperatura.<\/h6>\n<h6>In gradin\u0103 se ca\u021b\u0103r\u0103 asemenea vi\u021bei de vie, dar il poti intinde si pe orizontala, deasupra solului.<\/h6>\n<h6><span style=\"color: #333399;\">PENTRU VARIANTA DE CANTITATE MAI MARE, DE MAI JOS, SPECIFICA\u021aI \u00ceN FORMULARUL DE COMAND\u0102, LA RUBRICA *NOT\u0102 DE COMAND\u0102*, CANTITATEA DORIT\u0102:<\/span><\/h6>\n<h6><span style=\"color: #ff0000;\">OFERT\u0102 : 80 SEMIN\u021aE\/24 LEI (3+1 GRATIS)\u00a0<\/span><\/h6>\n<h6><\/h6>\n","protected":false},"excerpt":{"rendered":"<h6><span style=\"color: #0000ff;\">20 SEMIN\u021aE\/8 LEI<\/span><\/h6>\n<h6><span style=\"color: #ff0000;\">OFERT\u0102 : 80 SEMIN\u021aE\/24 LEI (3+1 GRATIS)\u00a0<\/span><\/h6>\n","protected":false},"featured_media":8278,"comment_status":"open","ping_status":"closed","template":"","meta":{"site-sidebar-layout":"default","site-content-layout":"default","ast-site-content-layout":"default","site-content-style":"default","site-sidebar-style":"default","ast-global-header-display":"","ast-banner-title-visibility":"","ast-main-header-display":"","ast-hfb-above-header-display":"","ast-hfb-below-header-display":"","ast-hfb-mobile-header-display":"","site-post-title":"","ast-breadcrumbs-content":"","ast-featured-img":"","footer-sml-layout":"","ast-disable-related-posts":"","theme-transparent-header-meta":"default","adv-header-id-meta":"","stick-header-meta":"","header-above-stick-meta":"","header-main-stick-meta":"","header-below-stick-meta":"","astra-migrate-meta-layouts":"default","ast-page-background-enabled":"default","ast-page-background-meta":{"desktop":{"background-color":"var(--ast-global-color-4)","background-image":"","background-repeat":"repeat","background-position":"center center","background-size":"auto","background-attachment":"scroll","background-type":"","background-media":"","overlay-type":"","overlay-color":"","overlay-opacity":"","overlay-gradient":""},"tablet":{"background-color":"","background-image":"","background-repeat":"repeat","background-position":"center center","background-size":"auto","background-attachment":"scroll","background-type":"","background-media":"","overlay-type":"","overlay-color":"","overlay-opacity":"","overlay-gradient":""},"mobile":{"background-color":"","background-image":"","background-repeat":"repeat","background-position":"center center","background-size":"auto","background-attachment":"scroll","background-type":"","background-media":"","overlay-type":"","overlay-color":"","overlay-opacity":"","overlay-gradient":""}},"ast-content-background-meta":{"desktop":{"background-color":"var(--ast-global-color-5)","background-image":"","background-repeat":"repeat","background-position":"center center","background-size":"auto","background-attachment":"scroll","background-type":"","background-media":"","overlay-type":"","overlay-color":"","overlay-opacity":"","overlay-gradient":""},"tablet":{"background-color":"var(--ast-global-color-5)","background-image":"","background-repeat":"repeat","background-position":"center center","background-size":"auto","background-attachment":"scroll","background-type":"","background-media":"","overlay-type":"","overlay-color":"","overlay-opacity":"","overlay-gradient":""},"mobile":{"background-color":"var(--ast-global-color-5)","background-image":"","background-repeat":"repeat","background-position":"center center","background-size":"auto","background-attachment":"scroll","background-type":"","background-media":"","overlay-type":"","overlay-color":"","overlay-opacity":"","overlay-gradient":""}}},"product_brand":[],"product_cat":[149],"product_tag":[],"class_list":{"0":"post-8277","1":"product","2":"type-product","3":"status-publish","4":"has-post-thumbnail","6":"product_cat-33-produse-epuizate","7":"desktop-align-left","8":"tablet-align-left","9":"mobile-align-left","11":"first","12":"instock","13":"taxable","14":"shipping-taxable","15":"purchasable","16":"product-type-simple"},"_links":{"self":[{"href":"https:\/\/vivasem.ro\/index.php?rest_route=\/wp\/v2\/product\/8277","targetHints":{"allow":["GET"]}}],"collection":[{"href":"https:\/\/vivasem.ro\/index.php?rest_route=\/wp\/v2\/product"}],"about":[{"href":"https:\/\/vivasem.ro\/index.php?rest_route=\/wp\/v2\/types\/product"}],"replies":[{"embeddable":true,"href":"https:\/\/vivasem.ro\/index.php?rest_route=%2Fwp%2Fv2%2Fcomments&post=8277"}],"wp:featuredmedia":[{"embeddable":true,"href":"https:\/\/vivasem.ro\/index.php?rest_route=\/wp\/v2\/media\/8278"}],"wp:attachment":[{"href":"https:\/\/vivasem.ro\/index.php?rest_route=%2Fwp%2Fv2%2Fmedia&parent=8277"}],"wp:term":[{"taxonomy":"product_brand","embeddable":true,"href":"https:\/\/vivasem.ro\/index.php?rest_route=%2Fwp%2Fv2%2Fproduct_brand&post=8277"},{"taxonomy":"product_cat","embeddable":true,"href":"https:\/\/vivasem.ro\/index.php?rest_route=%2Fwp%2Fv2%2Fproduct_cat&post=8277"},{"taxonomy":"product_tag","embeddable":true,"href":"https:\/\/vivasem.ro\/index.php?rest_route=%2Fwp%2Fv2%2Fproduct_tag&post=8277"}],"curies":[{"name":"wp","href":"https:\/\/api.w.org\/{rel}","templated":true}]}}