{"id":8271,"date":"2022-11-27T10:25:54","date_gmt":"2022-11-27T08:25:54","guid":{"rendered":"https:\/\/vivasem.ro\/?post_type=product&#038;p=8271"},"modified":"2025-03-05T14:11:17","modified_gmt":"2025-03-05T12:11:17","slug":"fasole-yard-long-red-noodle","status":"publish","type":"product","link":"https:\/\/vivasem.ro\/?product=fasole-yard-long-red-noodle","title":{"rendered":"\u201e\u201eFasole urc\u0103toare (ROSIE) YARD LONG RED NOODLE"},"content":{"rendered":"<h6><span style=\"color: #ff0000;\">FASOLE\u00a0 CHINEZEASC\u0102 YARD LONG RED NOODLE -Tuinplus.Olanda,<\/span><\/h6>\n<h6><span style=\"color: #ff0000;\"><span style=\"color: #0000ff;\">IN TRADUCERE, T\u0102IE\u021aELUL RO\u0218U DE UN YARD (1 yard=0,92 metrii)<\/span> <\/span>, ESTE UN SOI ASIATIC, C\u0102\u021a\u0102R\u0102TOR, DE ARAC.<\/h6>\n<h6>ACESTA <span style=\"color: #0000ff;\">PRODUCE P\u0102ST\u0102I TIP FIDELU\u021a\u0102 FOARTE LUNGI , CE AJUNG P\u00c2NA LA 1 metru,<\/span> \u0218I AU 5-8 milimetrii \u00ceN DIAMETRU, DE CULOARE RO\u0218U-PURPURIU, UNEORI VI\u0218INIE.<\/h6>\n<h6>SE RECOMAND\u0102 S\u0102 FIE UDAT\u0102 CONSTANT, ALTFEL <span style=\"color: #0000ff;\">NU ARE ALTE CERIN\u021aE SPECIALE, FA\u021a\u0102 DE FASOLEA CLASIC\u0102 \u0218I EVOLUEAZ\u0102 FOARTE BINE LA C\u0102LDUR\u0102 .<\/span><\/h6>\n<h6><span style=\"color: #0000ff;\">NU FACE A\u021aE ,<\/span> DAR LA SUPRACOACERE, CAND BOABELE SUNT MARI, SE \u00ceNT\u0102RE\u0218TE .<\/h6>\n<h6>\u00a0Perioad\u0103\u00a0 de sem\u0103nat:\u00a0 martie-iulie , de recoltat :mai-septembrie.<\/h6>\n<h6>Este destinata consumului in stare proaspata sau pentru procesare.<\/h6>\n<h6>Cele mai bune randamente se pot obtine prin fertilizare cu ingrasaminte pe baza de azot sau gunoi de grajd, dar de asemenea si ingrasamantul organic este foarte benefic.<\/h6>\n<h6>De plantat \u00een c\u00e2mp, gr\u0103din\u0103 ,solarii sau sere.<\/h6>\n<p>&nbsp;<\/p>\n<p>&nbsp;<\/p>\n","protected":false},"excerpt":{"rendered":"<h6><span style=\"color: #0000ff;\">25 semin\u021be <\/span><img loading=\"lazy\" decoding=\"async\" class=\"alignnone wp-image-6106\" style=\"font-style: inherit; font-weight: inherit; color: #0000ff;\" src=\"https:\/\/vivasem.ro\/wp-content\/uploads\/2021\/12\/NOU3.jpg\" alt=\"\" width=\"72\" height=\"69\" srcset=\"https:\/\/vivasem.ro\/wp-content\/uploads\/2021\/12\/NOU3.jpg 270w, https:\/\/vivasem.ro\/wp-content\/uploads\/2021\/12\/NOU3-248x241.jpg 248w\" sizes=\"auto, (max-width: 72px) 100vw, 72px\" \/><\/h6>\n","protected":false},"featured_media":8269,"comment_status":"open","ping_status":"closed","template":"","meta":{"site-sidebar-layout":"default","site-content-layout":"default","ast-site-content-layout":"default","site-content-style":"default","site-sidebar-style":"default","ast-global-header-display":"","ast-banner-title-visibility":"","ast-main-header-display":"","ast-hfb-above-header-display":"","ast-hfb-below-header-display":"","ast-hfb-mobile-header-display":"","site-post-title":"","ast-breadcrumbs-content":"","ast-featured-img":"","footer-sml-layout":"","ast-disable-related-posts":"","theme-transparent-header-meta":"default","adv-header-id-meta":"","stick-header-meta":"","header-above-stick-meta":"","header-main-stick-meta":"","header-below-stick-meta":"","astra-migrate-meta-layouts":"set","ast-page-background-enabled":"default","ast-page-background-meta":{"desktop":{"background-color":"var(--ast-global-color-4)","background-image":"","background-repeat":"repeat","background-position":"center center","background-size":"auto","background-attachment":"scroll","background-type":"","background-media":"","overlay-type":"","overlay-color":"","overlay-opacity":"","overlay-gradient":""},"tablet":{"background-color":"","background-image":"","background-repeat":"repeat","background-position":"center center","background-size":"auto","background-attachment":"scroll","background-type":"","background-media":"","overlay-type":"","overlay-color":"","overlay-opacity":"","overlay-gradient":""},"mobile":{"background-color":"","background-image":"","background-repeat":"repeat","background-position":"center center","background-size":"auto","background-attachment":"scroll","background-type":"","background-media":"","overlay-type":"","overlay-color":"","overlay-opacity":"","overlay-gradient":""}},"ast-content-background-meta":{"desktop":{"background-color":"var(--ast-global-color-5)","background-image":"","background-repeat":"repeat","background-position":"center center","background-size":"auto","background-attachment":"scroll","background-type":"","background-media":"","overlay-type":"","overlay-color":"","overlay-opacity":"","overlay-gradient":""},"tablet":{"background-color":"var(--ast-global-color-5)","background-image":"","background-repeat":"repeat","background-position":"center center","background-size":"auto","background-attachment":"scroll","background-type":"","background-media":"","overlay-type":"","overlay-color":"","overlay-opacity":"","overlay-gradient":""},"mobile":{"background-color":"var(--ast-global-color-5)","background-image":"","background-repeat":"repeat","background-position":"center center","background-size":"auto","background-attachment":"scroll","background-type":"","background-media":"","overlay-type":"","overlay-color":"","overlay-opacity":"","overlay-gradient":""}}},"product_brand":[],"product_cat":[85],"product_tag":[],"class_list":{"0":"post-8271","1":"product","2":"type-product","3":"status-publish","4":"has-post-thumbnail","6":"product_cat-fasole","7":"desktop-align-left","8":"tablet-align-left","9":"mobile-align-left","11":"first","12":"outofstock","13":"taxable","14":"shipping-taxable","15":"purchasable","16":"product-type-simple"},"_links":{"self":[{"href":"https:\/\/vivasem.ro\/index.php?rest_route=\/wp\/v2\/product\/8271","targetHints":{"allow":["GET"]}}],"collection":[{"href":"https:\/\/vivasem.ro\/index.php?rest_route=\/wp\/v2\/product"}],"about":[{"href":"https:\/\/vivasem.ro\/index.php?rest_route=\/wp\/v2\/types\/product"}],"replies":[{"embeddable":true,"href":"https:\/\/vivasem.ro\/index.php?rest_route=%2Fwp%2Fv2%2Fcomments&post=8271"}],"wp:featuredmedia":[{"embeddable":true,"href":"https:\/\/vivasem.ro\/index.php?rest_route=\/wp\/v2\/media\/8269"}],"wp:attachment":[{"href":"https:\/\/vivasem.ro\/index.php?rest_route=%2Fwp%2Fv2%2Fmedia&parent=8271"}],"wp:term":[{"taxonomy":"product_brand","embeddable":true,"href":"https:\/\/vivasem.ro\/index.php?rest_route=%2Fwp%2Fv2%2Fproduct_brand&post=8271"},{"taxonomy":"product_cat","embeddable":true,"href":"https:\/\/vivasem.ro\/index.php?rest_route=%2Fwp%2Fv2%2Fproduct_cat&post=8271"},{"taxonomy":"product_tag","embeddable":true,"href":"https:\/\/vivasem.ro\/index.php?rest_route=%2Fwp%2Fv2%2Fproduct_tag&post=8271"}],"curies":[{"name":"wp","href":"https:\/\/api.w.org\/{rel}","templated":true}]}}