{"id":8260,"date":"2022-11-27T09:00:26","date_gmt":"2022-11-27T07:00:26","guid":{"rendered":"https:\/\/vivasem.ro\/?post_type=product&#038;p=8260"},"modified":"2024-10-12T13:51:21","modified_gmt":"2024-10-12T11:51:21","slug":"ardei-iuti-autumn-time-copiaza","status":"publish","type":"product","link":"https:\/\/vivasem.ro\/?product=ardei-iuti-autumn-time-copiaza","title":{"rendered":"\u201e\u201eARDEI IUTI AUTUMN TIME (25S)"},"content":{"rendered":"<h6><span style=\"color: #ff0000;\"><strong><u>ARDEI MEDIU IUTE -AUTUMN TIME\/TIMPUL TOAMNEI,<a href=\"https:\/\/vivasem.ro\/wp-content\/uploads\/2022\/11\/TRUE-LEAF.jpg\"><img loading=\"lazy\" decoding=\"async\" class=\"alignnone size-full wp-image-8254\" src=\"https:\/\/vivasem.ro\/wp-content\/uploads\/2022\/11\/TRUE-LEAF.jpg\" alt=\"\" width=\"219\" height=\"96\" \/><\/a><\/u><\/strong><\/span><\/h6>\n<p><!--more--><\/p>\n<h6><a href=\"https:\/\/vivasem.ro\/wp-content\/uploads\/2022\/11\/TRUE-LEAF.jpg\">PRODUC\u0102TOR :TRUE LEAF MARKET USA ,<\/a><u><\/u><\/h6>\n<h6><\/h6>\n<h6><strong>UN SOI DE ARDEI TIP ORNAMENTAL, SPECTACULOS, <span style=\"color: #0000ff;\">\u00a0<span style=\"color: #ff0000;\">DENUMIT A\u0218A DATORIT\u0102<\/span>\u00a0 <span style=\"color: #ff0000;\">FRUCTELOR CARE \u00ce\u0218I SCHIMB\u0102 MULT CULORILE PE M\u0102SUR\u0102 CE SE COC, CA \u0218I FRUNZELE COPACILOR, TOAMNA.<\/span><\/span><\/strong><\/h6>\n<h6><strong><span style=\"color: #0000ff;\"><span style=\"color: #ff0000;\">ACESTEA TREC, DE LA VERDE, LA ALB G\u0102LBUI, GALBEN,PORTOCALIU, ROZ, RO\u0218U \u0218I VIOLET.<\/span><\/span><\/strong><\/h6>\n<h6><strong><span style=\"color: #0000ff;\"><span style=\"color: #ff0000;\">\u00a0<span style=\"color: #0000ff;\">SUNT MEDIU ,SPRE PU\u021aIN IU\u021aI, CU 5.000-10.000 grade SCOVILLE<\/span><\/span> ,<\/span><\/strong><strong><span style=\"color: #0000ff;\">DE FORM\u0102 CONIC\u0102 ,ALUNGIT\u0102,CU VARF ASCU\u021aIT, LUNGI,\u00a0 DE 3-5 centimetrii, GRO\u0218I de 1-2 cm ,LA CODI\u021a\u0102.<\/span><\/strong><\/h6>\n<h6><span style=\"color: #ff0000;\">PLANTELE \u00ceN SINE SUNT DEOSEBITE, CU TULPINA \u0218I FRUNZELE VIOLET, SUNT COMPACTE ,\u0218I CRESC DE CIRCA 50- 60 centimetrii.<\/span><\/h6>\n<h6><span style=\"color: #0000ff;\"><span style=\"color: #ff0000;\">SOI CE PRODUCE\u00a0 P\u00c2N\u0102 LA \u00ceNGHE\u021a, <\/span><\/span>CARE,<span style=\"color: #0000ff;\">\u00a0\u00a0<span style=\"color: #000000;\">DE\u0218I <\/span><\/span><span style=\"color: #000000;\">P<\/span>REFER\u0102 LOCURI INSORITE ,POATE FI CULTIVAT CU FOARTE BUNE REZULTATE, TOT ANUL, \u0218I \u00ceN CAS\u0102, LA GEAM.<strong>..<\/strong><\/h6>\n<h6><\/h6>\n","protected":false},"excerpt":{"rendered":"<h6><span style=\"color: #0000ff;\">25 semin\u021be<\/span><\/h6>\n<h6><span style=\"color: #ff00ff;\">SPECTACULOS,PRODUCTIV, MEDIU IUTE !<\/span><\/h6>\n","protected":false},"featured_media":8261,"comment_status":"open","ping_status":"closed","template":"","meta":{"site-sidebar-layout":"default","site-content-layout":"default","ast-site-content-layout":"default","site-content-style":"default","site-sidebar-style":"default","ast-global-header-display":"","ast-banner-title-visibility":"","ast-main-header-display":"","ast-hfb-above-header-display":"","ast-hfb-below-header-display":"","ast-hfb-mobile-header-display":"","site-post-title":"","ast-breadcrumbs-content":"","ast-featured-img":"","footer-sml-layout":"","ast-disable-related-posts":"","theme-transparent-header-meta":"default","adv-header-id-meta":"","stick-header-meta":"","header-above-stick-meta":"","header-main-stick-meta":"","header-below-stick-meta":"","astra-migrate-meta-layouts":"set","ast-page-background-enabled":"default","ast-page-background-meta":{"desktop":{"background-color":"var(--ast-global-color-4)","background-image":"","background-repeat":"repeat","background-position":"center center","background-size":"auto","background-attachment":"scroll","background-type":"","background-media":"","overlay-type":"","overlay-color":"","overlay-opacity":"","overlay-gradient":""},"tablet":{"background-color":"","background-image":"","background-repeat":"repeat","background-position":"center center","background-size":"auto","background-attachment":"scroll","background-type":"","background-media":"","overlay-type":"","overlay-color":"","overlay-opacity":"","overlay-gradient":""},"mobile":{"background-color":"","background-image":"","background-repeat":"repeat","background-position":"center center","background-size":"auto","background-attachment":"scroll","background-type":"","background-media":"","overlay-type":"","overlay-color":"","overlay-opacity":"","overlay-gradient":""}},"ast-content-background-meta":{"desktop":{"background-color":"var(--ast-global-color-5)","background-image":"","background-repeat":"repeat","background-position":"center center","background-size":"auto","background-attachment":"scroll","background-type":"","background-media":"","overlay-type":"","overlay-color":"","overlay-opacity":"","overlay-gradient":""},"tablet":{"background-color":"var(--ast-global-color-5)","background-image":"","background-repeat":"repeat","background-position":"center center","background-size":"auto","background-attachment":"scroll","background-type":"","background-media":"","overlay-type":"","overlay-color":"","overlay-opacity":"","overlay-gradient":""},"mobile":{"background-color":"var(--ast-global-color-5)","background-image":"","background-repeat":"repeat","background-position":"center center","background-size":"auto","background-attachment":"scroll","background-type":"","background-media":"","overlay-type":"","overlay-color":"","overlay-opacity":"","overlay-gradient":""}}},"product_brand":[],"product_cat":[111],"product_tag":[],"class_list":{"0":"post-8260","1":"product","2":"type-product","3":"status-publish","4":"has-post-thumbnail","6":"product_cat-ardei-iute","7":"desktop-align-left","8":"tablet-align-left","9":"mobile-align-left","11":"first","12":"outofstock","13":"taxable","14":"shipping-taxable","15":"purchasable","16":"product-type-simple"},"_links":{"self":[{"href":"https:\/\/vivasem.ro\/index.php?rest_route=\/wp\/v2\/product\/8260","targetHints":{"allow":["GET"]}}],"collection":[{"href":"https:\/\/vivasem.ro\/index.php?rest_route=\/wp\/v2\/product"}],"about":[{"href":"https:\/\/vivasem.ro\/index.php?rest_route=\/wp\/v2\/types\/product"}],"replies":[{"embeddable":true,"href":"https:\/\/vivasem.ro\/index.php?rest_route=%2Fwp%2Fv2%2Fcomments&post=8260"}],"wp:featuredmedia":[{"embeddable":true,"href":"https:\/\/vivasem.ro\/index.php?rest_route=\/wp\/v2\/media\/8261"}],"wp:attachment":[{"href":"https:\/\/vivasem.ro\/index.php?rest_route=%2Fwp%2Fv2%2Fmedia&parent=8260"}],"wp:term":[{"taxonomy":"product_brand","embeddable":true,"href":"https:\/\/vivasem.ro\/index.php?rest_route=%2Fwp%2Fv2%2Fproduct_brand&post=8260"},{"taxonomy":"product_cat","embeddable":true,"href":"https:\/\/vivasem.ro\/index.php?rest_route=%2Fwp%2Fv2%2Fproduct_cat&post=8260"},{"taxonomy":"product_tag","embeddable":true,"href":"https:\/\/vivasem.ro\/index.php?rest_route=%2Fwp%2Fv2%2Fproduct_tag&post=8260"}],"curies":[{"name":"wp","href":"https:\/\/api.w.org\/{rel}","templated":true}]}}