{"id":8251,"date":"2022-11-26T09:55:54","date_gmt":"2022-11-26T07:55:54","guid":{"rendered":"https:\/\/vivasem.ro\/?post_type=product&#038;p=8251"},"modified":"2024-01-21T09:07:47","modified_gmt":"2024-01-21T07:07:47","slug":"castraveti-hibrid-nadusha-mix-f1-100s","status":"publish","type":"product","link":"https:\/\/vivasem.ro\/?product=castraveti-hibrid-nadusha-mix-f1-100s","title":{"rendered":"\u201e\u201eCASTRAVETI HIBRID NADUSHA MIX F1 (100s)-SEMINIS"},"content":{"rendered":"<h6><span style=\"color: #ff0000;\"><strong><u>NADUSHA MIX F1,\u00a0<\/u><\/strong><\/span> \u00a0\u00a0 \u00a0\u00a0 \u00a0\u00a0 \u00a0\u00a0 \u00a0\u00a0 \u00a0\u00a0 \u00a0\u00a0 \u00a0\u00a0 \u00a0\u00a0 \u00a0\u00a0 \u00a0\u00a0 \u00a0\u00a0 \u00a0\u00a0 \u00a0\u00a0 \u00a0\u00a0 \u00a0\u00a0 \u00a0\u00a0 \u00a0\u00a0 \u00a0\u00a0 \u00a0\u00a0 \u00a0\u00a0 \u00a0\u00a0 \u00a0\u00a0 \u00a0\u00a0 \u00a0\u00a0 \u00a0\u00a0 \u00a0\u00a0 \u00a0\u00a0 \u00a0\u00a0 \u00a0\u00a0 \u00a0\u00a0 \u00a0\u00a0 \u00a0\u00a0 \u00a0\u00a0 \u00a0\u00a0 \u00a0\u00a0 \u00a0\u00a0 \u00a0<span style=\"color: #ff0000;\"><strong><u><a href=\"https:\/\/vivasem.ro\/wp-content\/uploads\/2022\/11\/SEMINIS-LOGO.jpg\"><img loading=\"lazy\" decoding=\"async\" class=\"alignnone wp-image-8232\" src=\"https:\/\/vivasem.ro\/wp-content\/uploads\/2022\/11\/SEMINIS-LOGO.jpg\" alt=\"\" width=\"143\" height=\"80\" \/><\/a><\/u><\/strong><\/span><\/h6>\n<h6><span style=\"color: #ff0000;\"><strong><u>Produc\u0103tor : SEMINIS<\/u><\/strong><\/span><\/h6>\n<h6><span style=\"color: #0000ff;\">Un hibrid tip cornichon, foarte timpuriu, cu flori predominant femele, <span style=\"color: #ff0000;\">ce o<\/span><\/span><span style=\"color: #ff0000;\">fera productii ridicate,toleranta ridicat\u0103 la stres termic \u0219i boli, regenerare foarte bun\u0103 in perioada recolt\u0103rii<\/span><\/h6>\n<h6><span style=\"color: #0000ff;\">Fructele sub\u021biri, de 10-14 centimetrii lungime,au forma cilindric\u0103 \u0219i culoare verde \u00eenchis,neamare, uniforme,raportul de 3,2:1 lungime\/grosime ,cu aspect comercial excelent..<\/span><\/h6>\n<h6>Este cultivat atat pentru consum in stare proaspata c\u00e2t \u0219i pentru murat,pentru c\u0103 fructele isi pastreaza fermitatea dup\u0103 conservare.<\/h6>\n<h6><span style=\"color: #0000ff;\">Recomandat pentru cultura in spa\u021bii protejate c\u00e2t \u0219i in c\u00e2mp ,<\/span><\/h6>\n<h6><span style=\"color: #0000ff;\">Este rezistent la CMV(Cucumber mosaic virus- IR),<\/span><\/h6>\n<h6><span style=\"color: #0000ff;\">PM (fainare, &#8211; IR), <\/span><\/h6>\n<h6><span style=\"color: #0000ff;\">SC (Cladosporium cucumerinum-patarea bruna, R).<\/span><\/h6>\n<h6><span style=\"color: #0000ff;\">Foarte tolerant la atacul de man\u0103.<\/span><\/h6>\n<h6>Planta are vigoare medie.<\/h6>\n<h6>Recomandat atat pentru cultura in c\u00e2mp, c\u00e2t si in spatii protejate.<\/h6>\n<h6><span style=\"color: #ff0000;\">Ofera productii ridicate!<\/span><\/h6>\n<h6><span style=\"color: #000080;\">PENTRU VARIANTELE DE CANTITATE, DE MAI JOS, SPECIFICA\u021aI \u00ceN FORMULARUL DE COMAND\u0102, LA RUBRICA *NOT\u0102 DE COMAND\u0102*, CANTITATEA DORIT\u0102:<\/span><\/h6>\n<h6><span style=\"color: #0000ff;\">250SEMIN\u021aE \/ 25 LEI<\/span><\/h6>\n<p>&nbsp;<\/p>\n<h6><\/h6>\n<h6><\/h6>\n<h6><\/h6>\n<p>&nbsp;<\/p>\n","protected":false},"excerpt":{"rendered":"<h6><span style=\"color: #0000ff;\">100 SEMIN\u021aE \/11 LEI <span style=\"color: #ff0000;\">-OFERT\u0102!<\/span><\/span><\/h6>\n<h6><span style=\"color: #ff00ff;\">REZISTENT \u0218I PRODUCTIV !<\/span><\/h6>\n<p>&nbsp;<\/p>\n","protected":false},"featured_media":8308,"comment_status":"open","ping_status":"closed","template":"","meta":{"site-sidebar-layout":"default","site-content-layout":"default","ast-site-content-layout":"default","site-content-style":"default","site-sidebar-style":"default","ast-global-header-display":"","ast-banner-title-visibility":"","ast-main-header-display":"","ast-hfb-above-header-display":"","ast-hfb-below-header-display":"","ast-hfb-mobile-header-display":"","site-post-title":"","ast-breadcrumbs-content":"","ast-featured-img":"","footer-sml-layout":"","ast-disable-related-posts":"","theme-transparent-header-meta":"default","adv-header-id-meta":"","stick-header-meta":"","header-above-stick-meta":"","header-main-stick-meta":"","header-below-stick-meta":"","astra-migrate-meta-layouts":"set","ast-page-background-enabled":"default","ast-page-background-meta":{"desktop":{"background-color":"var(--ast-global-color-4)","background-image":"","background-repeat":"repeat","background-position":"center center","background-size":"auto","background-attachment":"scroll","background-type":"","background-media":"","overlay-type":"","overlay-color":"","overlay-opacity":"","overlay-gradient":""},"tablet":{"background-color":"","background-image":"","background-repeat":"repeat","background-position":"center center","background-size":"auto","background-attachment":"scroll","background-type":"","background-media":"","overlay-type":"","overlay-color":"","overlay-opacity":"","overlay-gradient":""},"mobile":{"background-color":"","background-image":"","background-repeat":"repeat","background-position":"center center","background-size":"auto","background-attachment":"scroll","background-type":"","background-media":"","overlay-type":"","overlay-color":"","overlay-opacity":"","overlay-gradient":""}},"ast-content-background-meta":{"desktop":{"background-color":"var(--ast-global-color-5)","background-image":"","background-repeat":"repeat","background-position":"center center","background-size":"auto","background-attachment":"scroll","background-type":"","background-media":"","overlay-type":"","overlay-color":"","overlay-opacity":"","overlay-gradient":""},"tablet":{"background-color":"var(--ast-global-color-5)","background-image":"","background-repeat":"repeat","background-position":"center center","background-size":"auto","background-attachment":"scroll","background-type":"","background-media":"","overlay-type":"","overlay-color":"","overlay-opacity":"","overlay-gradient":""},"mobile":{"background-color":"var(--ast-global-color-5)","background-image":"","background-repeat":"repeat","background-position":"center center","background-size":"auto","background-attachment":"scroll","background-type":"","background-media":"","overlay-type":"","overlay-color":"","overlay-opacity":"","overlay-gradient":""}}},"product_brand":[],"product_cat":[83],"product_tag":[],"class_list":{"0":"post-8251","1":"product","2":"type-product","3":"status-publish","4":"has-post-thumbnail","6":"product_cat-castraveti-hibrid","7":"desktop-align-left","8":"tablet-align-left","9":"mobile-align-left","11":"first","12":"outofstock","13":"taxable","14":"shipping-taxable","15":"purchasable","16":"product-type-simple"},"_links":{"self":[{"href":"https:\/\/vivasem.ro\/index.php?rest_route=\/wp\/v2\/product\/8251","targetHints":{"allow":["GET"]}}],"collection":[{"href":"https:\/\/vivasem.ro\/index.php?rest_route=\/wp\/v2\/product"}],"about":[{"href":"https:\/\/vivasem.ro\/index.php?rest_route=\/wp\/v2\/types\/product"}],"replies":[{"embeddable":true,"href":"https:\/\/vivasem.ro\/index.php?rest_route=%2Fwp%2Fv2%2Fcomments&post=8251"}],"wp:featuredmedia":[{"embeddable":true,"href":"https:\/\/vivasem.ro\/index.php?rest_route=\/wp\/v2\/media\/8308"}],"wp:attachment":[{"href":"https:\/\/vivasem.ro\/index.php?rest_route=%2Fwp%2Fv2%2Fmedia&parent=8251"}],"wp:term":[{"taxonomy":"product_brand","embeddable":true,"href":"https:\/\/vivasem.ro\/index.php?rest_route=%2Fwp%2Fv2%2Fproduct_brand&post=8251"},{"taxonomy":"product_cat","embeddable":true,"href":"https:\/\/vivasem.ro\/index.php?rest_route=%2Fwp%2Fv2%2Fproduct_cat&post=8251"},{"taxonomy":"product_tag","embeddable":true,"href":"https:\/\/vivasem.ro\/index.php?rest_route=%2Fwp%2Fv2%2Fproduct_tag&post=8251"}],"curies":[{"name":"wp","href":"https:\/\/api.w.org\/{rel}","templated":true}]}}