{"id":825,"date":"2021-11-06T10:44:56","date_gmt":"2021-11-06T08:44:56","guid":{"rendered":"https:\/\/vivasem.ro\/?post_type=product&#038;p=825"},"modified":"2026-01-13T11:02:49","modified_gmt":"2026-01-13T09:02:49","slug":"pera-dabruzzo","status":"publish","type":"product","link":"https:\/\/vivasem.ro\/?product=pera-dabruzzo","title":{"rendered":"GIGANTE D`ABRUZZO (G.30-50%) 125s"},"content":{"rendered":"<h6><span style=\"color: #ff0000;\"><strong>GIGANTE D`ABRUZZO-CORA SEEDS ITALIA,<\/strong><\/span><\/h6>\n<h6><span style=\"color: #ff00ff;\"><strong>Lot cu germina\u021bie determinat\u0103 de 30-50%.<\/strong><\/span><\/h6>\n<h6><span style=\"color: #ff00ff;\"><strong>Valabilitate Dec.2026,<\/strong><\/span><\/h6>\n<h6><span style=\"color: #000080;\"><strong>POT AJUNGE \u0218I LA 1 kilogram , FRUCTELE ACESTUI SOI ITALIAN CELEBRU, HEIRLOOM,O VARIETATE \u021a\u0102R\u0102NEASC\u0102 TRADI\u021aIONAL\u0102, CU ASPECT DE TOMAT\u0102 CLASIC\u0102, SFERIC-TURTIT\u0102.<\/strong><\/span><\/h6>\n<h6><span style=\"color: #000080;\"><b>SOI MULT CULTIVAT \u00ceN PENINSUL\u0102, <\/b>\u00ceN PRIMUL R\u00c2ND DATORIT\u0102 GUSTULUI, DEOSEBIT, FOARTE DULCE, APROAPE NEACID , AL FRUCTELOR C\u0102RNOASE DAR SI SUCULENTE, CE SE POT FELIA PERFECT,CU SEMIN\u021aE PU\u021aINE.<\/span><\/h6>\n<h6><span style=\"color: #000080;\">CEI MAI MUL\u021aI ITALIENI , AU\u00a0 CONSUMAT\u00a0 \u0218I CONSUM\u0102 ACEAST\u0102 RO\u0218IE \u00ceN RE\u021aETA SIMPL\u0102\u00a0 \u201c P<i>ane e pomodoro<\/i>\u201d, ADIC\u0102\u00a0 P\u00c2INE CU RO\u0218II ,PE CARE SE ADAUG\u0102 PU\u021aIN ULEI DE M\u0102SLINE, ACEST FAPT SPUN\u00c2ND MULTE DESPRE CALIT\u0102\u021aILE GUSTATIVE ALE ACESTEI TOMATE.<\/span><\/h6>\n<h6><span style=\"color: #000080;\">MEDIA GREUT\u0102\u021aII ESTE DE 150-500 GRAME ,DAR UNELE FRUCTE POT AJUNGE URIA\u0218E ,PESTE 1 KG.<\/span><\/h6>\n<h6><span style=\"color: #000080;\">PLANTELE SUNT DEOSEBIT DE PRODUCTIVE,REZISTENTE LA C\u0102LDUR\u0102, NEDETERMINATE,VIGUROASE, SEMITIMPURII.<\/span><\/h6>\n","protected":false},"excerpt":{"rendered":"<h6><span style=\"color: #0000ff;\">125 SEMIN\u021aE , din care germineaz\u0103 minim 40 buc.<\/span><\/h6>\n<h6><span style=\"color: #ff00ff;\">SOI URIA\u0218, GUST EXCELENT, PRODUCTIVITATE MARE<\/span><\/h6>\n","protected":false},"featured_media":9228,"comment_status":"open","ping_status":"closed","template":"","meta":{"site-sidebar-layout":"default","site-content-layout":"default","ast-site-content-layout":"default","site-content-style":"default","site-sidebar-style":"default","ast-global-header-display":"","ast-banner-title-visibility":"","ast-main-header-display":"","ast-hfb-above-header-display":"","ast-hfb-below-header-display":"","ast-hfb-mobile-header-display":"","site-post-title":"","ast-breadcrumbs-content":"","ast-featured-img":"","footer-sml-layout":"","ast-disable-related-posts":"","theme-transparent-header-meta":"default","adv-header-id-meta":"","stick-header-meta":"","header-above-stick-meta":"","header-main-stick-meta":"","header-below-stick-meta":"","astra-migrate-meta-layouts":"set","ast-page-background-enabled":"default","ast-page-background-meta":{"desktop":{"background-color":"var(--ast-global-color-4)","background-image":"","background-repeat":"repeat","background-position":"center center","background-size":"auto","background-attachment":"scroll","background-type":"","background-media":"","overlay-type":"","overlay-color":"","overlay-opacity":"","overlay-gradient":""},"tablet":{"background-color":"","background-image":"","background-repeat":"repeat","background-position":"center center","background-size":"auto","background-attachment":"scroll","background-type":"","background-media":"","overlay-type":"","overlay-color":"","overlay-opacity":"","overlay-gradient":""},"mobile":{"background-color":"","background-image":"","background-repeat":"repeat","background-position":"center center","background-size":"auto","background-attachment":"scroll","background-type":"","background-media":"","overlay-type":"","overlay-color":"","overlay-opacity":"","overlay-gradient":""}},"ast-content-background-meta":{"desktop":{"background-color":"var(--ast-global-color-5)","background-image":"","background-repeat":"repeat","background-position":"center center","background-size":"auto","background-attachment":"scroll","background-type":"","background-media":"","overlay-type":"","overlay-color":"","overlay-opacity":"","overlay-gradient":""},"tablet":{"background-color":"var(--ast-global-color-5)","background-image":"","background-repeat":"repeat","background-position":"center center","background-size":"auto","background-attachment":"scroll","background-type":"","background-media":"","overlay-type":"","overlay-color":"","overlay-opacity":"","overlay-gradient":""},"mobile":{"background-color":"var(--ast-global-color-5)","background-image":"","background-repeat":"repeat","background-position":"center center","background-size":"auto","background-attachment":"scroll","background-type":"","background-media":"","overlay-type":"","overlay-color":"","overlay-opacity":"","overlay-gradient":""}}},"product_brand":[],"product_cat":[180],"product_tag":[],"class_list":{"0":"post-825","1":"product","2":"type-product","3":"status-publish","4":"has-post-thumbnail","6":"product_cat-oferte-de-pret-cantitate","7":"desktop-align-left","8":"tablet-align-left","9":"mobile-align-left","11":"first","12":"instock","13":"sale","14":"taxable","15":"shipping-taxable","16":"purchasable","17":"product-type-simple"},"_links":{"self":[{"href":"https:\/\/vivasem.ro\/index.php?rest_route=\/wp\/v2\/product\/825","targetHints":{"allow":["GET"]}}],"collection":[{"href":"https:\/\/vivasem.ro\/index.php?rest_route=\/wp\/v2\/product"}],"about":[{"href":"https:\/\/vivasem.ro\/index.php?rest_route=\/wp\/v2\/types\/product"}],"replies":[{"embeddable":true,"href":"https:\/\/vivasem.ro\/index.php?rest_route=%2Fwp%2Fv2%2Fcomments&post=825"}],"wp:featuredmedia":[{"embeddable":true,"href":"https:\/\/vivasem.ro\/index.php?rest_route=\/wp\/v2\/media\/9228"}],"wp:attachment":[{"href":"https:\/\/vivasem.ro\/index.php?rest_route=%2Fwp%2Fv2%2Fmedia&parent=825"}],"wp:term":[{"taxonomy":"product_brand","embeddable":true,"href":"https:\/\/vivasem.ro\/index.php?rest_route=%2Fwp%2Fv2%2Fproduct_brand&post=825"},{"taxonomy":"product_cat","embeddable":true,"href":"https:\/\/vivasem.ro\/index.php?rest_route=%2Fwp%2Fv2%2Fproduct_cat&post=825"},{"taxonomy":"product_tag","embeddable":true,"href":"https:\/\/vivasem.ro\/index.php?rest_route=%2Fwp%2Fv2%2Fproduct_tag&post=825"}],"curies":[{"name":"wp","href":"https:\/\/api.w.org\/{rel}","templated":true}]}}