{"id":8247,"date":"2022-11-26T09:26:39","date_gmt":"2022-11-26T07:26:39","guid":{"rendered":"https:\/\/vivasem.ro\/?post_type=product&#038;p=8247"},"modified":"2025-11-23T10:44:45","modified_gmt":"2025-11-23T08:44:45","slug":"castraveti-hibrid-sv-4097-cv-f1-seminis-50s","status":"publish","type":"product","link":"https:\/\/vivasem.ro\/?product=castraveti-hibrid-sv-4097-cv-f1-seminis-50s","title":{"rendered":"_CASTRAVETI HIBRID COD SV 4097 CV F1-SEMINIS"},"content":{"rendered":"<h6><span style=\"color: #ff0000;\"><strong><u>CASTRAVETI HIBRID SV 4097 CV F1,<\/u><\/strong><\/span>\u00a0 \u00a0 \u00a0 \u00a0 \u00a0 \u00a0 \u00a0 \u00a0 \u00a0 \u00a0 \u00a0 \u00a0 \u00a0 \u00a0 \u00a0 \u00a0 \u00a0 \u00a0 \u00a0 \u00a0 \u00a0 \u00a0 \u00a0 <span style=\"color: #ff0000;\"><strong><u><img loading=\"lazy\" decoding=\"async\" class=\"alignnone wp-image-14218\" src=\"https:\/\/vivasem.ro\/wp-content\/uploads\/2023\/11\/SEMINIS-BAYER-300x105.png\" alt=\"\" width=\"203\" height=\"71\" srcset=\"https:\/\/vivasem.ro\/wp-content\/uploads\/2023\/11\/SEMINIS-BAYER-300x105.png 300w, https:\/\/vivasem.ro\/wp-content\/uploads\/2023\/11\/SEMINIS-BAYER-248x87.png 248w, https:\/\/vivasem.ro\/wp-content\/uploads\/2023\/11\/SEMINIS-BAYER-150x53.png 150w, https:\/\/vivasem.ro\/wp-content\/uploads\/2023\/11\/SEMINIS-BAYER.png 376w\" sizes=\"auto, (max-width: 203px) 100vw, 203px\" \/><\/u><\/strong><\/span><\/h6>\n<h6><span style=\"color: #ff0000;\"><strong><u>Produc\u0103tor semin\u021be: Monsanto Holland BV-SEMINIS ,<\/u><\/strong><\/span><\/h6>\n<div class=\"ast-oembed-container \" style=\"height: 100%;\"><iframe loading=\"lazy\" title=\"\ud83e\udd52 Castrave\u021bii cultiva\u021bi an de an, testa\u021bi \u0219i confirma\u021bi sezon dup\u0103 sezon!  #farming #fermier #agro\" width=\"422\" height=\"750\" src=\"https:\/\/www.youtube.com\/embed\/JzXU2oVd2nE?feature=oembed\" frameborder=\"0\" allow=\"accelerometer; autoplay; clipboard-write; encrypted-media; gyroscope; picture-in-picture; web-share\" referrerpolicy=\"strict-origin-when-cross-origin\" allowfullscreen><\/iframe><\/div>\n<div class=\"ast-oembed-container \" style=\"height: 100%;\"><iframe loading=\"lazy\" title=\"cultur\u0103 (prim\u0103var\u0103) de castrave\u021bi SV\" width=\"422\" height=\"750\" src=\"https:\/\/www.youtube.com\/embed\/gcUVV1h_Syg?feature=oembed\" frameborder=\"0\" allow=\"accelerometer; autoplay; clipboard-write; encrypted-media; gyroscope; picture-in-picture; web-share\" referrerpolicy=\"strict-origin-when-cross-origin\" allowfullscreen><\/iframe><\/div>\n<h6><span style=\"color: #0000ff;\">Hibrid timpuriu, ce se remarca prin <a class=\"wordtip\" style=\"color: #0000ff;\" title=\"Soi, hibrid sau linie de planta cultivata care reactioneaza slab la infectia unui agent patogen, pierzand putin din productie.\">tolerant<\/a>a deosebita la temperaturi sc\u0103zute, specifice culturilor extratimpurii \u0219i a celor din toamna, avand o capacitate deosebit\u0103 de regenerare dupa condi\u021bii de stres.<\/span><br \/>\n<strong>Hibrid de castravete partenocarpic<\/strong>, de tip cornichon, destinat culturii in spatii protejate.<br \/>\nPlantele sunt viguroase, cu port aerisit, fapt ce \u00eenlesne\u0219te lucr\u0103rile manuale.<br \/>\n<span style=\"color: #0000ff;\">Fructele sunt drepte, cilindrice, cu \u021bepi proeminen\u021bi, de culoare verde \u00eenchis, deosebit de uniforme ca aspect \u0219i m\u0103rime, acoperite cu un strat de pruina, ce le confera un aspect proasp\u0103t.<\/span><br \/>\n<span style=\"color: #0000ff;\">Raport lungime\/grosime este de <strong>3,2:1<\/strong>.<\/span><br \/>\nHibridul prezinta rezistenta ridicata la virusul mozaicului castravetilor (<strong>CMV<\/strong>) si rezistenhttps:\/\/www.youtube.com\/watch?v=a-MvSUkMTQEta intermediara la\u00a0<a class=\"wordtip\" title=\"Boala a plantelor provocata de ciuperci din fam. Erysiphaceae.\">fainare<\/a>\u00a0(<strong>PM<\/strong>) si cladosporium (<strong>Ccu<\/strong>).<\/h6>\n<h6>Ambalare: Plic de polietilen\u0103 cu ziplock etichetat.<\/h6>\n","protected":false},"excerpt":{"rendered":"<h6><span style=\"color: #ff00ff;\">PREFERATUL\u00a0 PROFESIONI\u0218TILOR , EXTREM DE REZISTENT\u00a0 ! <\/span><\/h6>\n<h6><span style=\"color: #0000ff;\">VEZI VIDEOCLIP !<\/span><\/h6>\n","protected":false},"featured_media":7060,"comment_status":"open","ping_status":"closed","template":"","meta":{"site-sidebar-layout":"default","site-content-layout":"default","ast-site-content-layout":"default","site-content-style":"default","site-sidebar-style":"default","ast-global-header-display":"","ast-banner-title-visibility":"","ast-main-header-display":"","ast-hfb-above-header-display":"","ast-hfb-below-header-display":"","ast-hfb-mobile-header-display":"","site-post-title":"","ast-breadcrumbs-content":"","ast-featured-img":"","footer-sml-layout":"","ast-disable-related-posts":"","theme-transparent-header-meta":"default","adv-header-id-meta":"","stick-header-meta":"","header-above-stick-meta":"","header-main-stick-meta":"","header-below-stick-meta":"","astra-migrate-meta-layouts":"set","ast-page-background-enabled":"default","ast-page-background-meta":{"desktop":{"background-color":"var(--ast-global-color-4)","background-image":"","background-repeat":"repeat","background-position":"center center","background-size":"auto","background-attachment":"scroll","background-type":"","background-media":"","overlay-type":"","overlay-color":"","overlay-opacity":"","overlay-gradient":""},"tablet":{"background-color":"","background-image":"","background-repeat":"repeat","background-position":"center center","background-size":"auto","background-attachment":"scroll","background-type":"","background-media":"","overlay-type":"","overlay-color":"","overlay-opacity":"","overlay-gradient":""},"mobile":{"background-color":"","background-image":"","background-repeat":"repeat","background-position":"center center","background-size":"auto","background-attachment":"scroll","background-type":"","background-media":"","overlay-type":"","overlay-color":"","overlay-opacity":"","overlay-gradient":""}},"ast-content-background-meta":{"desktop":{"background-color":"var(--ast-global-color-5)","background-image":"","background-repeat":"repeat","background-position":"center center","background-size":"auto","background-attachment":"scroll","background-type":"","background-media":"","overlay-type":"","overlay-color":"","overlay-opacity":"","overlay-gradient":""},"tablet":{"background-color":"var(--ast-global-color-5)","background-image":"","background-repeat":"repeat","background-position":"center center","background-size":"auto","background-attachment":"scroll","background-type":"","background-media":"","overlay-type":"","overlay-color":"","overlay-opacity":"","overlay-gradient":""},"mobile":{"background-color":"var(--ast-global-color-5)","background-image":"","background-repeat":"repeat","background-position":"center center","background-size":"auto","background-attachment":"scroll","background-type":"","background-media":"","overlay-type":"","overlay-color":"","overlay-opacity":"","overlay-gradient":""}}},"product_brand":[],"product_cat":[83],"product_tag":[],"class_list":{"0":"post-8247","1":"product","2":"type-product","3":"status-publish","4":"has-post-thumbnail","6":"product_cat-castraveti-hibrid","7":"pa_cantitate-10-seminte","8":"pa_cantitate-100-seminte","9":"pa_cantitate-200-seminte","10":"pa_cantitate-25-seminte","11":"pa_cantitate-250-seminte","12":"pa_cantitate-5-seminte","13":"pa_cantitate-50-seminte","14":"pa_cantitate-500-seminte","15":"desktop-align-left","16":"tablet-align-left","17":"mobile-align-left","19":"first","20":"instock","21":"sale","22":"taxable","23":"shipping-taxable","24":"purchasable","25":"product-type-variable"},"_links":{"self":[{"href":"https:\/\/vivasem.ro\/index.php?rest_route=\/wp\/v2\/product\/8247","targetHints":{"allow":["GET"]}}],"collection":[{"href":"https:\/\/vivasem.ro\/index.php?rest_route=\/wp\/v2\/product"}],"about":[{"href":"https:\/\/vivasem.ro\/index.php?rest_route=\/wp\/v2\/types\/product"}],"replies":[{"embeddable":true,"href":"https:\/\/vivasem.ro\/index.php?rest_route=%2Fwp%2Fv2%2Fcomments&post=8247"}],"wp:featuredmedia":[{"embeddable":true,"href":"https:\/\/vivasem.ro\/index.php?rest_route=\/wp\/v2\/media\/7060"}],"wp:attachment":[{"href":"https:\/\/vivasem.ro\/index.php?rest_route=%2Fwp%2Fv2%2Fmedia&parent=8247"}],"wp:term":[{"taxonomy":"product_brand","embeddable":true,"href":"https:\/\/vivasem.ro\/index.php?rest_route=%2Fwp%2Fv2%2Fproduct_brand&post=8247"},{"taxonomy":"product_cat","embeddable":true,"href":"https:\/\/vivasem.ro\/index.php?rest_route=%2Fwp%2Fv2%2Fproduct_cat&post=8247"},{"taxonomy":"product_tag","embeddable":true,"href":"https:\/\/vivasem.ro\/index.php?rest_route=%2Fwp%2Fv2%2Fproduct_tag&post=8247"}],"curies":[{"name":"wp","href":"https:\/\/api.w.org\/{rel}","templated":true}]}}