{"id":8236,"date":"2022-11-25T10:09:57","date_gmt":"2022-11-25T08:09:57","guid":{"rendered":"https:\/\/vivasem.ro\/?post_type=product&#038;p=8236"},"modified":"2025-11-23T08:55:07","modified_gmt":"2025-11-23T06:55:07","slug":"ardei-capia-kaptur-f1-100s","status":"publish","type":"product","link":"https:\/\/vivasem.ro\/?product=ardei-capia-kaptur-f1-100s","title":{"rendered":"ARDEI CAPIA KAPTUR F1 (Seminis)"},"content":{"rendered":"<h6 style=\"text-align: left;\"><span style=\"color: #ff0000;\"><u>ARDEI CAPIA KAPTUR F1 ,\u00a0<\/u><\/span> \u00a0\u00a0 \u00a0\u00a0 \u00a0\u00a0 \u00a0\u00a0 \u00a0\u00a0 \u00a0\u00a0 \u00a0\u00a0 \u00a0\u00a0 \u00a0\u00a0 \u00a0\u00a0 \u00a0\u00a0 \u00a0\u00a0 \u00a0\u00a0 \u00a0\u00a0 \u00a0\u00a0 \u00a0\u00a0 \u00a0\u00a0 \u00a0\u00a0 \u00a0\u00a0 \u00a0\u00a0 \u00a0\u00a0 \u00a0\u00a0 \u00a0\u00a0 \u00a0\u00a0 \u00a0\u00a0 <img loading=\"lazy\" decoding=\"async\" class=\"alignnone wp-image-14218\" src=\"https:\/\/vivasem.ro\/wp-content\/uploads\/2023\/11\/SEMINIS-BAYER-300x105.png\" alt=\"\" width=\"183\" height=\"64\" srcset=\"https:\/\/vivasem.ro\/wp-content\/uploads\/2023\/11\/SEMINIS-BAYER-300x105.png 300w, https:\/\/vivasem.ro\/wp-content\/uploads\/2023\/11\/SEMINIS-BAYER-248x87.png 248w, https:\/\/vivasem.ro\/wp-content\/uploads\/2023\/11\/SEMINIS-BAYER-150x53.png 150w, https:\/\/vivasem.ro\/wp-content\/uploads\/2023\/11\/SEMINIS-BAYER.png 376w\" sizes=\"auto, (max-width: 183px) 100vw, 183px\" \/><\/h6>\n<h6 style=\"text-align: left;\"><span style=\"color: #ff0000;\"><u>-Produc\u0103tor semin\u021be : Monsanto Holland BV-SEMINIS,<\/u><\/span><\/h6>\n<div class=\"ast-oembed-container \" style=\"height: 100%;\"><iframe loading=\"lazy\" title=\"Prezentare Ardei Capia hibrid Kaptur F1\" width=\"500\" height=\"281\" src=\"https:\/\/www.youtube.com\/embed\/CY9NIJMjJnw?feature=oembed\" frameborder=\"0\" allow=\"accelerometer; autoplay; clipboard-write; encrypted-media; gyroscope; picture-in-picture; web-share\" referrerpolicy=\"strict-origin-when-cross-origin\" allowfullscreen><\/iframe><\/div>\n<div class=\"ast-oembed-container \" style=\"height: 100%;\"><iframe loading=\"lazy\" title=\"Prezentare ardei kapia Kaptur f1,  super produc\u021bie- 2020.\" width=\"500\" height=\"281\" src=\"https:\/\/www.youtube.com\/embed\/CcyEJ-zxqDs?feature=oembed\" frameborder=\"0\" allow=\"accelerometer; autoplay; clipboard-write; encrypted-media; gyroscope; picture-in-picture; web-share\" referrerpolicy=\"strict-origin-when-cross-origin\" allowfullscreen><\/iframe><\/div>\n<h6><span style=\"color: #0000ff;\">Hibrid profesional timpuriu, de ardei tip capia, cu toleran\u021b\u0103 excelent\u0103 la stres termic (specific \u00eenfiin\u021b\u0103rii culturilor timpurii in c\u00e2mp deschis) \u0219i cu crestere nedeterminat\u0103. <\/span><\/h6>\n<h6>\u00a0<span style=\"color: #ff0000;\">Fructele sunt in 3 lobi, de dimensiuni mari,de 18-20 cm lungime si greutate de peste 130 de grame.<\/span><\/h6>\n<h6><span style=\"color: #ff0000;\"> Pulpa este groas\u0103 de <strong>6-7 cm<\/strong>\u00a0grosime.cu un con\u021binut ridicat de substan\u021b\u0103 uscat\u0103 \u0219i culoare ro\u0219u-aprins , la coacere.<\/span><\/h6>\n<h6><span style=\"color: #0000ff;\"><em><strong>Recomandat pentru cultura de var\u0103 \u0219i toamn\u0103, at\u00e2t \u00een c\u00e2mp, gr\u0103din\u0103, c\u00e2t \u0219i \u00een spa\u021bii protejate .<\/strong><\/em><\/span><\/h6>\n<h6><span style=\"color: #ff0000;\">Kaptur F1 , este un hibrid foarte productiv,<\/span> ce se remarca prin vigoarea tulpinilor \u0219i a aparatului foliar, printr-o distan\u021b\u0103 redus\u0103 \u00eentre noduri \u0219i printr-o bun\u0103 capacitate a aparatului foliar de acoperire a fructelor.<\/h6>\n<h6>Planta este viguroas\u0103, cu foliaj bine dezvoltat.<br \/>\nCuloarea variaz\u0103 de la verde inchis catre ro\u0219u aprins.<br \/>\n<span style=\"color: #ff0000;\">Fructele au o cantitate mare de substanta uscat\u0103,<\/span> pretandu-se pentru industrializare ,conservare, dar \u0219i consumului in stare proaspata .<br \/>\n<span style=\"color: #ff0000;\">Hibridul de ardei capia <strong>Kaptur F1<\/strong>\u00a0prezinta o excelenta\u00a0<a class=\"wordtip\" style=\"color: #ff0000;\" title=\"Soi, hibrid sau linie de planta cultivata care reactioneaza slab la infectia unui agent patogen, pierzand putin din productie.\">tolerant<\/a>a la stres, mai ales la cel termic !\u00a0<\/span><strong><br \/>\nKaptur F1<\/strong>\u00a0este un hibrid rezistent la\u00a0<strong>Tobamo (Tobamo Virus Tulpina P0)<\/strong>.<\/h6>\n<h6><span style=\"color: #0000ff;\">DE CULTIVAT \u00ceN GR\u0102DIN\u0102 \u0218I \u00ceN SOLAR!<\/span><\/h6>\n<div class=\"ast-oembed-container \" style=\"height: 100%;\"><iframe loading=\"lazy\" title=\"Kaptur f1.\" width=\"422\" height=\"750\" src=\"https:\/\/www.youtube.com\/embed\/w_4ndgtdkdQ?feature=oembed\" frameborder=\"0\" allow=\"accelerometer; autoplay; clipboard-write; encrypted-media; gyroscope; picture-in-picture; web-share\" referrerpolicy=\"strict-origin-when-cross-origin\" allowfullscreen><\/iframe><\/div>\n<p>&nbsp;<\/p>\n<p>&nbsp;<\/p>\n<h6><\/h6>\n<p>&nbsp;<\/p>\n","protected":false},"excerpt":{"rendered":"<h6><span style=\"color: #ff00ff;\">FOARTE\u00a0 PRODUCTIV \u0218I REZISTENT !<\/span><\/h6>\n<h6><span style=\"color: #0000ff;\">VEZI VIDEOCLIP !<\/span><\/h6>\n<p>&nbsp;<\/p>\n<p>&nbsp;<\/p>\n","protected":false},"featured_media":8235,"comment_status":"open","ping_status":"closed","template":"","meta":{"site-sidebar-layout":"default","site-content-layout":"default","ast-site-content-layout":"default","site-content-style":"default","site-sidebar-style":"default","ast-global-header-display":"","ast-banner-title-visibility":"","ast-main-header-display":"","ast-hfb-above-header-display":"","ast-hfb-below-header-display":"","ast-hfb-mobile-header-display":"","site-post-title":"","ast-breadcrumbs-content":"","ast-featured-img":"","footer-sml-layout":"","ast-disable-related-posts":"","theme-transparent-header-meta":"default","adv-header-id-meta":"","stick-header-meta":"","header-above-stick-meta":"","header-main-stick-meta":"","header-below-stick-meta":"","astra-migrate-meta-layouts":"set","ast-page-background-enabled":"default","ast-page-background-meta":{"desktop":{"background-color":"var(--ast-global-color-4)","background-image":"","background-repeat":"repeat","background-position":"center center","background-size":"auto","background-attachment":"scroll","background-type":"","background-media":"","overlay-type":"","overlay-color":"","overlay-opacity":"","overlay-gradient":""},"tablet":{"background-color":"","background-image":"","background-repeat":"repeat","background-position":"center center","background-size":"auto","background-attachment":"scroll","background-type":"","background-media":"","overlay-type":"","overlay-color":"","overlay-opacity":"","overlay-gradient":""},"mobile":{"background-color":"","background-image":"","background-repeat":"repeat","background-position":"center center","background-size":"auto","background-attachment":"scroll","background-type":"","background-media":"","overlay-type":"","overlay-color":"","overlay-opacity":"","overlay-gradient":""}},"ast-content-background-meta":{"desktop":{"background-color":"var(--ast-global-color-5)","background-image":"","background-repeat":"repeat","background-position":"center center","background-size":"auto","background-attachment":"scroll","background-type":"","background-media":"","overlay-type":"","overlay-color":"","overlay-opacity":"","overlay-gradient":""},"tablet":{"background-color":"var(--ast-global-color-5)","background-image":"","background-repeat":"repeat","background-position":"center center","background-size":"auto","background-attachment":"scroll","background-type":"","background-media":"","overlay-type":"","overlay-color":"","overlay-opacity":"","overlay-gradient":""},"mobile":{"background-color":"var(--ast-global-color-5)","background-image":"","background-repeat":"repeat","background-position":"center center","background-size":"auto","background-attachment":"scroll","background-type":"","background-media":"","overlay-type":"","overlay-color":"","overlay-opacity":"","overlay-gradient":""}}},"product_brand":[],"product_cat":[84,145],"product_tag":[],"class_list":{"0":"post-8236","1":"product","2":"type-product","3":"status-publish","4":"has-post-thumbnail","6":"product_cat-ardei","7":"product_cat-ardei-hibrid","8":"pa_cantitate-10-seminte","9":"pa_cantitate-100-seminte","10":"pa_cantitate-200-seminte","11":"pa_cantitate-25-seminte","12":"pa_cantitate-250-seminte","13":"pa_cantitate-5-seminte","14":"pa_cantitate-50-seminte","15":"pa_cantitate-500-seminte","16":"desktop-align-left","17":"tablet-align-left","18":"mobile-align-left","20":"first","21":"instock","22":"sale","23":"taxable","24":"shipping-taxable","25":"purchasable","26":"product-type-variable"},"_links":{"self":[{"href":"https:\/\/vivasem.ro\/index.php?rest_route=\/wp\/v2\/product\/8236","targetHints":{"allow":["GET"]}}],"collection":[{"href":"https:\/\/vivasem.ro\/index.php?rest_route=\/wp\/v2\/product"}],"about":[{"href":"https:\/\/vivasem.ro\/index.php?rest_route=\/wp\/v2\/types\/product"}],"replies":[{"embeddable":true,"href":"https:\/\/vivasem.ro\/index.php?rest_route=%2Fwp%2Fv2%2Fcomments&post=8236"}],"wp:featuredmedia":[{"embeddable":true,"href":"https:\/\/vivasem.ro\/index.php?rest_route=\/wp\/v2\/media\/8235"}],"wp:attachment":[{"href":"https:\/\/vivasem.ro\/index.php?rest_route=%2Fwp%2Fv2%2Fmedia&parent=8236"}],"wp:term":[{"taxonomy":"product_brand","embeddable":true,"href":"https:\/\/vivasem.ro\/index.php?rest_route=%2Fwp%2Fv2%2Fproduct_brand&post=8236"},{"taxonomy":"product_cat","embeddable":true,"href":"https:\/\/vivasem.ro\/index.php?rest_route=%2Fwp%2Fv2%2Fproduct_cat&post=8236"},{"taxonomy":"product_tag","embeddable":true,"href":"https:\/\/vivasem.ro\/index.php?rest_route=%2Fwp%2Fv2%2Fproduct_tag&post=8236"}],"curies":[{"name":"wp","href":"https:\/\/api.w.org\/{rel}","templated":true}]}}