{"id":823,"date":"2021-11-06T10:00:57","date_gmt":"2021-11-06T08:00:57","guid":{"rendered":"https:\/\/vivasem.ro\/?post_type=product&#038;p=823"},"modified":"2026-01-04T10:21:00","modified_gmt":"2026-01-04T08:21:00","slug":"mari-de-cluj","status":"publish","type":"product","link":"https:\/\/vivasem.ro\/?product=mari-de-cluj","title":{"rendered":"MARI DE CLUJ"},"content":{"rendered":"<h6><span style=\"color: #ff0000;\">MARI DE CLUJ,<\/span><\/h6>\n<h6><span style=\"color: #000080;\"><strong>EXCEP\u021aIONAL SOI ROM\u00c2NESC DE GR\u0102DIN\u0102, TRADI\u021aIONAL,\u00a0 DIN ZONA JUDE\u021aULUI CLUJ, CE-I D\u0102 \u0218I NUMELE.<\/strong><\/span><\/h6>\n<h6><strong style=\"color: #ff0000; font-size: 17.6px;\">\u00a0FRUCTELE SUNT\u00a0 MARI, \u00ceN MEDIE DE 200-250 grame, CE TREC FRECVENT DE ACEST BAREM \u0218I POT AJUNGJE \u0218I LA 700 grame.<\/strong><\/h6>\n<h6><span style=\"color: #ff0000;\"><strong>DELICIOASE, FOARTE AROMATE, CU GUSTUL RO\u0218IILOR VECHI,\u00a0 DULCI \u0218I POTRIVIT ACIDE<\/strong>, SUCULENTE, F\u0102R\u0102 GOLURI INTERIOARE, DE CULOARE RO\u0218U -INTENS, CU PULPA FRAGED\u0102.<\/span><\/h6>\n<h6><span style=\"color: #000080;\">PLANTELE\u00a0 VIGUROASE, SUNT REZISTENTE LA BOLI \u0218I VARIA\u021aII TERMICE, CE DAU PRODUC\u021aII FOARTE BUNE \u00ceN GR\u0102DIN\u0102 \u0218I \u00ceN SOLAR, NEDETERMINATE, SEMITIMPURII.<\/span><\/h6>\n<h6><span style=\"color: #000080;\">ESTE SOIUL ROM\u00c2NESC, CARE LA NOI, LA BRA\u0218OV, A EVOLUAT FOARTE BINE \u00ceN GR\u0102DIN\u0102, \u0218I EXCEP\u021aIONAL \u00ceN SOLAR.<\/span><\/h6>\n","protected":false},"excerpt":{"rendered":"<p><img loading=\"lazy\" decoding=\"async\" class=\"alignnone size-medium wp-image-7098\" src=\"https:\/\/vivasem.ro\/wp-content\/uploads\/2021\/11\/RO-1-300x107.jpg\" alt=\"\" width=\"300\" height=\"107\" \/><img loading=\"lazy\" decoding=\"async\" class=\"alignnone wp-image-8306 size-full\" src=\"https:\/\/vivasem.ro\/wp-content\/uploads\/2021\/11\/RECOMAND-e1762844609348.jpg\" alt=\"\" width=\"87\" height=\"84\" \/><\/p>\n<h6><span style=\"color: #ff00ff;\">SOI DEOSEBIT DE PRODUCTIV, CU GUST EXCEP\u021aIONAL !<\/span><\/h6>\n","protected":false},"featured_media":17154,"comment_status":"open","ping_status":"closed","template":"","meta":{"site-sidebar-layout":"default","site-content-layout":"default","ast-site-content-layout":"default","site-content-style":"default","site-sidebar-style":"default","ast-global-header-display":"","ast-banner-title-visibility":"","ast-main-header-display":"","ast-hfb-above-header-display":"","ast-hfb-below-header-display":"","ast-hfb-mobile-header-display":"","site-post-title":"","ast-breadcrumbs-content":"","ast-featured-img":"","footer-sml-layout":"","ast-disable-related-posts":"","theme-transparent-header-meta":"default","adv-header-id-meta":"","stick-header-meta":"","header-above-stick-meta":"","header-main-stick-meta":"","header-below-stick-meta":"","astra-migrate-meta-layouts":"set","ast-page-background-enabled":"default","ast-page-background-meta":{"desktop":{"background-color":"var(--ast-global-color-4)","background-image":"","background-repeat":"repeat","background-position":"center center","background-size":"auto","background-attachment":"scroll","background-type":"","background-media":"","overlay-type":"","overlay-color":"","overlay-opacity":"","overlay-gradient":""},"tablet":{"background-color":"","background-image":"","background-repeat":"repeat","background-position":"center center","background-size":"auto","background-attachment":"scroll","background-type":"","background-media":"","overlay-type":"","overlay-color":"","overlay-opacity":"","overlay-gradient":""},"mobile":{"background-color":"","background-image":"","background-repeat":"repeat","background-position":"center center","background-size":"auto","background-attachment":"scroll","background-type":"","background-media":"","overlay-type":"","overlay-color":"","overlay-opacity":"","overlay-gradient":""}},"ast-content-background-meta":{"desktop":{"background-color":"var(--ast-global-color-5)","background-image":"","background-repeat":"repeat","background-position":"center center","background-size":"auto","background-attachment":"scroll","background-type":"","background-media":"","overlay-type":"","overlay-color":"","overlay-opacity":"","overlay-gradient":""},"tablet":{"background-color":"var(--ast-global-color-5)","background-image":"","background-repeat":"repeat","background-position":"center center","background-size":"auto","background-attachment":"scroll","background-type":"","background-media":"","overlay-type":"","overlay-color":"","overlay-opacity":"","overlay-gradient":""},"mobile":{"background-color":"var(--ast-global-color-5)","background-image":"","background-repeat":"repeat","background-position":"center center","background-size":"auto","background-attachment":"scroll","background-type":"","background-media":"","overlay-type":"","overlay-color":"","overlay-opacity":"","overlay-gradient":""}}},"product_brand":[],"product_cat":[141,140,142,15],"product_tag":[],"class_list":{"0":"post-823","1":"product","2":"type-product","3":"status-publish","4":"has-post-thumbnail","6":"product_cat-soi-gigant-urias","7":"product_cat-soiuri-romanesti","8":"product_cat-soiuri-rosii-roz","9":"product_cat-tomate-soi","10":"pa_cantitate-10-seminte","11":"pa_cantitate-100-seminte","12":"pa_cantitate-200-seminte","13":"pa_cantitate-25-seminte","14":"pa_cantitate-250-seminte","15":"pa_cantitate-5-seminte","16":"pa_cantitate-50-seminte","17":"pa_cantitate-500-seminte","18":"desktop-align-left","19":"tablet-align-left","20":"mobile-align-left","22":"first","23":"instock","24":"sale","25":"taxable","26":"shipping-taxable","27":"purchasable","28":"product-type-variable"},"_links":{"self":[{"href":"https:\/\/vivasem.ro\/index.php?rest_route=\/wp\/v2\/product\/823","targetHints":{"allow":["GET"]}}],"collection":[{"href":"https:\/\/vivasem.ro\/index.php?rest_route=\/wp\/v2\/product"}],"about":[{"href":"https:\/\/vivasem.ro\/index.php?rest_route=\/wp\/v2\/types\/product"}],"replies":[{"embeddable":true,"href":"https:\/\/vivasem.ro\/index.php?rest_route=%2Fwp%2Fv2%2Fcomments&post=823"}],"wp:featuredmedia":[{"embeddable":true,"href":"https:\/\/vivasem.ro\/index.php?rest_route=\/wp\/v2\/media\/17154"}],"wp:attachment":[{"href":"https:\/\/vivasem.ro\/index.php?rest_route=%2Fwp%2Fv2%2Fmedia&parent=823"}],"wp:term":[{"taxonomy":"product_brand","embeddable":true,"href":"https:\/\/vivasem.ro\/index.php?rest_route=%2Fwp%2Fv2%2Fproduct_brand&post=823"},{"taxonomy":"product_cat","embeddable":true,"href":"https:\/\/vivasem.ro\/index.php?rest_route=%2Fwp%2Fv2%2Fproduct_cat&post=823"},{"taxonomy":"product_tag","embeddable":true,"href":"https:\/\/vivasem.ro\/index.php?rest_route=%2Fwp%2Fv2%2Fproduct_tag&post=823"}],"curies":[{"name":"wp","href":"https:\/\/api.w.org\/{rel}","templated":true}]}}