{"id":8228,"date":"2022-11-25T09:04:33","date_gmt":"2022-11-25T07:04:33","guid":{"rendered":"https:\/\/vivasem.ro\/?post_type=product&#038;p=8228"},"modified":"2025-01-22T22:40:05","modified_gmt":"2025-01-22T20:40:05","slug":"ardei-gras-belladonna-f1-100s","status":"publish","type":"product","link":"https:\/\/vivasem.ro\/?product=ardei-gras-belladonna-f1-100s","title":{"rendered":"\u201e\u201eARDEI GRAS BELLADONNA F1 (100s)"},"content":{"rendered":"<h6 style=\"text-align: left;\"><span style=\"color: #ff0000;\"><u>ARDEI GRAS BELLADONNA F1 ,<\/u><\/span><\/h6>\n<h6 style=\"text-align: left;\"><span style=\"color: #ff0000;\"><u>-Produs \u0219i ambalat de :SEMINIS,<\/u><\/span><\/h6>\n<h6><span style=\"color: #0000ff;\"><em><strong>In prezent, este unul dintre cei mai performan\u021bi hibrizi de ardei gras de culoare galben\u0103 de pe pia\u021b\u0103, cu cre\u0219tere nedeterminat\u0103.<\/strong><\/em><\/span><\/h6>\n<h6><em><strong>Hibrid\u00a0 extratimpuriu de ardei gras , recomandat pentru cultura de primavar\u0103, var\u0103 \u0219i toamn\u0103, at\u00e2t \u00een c\u00e2mp, gr\u0103din\u0103, c\u00e2t \u0219i \u00een spa\u021bii protejate .<\/strong><\/em><br \/>\n<span style=\"color: #ff0000;\"><em><strong>Plantele acestui ardei gras produc un procentaj ridicat de fructe cu 4 lobi, foarte ferme \u0219i cu pulpa groas\u0103 de aproximativ 6-7mm, <span style=\"color: #0000ff;\">sunt compacte, viguroase \u0219i au o produc\u021bie uniform\u0103 foarte timpurie. <\/span><\/strong><\/em><\/span><\/h6>\n<h6><span style=\"color: #ff0000;\"><em><strong>Fructele c\u00e2ntaresc 160-200 grame, in medie \u0219i au dimensiuni de 9-10 cm.lungime , cu 8-9 cm grosime.<\/strong><\/em><\/span><br \/>\n<span style=\"color: #0000ff;\"><em><strong>Randament foarte ridicat atat datorit\u0103 perioadei de vegetatie lungi, c\u00e2t si produc\u021biei constante de fructe de calitate excelent\u0103.<\/strong><\/em><\/span><br \/>\n<em><strong>Este r<\/strong><\/em><em><strong>ezistent la Tobamo (Tobamo virus strain P0).\u00a0<\/strong><\/em><\/h6>\n<h6><span style=\"color: #0000ff;\">DE CULTIVAT \u00ceN GR\u0102DIN\u0102 \u0218I \u00ceN SOLAR.<\/span><\/h6>\n<p>&nbsp;<\/p>\n","protected":false},"excerpt":{"rendered":"<h6><span style=\"color: #0000ff;\">100 SEMIN\u021aE <\/span><\/h6>\n<h6><span style=\"color: #ff00ff;\">EXTRATIMPURIU, <\/span><span style=\"color: #ff00ff;\">FOARTE\u00a0 PRODUCTIV !<\/span><\/h6>\n<p>&nbsp;<\/p>\n<p>&nbsp;<\/p>\n","protected":false},"featured_media":13813,"comment_status":"open","ping_status":"closed","template":"","meta":{"site-sidebar-layout":"default","site-content-layout":"default","ast-site-content-layout":"default","site-content-style":"default","site-sidebar-style":"default","ast-global-header-display":"","ast-banner-title-visibility":"","ast-main-header-display":"","ast-hfb-above-header-display":"","ast-hfb-below-header-display":"","ast-hfb-mobile-header-display":"","site-post-title":"","ast-breadcrumbs-content":"","ast-featured-img":"","footer-sml-layout":"","ast-disable-related-posts":"","theme-transparent-header-meta":"default","adv-header-id-meta":"","stick-header-meta":"","header-above-stick-meta":"","header-main-stick-meta":"","header-below-stick-meta":"","astra-migrate-meta-layouts":"set","ast-page-background-enabled":"default","ast-page-background-meta":{"desktop":{"background-color":"var(--ast-global-color-4)","background-image":"","background-repeat":"repeat","background-position":"center center","background-size":"auto","background-attachment":"scroll","background-type":"","background-media":"","overlay-type":"","overlay-color":"","overlay-opacity":"","overlay-gradient":""},"tablet":{"background-color":"","background-image":"","background-repeat":"repeat","background-position":"center center","background-size":"auto","background-attachment":"scroll","background-type":"","background-media":"","overlay-type":"","overlay-color":"","overlay-opacity":"","overlay-gradient":""},"mobile":{"background-color":"","background-image":"","background-repeat":"repeat","background-position":"center center","background-size":"auto","background-attachment":"scroll","background-type":"","background-media":"","overlay-type":"","overlay-color":"","overlay-opacity":"","overlay-gradient":""}},"ast-content-background-meta":{"desktop":{"background-color":"var(--ast-global-color-5)","background-image":"","background-repeat":"repeat","background-position":"center center","background-size":"auto","background-attachment":"scroll","background-type":"","background-media":"","overlay-type":"","overlay-color":"","overlay-opacity":"","overlay-gradient":""},"tablet":{"background-color":"var(--ast-global-color-5)","background-image":"","background-repeat":"repeat","background-position":"center center","background-size":"auto","background-attachment":"scroll","background-type":"","background-media":"","overlay-type":"","overlay-color":"","overlay-opacity":"","overlay-gradient":""},"mobile":{"background-color":"var(--ast-global-color-5)","background-image":"","background-repeat":"repeat","background-position":"center center","background-size":"auto","background-attachment":"scroll","background-type":"","background-media":"","overlay-type":"","overlay-color":"","overlay-opacity":"","overlay-gradient":""}}},"product_brand":[],"product_cat":[84,145],"product_tag":[],"class_list":{"0":"post-8228","1":"product","2":"type-product","3":"status-publish","4":"has-post-thumbnail","6":"product_cat-ardei","7":"product_cat-ardei-hibrid","8":"desktop-align-left","9":"tablet-align-left","10":"mobile-align-left","12":"first","13":"outofstock","14":"taxable","15":"shipping-taxable","16":"purchasable","17":"product-type-simple"},"_links":{"self":[{"href":"https:\/\/vivasem.ro\/index.php?rest_route=\/wp\/v2\/product\/8228","targetHints":{"allow":["GET"]}}],"collection":[{"href":"https:\/\/vivasem.ro\/index.php?rest_route=\/wp\/v2\/product"}],"about":[{"href":"https:\/\/vivasem.ro\/index.php?rest_route=\/wp\/v2\/types\/product"}],"replies":[{"embeddable":true,"href":"https:\/\/vivasem.ro\/index.php?rest_route=%2Fwp%2Fv2%2Fcomments&post=8228"}],"wp:featuredmedia":[{"embeddable":true,"href":"https:\/\/vivasem.ro\/index.php?rest_route=\/wp\/v2\/media\/13813"}],"wp:attachment":[{"href":"https:\/\/vivasem.ro\/index.php?rest_route=%2Fwp%2Fv2%2Fmedia&parent=8228"}],"wp:term":[{"taxonomy":"product_brand","embeddable":true,"href":"https:\/\/vivasem.ro\/index.php?rest_route=%2Fwp%2Fv2%2Fproduct_brand&post=8228"},{"taxonomy":"product_cat","embeddable":true,"href":"https:\/\/vivasem.ro\/index.php?rest_route=%2Fwp%2Fv2%2Fproduct_cat&post=8228"},{"taxonomy":"product_tag","embeddable":true,"href":"https:\/\/vivasem.ro\/index.php?rest_route=%2Fwp%2Fv2%2Fproduct_tag&post=8228"}],"curies":[{"name":"wp","href":"https:\/\/api.w.org\/{rel}","templated":true}]}}