{"id":822,"date":"2021-11-06T09:51:45","date_gmt":"2021-11-06T07:51:45","guid":{"rendered":"https:\/\/vivasem.ro\/?post_type=product&#038;p=822"},"modified":"2025-02-18T13:30:59","modified_gmt":"2025-02-18T11:30:59","slug":"bizon-sugar-bison","status":"publish","type":"product","link":"https:\/\/vivasem.ro\/?product=bizon-sugar-bison","title":{"rendered":"\u201e\u201eSUGAR BISON \/BIZON"},"content":{"rendered":"<h6><span style=\"color: #ff0000;\">BIZON\/SUGAR BISON\/Sakharnyy Bizon\/BIZONUL DE ZAH\u0102R ,<\/span> CUM ESTE TRADUCEREA EXACT\u0102 A DENUMIRII ACESTUI SOI DIN RUSIA, <span style=\"color: #0000ff;\">ESTE CONSIDERAT PRINTRE CELE MAI GUSTOASE\u00a0 TOMATE DIN LUME.<\/span><\/h6>\n<h6>ACEST SOI CELEBRU RUSESC, HEIRLOOM, ERA C\u0102NDVA MULT CULTIVAT \u00ceN ROM\u00c2NIA, MAI ALES \u00ceN SUDUL \u021a\u0102RII \u0218I \u00ceN TOATE ZONELE CU TEMPERATURI RIDICATE VARA , DATORIT\u0102 MULTIPLELOR CALIT\u0102\u021aI.<\/h6>\n<h6><span style=\"color: #0000ff;\">ARE FRUCTE MARI, \u00ceN MEDIE DE 200 grame,DAR CARE ATING \u0218I 500 grame, IAR UNEORI CHIAR 1 kilogram.<\/span><\/h6>\n<h6>FORMA ESTE DE INIM\u0102 , CULOAREA RO\u0218IE-PURPURIE P\u00c2N\u0102 LA ROZ \u00ceNCHIS, SUNT <span style=\"color: #0000ff;\">FOARTE DULCI \u0218I DEOSEBIT DE AROMATE, PULP\u0102 BEEFSTEAK, FOARTE C\u0102RNOAS\u0102, FERM\u0102.<\/span><\/h6>\n<h6>PLANTE SEMIDETERMINATE, REZISTENTE,<span style=\"color: #0000ff;\">\u00a0PRODUCTIVE, \u00ceN SPECIAL DE GR\u0102DIN\u0102 \u0218I C\u00c2MP<\/span> , DAR\u00a0 CU FOARTE BUNE REZULTATE \u0218I \u00ceN SOLAR.<\/h6>\n","protected":false},"excerpt":{"rendered":"<h6><span style=\"color: #0000ff;\">25 SEMIN\u021aE<\/span><\/h6>\n<h6>GUST EXCEP\u021aIONAL ! SOI\u00a0 PRODUCTIV , FOARTE REZISTENT !<\/h6>\n","protected":false},"featured_media":3334,"comment_status":"open","ping_status":"closed","template":"","meta":{"site-sidebar-layout":"default","site-content-layout":"default","ast-site-content-layout":"default","site-content-style":"default","site-sidebar-style":"default","ast-global-header-display":"","ast-banner-title-visibility":"","ast-main-header-display":"","ast-hfb-above-header-display":"","ast-hfb-below-header-display":"","ast-hfb-mobile-header-display":"","site-post-title":"","ast-breadcrumbs-content":"","ast-featured-img":"","footer-sml-layout":"","ast-disable-related-posts":"","theme-transparent-header-meta":"default","adv-header-id-meta":"","stick-header-meta":"","header-above-stick-meta":"","header-main-stick-meta":"","header-below-stick-meta":"","astra-migrate-meta-layouts":"set","ast-page-background-enabled":"default","ast-page-background-meta":{"desktop":{"background-color":"var(--ast-global-color-4)","background-image":"","background-repeat":"repeat","background-position":"center center","background-size":"auto","background-attachment":"scroll","background-type":"","background-media":"","overlay-type":"","overlay-color":"","overlay-opacity":"","overlay-gradient":""},"tablet":{"background-color":"","background-image":"","background-repeat":"repeat","background-position":"center center","background-size":"auto","background-attachment":"scroll","background-type":"","background-media":"","overlay-type":"","overlay-color":"","overlay-opacity":"","overlay-gradient":""},"mobile":{"background-color":"","background-image":"","background-repeat":"repeat","background-position":"center center","background-size":"auto","background-attachment":"scroll","background-type":"","background-media":"","overlay-type":"","overlay-color":"","overlay-opacity":"","overlay-gradient":""}},"ast-content-background-meta":{"desktop":{"background-color":"var(--ast-global-color-5)","background-image":"","background-repeat":"repeat","background-position":"center center","background-size":"auto","background-attachment":"scroll","background-type":"","background-media":"","overlay-type":"","overlay-color":"","overlay-opacity":"","overlay-gradient":""},"tablet":{"background-color":"var(--ast-global-color-5)","background-image":"","background-repeat":"repeat","background-position":"center center","background-size":"auto","background-attachment":"scroll","background-type":"","background-media":"","overlay-type":"","overlay-color":"","overlay-opacity":"","overlay-gradient":""},"mobile":{"background-color":"var(--ast-global-color-5)","background-image":"","background-repeat":"repeat","background-position":"center center","background-size":"auto","background-attachment":"scroll","background-type":"","background-media":"","overlay-type":"","overlay-color":"","overlay-opacity":"","overlay-gradient":""}}},"product_brand":[],"product_cat":[141,142,15],"product_tag":[],"class_list":{"0":"post-822","1":"product","2":"type-product","3":"status-publish","4":"has-post-thumbnail","6":"product_cat-soi-gigant-urias","7":"product_cat-soiuri-rosii-roz","8":"product_cat-tomate-soi","9":"desktop-align-left","10":"tablet-align-left","11":"mobile-align-left","13":"first","14":"outofstock","15":"taxable","16":"shipping-taxable","17":"purchasable","18":"product-type-simple"},"_links":{"self":[{"href":"https:\/\/vivasem.ro\/index.php?rest_route=\/wp\/v2\/product\/822","targetHints":{"allow":["GET"]}}],"collection":[{"href":"https:\/\/vivasem.ro\/index.php?rest_route=\/wp\/v2\/product"}],"about":[{"href":"https:\/\/vivasem.ro\/index.php?rest_route=\/wp\/v2\/types\/product"}],"replies":[{"embeddable":true,"href":"https:\/\/vivasem.ro\/index.php?rest_route=%2Fwp%2Fv2%2Fcomments&post=822"}],"wp:featuredmedia":[{"embeddable":true,"href":"https:\/\/vivasem.ro\/index.php?rest_route=\/wp\/v2\/media\/3334"}],"wp:attachment":[{"href":"https:\/\/vivasem.ro\/index.php?rest_route=%2Fwp%2Fv2%2Fmedia&parent=822"}],"wp:term":[{"taxonomy":"product_brand","embeddable":true,"href":"https:\/\/vivasem.ro\/index.php?rest_route=%2Fwp%2Fv2%2Fproduct_brand&post=822"},{"taxonomy":"product_cat","embeddable":true,"href":"https:\/\/vivasem.ro\/index.php?rest_route=%2Fwp%2Fv2%2Fproduct_cat&post=822"},{"taxonomy":"product_tag","embeddable":true,"href":"https:\/\/vivasem.ro\/index.php?rest_route=%2Fwp%2Fv2%2Fproduct_tag&post=822"}],"curies":[{"name":"wp","href":"https:\/\/api.w.org\/{rel}","templated":true}]}}