{"id":8206,"date":"2022-11-24T22:01:31","date_gmt":"2022-11-24T20:01:31","guid":{"rendered":"https:\/\/vivasem.ro\/?post_type=product&#038;p=8206"},"modified":"2024-10-15T10:06:29","modified_gmt":"2024-10-15T08:06:29","slug":"ardei-putin-iuti-pasilla-bajio-chile-negro10s","status":"publish","type":"product","link":"https:\/\/vivasem.ro\/?product=ardei-putin-iuti-pasilla-bajio-chile-negro10s","title":{"rendered":"\u201eARDEI PUTIN IUTI PASILLA BAJIO \/CHILE NEGRO (25s)"},"content":{"rendered":"<h6><span style=\"color: #ff0000;\"><u><b>ARDEI PUTIN IUTI PASILLA BAJIO\/CHILE NEGRO\/MEXICAN NEGRO -SUA<\/b>,<\/u><\/span><\/h6>\n<h6><span style=\"color: #0000ff;\"><strong>LA ACEST SOI CELEBRU, CUNOSCUT SUB MAI MULTE NUME,INTENSITATEA IU\u021aELII ESTE FOARTE MIC\u0102, \u00ceNTRE 250 \u0218I 1.000 grade SCOVILLE, COMPARATIV CU UN ARDEI IUTE OBI\u0218NUIT, CARE ARE 10.000 DE GRADE.<\/strong><\/span><\/h6>\n<h6><span style=\"color: #ff0000;\"><strong>FRUCTELE SUNT MARI ,PENTRU UN ARDEI \u0218I AU \u00ceN MEDIE 15 cm. DAR AJUNG\u00a0 \u0218I LA 20 cm. LUNGIME .<\/strong><\/span><\/h6>\n<h6><span style=\"color: #0000ff;\"><strong>PRODUCTIVITATEA ESTE MARE.<\/strong><\/span><\/h6>\n<h6><span style=\"color: #0000ff;\"><strong>\u00a0 ESTE MULT APRECIAT \u0218I DATORIT\u0102 AROMEI DEOSEBITE, <span style=\"color: #000080;\">( \u00ceN LIMBA SPANIOL\u0102 <\/span><\/strong><\/span><span style=\"color: #000080;\">PASILLA BAJIO , \u00ceNSEAMN\u0102 STRUGURI MICI, DENUMIRE DAT\u0102 DATORIT\u0102 MIROSULUI ARDEILOR C\u00c2ND SUNT USCA\u021aI, FOARTE ASEM\u0102N\u0102TOAR CU AL STRUGURILOR)<\/span> <span style=\"color: #0000ff;\">\u00ce<strong>N CARE SE COMBIN\u0102 GUSTURI DE FRUCTE DE P\u0102DURE DAR \u0218I DE FUM , PE FOND DULCE.<\/strong><\/span><\/h6>\n<h6>\u00a0FRUCTELE SUNT INITIAL VERZI SI LA MATURARE SE COLOREAZA\u00a0 \u00ceN CULORI \u00ceNCHISE, DE LA MARO FOARTE \u00ceNCHIS, P\u00c2N\u0102 LA NEGRU- ALB\u0102STRUI.<\/h6>\n<h6>\u00a0PLANTELE CRESC \u00ceN JUR LA\u00a0 80 CM,\u0218I PREFER\u0102 LOCURI INSORITE.<\/h6>\n<h6><\/h6>\n<h6><\/h6>\n<h6><\/h6>\n","protected":false},"excerpt":{"rendered":"<h6><span style=\"color: #0000ff;\">25 SEMIN\u021aE<\/span><\/h6>\n<h6><span style=\"color: #ff00ff;\">SOI\u00a0 PU\u021aIN IUTE, FOARTE PRODUCTIV.<\/span><\/h6>\n<h6><\/h6>\n","protected":false},"featured_media":8212,"comment_status":"open","ping_status":"closed","template":"","meta":{"site-sidebar-layout":"default","site-content-layout":"default","ast-site-content-layout":"default","site-content-style":"default","site-sidebar-style":"default","ast-global-header-display":"","ast-banner-title-visibility":"","ast-main-header-display":"","ast-hfb-above-header-display":"","ast-hfb-below-header-display":"","ast-hfb-mobile-header-display":"","site-post-title":"","ast-breadcrumbs-content":"","ast-featured-img":"","footer-sml-layout":"","ast-disable-related-posts":"","theme-transparent-header-meta":"default","adv-header-id-meta":"","stick-header-meta":"","header-above-stick-meta":"","header-main-stick-meta":"","header-below-stick-meta":"","astra-migrate-meta-layouts":"set","ast-page-background-enabled":"default","ast-page-background-meta":{"desktop":{"background-color":"var(--ast-global-color-4)","background-image":"","background-repeat":"repeat","background-position":"center center","background-size":"auto","background-attachment":"scroll","background-type":"","background-media":"","overlay-type":"","overlay-color":"","overlay-opacity":"","overlay-gradient":""},"tablet":{"background-color":"","background-image":"","background-repeat":"repeat","background-position":"center center","background-size":"auto","background-attachment":"scroll","background-type":"","background-media":"","overlay-type":"","overlay-color":"","overlay-opacity":"","overlay-gradient":""},"mobile":{"background-color":"","background-image":"","background-repeat":"repeat","background-position":"center center","background-size":"auto","background-attachment":"scroll","background-type":"","background-media":"","overlay-type":"","overlay-color":"","overlay-opacity":"","overlay-gradient":""}},"ast-content-background-meta":{"desktop":{"background-color":"var(--ast-global-color-5)","background-image":"","background-repeat":"repeat","background-position":"center center","background-size":"auto","background-attachment":"scroll","background-type":"","background-media":"","overlay-type":"","overlay-color":"","overlay-opacity":"","overlay-gradient":""},"tablet":{"background-color":"var(--ast-global-color-5)","background-image":"","background-repeat":"repeat","background-position":"center center","background-size":"auto","background-attachment":"scroll","background-type":"","background-media":"","overlay-type":"","overlay-color":"","overlay-opacity":"","overlay-gradient":""},"mobile":{"background-color":"var(--ast-global-color-5)","background-image":"","background-repeat":"repeat","background-position":"center center","background-size":"auto","background-attachment":"scroll","background-type":"","background-media":"","overlay-type":"","overlay-color":"","overlay-opacity":"","overlay-gradient":""}}},"product_brand":[],"product_cat":[111],"product_tag":[],"class_list":{"0":"post-8206","1":"product","2":"type-product","3":"status-publish","4":"has-post-thumbnail","6":"product_cat-ardei-iute","7":"desktop-align-left","8":"tablet-align-left","9":"mobile-align-left","11":"first","12":"outofstock","13":"taxable","14":"shipping-taxable","15":"purchasable","16":"product-type-simple"},"_links":{"self":[{"href":"https:\/\/vivasem.ro\/index.php?rest_route=\/wp\/v2\/product\/8206","targetHints":{"allow":["GET"]}}],"collection":[{"href":"https:\/\/vivasem.ro\/index.php?rest_route=\/wp\/v2\/product"}],"about":[{"href":"https:\/\/vivasem.ro\/index.php?rest_route=\/wp\/v2\/types\/product"}],"replies":[{"embeddable":true,"href":"https:\/\/vivasem.ro\/index.php?rest_route=%2Fwp%2Fv2%2Fcomments&post=8206"}],"wp:featuredmedia":[{"embeddable":true,"href":"https:\/\/vivasem.ro\/index.php?rest_route=\/wp\/v2\/media\/8212"}],"wp:attachment":[{"href":"https:\/\/vivasem.ro\/index.php?rest_route=%2Fwp%2Fv2%2Fmedia&parent=8206"}],"wp:term":[{"taxonomy":"product_brand","embeddable":true,"href":"https:\/\/vivasem.ro\/index.php?rest_route=%2Fwp%2Fv2%2Fproduct_brand&post=8206"},{"taxonomy":"product_cat","embeddable":true,"href":"https:\/\/vivasem.ro\/index.php?rest_route=%2Fwp%2Fv2%2Fproduct_cat&post=8206"},{"taxonomy":"product_tag","embeddable":true,"href":"https:\/\/vivasem.ro\/index.php?rest_route=%2Fwp%2Fv2%2Fproduct_tag&post=8206"}],"curies":[{"name":"wp","href":"https:\/\/api.w.org\/{rel}","templated":true}]}}