{"id":8189,"date":"2022-11-23T11:13:22","date_gmt":"2022-11-23T09:13:22","guid":{"rendered":"https:\/\/vivasem.ro\/?post_type=product&#038;p=8189"},"modified":"2026-03-18T06:08:19","modified_gmt":"2026-03-18T04:08:19","slug":"pepene-galben-diamant-lux-f1-hibrid-opal-zi-bulgaria","status":"publish","type":"product","link":"https:\/\/vivasem.ro\/?product=pepene-galben-diamant-lux-f1-hibrid-opal-zi-bulgaria","title":{"rendered":"PEPENE GALBEN DIAMANT LUX F1-hibrid (Opal ZI-Bulgaria)"},"content":{"rendered":"<h6><span style=\"color: #ff0000;\"><strong><u>PEPENE GALBEN DIAMANT LUX F1,<\/u><\/strong><\/span><\/h6>\n<h6><span style=\"color: #ff0000;\"><span class=\"post-meta-key\">Produc\u0103tor:Opal ZI-Bulgaria<\/span><\/span><\/h6>\n<h6><span style=\"color: #0000ff;\">Hibrid bulgaresc timpuriu, cu\u00a0 calita\u021bi gustative excelente.<\/span><\/h6>\n<h6><span style=\"color: #ff0000;\">Fructele sunt \u00a0mari , alungite, cu o greutate medie de 1,8-3,5 kg, in functie de conditiile de cultivare.<\/span><\/h6>\n<h6>Coaja fructului este sub\u021bire , prezinta o structura de striatiuni fine.<\/h6>\n<h6>Pulpa este de culoare portocalie,este foarte dulce, aromat\u0103 ,cu gust deosebit de bun .<\/h6>\n<h6>Formeaz\u0103 tulpini lungi, cu multe frunze \u0219i o r\u0103d\u0103cin\u0103 puternic\u0103, .<\/h6>\n<h6>Perioada de vegetatie este de 70-80 de zile.<\/h6>\n<h6>\u2013 Prezinta capacitate buna de pastrare<\/h6>\n<h6><span style=\"color: #0000ff;\">\u2013 Potential de productie\u00a0 ridicat,\u00een \u00a0medie = 3- 4,5 t\/1000 mp.\u00a0<\/span><\/h6>\n<h6>Specificatii tehnice:<\/h6>\n<ul>\n<li>\n<h6>Semanat direct:15-30 aprilie, adancime 4-7 cm.<br \/>\nRecoltare: iulie \u2013 august<br \/>\nNorma de semanat: 25-30 g\/100 mp<\/h6>\n<\/li>\n<li>\n<h6>Cantitate de seminte in 1 g \u2013 aproximativ 25 seminte.<\/h6>\n<\/li>\n<\/ul>\n","protected":false},"excerpt":{"rendered":"<h6><span style=\"color: #0000ff;\">1 gram\/23- 27 semin\u021be<\/span><\/h6>\n","protected":false},"featured_media":8191,"comment_status":"open","ping_status":"closed","template":"","meta":{"site-sidebar-layout":"default","site-content-layout":"default","ast-site-content-layout":"default","site-content-style":"default","site-sidebar-style":"default","ast-global-header-display":"","ast-banner-title-visibility":"","ast-main-header-display":"disabled","ast-hfb-above-header-display":"","ast-hfb-below-header-display":"","ast-hfb-mobile-header-display":"","site-post-title":"","ast-breadcrumbs-content":"","ast-featured-img":"","footer-sml-layout":"","ast-disable-related-posts":"","theme-transparent-header-meta":"default","adv-header-id-meta":"","stick-header-meta":"","header-above-stick-meta":"","header-main-stick-meta":"","header-below-stick-meta":"","astra-migrate-meta-layouts":"set","ast-page-background-enabled":"default","ast-page-background-meta":{"desktop":{"background-color":"var(--ast-global-color-4)","background-image":"","background-repeat":"repeat","background-position":"center center","background-size":"auto","background-attachment":"scroll","background-type":"","background-media":"","overlay-type":"","overlay-color":"","overlay-opacity":"","overlay-gradient":""},"tablet":{"background-color":"","background-image":"","background-repeat":"repeat","background-position":"center center","background-size":"auto","background-attachment":"scroll","background-type":"","background-media":"","overlay-type":"","overlay-color":"","overlay-opacity":"","overlay-gradient":""},"mobile":{"background-color":"","background-image":"","background-repeat":"repeat","background-position":"center center","background-size":"auto","background-attachment":"scroll","background-type":"","background-media":"","overlay-type":"","overlay-color":"","overlay-opacity":"","overlay-gradient":""}},"ast-content-background-meta":{"desktop":{"background-color":"var(--ast-global-color-5)","background-image":"","background-repeat":"repeat","background-position":"center center","background-size":"auto","background-attachment":"scroll","background-type":"","background-media":"","overlay-type":"","overlay-color":"","overlay-opacity":"","overlay-gradient":""},"tablet":{"background-color":"var(--ast-global-color-5)","background-image":"","background-repeat":"repeat","background-position":"center center","background-size":"auto","background-attachment":"scroll","background-type":"","background-media":"","overlay-type":"","overlay-color":"","overlay-opacity":"","overlay-gradient":""},"mobile":{"background-color":"var(--ast-global-color-5)","background-image":"","background-repeat":"repeat","background-position":"center center","background-size":"auto","background-attachment":"scroll","background-type":"","background-media":"","overlay-type":"","overlay-color":"","overlay-opacity":"","overlay-gradient":""}}},"product_brand":[],"product_cat":[87],"product_tag":[],"class_list":{"0":"post-8189","1":"product","2":"type-product","3":"status-publish","4":"has-post-thumbnail","6":"product_cat-dovlecei","7":"desktop-align-left","8":"tablet-align-left","9":"mobile-align-left","11":"first","12":"instock","13":"taxable","14":"shipping-taxable","15":"purchasable","16":"product-type-simple"},"_links":{"self":[{"href":"https:\/\/vivasem.ro\/index.php?rest_route=\/wp\/v2\/product\/8189","targetHints":{"allow":["GET"]}}],"collection":[{"href":"https:\/\/vivasem.ro\/index.php?rest_route=\/wp\/v2\/product"}],"about":[{"href":"https:\/\/vivasem.ro\/index.php?rest_route=\/wp\/v2\/types\/product"}],"replies":[{"embeddable":true,"href":"https:\/\/vivasem.ro\/index.php?rest_route=%2Fwp%2Fv2%2Fcomments&post=8189"}],"wp:featuredmedia":[{"embeddable":true,"href":"https:\/\/vivasem.ro\/index.php?rest_route=\/wp\/v2\/media\/8191"}],"wp:attachment":[{"href":"https:\/\/vivasem.ro\/index.php?rest_route=%2Fwp%2Fv2%2Fmedia&parent=8189"}],"wp:term":[{"taxonomy":"product_brand","embeddable":true,"href":"https:\/\/vivasem.ro\/index.php?rest_route=%2Fwp%2Fv2%2Fproduct_brand&post=8189"},{"taxonomy":"product_cat","embeddable":true,"href":"https:\/\/vivasem.ro\/index.php?rest_route=%2Fwp%2Fv2%2Fproduct_cat&post=8189"},{"taxonomy":"product_tag","embeddable":true,"href":"https:\/\/vivasem.ro\/index.php?rest_route=%2Fwp%2Fv2%2Fproduct_tag&post=8189"}],"curies":[{"name":"wp","href":"https:\/\/api.w.org\/{rel}","templated":true}]}}