{"id":8184,"date":"2022-11-23T10:40:26","date_gmt":"2022-11-23T08:40:26","guid":{"rendered":"https:\/\/vivasem.ro\/?post_type=product&#038;p=8184"},"modified":"2026-01-25T16:51:55","modified_gmt":"2026-01-25T14:51:55","slug":"dovleac-placintar-muskatina-opal-zi-bulgaria","status":"publish","type":"product","link":"https:\/\/vivasem.ro\/?product=dovleac-placintar-muskatina-opal-zi-bulgaria","title":{"rendered":"\u201e\u201eDOVLEAC PL\u0102CINTAR MUSKATINA (Opal ZI-Bulgaria)"},"content":{"rendered":"<h6><span style=\"color: #ff0000;\"><strong><u>DOVLEAC\u00a0 MUSKATINA\/DE MUSCAT,<\/u><\/strong><\/span><\/h6>\n<h6><span style=\"color: #ff0000;\"><span class=\"post-meta-key\">Produc\u0103tor:Opal ZI-Bulgaria<\/span><\/span><\/h6>\n<h6><span style=\"color: #0000ff;\">Soi bulgaresc mult cultivat pentru multiplele calita\u021bi .<\/span><\/h6>\n<h6><span style=\"color: #ff0000;\">Fructele sunt \u00a0mari , au form\u0103 de par\u0103, cu o greutate medie de 7-9 kg . <\/span><\/h6>\n<h6>Coaja fructului este u\u0219or v\u0103rgat\u0103 , neted\u0103. La maturitatea tehnic\u0103 fructul are o culoare portocalie.<\/h6>\n<h6>Pulpa este portocalie intens, fragil\u0103, cu un con\u021binut bogat \u00een caroten, este dulce \u0219i este foarte potrivit\u0103 pentru prepararea diferitelor pl\u0103cinte, dulciuri sau\u00a0 m\u00e2ncaruri\u00a0 s\u0103rate si dulci.<\/h6>\n<h6>Formeaz\u0103 tulpini lungi, cu multe frunze \u0219i o r\u0103d\u0103cin\u0103 puternic\u0103, are perioada de vegetatie de 130 zile,soi tardiv.<\/h6>\n<h6>\u2013 Prezinta capacitate buna de pastrare<\/h6>\n<h6><span style=\"color: #0000ff;\">\u2013 Potential de productie\u00a0 ridicat<\/span><\/h6>\n<h6>Specificatii tehnice:<\/h6>\n<ul>\n<li>\n<h6>Adancime 6-7 cm<\/h6>\n<\/li>\n<li>\n<h6>Insamantat 10-25 aprilie.\u00cens\u0103m\u00e2n\u021barea se face \u00een cuiburi, la o distan\u021b\u0103 de 200\/200 cm, \u00een fiecare cuib pun\u00e2ndu-se 4-5 semin\u021be, dup\u0103 ce temperatura solului este \u00een mod constant peste 12 grade C.<\/h6>\n<\/li>\n<li>\n<h6>Recoltare august-octombrie<\/h6>\n<\/li>\n<li>\n<h6>Continut plic=5 grame x 4 seminte\/gram<\/h6>\n<\/li>\n<li>\n<h6><\/h6>\n<div class=\"ff7\">\n<div class=\"ff20\">\n<div class=\"ff20\">\n<div id=\"pageContainer5\" class=\"page\" data-page-number=\"5\" data-loaded=\"true\">\n<div class=\"textLayer\">\n<div><\/div>\n<\/div>\n<\/div>\n<\/div>\n<\/div>\n<\/div>\n<\/li>\n<\/ul>\n","protected":false},"excerpt":{"rendered":"<h6><span style=\"color: #0000ff;\">5 grame\/20 semin\u021be<\/span><\/h6>\n","protected":false},"featured_media":8185,"comment_status":"open","ping_status":"closed","template":"","meta":{"site-sidebar-layout":"default","site-content-layout":"default","ast-site-content-layout":"default","site-content-style":"default","site-sidebar-style":"default","ast-global-header-display":"","ast-banner-title-visibility":"","ast-main-header-display":"","ast-hfb-above-header-display":"","ast-hfb-below-header-display":"","ast-hfb-mobile-header-display":"","site-post-title":"","ast-breadcrumbs-content":"","ast-featured-img":"","footer-sml-layout":"","ast-disable-related-posts":"","theme-transparent-header-meta":"default","adv-header-id-meta":"","stick-header-meta":"","header-above-stick-meta":"","header-main-stick-meta":"","header-below-stick-meta":"","astra-migrate-meta-layouts":"set","ast-page-background-enabled":"default","ast-page-background-meta":{"desktop":{"background-color":"var(--ast-global-color-4)","background-image":"","background-repeat":"repeat","background-position":"center center","background-size":"auto","background-attachment":"scroll","background-type":"","background-media":"","overlay-type":"","overlay-color":"","overlay-opacity":"","overlay-gradient":""},"tablet":{"background-color":"","background-image":"","background-repeat":"repeat","background-position":"center center","background-size":"auto","background-attachment":"scroll","background-type":"","background-media":"","overlay-type":"","overlay-color":"","overlay-opacity":"","overlay-gradient":""},"mobile":{"background-color":"","background-image":"","background-repeat":"repeat","background-position":"center center","background-size":"auto","background-attachment":"scroll","background-type":"","background-media":"","overlay-type":"","overlay-color":"","overlay-opacity":"","overlay-gradient":""}},"ast-content-background-meta":{"desktop":{"background-color":"var(--ast-global-color-5)","background-image":"","background-repeat":"repeat","background-position":"center center","background-size":"auto","background-attachment":"scroll","background-type":"","background-media":"","overlay-type":"","overlay-color":"","overlay-opacity":"","overlay-gradient":""},"tablet":{"background-color":"var(--ast-global-color-5)","background-image":"","background-repeat":"repeat","background-position":"center center","background-size":"auto","background-attachment":"scroll","background-type":"","background-media":"","overlay-type":"","overlay-color":"","overlay-opacity":"","overlay-gradient":""},"mobile":{"background-color":"var(--ast-global-color-5)","background-image":"","background-repeat":"repeat","background-position":"center center","background-size":"auto","background-attachment":"scroll","background-type":"","background-media":"","overlay-type":"","overlay-color":"","overlay-opacity":"","overlay-gradient":""}}},"product_brand":[],"product_cat":[87],"product_tag":[],"class_list":{"0":"post-8184","1":"product","2":"type-product","3":"status-publish","4":"has-post-thumbnail","6":"product_cat-dovlecei","7":"desktop-align-left","8":"tablet-align-left","9":"mobile-align-left","11":"first","12":"outofstock","13":"taxable","14":"shipping-taxable","15":"purchasable","16":"product-type-simple"},"_links":{"self":[{"href":"https:\/\/vivasem.ro\/index.php?rest_route=\/wp\/v2\/product\/8184","targetHints":{"allow":["GET"]}}],"collection":[{"href":"https:\/\/vivasem.ro\/index.php?rest_route=\/wp\/v2\/product"}],"about":[{"href":"https:\/\/vivasem.ro\/index.php?rest_route=\/wp\/v2\/types\/product"}],"replies":[{"embeddable":true,"href":"https:\/\/vivasem.ro\/index.php?rest_route=%2Fwp%2Fv2%2Fcomments&post=8184"}],"wp:featuredmedia":[{"embeddable":true,"href":"https:\/\/vivasem.ro\/index.php?rest_route=\/wp\/v2\/media\/8185"}],"wp:attachment":[{"href":"https:\/\/vivasem.ro\/index.php?rest_route=%2Fwp%2Fv2%2Fmedia&parent=8184"}],"wp:term":[{"taxonomy":"product_brand","embeddable":true,"href":"https:\/\/vivasem.ro\/index.php?rest_route=%2Fwp%2Fv2%2Fproduct_brand&post=8184"},{"taxonomy":"product_cat","embeddable":true,"href":"https:\/\/vivasem.ro\/index.php?rest_route=%2Fwp%2Fv2%2Fproduct_cat&post=8184"},{"taxonomy":"product_tag","embeddable":true,"href":"https:\/\/vivasem.ro\/index.php?rest_route=%2Fwp%2Fv2%2Fproduct_tag&post=8184"}],"curies":[{"name":"wp","href":"https:\/\/api.w.org\/{rel}","templated":true}]}}