{"id":8178,"date":"2022-11-23T09:48:17","date_gmt":"2022-11-23T07:48:17","guid":{"rendered":"https:\/\/vivasem.ro\/?post_type=product&#038;p=8178"},"modified":"2026-03-28T05:13:37","modified_gmt":"2026-03-28T03:13:37","slug":"luffa-castravetele-de-burete-opal-zi-bulgaria","status":"publish","type":"product","link":"https:\/\/vivasem.ro\/?product=luffa-castravetele-de-burete-opal-zi-bulgaria","title":{"rendered":"LUFFA \/CASTRAVETELE DE BURETE-(AGROSEM)"},"content":{"rendered":"<h6 style=\"text-align: left;\"><span style=\"color: #ff0000;\"><strong><u>LUFFA -AGROSEM Tg.Mure\u0219<\/u><\/strong>,<\/span><\/h6>\n<h6>Luffa sau castravetele de burete este o plant\u0103 din familia castravetelui.<\/h6>\n<h6><span style=\"color: #0000ff;\">Atunci c\u00e2nd fructul este complet copt este foarte fibros,se proceseaz\u0103 \u0219i poate fi\u00a0folosit ca burete \u00een b\u0103i \u0219i buc\u0103t\u0103rii.<\/span><\/h6>\n<h6>\u00a0Fructele ating dimensiuni impresionante, de 50-60 cm \u0219i greut\u0103\u021bi de p\u00e2n\u0103 la 1 kg c\u00e2t timp este verde.<\/h6>\n<h6>\u00a0Ca burete trebuie l\u0103sat s\u0103 se maturizeze \u0219i s\u0103 se usuce pentru a fi folosit la baie sau buc\u0103t\u0103rie (dup\u0103 ce a fost procesat pentru a elimina tot, mai pu\u021bin re\u021beaua de fibre ). Dup\u0103 uscare devine spongios, u\u0219or.<\/h6>\n<h6>La baie, luffa este folosit\u0103 pentru frecarea pielii \u00een vederea exfolierii.<\/h6>\n<h6><span style=\"color: #ff0000;\">Pentru a fi comestibil, fructul trebuie cules c\u00e2nd are sub 12 cm lungime \u0219i este verde.<\/span><\/h6>\n<h6>Denumire oficiala: Luffa cylindrica<\/h6>\n<h6>Denumire populara: lufa<\/h6>\n<h6>Lufa este o planta anuala agatatoare, cu frunze mari, flori galbene si fruct care seamana cu dovleceii. Semintele se seamana dupa ce trece pericolul de bruma si frig, in cuib ca la dovlecei. Are nevoie de proptele. Se recomanda sa strangeti varful la 2-3 metri, iar la inceputul cresterii sa inalturati varfurile indreptate in jos.<\/h6>\n<h6>Se utilizeaza ca burete natural de baie din cauza proprietatii exfoliante ale fibrelor sale.<\/h6>\n<h6>Specificatii tehnice:<\/h6>\n<ul>\n<li>\n<h6>Insamantat incepand cu luna aprilie<\/h6>\n<\/li>\n<li>\n<h6>Tipuri de productie: din seminte<\/h6>\n<\/li>\n<\/ul>\n<h6>Generalitati:<\/h6>\n<ul>\n<li>\n<h6>Continut 10 seminte\/gram<\/h6>\n<\/li>\n<li>\n<h6>Plantare aprilie<\/h6>\n<\/li>\n<li>\n<h6>Recoltare octombrie<\/h6>\n<\/li>\n<li>\n<h6>Vegetatie 180 zile<\/h6>\n<\/li>\n<\/ul>\n<h6><strong>Importanta, biologie, ecologie la cultura de luffa<\/strong><\/h6>\n<h6>De la luffa (burete vegetal) se foloseste ca materie prima mezocarpul fibros (spalat si uscat) al fructului fara seminte (Luffae fructus), format din fibre celulozice, compacte si elastice de culoare galbuie, fara miros si gust.<\/h6>\n<h6>Planta intreaga contine substante amare (cucurbitacin B), fructele proaspete sunt bogate in mucilagii, semintele contin saponozide etc. Utilizarile medicinale sunt restranse, actiunea specifica putin studiata.<\/h6>\n<h6>Empiric s-a folosit radacina ca purgativ, fructele proaspete ca emolient, iar (in trecut) cele uscate ca absorbant (in chirurgie). Actualmente este apreciat ca burete de baie, prezentand calitati superioare produselor similare din mase plastice.<\/h6>\n<h6><strong>Tehnologia de cultivare a luffa<\/strong><\/h6>\n<h6>Rotatia. Cultura se amplaseaza dupa plante care lasa solul curat de buruieni, cum sunt cerealele de toamna si prasitoarele bine intretinute. Nu se cultiva dupa alte cucurbitaceae sau dupa ea insasi pe acelasi teren, numai dupa cca. 5 ani.<\/h6>\n<h6><strong>Fertilizarea culturilor de luffa<\/strong><\/h6>\n<h6>Se face cu gunoi de grajd bine descompus (cca. 30 tone\/ha ), impreuna cu ingrasaminte chimice in doze de 50-60 kg\/ha N , 40-50kg\/ha P2O5 si 20-30kg \/ha K2O. Gunoiul de grajd, fosforul si potasiul se incorporeaza cu aratura, iar azotul se aplica primavara.<\/h6>\n<h6><strong>Lucrarile solului in culturile de luffa<\/strong><\/h6>\n<h6>Se face aratura adanca la cca. 30 cm, dupa eliberarea terenului de planta premergatoare. Primavara, solul se mentine curat de buruieni si afinat pana la semanat sau plantat (cand solul are 10-12 grade C), prin lucrari cu cultivatorul urmat de grapa cu colti sau cu combinatorul.<\/h6>\n<h6><strong>Lucrarile de ingrijire in culturile de luffa<\/strong><\/h6>\n<h6>Constau in combaterea buruienilor si afinarea solului (prin prasile de cate ori este nevoie), instalarea spalierului, irigarea pana la inflorire si ciupirea varfurilor florale (lasand cate 5 fructe pe planta).<\/h6>\n<h6>Fructele se recolteaza cu mana, la maturitate (cand s-a vestejit codita, iar varful inferior s-a ingalbenit), inainte de primul inghet, pe timp frumos. Se obtine la ha intre 50-100 mii bucati (fructe) si respectiv 300-600 kg samanta.<\/h6>\n<h6>Dupa cules, fructele se pun la uscat la soare sau in incaperi amenajate.<\/h6>\n<h6><\/h6>\n<h6><\/h6>\n<p>&nbsp;<\/p>\n","protected":false},"excerpt":{"rendered":"<h6><span style=\"color: #0000ff;\">6 SEMIN\u021aE <\/span><\/h6>\n<h6><\/h6>\n","protected":false},"featured_media":8179,"comment_status":"open","ping_status":"closed","template":"","meta":{"site-sidebar-layout":"default","site-content-layout":"default","ast-site-content-layout":"default","site-content-style":"default","site-sidebar-style":"default","ast-global-header-display":"","ast-banner-title-visibility":"","ast-main-header-display":"","ast-hfb-above-header-display":"","ast-hfb-below-header-display":"","ast-hfb-mobile-header-display":"","site-post-title":"","ast-breadcrumbs-content":"","ast-featured-img":"","footer-sml-layout":"","ast-disable-related-posts":"","theme-transparent-header-meta":"default","adv-header-id-meta":"","stick-header-meta":"","header-above-stick-meta":"","header-main-stick-meta":"","header-below-stick-meta":"","astra-migrate-meta-layouts":"set","ast-page-background-enabled":"default","ast-page-background-meta":{"desktop":{"background-color":"var(--ast-global-color-4)","background-image":"","background-repeat":"repeat","background-position":"center center","background-size":"auto","background-attachment":"scroll","background-type":"","background-media":"","overlay-type":"","overlay-color":"","overlay-opacity":"","overlay-gradient":""},"tablet":{"background-color":"","background-image":"","background-repeat":"repeat","background-position":"center center","background-size":"auto","background-attachment":"scroll","background-type":"","background-media":"","overlay-type":"","overlay-color":"","overlay-opacity":"","overlay-gradient":""},"mobile":{"background-color":"","background-image":"","background-repeat":"repeat","background-position":"center center","background-size":"auto","background-attachment":"scroll","background-type":"","background-media":"","overlay-type":"","overlay-color":"","overlay-opacity":"","overlay-gradient":""}},"ast-content-background-meta":{"desktop":{"background-color":"var(--ast-global-color-5)","background-image":"","background-repeat":"repeat","background-position":"center center","background-size":"auto","background-attachment":"scroll","background-type":"","background-media":"","overlay-type":"","overlay-color":"","overlay-opacity":"","overlay-gradient":""},"tablet":{"background-color":"var(--ast-global-color-5)","background-image":"","background-repeat":"repeat","background-position":"center center","background-size":"auto","background-attachment":"scroll","background-type":"","background-media":"","overlay-type":"","overlay-color":"","overlay-opacity":"","overlay-gradient":""},"mobile":{"background-color":"var(--ast-global-color-5)","background-image":"","background-repeat":"repeat","background-position":"center center","background-size":"auto","background-attachment":"scroll","background-type":"","background-media":"","overlay-type":"","overlay-color":"","overlay-opacity":"","overlay-gradient":""}}},"product_brand":[],"product_cat":[91],"product_tag":[],"class_list":{"0":"post-8178","1":"product","2":"type-product","3":"status-publish","4":"has-post-thumbnail","6":"product_cat-alte-legume","7":"desktop-align-left","8":"tablet-align-left","9":"mobile-align-left","11":"first","12":"instock","13":"taxable","14":"shipping-taxable","15":"purchasable","16":"product-type-simple"},"_links":{"self":[{"href":"https:\/\/vivasem.ro\/index.php?rest_route=\/wp\/v2\/product\/8178","targetHints":{"allow":["GET"]}}],"collection":[{"href":"https:\/\/vivasem.ro\/index.php?rest_route=\/wp\/v2\/product"}],"about":[{"href":"https:\/\/vivasem.ro\/index.php?rest_route=\/wp\/v2\/types\/product"}],"replies":[{"embeddable":true,"href":"https:\/\/vivasem.ro\/index.php?rest_route=%2Fwp%2Fv2%2Fcomments&post=8178"}],"wp:featuredmedia":[{"embeddable":true,"href":"https:\/\/vivasem.ro\/index.php?rest_route=\/wp\/v2\/media\/8179"}],"wp:attachment":[{"href":"https:\/\/vivasem.ro\/index.php?rest_route=%2Fwp%2Fv2%2Fmedia&parent=8178"}],"wp:term":[{"taxonomy":"product_brand","embeddable":true,"href":"https:\/\/vivasem.ro\/index.php?rest_route=%2Fwp%2Fv2%2Fproduct_brand&post=8178"},{"taxonomy":"product_cat","embeddable":true,"href":"https:\/\/vivasem.ro\/index.php?rest_route=%2Fwp%2Fv2%2Fproduct_cat&post=8178"},{"taxonomy":"product_tag","embeddable":true,"href":"https:\/\/vivasem.ro\/index.php?rest_route=%2Fwp%2Fv2%2Fproduct_tag&post=8178"}],"curies":[{"name":"wp","href":"https:\/\/api.w.org\/{rel}","templated":true}]}}