{"id":8177,"date":"2022-11-23T09:41:47","date_gmt":"2022-11-23T07:41:47","guid":{"rendered":"https:\/\/vivasem.ro\/?post_type=product&#038;p=8177"},"modified":"2025-12-12T12:56:52","modified_gmt":"2025-12-12T10:56:52","slug":"castraveti-hibrid-regina-f1-opal-zi-bulgaria-2g","status":"publish","type":"product","link":"https:\/\/vivasem.ro\/?product=castraveti-hibrid-regina-f1-opal-zi-bulgaria-2g","title":{"rendered":"\u201e\u201eCASTRAVETI CORNICHON REGINA F1 -(Opal ZI-Bulgaria) 2g"},"content":{"rendered":"<h6 style=\"text-align: left;\"><span style=\"color: #ff0000;\"><strong><u>REGINA F1-(Opal ZI-Bulgaria)<\/u><\/strong>,<\/span><\/h6>\n<h6><span style=\"color: #0000ff;\">Hibrid timpuriu foarte productiv ,cu randament ridicat, destinat cultiv\u0103rii, atat in c\u00e2mp deschis, cat \u0219i \u00een solarii \u0219i sere. <\/span><\/h6>\n<h6><span style=\"color: #000000;\">Plantele sunt energice,cu cre\u0219tere rapid\u0103, viguroase, cu flori predominant femele. <\/span><\/h6>\n<h6><span style=\"color: #0000ff;\">Potrivit pentru consum in stare proaspata sau conservare.\u00a0<\/span><\/h6>\n<h6><span style=\"color: #000000;\">Fructele sunt f\u0103r\u0103 gust amar, sunt verzi-deschis, lucioase, acoperite cu negi de culoare verde \u00eenchis \u0219i prezint\u0103 o consisten\u021b\u0103 bun\u0103 \u0219i au o form\u0103 comercial\u0103.<\/span><\/h6>\n<h6><span style=\"color: #0000ff;\">Hibrid productiv, cu toleranta ridicata la conditii de stres,\u00a0la temperaturi ridicate si secet\u0103.<\/span><\/h6>\n<h6>Rezistent la CMV (Cucumber mosaic virus-IR),PM (fainare, &#8211; IR), Este tolerant la antracnoza.<\/h6>\n<h6>Perioada de vegetatie 75-80 zile.<\/h6>\n<h6>Perioada de insamantat:pentru productie timpurie 15aprilie-10 mai,iar pentru productia tarzie 20 iunie-5 iulie.<\/h6>\n<h6>DE CULTIVAT \u00ceN GR\u0102DIN\u0102 \u0218I \u00ceN SOLAR.<\/h6>\n<p>&nbsp;<\/p>\n<h6><\/h6>\n<p>&nbsp;<\/p>\n","protected":false},"excerpt":{"rendered":"<h6><span style=\"color: #0000ff;\">2 grame\/circa 80 SEMIN\u021aE <\/span><\/h6>\n<h6><span style=\"color: #ff00ff;\">REZISTENT LA C\u0102LDUR\u0102 \u0218I SECET\u0102 !<\/span><\/h6>\n<h6><\/h6>\n","protected":false},"featured_media":8176,"comment_status":"open","ping_status":"closed","template":"","meta":{"site-sidebar-layout":"default","site-content-layout":"default","ast-site-content-layout":"default","site-content-style":"default","site-sidebar-style":"default","ast-global-header-display":"","ast-banner-title-visibility":"","ast-main-header-display":"","ast-hfb-above-header-display":"","ast-hfb-below-header-display":"","ast-hfb-mobile-header-display":"","site-post-title":"","ast-breadcrumbs-content":"","ast-featured-img":"","footer-sml-layout":"","ast-disable-related-posts":"","theme-transparent-header-meta":"default","adv-header-id-meta":"","stick-header-meta":"","header-above-stick-meta":"","header-main-stick-meta":"","header-below-stick-meta":"","astra-migrate-meta-layouts":"set","ast-page-background-enabled":"default","ast-page-background-meta":{"desktop":{"background-color":"var(--ast-global-color-4)","background-image":"","background-repeat":"repeat","background-position":"center center","background-size":"auto","background-attachment":"scroll","background-type":"","background-media":"","overlay-type":"","overlay-color":"","overlay-opacity":"","overlay-gradient":""},"tablet":{"background-color":"","background-image":"","background-repeat":"repeat","background-position":"center center","background-size":"auto","background-attachment":"scroll","background-type":"","background-media":"","overlay-type":"","overlay-color":"","overlay-opacity":"","overlay-gradient":""},"mobile":{"background-color":"","background-image":"","background-repeat":"repeat","background-position":"center center","background-size":"auto","background-attachment":"scroll","background-type":"","background-media":"","overlay-type":"","overlay-color":"","overlay-opacity":"","overlay-gradient":""}},"ast-content-background-meta":{"desktop":{"background-color":"var(--ast-global-color-5)","background-image":"","background-repeat":"repeat","background-position":"center center","background-size":"auto","background-attachment":"scroll","background-type":"","background-media":"","overlay-type":"","overlay-color":"","overlay-opacity":"","overlay-gradient":""},"tablet":{"background-color":"var(--ast-global-color-5)","background-image":"","background-repeat":"repeat","background-position":"center center","background-size":"auto","background-attachment":"scroll","background-type":"","background-media":"","overlay-type":"","overlay-color":"","overlay-opacity":"","overlay-gradient":""},"mobile":{"background-color":"var(--ast-global-color-5)","background-image":"","background-repeat":"repeat","background-position":"center center","background-size":"auto","background-attachment":"scroll","background-type":"","background-media":"","overlay-type":"","overlay-color":"","overlay-opacity":"","overlay-gradient":""}}},"product_brand":[],"product_cat":[83],"product_tag":[],"class_list":{"0":"post-8177","1":"product","2":"type-product","3":"status-publish","4":"has-post-thumbnail","6":"product_cat-castraveti-hibrid","7":"desktop-align-left","8":"tablet-align-left","9":"mobile-align-left","11":"first","12":"outofstock","13":"sale","14":"taxable","15":"shipping-taxable","16":"purchasable","17":"product-type-simple"},"_links":{"self":[{"href":"https:\/\/vivasem.ro\/index.php?rest_route=\/wp\/v2\/product\/8177","targetHints":{"allow":["GET"]}}],"collection":[{"href":"https:\/\/vivasem.ro\/index.php?rest_route=\/wp\/v2\/product"}],"about":[{"href":"https:\/\/vivasem.ro\/index.php?rest_route=\/wp\/v2\/types\/product"}],"replies":[{"embeddable":true,"href":"https:\/\/vivasem.ro\/index.php?rest_route=%2Fwp%2Fv2%2Fcomments&post=8177"}],"wp:featuredmedia":[{"embeddable":true,"href":"https:\/\/vivasem.ro\/index.php?rest_route=\/wp\/v2\/media\/8176"}],"wp:attachment":[{"href":"https:\/\/vivasem.ro\/index.php?rest_route=%2Fwp%2Fv2%2Fmedia&parent=8177"}],"wp:term":[{"taxonomy":"product_brand","embeddable":true,"href":"https:\/\/vivasem.ro\/index.php?rest_route=%2Fwp%2Fv2%2Fproduct_brand&post=8177"},{"taxonomy":"product_cat","embeddable":true,"href":"https:\/\/vivasem.ro\/index.php?rest_route=%2Fwp%2Fv2%2Fproduct_cat&post=8177"},{"taxonomy":"product_tag","embeddable":true,"href":"https:\/\/vivasem.ro\/index.php?rest_route=%2Fwp%2Fv2%2Fproduct_tag&post=8177"}],"curies":[{"name":"wp","href":"https:\/\/api.w.org\/{rel}","templated":true}]}}