{"id":816,"date":"2021-11-06T08:49:24","date_gmt":"2021-11-06T06:49:24","guid":{"rendered":"https:\/\/vivasem.ro\/?post_type=product&#038;p=816"},"modified":"2026-01-18T08:56:47","modified_gmt":"2026-01-18T06:56:47","slug":"marmande","status":"publish","type":"product","link":"https:\/\/vivasem.ro\/?product=marmande","title":{"rendered":"MARMANDE -FRATELLI INGEGNOLI"},"content":{"rendered":"<h6><span style=\"color: #ff0000;\">MARMANDE,<a href=\"https:\/\/vivasem.ro\/wp-content\/uploads\/2021\/11\/INGEGNOLI.jpg\"><img loading=\"lazy\" decoding=\"async\" class=\"alignnone size-medium wp-image-8034\" src=\"https:\/\/vivasem.ro\/wp-content\/uploads\/2021\/11\/INGEGNOLI-300x75.jpg\" alt=\"\" width=\"300\" height=\"75\" \/><\/a><\/span><\/h6>\n<h6><span style=\"color: #ff0000;\">Produc\u0103tor :FRATELLI INGEGNOLI-Milano<\/span><\/h6>\n<h6><strong><span style=\"color: #0000ff;\">CELEBRU SOI FRANCEZ SPECIAL DE CULTIVAT \u00ceN GR\u0102DIN\u0102,\u00a0<\/span> HEIRLOOM, CU FRUCTE MARI \u0218I FOARTE MARI, <span style=\"color: #0000ff;\">CE <\/span><\/strong><span style=\"color: #0000ff;\">AU M\u0102RIMEA MEDIE DE 200 grame, DAR POT AJUNGE P\u00c2N\u0102 LA 600 grame.<\/span><\/h6>\n<h6><strong>TOMATELE SUNT C\u0102RNOASE TIP BEEFSTEAK<\/strong> , CE SE POT FELIA , CU SEMIN\u021aE PU\u021aINE , SUCULENTE, <span style=\"color: #0000ff;\">GUST EXCELENT, DULCE-SLAB ACRI\u0218OR,<\/span>FOARTE APRECIATE \u00ceN SALATE \u0218I SANDVI\u0218URI.<\/h6>\n<h6>DE CULOARE FOARTE FRUMOAS\u0102, RO\u0218U-INTENS.<\/h6>\n<h6>SOI MULT CULTIVAT \u00ceN TOAT\u0102 LUMEA , IUBITOR DE C\u0102LDUR\u0102, <span style=\"color: #0000ff;\">REZISTENT LA TEMPERATURI RIDICATE \u0218I SECET\u0102, CU REZULTATE FOARTE BUNE \u00ceN SPECIAL \u00ceN ZONELE SUDICE,<\/span> NEDETERMINAT,\u00a0 SEMITIMPURIU.<\/h6>\n","protected":false},"excerpt":{"rendered":"<h6><span style=\"color: #ff00ff;\">SOI FOARTE REZISTENT LA C\u0102LDUR\u0102 !<\/span><\/h6>\n<h6><span style=\"color: #ff00ff;\">SPECIAL DE GR\u0102DIN\u0102 !<\/span><\/h6>\n<h6><span style=\"color: #ff00ff;\">GUST EXCELENT !<\/span><\/h6>\n","protected":false},"featured_media":3920,"comment_status":"open","ping_status":"closed","template":"","meta":{"site-sidebar-layout":"default","site-content-layout":"default","ast-site-content-layout":"default","site-content-style":"default","site-sidebar-style":"default","ast-global-header-display":"","ast-banner-title-visibility":"","ast-main-header-display":"","ast-hfb-above-header-display":"","ast-hfb-below-header-display":"","ast-hfb-mobile-header-display":"","site-post-title":"","ast-breadcrumbs-content":"","ast-featured-img":"","footer-sml-layout":"","ast-disable-related-posts":"","theme-transparent-header-meta":"default","adv-header-id-meta":"","stick-header-meta":"","header-above-stick-meta":"","header-main-stick-meta":"","header-below-stick-meta":"","astra-migrate-meta-layouts":"set","ast-page-background-enabled":"default","ast-page-background-meta":{"desktop":{"background-color":"var(--ast-global-color-4)","background-image":"","background-repeat":"repeat","background-position":"center center","background-size":"auto","background-attachment":"scroll","background-type":"","background-media":"","overlay-type":"","overlay-color":"","overlay-opacity":"","overlay-gradient":""},"tablet":{"background-color":"","background-image":"","background-repeat":"repeat","background-position":"center center","background-size":"auto","background-attachment":"scroll","background-type":"","background-media":"","overlay-type":"","overlay-color":"","overlay-opacity":"","overlay-gradient":""},"mobile":{"background-color":"","background-image":"","background-repeat":"repeat","background-position":"center center","background-size":"auto","background-attachment":"scroll","background-type":"","background-media":"","overlay-type":"","overlay-color":"","overlay-opacity":"","overlay-gradient":""}},"ast-content-background-meta":{"desktop":{"background-color":"var(--ast-global-color-5)","background-image":"","background-repeat":"repeat","background-position":"center center","background-size":"auto","background-attachment":"scroll","background-type":"","background-media":"","overlay-type":"","overlay-color":"","overlay-opacity":"","overlay-gradient":""},"tablet":{"background-color":"var(--ast-global-color-5)","background-image":"","background-repeat":"repeat","background-position":"center center","background-size":"auto","background-attachment":"scroll","background-type":"","background-media":"","overlay-type":"","overlay-color":"","overlay-opacity":"","overlay-gradient":""},"mobile":{"background-color":"var(--ast-global-color-5)","background-image":"","background-repeat":"repeat","background-position":"center center","background-size":"auto","background-attachment":"scroll","background-type":"","background-media":"","overlay-type":"","overlay-color":"","overlay-opacity":"","overlay-gradient":""}}},"product_brand":[],"product_cat":[151,141,142,15],"product_tag":[],"class_list":{"0":"post-816","1":"product","2":"type-product","3":"status-publish","4":"has-post-thumbnail","6":"product_cat-soiuri-italiene","7":"product_cat-soi-gigant-urias","8":"product_cat-soiuri-rosii-roz","9":"product_cat-tomate-soi","10":"pa_numar-30-s-202","11":"pa_numar-30-s-1200-seminte","12":"pa_numar-30-s-150-seminte","13":"pa_numar-30-s-1500-seminte","14":"pa_numar-30-s-180-seminte","15":"pa_numar-30-s-210-seminte","16":"pa_numar-30-s-240-seminte","17":"pa_numar-30-s-270-seminte","18":"pa_numar-30-s-30-seminte","19":"pa_numar-30-s-300-seminte","20":"pa_numar-30-s-60-seminte","21":"pa_numar-30-s-600-seminte","22":"pa_numar-30-s-90-seminte","23":"pa_numar-30-s-900-seminte","24":"desktop-align-left","25":"tablet-align-left","26":"mobile-align-left","28":"first","29":"instock","30":"sale","31":"taxable","32":"shipping-taxable","33":"purchasable","34":"product-type-variable"},"_links":{"self":[{"href":"https:\/\/vivasem.ro\/index.php?rest_route=\/wp\/v2\/product\/816","targetHints":{"allow":["GET"]}}],"collection":[{"href":"https:\/\/vivasem.ro\/index.php?rest_route=\/wp\/v2\/product"}],"about":[{"href":"https:\/\/vivasem.ro\/index.php?rest_route=\/wp\/v2\/types\/product"}],"replies":[{"embeddable":true,"href":"https:\/\/vivasem.ro\/index.php?rest_route=%2Fwp%2Fv2%2Fcomments&post=816"}],"wp:featuredmedia":[{"embeddable":true,"href":"https:\/\/vivasem.ro\/index.php?rest_route=\/wp\/v2\/media\/3920"}],"wp:attachment":[{"href":"https:\/\/vivasem.ro\/index.php?rest_route=%2Fwp%2Fv2%2Fmedia&parent=816"}],"wp:term":[{"taxonomy":"product_brand","embeddable":true,"href":"https:\/\/vivasem.ro\/index.php?rest_route=%2Fwp%2Fv2%2Fproduct_brand&post=816"},{"taxonomy":"product_cat","embeddable":true,"href":"https:\/\/vivasem.ro\/index.php?rest_route=%2Fwp%2Fv2%2Fproduct_cat&post=816"},{"taxonomy":"product_tag","embeddable":true,"href":"https:\/\/vivasem.ro\/index.php?rest_route=%2Fwp%2Fv2%2Fproduct_tag&post=816"}],"curies":[{"name":"wp","href":"https:\/\/api.w.org\/{rel}","templated":true}]}}