{"id":8155,"date":"2022-11-22T20:42:31","date_gmt":"2022-11-22T18:42:31","guid":{"rendered":"https:\/\/vivasem.ro\/?post_type=product&#038;p=8155"},"modified":"2024-11-18T08:18:53","modified_gmt":"2024-11-18T06:18:53","slug":"rucola-horti-tops","status":"publish","type":"product","link":"https:\/\/vivasem.ro\/?product=rucola-horti-tops","title":{"rendered":"\u201eRUCOLA (Horti Tops)"},"content":{"rendered":"<h6><span style=\"color: #ff0000;\"><strong><u>RUCOLA,\u00a0<\/u><\/strong><\/span><\/h6>\n<h6><span style=\"color: #ff0000;\"><strong><u><span style=\"color: #ff0000;\">&#8211;<\/span><\/u><\/strong><span class=\"post-meta-key\">Produc\u0103tor:<\/span>PIETERPIKZONEN B.V Olanda,<\/span><\/h6>\n<h6>Rucola este o planta aromatic\u0103 cu o arom\u0103 cu totul deosebit\u0103, folosita pentru salat\u0103, pizza, sup\u0103.<\/h6>\n<h6>In \u021b\u0103rile de vest nu exist\u0103 nici o salat\u0103 sau pizza fara Rucola.<\/h6>\n<h6>Rezistenta la inghet. Rucola se culege cu u\u0219urint\u0103. Doar ciupi\u021bi frunzele \u0219i culege\u021bi cate ave\u021bi nevoie.<\/h6>\n<h6>Rupe\u021bi frunzele cu grija fara sa afecta\u021bi plant\u0103, pentru ca ea va continua sa creasc\u0103 si s\u0103 produc\u0103 alte frunze.<\/h6>\n<h6>Rucola este foarte aromat\u0103 si este utilizata in multe feluri de mancare.<\/h6>\n<h6>Cu cat culege\u021bi mai multe frunze, cu atat planta cre\u0219te mai mult.<\/h6>\n<h6>Ocazional indep\u0103rta\u021bi tulpinile cu tendin\u021b\u0103 de lemnificare, a\u0219a incat sa preveni\u021bi formarea florilor si schimbarea gustului frunzelor (devin amare).<\/h6>\n<h6><\/h6>\n<h6><span style=\"color: #0000ff;\">PLANTARE SI INGRIJIRE<\/span><\/h6>\n<h6><span style=\"color: #0000ff;\">Pentru o crestere buna, este necesar ca locul de plantare sa\u00a0beneficieze de prezenta soarelui cel putin 6 ore pe zi, iar solul sa\u00a0fie bine drenat pentru a impiedica stagnarea apei, fertil si bogat in materie organica.<\/span><\/h6>\n<h6><span style=\"color: #0000ff;\">Mulcirea poate ajuta la mentinerea unei temperaturi reci a solului si a unui grad de umiditate constant. Mulciul se prepara\u00a0din compost, frunze fin macinate sau scoarta\u00a0de copac macinata.<\/span><\/h6>\n<h6><span style=\"color: #0000ff;\">Cele mai bune randamente se pot obtine prin fertilizare cu ingrasaminte pe baza\u00a0de azot sau gunoi de grajd, dar de asemenea si ingrasamantul organic este foarte benefic.<\/span><\/h6>\n<h6><span style=\"color: #0000ff;\">Soi rezistent la frig (pana la -7grade Celsius)<\/span><\/h6>\n<h6><\/h6>\n","protected":false},"excerpt":{"rendered":"<h6><span style=\"color: #0000ff;\">5 grame \/4 LEI<img loading=\"lazy\" decoding=\"async\" class=\"alignnone wp-image-6106\" src=\"https:\/\/vivasem.ro\/wp-content\/uploads\/2021\/12\/NOU3.jpg\" alt=\"\" width=\"72\" height=\"69\" srcset=\"https:\/\/vivasem.ro\/wp-content\/uploads\/2021\/12\/NOU3.jpg 270w, https:\/\/vivasem.ro\/wp-content\/uploads\/2021\/12\/NOU3-248x241.jpg 248w\" sizes=\"auto, (max-width: 72px) 100vw, 72px\" \/><\/span><\/h6>\n","protected":false},"featured_media":8156,"comment_status":"open","ping_status":"closed","template":"","meta":{"site-sidebar-layout":"default","site-content-layout":"default","ast-site-content-layout":"default","site-content-style":"default","site-sidebar-style":"default","ast-global-header-display":"","ast-banner-title-visibility":"","ast-main-header-display":"","ast-hfb-above-header-display":"","ast-hfb-below-header-display":"","ast-hfb-mobile-header-display":"","site-post-title":"","ast-breadcrumbs-content":"","ast-featured-img":"","footer-sml-layout":"","ast-disable-related-posts":"","theme-transparent-header-meta":"default","adv-header-id-meta":"","stick-header-meta":"","header-above-stick-meta":"","header-main-stick-meta":"","header-below-stick-meta":"","astra-migrate-meta-layouts":"set","ast-page-background-enabled":"default","ast-page-background-meta":{"desktop":{"background-color":"var(--ast-global-color-4)","background-image":"","background-repeat":"repeat","background-position":"center center","background-size":"auto","background-attachment":"scroll","background-type":"","background-media":"","overlay-type":"","overlay-color":"","overlay-opacity":"","overlay-gradient":""},"tablet":{"background-color":"","background-image":"","background-repeat":"repeat","background-position":"center center","background-size":"auto","background-attachment":"scroll","background-type":"","background-media":"","overlay-type":"","overlay-color":"","overlay-opacity":"","overlay-gradient":""},"mobile":{"background-color":"","background-image":"","background-repeat":"repeat","background-position":"center center","background-size":"auto","background-attachment":"scroll","background-type":"","background-media":"","overlay-type":"","overlay-color":"","overlay-opacity":"","overlay-gradient":""}},"ast-content-background-meta":{"desktop":{"background-color":"var(--ast-global-color-5)","background-image":"","background-repeat":"repeat","background-position":"center center","background-size":"auto","background-attachment":"scroll","background-type":"","background-media":"","overlay-type":"","overlay-color":"","overlay-opacity":"","overlay-gradient":""},"tablet":{"background-color":"var(--ast-global-color-5)","background-image":"","background-repeat":"repeat","background-position":"center center","background-size":"auto","background-attachment":"scroll","background-type":"","background-media":"","overlay-type":"","overlay-color":"","overlay-opacity":"","overlay-gradient":""},"mobile":{"background-color":"var(--ast-global-color-5)","background-image":"","background-repeat":"repeat","background-position":"center center","background-size":"auto","background-attachment":"scroll","background-type":"","background-media":"","overlay-type":"","overlay-color":"","overlay-opacity":"","overlay-gradient":""}}},"product_brand":[],"product_cat":[91],"product_tag":[],"class_list":{"0":"post-8155","1":"product","2":"type-product","3":"status-publish","4":"has-post-thumbnail","6":"product_cat-alte-legume","7":"desktop-align-left","8":"tablet-align-left","9":"mobile-align-left","11":"first","12":"outofstock","13":"taxable","14":"shipping-taxable","15":"purchasable","16":"product-type-simple"},"_links":{"self":[{"href":"https:\/\/vivasem.ro\/index.php?rest_route=\/wp\/v2\/product\/8155","targetHints":{"allow":["GET"]}}],"collection":[{"href":"https:\/\/vivasem.ro\/index.php?rest_route=\/wp\/v2\/product"}],"about":[{"href":"https:\/\/vivasem.ro\/index.php?rest_route=\/wp\/v2\/types\/product"}],"replies":[{"embeddable":true,"href":"https:\/\/vivasem.ro\/index.php?rest_route=%2Fwp%2Fv2%2Fcomments&post=8155"}],"wp:featuredmedia":[{"embeddable":true,"href":"https:\/\/vivasem.ro\/index.php?rest_route=\/wp\/v2\/media\/8156"}],"wp:attachment":[{"href":"https:\/\/vivasem.ro\/index.php?rest_route=%2Fwp%2Fv2%2Fmedia&parent=8155"}],"wp:term":[{"taxonomy":"product_brand","embeddable":true,"href":"https:\/\/vivasem.ro\/index.php?rest_route=%2Fwp%2Fv2%2Fproduct_brand&post=8155"},{"taxonomy":"product_cat","embeddable":true,"href":"https:\/\/vivasem.ro\/index.php?rest_route=%2Fwp%2Fv2%2Fproduct_cat&post=8155"},{"taxonomy":"product_tag","embeddable":true,"href":"https:\/\/vivasem.ro\/index.php?rest_route=%2Fwp%2Fv2%2Fproduct_tag&post=8155"}],"curies":[{"name":"wp","href":"https:\/\/api.w.org\/{rel}","templated":true}]}}