{"id":814,"date":"2021-11-05T20:06:57","date_gmt":"2021-11-05T18:06:57","guid":{"rendered":"https:\/\/vivasem.ro\/?post_type=product&#038;p=814"},"modified":"2025-12-28T18:30:12","modified_gmt":"2025-12-28T16:30:12","slug":"brandywine-black","status":"publish","type":"product","link":"https:\/\/vivasem.ro\/?product=brandywine-black","title":{"rendered":"BRANDYWINE BLACK"},"content":{"rendered":"<h6><span style=\"color: #ff0000;\"><strong>BRANDYWINE BLACK, <\/strong><\/span><\/h6>\n<h6><span style=\"color: #0000ff;\"><strong>UN SOI EXCEP\u021aIONAL AMERICAN, CLASIC, HEIRLOOM, \u0218TIUT DE PESTE 100 DE ANI, CE COMBIN\u0102 AROMA BOGAT\u0102 A CLASICULUI BRANDYWINE<\/strong>, <strong>CU DULCEA\u021aA \u0218I PARFUMUL SPECIFIC SOIURILOR NEGRE<\/strong>.<\/span><\/h6>\n<h6>\u00ceN PLUS,PREZINT\u0102\u00a0 CULORI FRUMOASE DE MAHON-VERDE \u00ceNCHIS P\u00c2N\u0102 LA NEGRU.<\/h6>\n<h6>FRUCTELE SUNT MARI,\u00ceN MEDIE DE 200 grame, DAR\u00a0 ADESEA AJUNG PESTE 400-500 grame.<\/h6>\n<h6>.PLANTELE, VIGUROASE , NEDETERMINATE, CU FRUNZE TIP CARTOF , ASIGUR\u0102 RECOLTE BOGATE.<\/h6>\n<h6>TOMATELE DIN GAMA BRANDYWINE, DATORIT\u0102 CALIT\u0102\u021aILOR LOR, SUNT DINTRE CELE MAI CUNOSCUTE \u0218I CULTIVATE \u00ceN LUME.<\/h6>\n","protected":false},"excerpt":{"rendered":"<h6><span style=\"color: #0000ff;\">30 SEMIN\u021aE<\/span><\/h6>\n<h6>GUST EXCEP\u021aIONAL !<\/h6>\n<h6>SOI DEOSEBIT !<\/h6>\n","protected":false},"featured_media":2503,"comment_status":"open","ping_status":"closed","template":"","meta":{"site-sidebar-layout":"default","site-content-layout":"default","ast-site-content-layout":"default","site-content-style":"default","site-sidebar-style":"default","ast-global-header-display":"","ast-banner-title-visibility":"","ast-main-header-display":"","ast-hfb-above-header-display":"","ast-hfb-below-header-display":"","ast-hfb-mobile-header-display":"","site-post-title":"","ast-breadcrumbs-content":"","ast-featured-img":"","footer-sml-layout":"","ast-disable-related-posts":"","theme-transparent-header-meta":"default","adv-header-id-meta":"","stick-header-meta":"","header-above-stick-meta":"","header-main-stick-meta":"","header-below-stick-meta":"","astra-migrate-meta-layouts":"set","ast-page-background-enabled":"default","ast-page-background-meta":{"desktop":{"background-color":"var(--ast-global-color-4)","background-image":"","background-repeat":"repeat","background-position":"center center","background-size":"auto","background-attachment":"scroll","background-type":"","background-media":"","overlay-type":"","overlay-color":"","overlay-opacity":"","overlay-gradient":""},"tablet":{"background-color":"","background-image":"","background-repeat":"repeat","background-position":"center center","background-size":"auto","background-attachment":"scroll","background-type":"","background-media":"","overlay-type":"","overlay-color":"","overlay-opacity":"","overlay-gradient":""},"mobile":{"background-color":"","background-image":"","background-repeat":"repeat","background-position":"center center","background-size":"auto","background-attachment":"scroll","background-type":"","background-media":"","overlay-type":"","overlay-color":"","overlay-opacity":"","overlay-gradient":""}},"ast-content-background-meta":{"desktop":{"background-color":"var(--ast-global-color-5)","background-image":"","background-repeat":"repeat","background-position":"center center","background-size":"auto","background-attachment":"scroll","background-type":"","background-media":"","overlay-type":"","overlay-color":"","overlay-opacity":"","overlay-gradient":""},"tablet":{"background-color":"var(--ast-global-color-5)","background-image":"","background-repeat":"repeat","background-position":"center center","background-size":"auto","background-attachment":"scroll","background-type":"","background-media":"","overlay-type":"","overlay-color":"","overlay-opacity":"","overlay-gradient":""},"mobile":{"background-color":"var(--ast-global-color-5)","background-image":"","background-repeat":"repeat","background-position":"center center","background-size":"auto","background-attachment":"scroll","background-type":"","background-media":"","overlay-type":"","overlay-color":"","overlay-opacity":"","overlay-gradient":""}}},"product_brand":[],"product_cat":[141,138,15],"product_tag":[],"class_list":{"0":"post-814","1":"product","2":"type-product","3":"status-publish","4":"has-post-thumbnail","6":"product_cat-soi-gigant-urias","7":"product_cat-soiuri-negre","8":"product_cat-tomate-soi","9":"desktop-align-left","10":"tablet-align-left","11":"mobile-align-left","13":"first","14":"instock","15":"taxable","16":"shipping-taxable","17":"purchasable","18":"product-type-simple"},"_links":{"self":[{"href":"https:\/\/vivasem.ro\/index.php?rest_route=\/wp\/v2\/product\/814","targetHints":{"allow":["GET"]}}],"collection":[{"href":"https:\/\/vivasem.ro\/index.php?rest_route=\/wp\/v2\/product"}],"about":[{"href":"https:\/\/vivasem.ro\/index.php?rest_route=\/wp\/v2\/types\/product"}],"replies":[{"embeddable":true,"href":"https:\/\/vivasem.ro\/index.php?rest_route=%2Fwp%2Fv2%2Fcomments&post=814"}],"wp:featuredmedia":[{"embeddable":true,"href":"https:\/\/vivasem.ro\/index.php?rest_route=\/wp\/v2\/media\/2503"}],"wp:attachment":[{"href":"https:\/\/vivasem.ro\/index.php?rest_route=%2Fwp%2Fv2%2Fmedia&parent=814"}],"wp:term":[{"taxonomy":"product_brand","embeddable":true,"href":"https:\/\/vivasem.ro\/index.php?rest_route=%2Fwp%2Fv2%2Fproduct_brand&post=814"},{"taxonomy":"product_cat","embeddable":true,"href":"https:\/\/vivasem.ro\/index.php?rest_route=%2Fwp%2Fv2%2Fproduct_cat&post=814"},{"taxonomy":"product_tag","embeddable":true,"href":"https:\/\/vivasem.ro\/index.php?rest_route=%2Fwp%2Fv2%2Fproduct_tag&post=814"}],"curies":[{"name":"wp","href":"https:\/\/api.w.org\/{rel}","templated":true}]}}