{"id":8132,"date":"2022-11-21T09:48:18","date_gmt":"2022-11-21T07:48:18","guid":{"rendered":"https:\/\/vivasem.ro\/?post_type=product&#038;p=8132"},"modified":"2023-02-04T15:36:56","modified_gmt":"2023-02-04T13:36:56","slug":"ardei-kapia-amfora-opal-zi-bulgaria","status":"publish","type":"product","link":"https:\/\/vivasem.ro\/?product=ardei-kapia-amfora-opal-zi-bulgaria","title":{"rendered":"GOGOSAR BULG\u0102RESC ROTUND\/BALGARSKI RATUND (Opal ZI-Bulgaria) (5g)"},"content":{"rendered":"<h6><span style=\"color: #ff0000;\"><strong><u>ARDEI GOGO\u0218AR BULG\u0102RESC ROTUND ,<\/u><\/strong><\/span><\/h6>\n<h6><span style=\"color: #ff0000;\"><strong>Produc\u0103tor :Opal ZI-Bulgaria<\/strong><\/span><strong><br \/>\n<span style=\"color: #0000ff;\">SOI DE GOGO\u0218ARI MULT CULTIVAT \u00ceN BULGARIA, PENTRUCU FRUCTELE MARI , DE <\/span><\/strong><strong>180 &#8211; 250 gr CU DIAMETRU <\/strong><span style=\"color: #0000ff;\"><strong>\u00a0DE 8-11\u00a0 cm . , CU <\/strong>PULPA\u00a0 GROAS\u0102 DE 6-7 mm, FOARTE DULCE \u0218I AROMAT\u0102, FRAGED\u0102, SUCULENT\u0102.<\/span><\/h6>\n<h6>La maturitatea tehnica culoarea este verde inchis, iar la coacere, culoarea este rosu aprins.<\/h6>\n<h6><span style=\"color: #ff0000;\"><strong>SOI FOARTE PRODUCTIV<\/strong> .<\/span><\/h6>\n<h6><span style=\"color: #0000ff;\">FOARTE REZISTENT LA\u00a0 TEMPERATURILE RIDICATE DE VAR\u0102 \u0218I LA DIVERSE BOLI<\/span><\/h6>\n<h6>Soi semitimpuriu , perioada de vegeta\u021bie este de 115-120 zile.cu randament foarte mare.<br \/>\n<span style=\"color: #0000ff;\">Recomandat pentru cultura in camp si in spatii protejate, sere si solarii.<\/span><\/h6>\n<h6><strong>Pentru productia timpurie, insamantarea se face din 01-15 februarie, pentru cea medie din 01-20 martie, iar pentru cea tarzie incepand din 01-15 aprilie, la o adancime de 2-3 cm.<\/strong><\/h6>\n<h6>Este potrivit pentru\u00a0 consum proasp\u0103t, pentru conservat, copt ,marinare,etc.<\/h6>\n","protected":false},"excerpt":{"rendered":"<h6><span style=\"color: #0000ff;\">5 GRAME\/ 750 SEMIN\u021aE<\/span><\/h6>\n","protected":false},"featured_media":8134,"comment_status":"open","ping_status":"closed","template":"","meta":{"site-sidebar-layout":"default","site-content-layout":"default","ast-site-content-layout":"default","site-content-style":"default","site-sidebar-style":"default","ast-global-header-display":"","ast-banner-title-visibility":"","ast-main-header-display":"","ast-hfb-above-header-display":"","ast-hfb-below-header-display":"","ast-hfb-mobile-header-display":"","site-post-title":"","ast-breadcrumbs-content":"","ast-featured-img":"","footer-sml-layout":"","ast-disable-related-posts":"","theme-transparent-header-meta":"default","adv-header-id-meta":"","stick-header-meta":"","header-above-stick-meta":"","header-main-stick-meta":"","header-below-stick-meta":"","astra-migrate-meta-layouts":"default","ast-page-background-enabled":"default","ast-page-background-meta":{"desktop":{"background-color":"var(--ast-global-color-4)","background-image":"","background-repeat":"repeat","background-position":"center center","background-size":"auto","background-attachment":"scroll","background-type":"","background-media":"","overlay-type":"","overlay-color":"","overlay-opacity":"","overlay-gradient":""},"tablet":{"background-color":"","background-image":"","background-repeat":"repeat","background-position":"center center","background-size":"auto","background-attachment":"scroll","background-type":"","background-media":"","overlay-type":"","overlay-color":"","overlay-opacity":"","overlay-gradient":""},"mobile":{"background-color":"","background-image":"","background-repeat":"repeat","background-position":"center center","background-size":"auto","background-attachment":"scroll","background-type":"","background-media":"","overlay-type":"","overlay-color":"","overlay-opacity":"","overlay-gradient":""}},"ast-content-background-meta":{"desktop":{"background-color":"var(--ast-global-color-5)","background-image":"","background-repeat":"repeat","background-position":"center center","background-size":"auto","background-attachment":"scroll","background-type":"","background-media":"","overlay-type":"","overlay-color":"","overlay-opacity":"","overlay-gradient":""},"tablet":{"background-color":"var(--ast-global-color-5)","background-image":"","background-repeat":"repeat","background-position":"center center","background-size":"auto","background-attachment":"scroll","background-type":"","background-media":"","overlay-type":"","overlay-color":"","overlay-opacity":"","overlay-gradient":""},"mobile":{"background-color":"var(--ast-global-color-5)","background-image":"","background-repeat":"repeat","background-position":"center center","background-size":"auto","background-attachment":"scroll","background-type":"","background-media":"","overlay-type":"","overlay-color":"","overlay-opacity":"","overlay-gradient":""}}},"product_brand":[],"product_cat":[149],"product_tag":[],"class_list":{"0":"post-8132","1":"product","2":"type-product","3":"status-publish","4":"has-post-thumbnail","6":"product_cat-33-produse-epuizate","7":"desktop-align-left","8":"tablet-align-left","9":"mobile-align-left","11":"first","12":"outofstock","13":"taxable","14":"shipping-taxable","15":"purchasable","16":"product-type-simple"},"_links":{"self":[{"href":"https:\/\/vivasem.ro\/index.php?rest_route=\/wp\/v2\/product\/8132","targetHints":{"allow":["GET"]}}],"collection":[{"href":"https:\/\/vivasem.ro\/index.php?rest_route=\/wp\/v2\/product"}],"about":[{"href":"https:\/\/vivasem.ro\/index.php?rest_route=\/wp\/v2\/types\/product"}],"replies":[{"embeddable":true,"href":"https:\/\/vivasem.ro\/index.php?rest_route=%2Fwp%2Fv2%2Fcomments&post=8132"}],"wp:featuredmedia":[{"embeddable":true,"href":"https:\/\/vivasem.ro\/index.php?rest_route=\/wp\/v2\/media\/8134"}],"wp:attachment":[{"href":"https:\/\/vivasem.ro\/index.php?rest_route=%2Fwp%2Fv2%2Fmedia&parent=8132"}],"wp:term":[{"taxonomy":"product_brand","embeddable":true,"href":"https:\/\/vivasem.ro\/index.php?rest_route=%2Fwp%2Fv2%2Fproduct_brand&post=8132"},{"taxonomy":"product_cat","embeddable":true,"href":"https:\/\/vivasem.ro\/index.php?rest_route=%2Fwp%2Fv2%2Fproduct_cat&post=8132"},{"taxonomy":"product_tag","embeddable":true,"href":"https:\/\/vivasem.ro\/index.php?rest_route=%2Fwp%2Fv2%2Fproduct_tag&post=8132"}],"curies":[{"name":"wp","href":"https:\/\/api.w.org\/{rel}","templated":true}]}}