{"id":8124,"date":"2022-11-20T23:13:16","date_gmt":"2022-11-20T21:13:16","guid":{"rendered":"https:\/\/vivasem.ro\/?post_type=product&#038;p=8124"},"modified":"2025-12-07T19:01:30","modified_gmt":"2025-12-07T17:01:30","slug":"inima-de-albenga-opal-zi-bulgaria","status":"publish","type":"product","link":"https:\/\/vivasem.ro\/?product=inima-de-albenga-opal-zi-bulgaria","title":{"rendered":"INIMA DE ALBENGA (Opal ZI-Bulgaria)"},"content":{"rendered":"<h6><span style=\"color: #ff0000;\"><strong>INIM\u0102 DE ALBENGA,<\/strong><\/span><\/h6>\n<p><span style=\"color: #ff0000;\"><strong><u><span class=\"post-meta-key\">PRODUC\u0102TOR:OPAL ZI OOG -BULGARIA<\/span>,<\/u><\/strong><\/span><\/p>\n<h6><strong><span style=\"color: #0000ff;\">VARIETATE LA CEA MAI CELEBR\u0102 INIM\u0102 DE BOU ITALIAN\u0102, CULTIVAT\u0102 \u00ceN TOAT\u0102 LUMEA,<\/span> CU FRUCTELE TIP PAR\u0102 CREA\u021a\u0102, DE CULOARE RO\u0218IE-INTENS\u0102, FOARTE FRUMOASE .<\/strong><\/h6>\n<h6><strong><span style=\"color: #0000ff;\">DEOSEBIT DE GUSTOASE, DULCI,<\/span> NEACIDE<\/strong>, FOARTE C\u0102RNOASE, SUCULENTE .<\/h6>\n<h6><span style=\"color: #0000ff;\">GREUTATEA MEDIE ESTE DE 100-200 grame, DAR S-AU \u00ceNREGISTRAT \u0218I RECORDURI DE 1 kilogram.<\/span><\/h6>\n<h6>SOI REZISTENT LA BOLI, <span style=\"color: #0000ff;\">FOARTE PRODUCTIV,<\/span> CARE D\u0102 REZULTATE FOARTE BUNE\u00a0 \u00a0SI LA CLIMA NOASTR\u0102, \u00ceN GR\u0102DIN\u0102,DAR \u0218I \u00ceN SOLAR.<\/h6>\n<h6>SOI VECHI, HEIRLOOM,NEDETERMINAT, SEMITIMPURIU.<\/h6>\n","protected":false},"excerpt":{"rendered":"<h6><span style=\"color: #0000ff;\">0,2 grame\/60-70 SEMIN\u021aE<\/span><\/h6>\n<h6><span style=\"color: #ff00ff;\">SOI PRODUCTIV , <\/span><span style=\"color: #ff00ff;\">DEOSEBIT DE GUSTOS !<\/span><\/h6>\n","protected":false},"featured_media":8121,"comment_status":"open","ping_status":"closed","template":"","meta":{"site-sidebar-layout":"default","site-content-layout":"default","ast-site-content-layout":"default","site-content-style":"default","site-sidebar-style":"default","ast-global-header-display":"","ast-banner-title-visibility":"","ast-main-header-display":"","ast-hfb-above-header-display":"","ast-hfb-below-header-display":"","ast-hfb-mobile-header-display":"","site-post-title":"","ast-breadcrumbs-content":"","ast-featured-img":"","footer-sml-layout":"","ast-disable-related-posts":"","theme-transparent-header-meta":"default","adv-header-id-meta":"","stick-header-meta":"","header-above-stick-meta":"","header-main-stick-meta":"","header-below-stick-meta":"","astra-migrate-meta-layouts":"set","ast-page-background-enabled":"default","ast-page-background-meta":{"desktop":{"background-color":"var(--ast-global-color-4)","background-image":"","background-repeat":"repeat","background-position":"center center","background-size":"auto","background-attachment":"scroll","background-type":"","background-media":"","overlay-type":"","overlay-color":"","overlay-opacity":"","overlay-gradient":""},"tablet":{"background-color":"","background-image":"","background-repeat":"repeat","background-position":"center center","background-size":"auto","background-attachment":"scroll","background-type":"","background-media":"","overlay-type":"","overlay-color":"","overlay-opacity":"","overlay-gradient":""},"mobile":{"background-color":"","background-image":"","background-repeat":"repeat","background-position":"center center","background-size":"auto","background-attachment":"scroll","background-type":"","background-media":"","overlay-type":"","overlay-color":"","overlay-opacity":"","overlay-gradient":""}},"ast-content-background-meta":{"desktop":{"background-color":"var(--ast-global-color-5)","background-image":"","background-repeat":"repeat","background-position":"center center","background-size":"auto","background-attachment":"scroll","background-type":"","background-media":"","overlay-type":"","overlay-color":"","overlay-opacity":"","overlay-gradient":""},"tablet":{"background-color":"var(--ast-global-color-5)","background-image":"","background-repeat":"repeat","background-position":"center center","background-size":"auto","background-attachment":"scroll","background-type":"","background-media":"","overlay-type":"","overlay-color":"","overlay-opacity":"","overlay-gradient":""},"mobile":{"background-color":"var(--ast-global-color-5)","background-image":"","background-repeat":"repeat","background-position":"center center","background-size":"auto","background-attachment":"scroll","background-type":"","background-media":"","overlay-type":"","overlay-color":"","overlay-opacity":"","overlay-gradient":""}}},"product_brand":[],"product_cat":[151,141,142,144,187,15],"product_tag":[],"class_list":{"0":"post-8124","1":"product","2":"type-product","3":"status-publish","4":"has-post-thumbnail","6":"product_cat-soiuri-italiene","7":"product_cat-soi-gigant-urias","8":"product_cat-soiuri-rosii-roz","9":"product_cat-soiuri-tip-inima-de-bou","10":"product_cat-soiuri-florian-opal-bulgaria","11":"product_cat-tomate-soi","12":"desktop-align-left","13":"tablet-align-left","14":"mobile-align-left","16":"first","17":"instock","18":"taxable","19":"shipping-taxable","20":"purchasable","21":"product-type-simple"},"_links":{"self":[{"href":"https:\/\/vivasem.ro\/index.php?rest_route=\/wp\/v2\/product\/8124","targetHints":{"allow":["GET"]}}],"collection":[{"href":"https:\/\/vivasem.ro\/index.php?rest_route=\/wp\/v2\/product"}],"about":[{"href":"https:\/\/vivasem.ro\/index.php?rest_route=\/wp\/v2\/types\/product"}],"replies":[{"embeddable":true,"href":"https:\/\/vivasem.ro\/index.php?rest_route=%2Fwp%2Fv2%2Fcomments&post=8124"}],"wp:featuredmedia":[{"embeddable":true,"href":"https:\/\/vivasem.ro\/index.php?rest_route=\/wp\/v2\/media\/8121"}],"wp:attachment":[{"href":"https:\/\/vivasem.ro\/index.php?rest_route=%2Fwp%2Fv2%2Fmedia&parent=8124"}],"wp:term":[{"taxonomy":"product_brand","embeddable":true,"href":"https:\/\/vivasem.ro\/index.php?rest_route=%2Fwp%2Fv2%2Fproduct_brand&post=8124"},{"taxonomy":"product_cat","embeddable":true,"href":"https:\/\/vivasem.ro\/index.php?rest_route=%2Fwp%2Fv2%2Fproduct_cat&post=8124"},{"taxonomy":"product_tag","embeddable":true,"href":"https:\/\/vivasem.ro\/index.php?rest_route=%2Fwp%2Fv2%2Fproduct_tag&post=8124"}],"curies":[{"name":"wp","href":"https:\/\/api.w.org\/{rel}","templated":true}]}}