{"id":812,"date":"2021-11-05T14:30:07","date_gmt":"2021-11-05T12:30:07","guid":{"rendered":"https:\/\/vivasem.ro\/?post_type=product&#038;p=812"},"modified":"2025-05-12T15:49:49","modified_gmt":"2025-05-12T13:49:49","slug":"black-krim","status":"publish","type":"product","link":"https:\/\/vivasem.ro\/?product=black-krim","title":{"rendered":"BLACK KRIM\/NEGRE DE CRIMEEA (30s)"},"content":{"rendered":"<h6><span style=\"color: #ff0000;\">BLACK KRIM\/NEGRE DE CRIMEEA, <\/span><\/h6>\n<h6><span style=\"color: #0000ff;\">ESTE UNUL DINTRE CELE MAI BUNE SOIURI RUSE\u0218TI DE TOMATE NEGRE, VECHI, HEIRLOOM, FIIND \u0218I TIMPURIU, \u0218I CU GUST EXCEP\u021aIONAL, DULCE- SLAB ACID,CU AROM\u0102 INTENS\u0102, SPECIFIC\u0102.<\/span><\/h6>\n<h6><span style=\"color: #ff0000;\">FIIND REZISTENT LA TEMPERATURI MAI SC\u0102ZUTE \u0218I LA VARIA\u021aII DE CLIM\u0102,\u00a0 PRODUCE MULT \u0218I CONSTANT, BUCHETE DE\u00a0 2-3 FRUCTE MARI ,GUSTOASE \u0218I SUCULENTE.<\/span><\/h6>\n<h6>GREUTATEA MEDIE ESTE DE 150-250 grame, DAR SE AJUNGE \u0218I LA 500 grame.<\/h6>\n<h6>PLANTELE SUNT NEDETERMINATE.<\/h6>\n<h6><span style=\"color: #ff0000;\">DATORIT\u0102 MULTIPLELOR REZISTEN\u021aE,ACEST SOI D\u0102 REZULTATE FOARTE BUNE LA CULTIVAREA \u00ceN GR\u0102DIN\u0102 , \u0218I DEOSEBITE \u00ceN SOLARII.<\/span><\/h6>\n<p>&nbsp;<\/p>\n","protected":false},"excerpt":{"rendered":"<h6><span style=\"color: #0000ff;\">30 SEMIN\u021aE<\/span><\/h6>\n<h6><span style=\"color: #ff00ff;\">SOI EXCEP\u021aIONAL, <\/span><span style=\"color: #ff00ff;\">PRODUCTIVITATE \u00ceNALT\u0102, <\/span><span style=\"color: #ff00ff;\">FOARTE REZISTENT\u00a0<\/span><\/h6>\n","protected":false},"featured_media":1941,"comment_status":"open","ping_status":"closed","template":"","meta":{"site-sidebar-layout":"default","site-content-layout":"default","ast-site-content-layout":"default","site-content-style":"default","site-sidebar-style":"default","ast-global-header-display":"","ast-banner-title-visibility":"","ast-main-header-display":"","ast-hfb-above-header-display":"","ast-hfb-below-header-display":"","ast-hfb-mobile-header-display":"","site-post-title":"","ast-breadcrumbs-content":"","ast-featured-img":"","footer-sml-layout":"","ast-disable-related-posts":"","theme-transparent-header-meta":"default","adv-header-id-meta":"","stick-header-meta":"","header-above-stick-meta":"","header-main-stick-meta":"","header-below-stick-meta":"","astra-migrate-meta-layouts":"set","ast-page-background-enabled":"default","ast-page-background-meta":{"desktop":{"background-color":"var(--ast-global-color-4)","background-image":"","background-repeat":"repeat","background-position":"center center","background-size":"auto","background-attachment":"scroll","background-type":"","background-media":"","overlay-type":"","overlay-color":"","overlay-opacity":"","overlay-gradient":""},"tablet":{"background-color":"","background-image":"","background-repeat":"repeat","background-position":"center center","background-size":"auto","background-attachment":"scroll","background-type":"","background-media":"","overlay-type":"","overlay-color":"","overlay-opacity":"","overlay-gradient":""},"mobile":{"background-color":"","background-image":"","background-repeat":"repeat","background-position":"center center","background-size":"auto","background-attachment":"scroll","background-type":"","background-media":"","overlay-type":"","overlay-color":"","overlay-opacity":"","overlay-gradient":""}},"ast-content-background-meta":{"desktop":{"background-color":"var(--ast-global-color-5)","background-image":"","background-repeat":"repeat","background-position":"center center","background-size":"auto","background-attachment":"scroll","background-type":"","background-media":"","overlay-type":"","overlay-color":"","overlay-opacity":"","overlay-gradient":""},"tablet":{"background-color":"var(--ast-global-color-5)","background-image":"","background-repeat":"repeat","background-position":"center center","background-size":"auto","background-attachment":"scroll","background-type":"","background-media":"","overlay-type":"","overlay-color":"","overlay-opacity":"","overlay-gradient":""},"mobile":{"background-color":"var(--ast-global-color-5)","background-image":"","background-repeat":"repeat","background-position":"center center","background-size":"auto","background-attachment":"scroll","background-type":"","background-media":"","overlay-type":"","overlay-color":"","overlay-opacity":"","overlay-gradient":""}}},"product_brand":[],"product_cat":[141,138,15],"product_tag":[],"class_list":{"0":"post-812","1":"product","2":"type-product","3":"status-publish","4":"has-post-thumbnail","6":"product_cat-soi-gigant-urias","7":"product_cat-soiuri-negre","8":"product_cat-tomate-soi","9":"desktop-align-left","10":"tablet-align-left","11":"mobile-align-left","13":"first","14":"instock","15":"taxable","16":"shipping-taxable","17":"purchasable","18":"product-type-simple"},"_links":{"self":[{"href":"https:\/\/vivasem.ro\/index.php?rest_route=\/wp\/v2\/product\/812","targetHints":{"allow":["GET"]}}],"collection":[{"href":"https:\/\/vivasem.ro\/index.php?rest_route=\/wp\/v2\/product"}],"about":[{"href":"https:\/\/vivasem.ro\/index.php?rest_route=\/wp\/v2\/types\/product"}],"replies":[{"embeddable":true,"href":"https:\/\/vivasem.ro\/index.php?rest_route=%2Fwp%2Fv2%2Fcomments&post=812"}],"wp:featuredmedia":[{"embeddable":true,"href":"https:\/\/vivasem.ro\/index.php?rest_route=\/wp\/v2\/media\/1941"}],"wp:attachment":[{"href":"https:\/\/vivasem.ro\/index.php?rest_route=%2Fwp%2Fv2%2Fmedia&parent=812"}],"wp:term":[{"taxonomy":"product_brand","embeddable":true,"href":"https:\/\/vivasem.ro\/index.php?rest_route=%2Fwp%2Fv2%2Fproduct_brand&post=812"},{"taxonomy":"product_cat","embeddable":true,"href":"https:\/\/vivasem.ro\/index.php?rest_route=%2Fwp%2Fv2%2Fproduct_cat&post=812"},{"taxonomy":"product_tag","embeddable":true,"href":"https:\/\/vivasem.ro\/index.php?rest_route=%2Fwp%2Fv2%2Fproduct_tag&post=812"}],"curies":[{"name":"wp","href":"https:\/\/api.w.org\/{rel}","templated":true}]}}