{"id":811,"date":"2021-11-05T14:23:45","date_gmt":"2021-11-05T12:23:45","guid":{"rendered":"https:\/\/vivasem.ro\/?post_type=product&#038;p=811"},"modified":"2026-02-06T12:41:02","modified_gmt":"2026-02-06T10:41:02","slug":"kot-timofey-cotoiul-timofey","status":"publish","type":"product","link":"https:\/\/vivasem.ro\/?product=kot-timofey-cotoiul-timofey","title":{"rendered":"AURORA (DE CONSTANTA)"},"content":{"rendered":"<h6><span style=\"color: #ff0000;\">AURORA (DE CONSTANTA),<\/span><\/h6>\n<h6><span style=\"color: #000080;\">SOI CARACTERIZAT , \u00ceN PRIMUL R\u00c2ND PINTR-UN UN GUST EXCEP\u021aIONAL , FOARTE DULCE, U\u0218OR ACID \u0218I\u00a0 \u00a0AROM\u0102 DE RO\u0218IE CLASIC\u0102.<\/span><\/h6>\n<h6><span style=\"color: #000080;\">FRUCTE MARI,\u00a0 \u0218I FOARTE MARI, GREUTATEA MEDIE ESTE DE 200-300 grame, DAR POT ATINGE\u00a0 \u0218I 500 grame.<\/span><\/h6>\n<h6><span style=\"color: #0000ff;\">TOMATELE SUNT\u00a0 GRUPATE \u00ceN CIORCHINI, DE FORM\u0102 SFERIC-TURTITE, CU U\u0218OARE NERVURI LA COTOR, FOARTE C\u0102RNOASE, SUCULENTE, DE CONSUMAT PROASPETE, \u00ceN SALATE SAU PENTRU CONSERVE.<\/span><\/h6>\n<h6><span style=\"color: #000080;\">SOI DEOSEBIT DE PRODUCTIV, DATORIT\u0102 \u0218I\u00a0 REZISTEN\u021aEI FOARTE\u00a0 BUNE LA BOLI \u0218I VARIA\u021aII TERMICE \u0218I \u00ceN SPECIAL LA FRIG, SEMITIMPURIU, NEDETERMINAT.<\/span><\/h6>\n<h6><span style=\"color: #0000ff;\">A FOST CREEAT LA CENTRUL DE CERCETARE PENTRU LEGUMICULTUR\u0102\u00a0 \u00a0CARE A FUNCTIONAT \u00ceNTRE 1950-1958 , \u00ceN COMUNA \u021aIG\u0102NE\u0218TI, jud.TELEORMAN , IAR DUP\u0102 \u00ceNCHIDEREA CENTRULUI, D-NA CERCET\u0102TOARE PILAT, S-A MUTAT LA CONSTAN\u021aA\u00a0 \u0218I DE AICI A FOST R\u0102SP\u00c2NDIT .<\/span><\/h6>\n","protected":false},"excerpt":{"rendered":"<h6><span style=\"color: #0000ff;\">30 SEMIN\u021aE<\/span><\/h6>\n<h6><span style=\"color: #ff00ff;\">GUST EXCEP\u021aIONAL !SOI REZISTENT \u0218I FOARTE\u00a0 PRODUCTIV !<\/span><\/h6>\n<h6><\/h6>\n<p><img loading=\"lazy\" decoding=\"async\" class=\"alignnone size-medium wp-image-17985\" src=\"https:\/\/vivasem.ro\/wp-content\/uploads\/2025\/05\/SOI-ROMANESC-300x106.jpg\" alt=\"\" width=\"300\" height=\"106\" srcset=\"https:\/\/vivasem.ro\/wp-content\/uploads\/2025\/05\/SOI-ROMANESC-300x106.jpg 300w, https:\/\/vivasem.ro\/wp-content\/uploads\/2025\/05\/SOI-ROMANESC-150x53.jpg 150w, https:\/\/vivasem.ro\/wp-content\/uploads\/2025\/05\/SOI-ROMANESC-248x88.jpg 248w, https:\/\/vivasem.ro\/wp-content\/uploads\/2025\/05\/SOI-ROMANESC-590x209.jpg 590w, https:\/\/vivasem.ro\/wp-content\/uploads\/2025\/05\/SOI-ROMANESC.jpg 700w\" sizes=\"auto, (max-width: 300px) 100vw, 300px\" \/><\/p>\n<p>&nbsp;<\/p>\n","protected":false},"featured_media":12659,"comment_status":"open","ping_status":"closed","template":"","meta":{"site-sidebar-layout":"default","site-content-layout":"default","ast-site-content-layout":"default","site-content-style":"default","site-sidebar-style":"default","ast-global-header-display":"","ast-banner-title-visibility":"","ast-main-header-display":"","ast-hfb-above-header-display":"","ast-hfb-below-header-display":"","ast-hfb-mobile-header-display":"","site-post-title":"","ast-breadcrumbs-content":"","ast-featured-img":"","footer-sml-layout":"","ast-disable-related-posts":"","theme-transparent-header-meta":"default","adv-header-id-meta":"","stick-header-meta":"","header-above-stick-meta":"","header-main-stick-meta":"","header-below-stick-meta":"","astra-migrate-meta-layouts":"set","ast-page-background-enabled":"default","ast-page-background-meta":{"desktop":{"background-color":"var(--ast-global-color-4)","background-image":"","background-repeat":"repeat","background-position":"center center","background-size":"auto","background-attachment":"scroll","background-type":"","background-media":"","overlay-type":"","overlay-color":"","overlay-opacity":"","overlay-gradient":""},"tablet":{"background-color":"","background-image":"","background-repeat":"repeat","background-position":"center center","background-size":"auto","background-attachment":"scroll","background-type":"","background-media":"","overlay-type":"","overlay-color":"","overlay-opacity":"","overlay-gradient":""},"mobile":{"background-color":"","background-image":"","background-repeat":"repeat","background-position":"center center","background-size":"auto","background-attachment":"scroll","background-type":"","background-media":"","overlay-type":"","overlay-color":"","overlay-opacity":"","overlay-gradient":""}},"ast-content-background-meta":{"desktop":{"background-color":"var(--ast-global-color-5)","background-image":"","background-repeat":"repeat","background-position":"center center","background-size":"auto","background-attachment":"scroll","background-type":"","background-media":"","overlay-type":"","overlay-color":"","overlay-opacity":"","overlay-gradient":""},"tablet":{"background-color":"var(--ast-global-color-5)","background-image":"","background-repeat":"repeat","background-position":"center center","background-size":"auto","background-attachment":"scroll","background-type":"","background-media":"","overlay-type":"","overlay-color":"","overlay-opacity":"","overlay-gradient":""},"mobile":{"background-color":"var(--ast-global-color-5)","background-image":"","background-repeat":"repeat","background-position":"center center","background-size":"auto","background-attachment":"scroll","background-type":"","background-media":"","overlay-type":"","overlay-color":"","overlay-opacity":"","overlay-gradient":""}}},"product_brand":[],"product_cat":[141,140,142,15],"product_tag":[],"class_list":{"0":"post-811","1":"product","2":"type-product","3":"status-publish","4":"has-post-thumbnail","6":"product_cat-soi-gigant-urias","7":"product_cat-soiuri-romanesti","8":"product_cat-soiuri-rosii-roz","9":"product_cat-tomate-soi","10":"desktop-align-left","11":"tablet-align-left","12":"mobile-align-left","14":"first","15":"instock","16":"taxable","17":"shipping-taxable","18":"purchasable","19":"product-type-simple"},"_links":{"self":[{"href":"https:\/\/vivasem.ro\/index.php?rest_route=\/wp\/v2\/product\/811","targetHints":{"allow":["GET"]}}],"collection":[{"href":"https:\/\/vivasem.ro\/index.php?rest_route=\/wp\/v2\/product"}],"about":[{"href":"https:\/\/vivasem.ro\/index.php?rest_route=\/wp\/v2\/types\/product"}],"replies":[{"embeddable":true,"href":"https:\/\/vivasem.ro\/index.php?rest_route=%2Fwp%2Fv2%2Fcomments&post=811"}],"wp:featuredmedia":[{"embeddable":true,"href":"https:\/\/vivasem.ro\/index.php?rest_route=\/wp\/v2\/media\/12659"}],"wp:attachment":[{"href":"https:\/\/vivasem.ro\/index.php?rest_route=%2Fwp%2Fv2%2Fmedia&parent=811"}],"wp:term":[{"taxonomy":"product_brand","embeddable":true,"href":"https:\/\/vivasem.ro\/index.php?rest_route=%2Fwp%2Fv2%2Fproduct_brand&post=811"},{"taxonomy":"product_cat","embeddable":true,"href":"https:\/\/vivasem.ro\/index.php?rest_route=%2Fwp%2Fv2%2Fproduct_cat&post=811"},{"taxonomy":"product_tag","embeddable":true,"href":"https:\/\/vivasem.ro\/index.php?rest_route=%2Fwp%2Fv2%2Fproduct_tag&post=811"}],"curies":[{"name":"wp","href":"https:\/\/api.w.org\/{rel}","templated":true}]}}