{"id":8105,"date":"2022-11-20T10:46:08","date_gmt":"2022-11-20T08:46:08","guid":{"rendered":"https:\/\/vivasem.ro\/?post_type=product&#038;p=8105"},"modified":"2024-10-16T09:45:11","modified_gmt":"2024-10-16T07:45:11","slug":"opal-bg-f1-opal-zi-bulgaria-1g","status":"publish","type":"product","link":"https:\/\/vivasem.ro\/?product=opal-bg-f1-opal-zi-bulgaria-1g","title":{"rendered":"\u201eOPAL BG F1 (OPAL ZI-Bulgaria) (1g)"},"content":{"rendered":"<h6><span style=\"color: #ff0000;\"><strong><u>OPAL BG F1<\/u><\/strong><\/span><\/h6>\n<h6><span style=\"color: #ff0000;\"><span class=\"post-meta-key\">Produc\u0103tor:OPAL ZI OOG -Bulgaria<\/span>,<\/span><\/h6>\n<h6><span style=\"color: #0000ff;\"><strong>Hibridul\u00a0<\/strong>de\u00a0<strong>tomate Opal F1 <\/strong>, <span style=\"color: #ff0000;\">este foarte rezistent <\/span><\/span><span style=\"color: #0000ff;\"><span style=\"color: #ff0000;\">la temperaturi ridicate<\/span> <\/span><span style=\"color: #0000ff;\">,ca urmare se preteaza atat pentru cultivarea din c\u00e2mp , spa\u021bii deschise dar \u0219i \u00een cultur\u0103 protejat\u0103, solarii,sere,etc.<\/span><span style=\"color: #0000ff;\">(\u0219i la noi \u00een solar a evoluat foarte bine).<\/span><\/h6>\n<h6><span style=\"color: #000080;\">Fructele tomatelor au o forma rotunda sunt netede si fara inel verde in jurul coditei,de culoare ro\u0219u intens la maturitate <\/span><\/h6>\n<h6><span style=\"color: #ff0000;\">Au gust bun, dulce,slab acid,de aceea se preteaza in special consumului in stare proaspata.<\/span><\/h6>\n<h6><span style=\"color: #000080;\">Sunt mari de 160 &#8211; 180 grame \u00een medie, dar ajung \u0219i mai mari de 220 gr. \u0219i au o rezistenta la pastrare foarte buna.\u00a0<\/span><\/h6>\n<h6><span style=\"color: #0000ff;\">Este potrivit pentru cultura timpurie for\u021bat\u0103, \u00een sere \u0219i solarii,pe o singura tulpina,p<\/span><span style=\"color: #0000ff;\">lantele fiind foarte puternice \u0219i o legarea excelent\u0103 chiar \u0219i la etajele superioare<\/span><span style=\"color: #0000ff;\">.<\/span><\/h6>\n<h6><span style=\"color: #000080;\"><strong>Hibridul\u00a0<\/strong>de\u00a0<strong>tomate Opal F1<\/strong> <span style=\"color: #ff0000;\">este foarte rezistent la TmV-mozaicul tutunului, F-fuzarioz\u0103<\/span>\u00a0\u00a0<span style=\"color: #ff0000;\">\u0219i rezistent la A-alternarioza.<\/span><\/span><\/h6>\n<h6><\/h6>\n","protected":false},"excerpt":{"rendered":"<h6><span style=\"color: #0000ff;\">1 gram\/circa 300 SEMIN\u021aE<img loading=\"lazy\" decoding=\"async\" class=\"alignnone wp-image-5567\" src=\"https:\/\/vivasem.ro\/wp-content\/uploads\/2021\/11\/NOU3.jpg\" alt=\"\" width=\"61\" height=\"59\" srcset=\"https:\/\/vivasem.ro\/wp-content\/uploads\/2021\/11\/NOU3.jpg 270w, https:\/\/vivasem.ro\/wp-content\/uploads\/2021\/11\/NOU3-248x241.jpg 248w\" sizes=\"auto, (max-width: 61px) 100vw, 61px\" \/><\/span><\/h6>\n<h6><span style=\"color: #0000ff;\"><span style=\"color: #ff00ff;\">Foarte rezistent la c\u0103ldur\u0103 ! Gust excelent!<\/span><\/span><\/h6>\n","protected":false},"featured_media":8094,"comment_status":"open","ping_status":"closed","template":"","meta":{"site-sidebar-layout":"default","site-content-layout":"default","ast-site-content-layout":"default","site-content-style":"default","site-sidebar-style":"default","ast-global-header-display":"","ast-banner-title-visibility":"","ast-main-header-display":"","ast-hfb-above-header-display":"","ast-hfb-below-header-display":"","ast-hfb-mobile-header-display":"","site-post-title":"","ast-breadcrumbs-content":"","ast-featured-img":"","footer-sml-layout":"","ast-disable-related-posts":"","theme-transparent-header-meta":"default","adv-header-id-meta":"","stick-header-meta":"","header-above-stick-meta":"","header-main-stick-meta":"","header-below-stick-meta":"","astra-migrate-meta-layouts":"set","ast-page-background-enabled":"default","ast-page-background-meta":{"desktop":{"background-color":"var(--ast-global-color-4)","background-image":"","background-repeat":"repeat","background-position":"center center","background-size":"auto","background-attachment":"scroll","background-type":"","background-media":"","overlay-type":"","overlay-color":"","overlay-opacity":"","overlay-gradient":""},"tablet":{"background-color":"","background-image":"","background-repeat":"repeat","background-position":"center center","background-size":"auto","background-attachment":"scroll","background-type":"","background-media":"","overlay-type":"","overlay-color":"","overlay-opacity":"","overlay-gradient":""},"mobile":{"background-color":"","background-image":"","background-repeat":"repeat","background-position":"center center","background-size":"auto","background-attachment":"scroll","background-type":"","background-media":"","overlay-type":"","overlay-color":"","overlay-opacity":"","overlay-gradient":""}},"ast-content-background-meta":{"desktop":{"background-color":"var(--ast-global-color-5)","background-image":"","background-repeat":"repeat","background-position":"center center","background-size":"auto","background-attachment":"scroll","background-type":"","background-media":"","overlay-type":"","overlay-color":"","overlay-opacity":"","overlay-gradient":""},"tablet":{"background-color":"var(--ast-global-color-5)","background-image":"","background-repeat":"repeat","background-position":"center center","background-size":"auto","background-attachment":"scroll","background-type":"","background-media":"","overlay-type":"","overlay-color":"","overlay-opacity":"","overlay-gradient":""},"mobile":{"background-color":"var(--ast-global-color-5)","background-image":"","background-repeat":"repeat","background-position":"center center","background-size":"auto","background-attachment":"scroll","background-type":"","background-media":"","overlay-type":"","overlay-color":"","overlay-opacity":"","overlay-gradient":""}}},"product_brand":[],"product_cat":[149],"product_tag":[],"class_list":{"0":"post-8105","1":"product","2":"type-product","3":"status-publish","4":"has-post-thumbnail","6":"product_cat-33-produse-epuizate","7":"desktop-align-left","8":"tablet-align-left","9":"mobile-align-left","11":"first","12":"outofstock","13":"taxable","14":"shipping-taxable","15":"purchasable","16":"product-type-simple"},"_links":{"self":[{"href":"https:\/\/vivasem.ro\/index.php?rest_route=\/wp\/v2\/product\/8105","targetHints":{"allow":["GET"]}}],"collection":[{"href":"https:\/\/vivasem.ro\/index.php?rest_route=\/wp\/v2\/product"}],"about":[{"href":"https:\/\/vivasem.ro\/index.php?rest_route=\/wp\/v2\/types\/product"}],"replies":[{"embeddable":true,"href":"https:\/\/vivasem.ro\/index.php?rest_route=%2Fwp%2Fv2%2Fcomments&post=8105"}],"wp:featuredmedia":[{"embeddable":true,"href":"https:\/\/vivasem.ro\/index.php?rest_route=\/wp\/v2\/media\/8094"}],"wp:attachment":[{"href":"https:\/\/vivasem.ro\/index.php?rest_route=%2Fwp%2Fv2%2Fmedia&parent=8105"}],"wp:term":[{"taxonomy":"product_brand","embeddable":true,"href":"https:\/\/vivasem.ro\/index.php?rest_route=%2Fwp%2Fv2%2Fproduct_brand&post=8105"},{"taxonomy":"product_cat","embeddable":true,"href":"https:\/\/vivasem.ro\/index.php?rest_route=%2Fwp%2Fv2%2Fproduct_cat&post=8105"},{"taxonomy":"product_tag","embeddable":true,"href":"https:\/\/vivasem.ro\/index.php?rest_route=%2Fwp%2Fv2%2Fproduct_tag&post=8105"}],"curies":[{"name":"wp","href":"https:\/\/api.w.org\/{rel}","templated":true}]}}