{"id":8097,"date":"2022-11-20T09:45:04","date_gmt":"2022-11-20T07:45:04","guid":{"rendered":"https:\/\/vivasem.ro\/?post_type=product&#038;p=8097"},"modified":"2026-03-24T23:55:32","modified_gmt":"2026-03-24T21:55:32","slug":"nasalda-f1-opal-zi-bulgaria","status":"publish","type":"product","link":"https:\/\/vivasem.ro\/?product=nasalda-f1-opal-zi-bulgaria","title":{"rendered":".NASALDA F1 (OPAL ZI-Bulgaria)"},"content":{"rendered":"<h6><span style=\"color: #ff0000;\"><strong><u>NASALDA F1<\/u><\/strong><\/span><\/h6>\n<h6><span style=\"color: #ff0000;\"><span class=\"post-meta-key\">Produc\u0103tor:OPAL ZI OOG -Bulgaria<\/span>,<\/span><\/h6>\n<h6><span style=\"color: #0000ff;\"><strong>E<\/strong><\/span><span style=\"color: #0000ff;\">ste un hibrid mult cultivat, de tomate bulgare\u0219ti din gama OPAL, datorit\u0103<span style=\"color: #ff0000;\"> fructelor foarte mari,cu o greutate medie cuprinsa intre 280-300 de grame, sunt c\u0103rnoase \u0219i un gust foarte bun ,specific tomatelor bulgaresti.<\/span><\/span><\/h6>\n<h6><span style=\"color: #000080;\">Fructele tomatelor au o forma rotunda sunt netede ,de culoare ro\u0219u intens la maturitate \u0219i nu au cotor mare, lemnos.<\/span><\/h6>\n<h6><span style=\"color: #ff0000;\">Plantele sunt puternice \u0219i deosebit de productive.<\/span><\/h6>\n<h6><span style=\"color: #0000ff;\">Se preteaza atat pentru cultivarea din c\u00e2mp , spa\u021bii deschise dar \u0219i \u00een cultur\u0103 protejat\u0103, solarii,sere,etc.<\/span><\/h6>\n<h6><span style=\"color: #ff0000;\">Destinat \u00een special consumului in stare proaspat\u0103,dar \u0219i pentru conservat.<\/span><\/h6>\n<h6><span style=\"color: #0000ff;\">Numarul de seminte per gram este de 280 &#8211; 300 seminte.\u00a0<\/span><\/h6>\n<p>&nbsp;<\/p>\n<h6><\/h6>\n","protected":false},"excerpt":{"rendered":"<h6><span style=\"color: #0000ff;\">0,2 grame\/circa 60 SEMIN\u021aE<\/span><\/h6>\n<h6><span style=\"color: #ff0000;\">FRUCTE MARI \u0218I FOARTE GUSTOASE<\/span><\/h6>\n<h6><span style=\"color: #0000ff;\"><img loading=\"lazy\" decoding=\"async\" class=\"alignnone wp-image-5567\" src=\"https:\/\/vivasem.ro\/wp-content\/uploads\/2021\/11\/NOU3.jpg\" alt=\"\" width=\"61\" height=\"59\" srcset=\"https:\/\/vivasem.ro\/wp-content\/uploads\/2021\/11\/NOU3.jpg 270w, https:\/\/vivasem.ro\/wp-content\/uploads\/2021\/11\/NOU3-248x241.jpg 248w\" sizes=\"auto, (max-width: 61px) 100vw, 61px\" \/><img loading=\"lazy\" decoding=\"async\" class=\"alignnone wp-image-15077\" src=\"https:\/\/vivasem.ro\/wp-content\/uploads\/2023\/12\/SUPEROFERTA-11-Copy-300x153.jpg\" alt=\"\" width=\"159\" height=\"81\" srcset=\"https:\/\/vivasem.ro\/wp-content\/uploads\/2023\/12\/SUPEROFERTA-11-Copy-300x153.jpg 300w, https:\/\/vivasem.ro\/wp-content\/uploads\/2023\/12\/SUPEROFERTA-11-Copy-248x126.jpg 248w, https:\/\/vivasem.ro\/wp-content\/uploads\/2023\/12\/SUPEROFERTA-11-Copy-590x301.jpg 590w, https:\/\/vivasem.ro\/wp-content\/uploads\/2023\/12\/SUPEROFERTA-11-Copy-150x77.jpg 150w, https:\/\/vivasem.ro\/wp-content\/uploads\/2023\/12\/SUPEROFERTA-11-Copy.jpg 700w\" sizes=\"auto, (max-width: 159px) 100vw, 159px\" \/><\/span><\/h6>\n","protected":false},"featured_media":8103,"comment_status":"open","ping_status":"closed","template":"","meta":{"site-sidebar-layout":"default","site-content-layout":"default","ast-site-content-layout":"default","site-content-style":"default","site-sidebar-style":"default","ast-global-header-display":"","ast-banner-title-visibility":"","ast-main-header-display":"","ast-hfb-above-header-display":"","ast-hfb-below-header-display":"","ast-hfb-mobile-header-display":"","site-post-title":"","ast-breadcrumbs-content":"","ast-featured-img":"","footer-sml-layout":"","ast-disable-related-posts":"","theme-transparent-header-meta":"default","adv-header-id-meta":"","stick-header-meta":"","header-above-stick-meta":"","header-main-stick-meta":"","header-below-stick-meta":"","astra-migrate-meta-layouts":"set","ast-page-background-enabled":"default","ast-page-background-meta":{"desktop":{"background-color":"var(--ast-global-color-4)","background-image":"","background-repeat":"repeat","background-position":"center center","background-size":"auto","background-attachment":"scroll","background-type":"","background-media":"","overlay-type":"","overlay-color":"","overlay-opacity":"","overlay-gradient":""},"tablet":{"background-color":"","background-image":"","background-repeat":"repeat","background-position":"center center","background-size":"auto","background-attachment":"scroll","background-type":"","background-media":"","overlay-type":"","overlay-color":"","overlay-opacity":"","overlay-gradient":""},"mobile":{"background-color":"","background-image":"","background-repeat":"repeat","background-position":"center center","background-size":"auto","background-attachment":"scroll","background-type":"","background-media":"","overlay-type":"","overlay-color":"","overlay-opacity":"","overlay-gradient":""}},"ast-content-background-meta":{"desktop":{"background-color":"var(--ast-global-color-5)","background-image":"","background-repeat":"repeat","background-position":"center center","background-size":"auto","background-attachment":"scroll","background-type":"","background-media":"","overlay-type":"","overlay-color":"","overlay-opacity":"","overlay-gradient":""},"tablet":{"background-color":"var(--ast-global-color-5)","background-image":"","background-repeat":"repeat","background-position":"center center","background-size":"auto","background-attachment":"scroll","background-type":"","background-media":"","overlay-type":"","overlay-color":"","overlay-opacity":"","overlay-gradient":""},"mobile":{"background-color":"var(--ast-global-color-5)","background-image":"","background-repeat":"repeat","background-position":"center center","background-size":"auto","background-attachment":"scroll","background-type":"","background-media":"","overlay-type":"","overlay-color":"","overlay-opacity":"","overlay-gradient":""}}},"product_brand":[],"product_cat":[110,150,187],"product_tag":[],"class_list":{"0":"post-8097","1":"product","2":"type-product","3":"status-publish","4":"has-post-thumbnail","6":"product_cat-tomate-hibrid","7":"product_cat-hibrizi-bulgaresti","8":"product_cat-soiuri-florian-opal-bulgaria","9":"desktop-align-left","10":"tablet-align-left","11":"mobile-align-left","13":"first","14":"instock","15":"sale","16":"taxable","17":"shipping-taxable","18":"purchasable","19":"product-type-simple"},"_links":{"self":[{"href":"https:\/\/vivasem.ro\/index.php?rest_route=\/wp\/v2\/product\/8097","targetHints":{"allow":["GET"]}}],"collection":[{"href":"https:\/\/vivasem.ro\/index.php?rest_route=\/wp\/v2\/product"}],"about":[{"href":"https:\/\/vivasem.ro\/index.php?rest_route=\/wp\/v2\/types\/product"}],"replies":[{"embeddable":true,"href":"https:\/\/vivasem.ro\/index.php?rest_route=%2Fwp%2Fv2%2Fcomments&post=8097"}],"wp:featuredmedia":[{"embeddable":true,"href":"https:\/\/vivasem.ro\/index.php?rest_route=\/wp\/v2\/media\/8103"}],"wp:attachment":[{"href":"https:\/\/vivasem.ro\/index.php?rest_route=%2Fwp%2Fv2%2Fmedia&parent=8097"}],"wp:term":[{"taxonomy":"product_brand","embeddable":true,"href":"https:\/\/vivasem.ro\/index.php?rest_route=%2Fwp%2Fv2%2Fproduct_brand&post=8097"},{"taxonomy":"product_cat","embeddable":true,"href":"https:\/\/vivasem.ro\/index.php?rest_route=%2Fwp%2Fv2%2Fproduct_cat&post=8097"},{"taxonomy":"product_tag","embeddable":true,"href":"https:\/\/vivasem.ro\/index.php?rest_route=%2Fwp%2Fv2%2Fproduct_tag&post=8097"}],"curies":[{"name":"wp","href":"https:\/\/api.w.org\/{rel}","templated":true}]}}