{"id":809,"date":"2021-11-05T13:51:14","date_gmt":"2021-11-05T11:51:14","guid":{"rendered":"https:\/\/vivasem.ro\/?post_type=product&#038;p=809"},"modified":"2025-01-13T16:14:23","modified_gmt":"2025-01-13T14:14:23","slug":"black-from-tula-negre-de-tula","status":"publish","type":"product","link":"https:\/\/vivasem.ro\/?product=black-from-tula-negre-de-tula","title":{"rendered":"_BLACK FROM TULA (RUSIA)-30s"},"content":{"rendered":"<h6><span style=\"color: #ff0000;\"><strong>BLACK FROM TULA (NEGRE DE TULA),<\/strong><\/span><\/h6>\n<h6><span style=\"color: #0000ff;\"><strong>ARE O AROM\u0102 BOGAT\u0102 DE RO\u0218IE<\/strong> , <strong>DAR \u0218I SPECIFIC\u0102 DE TOMAT\u0102 NEAGR\u0102<\/strong> , FOARTE DULCE , SLAB ACID\u0102 .<\/span><\/h6>\n<h6>CULOARE MARONIE, COMBINATA CU RO\u0218U INCHIS.<\/h6>\n<h6>M\u0102RIMEA MEDIE ESTE DE 200 grame, DAR AJUNG P\u00c2N\u0102 LA 500 grame \u0218I CHIAR PESTE.<\/h6>\n<h6><span style=\"color: #0000ff;\"><strong>ESTE PREFERATA MULTOR SPECIALI\u0218TI, FIIND \u00ceNTRE CELE MAI MARI SI DINTRE CELE MAI GUSTOASE SOIURI NEGRE.<\/strong><\/span><\/h6>\n<h6><span style=\"color: #0000ff;\">SOI HEIRLOOM, ORIGINAR DIN RUSIA, PENINSULA CRIMEEA, ZONA ORA\u0218ULUI MINIER TULA, MULT CULTIVAT \u00ceN INTREAGA LUME.<\/span><\/h6>\n<h6>PLANTELE SUNT NEDETERMINATE, SEMITIMPURII.<\/h6>\n","protected":false},"excerpt":{"rendered":"<h6><span style=\"color: #0000ff;\">30 SEMIN\u021aE<\/span><\/h6>\n<h6>O FOARTE BUN\u0102 \u0218I\u00a0 GUSTOAS\u0102 TOMAT\u0102 NEAGR\u0102 !<\/h6>\n","protected":false},"featured_media":3339,"comment_status":"open","ping_status":"closed","template":"","meta":{"site-sidebar-layout":"default","site-content-layout":"default","ast-site-content-layout":"default","site-content-style":"default","site-sidebar-style":"default","ast-global-header-display":"","ast-banner-title-visibility":"","ast-main-header-display":"","ast-hfb-above-header-display":"","ast-hfb-below-header-display":"","ast-hfb-mobile-header-display":"","site-post-title":"","ast-breadcrumbs-content":"","ast-featured-img":"","footer-sml-layout":"","ast-disable-related-posts":"","theme-transparent-header-meta":"default","adv-header-id-meta":"","stick-header-meta":"","header-above-stick-meta":"","header-main-stick-meta":"","header-below-stick-meta":"","astra-migrate-meta-layouts":"set","ast-page-background-enabled":"default","ast-page-background-meta":{"desktop":{"background-color":"var(--ast-global-color-4)","background-image":"","background-repeat":"repeat","background-position":"center center","background-size":"auto","background-attachment":"scroll","background-type":"","background-media":"","overlay-type":"","overlay-color":"","overlay-opacity":"","overlay-gradient":""},"tablet":{"background-color":"","background-image":"","background-repeat":"repeat","background-position":"center center","background-size":"auto","background-attachment":"scroll","background-type":"","background-media":"","overlay-type":"","overlay-color":"","overlay-opacity":"","overlay-gradient":""},"mobile":{"background-color":"","background-image":"","background-repeat":"repeat","background-position":"center center","background-size":"auto","background-attachment":"scroll","background-type":"","background-media":"","overlay-type":"","overlay-color":"","overlay-opacity":"","overlay-gradient":""}},"ast-content-background-meta":{"desktop":{"background-color":"var(--ast-global-color-5)","background-image":"","background-repeat":"repeat","background-position":"center center","background-size":"auto","background-attachment":"scroll","background-type":"","background-media":"","overlay-type":"","overlay-color":"","overlay-opacity":"","overlay-gradient":""},"tablet":{"background-color":"var(--ast-global-color-5)","background-image":"","background-repeat":"repeat","background-position":"center center","background-size":"auto","background-attachment":"scroll","background-type":"","background-media":"","overlay-type":"","overlay-color":"","overlay-opacity":"","overlay-gradient":""},"mobile":{"background-color":"var(--ast-global-color-5)","background-image":"","background-repeat":"repeat","background-position":"center center","background-size":"auto","background-attachment":"scroll","background-type":"","background-media":"","overlay-type":"","overlay-color":"","overlay-opacity":"","overlay-gradient":""}}},"product_brand":[],"product_cat":[141,138,15],"product_tag":[],"class_list":{"0":"post-809","1":"product","2":"type-product","3":"status-publish","4":"has-post-thumbnail","6":"product_cat-soi-gigant-urias","7":"product_cat-soiuri-negre","8":"product_cat-tomate-soi","9":"desktop-align-left","10":"tablet-align-left","11":"mobile-align-left","13":"first","14":"instock","15":"taxable","16":"shipping-taxable","17":"purchasable","18":"product-type-simple"},"_links":{"self":[{"href":"https:\/\/vivasem.ro\/index.php?rest_route=\/wp\/v2\/product\/809","targetHints":{"allow":["GET"]}}],"collection":[{"href":"https:\/\/vivasem.ro\/index.php?rest_route=\/wp\/v2\/product"}],"about":[{"href":"https:\/\/vivasem.ro\/index.php?rest_route=\/wp\/v2\/types\/product"}],"replies":[{"embeddable":true,"href":"https:\/\/vivasem.ro\/index.php?rest_route=%2Fwp%2Fv2%2Fcomments&post=809"}],"wp:featuredmedia":[{"embeddable":true,"href":"https:\/\/vivasem.ro\/index.php?rest_route=\/wp\/v2\/media\/3339"}],"wp:attachment":[{"href":"https:\/\/vivasem.ro\/index.php?rest_route=%2Fwp%2Fv2%2Fmedia&parent=809"}],"wp:term":[{"taxonomy":"product_brand","embeddable":true,"href":"https:\/\/vivasem.ro\/index.php?rest_route=%2Fwp%2Fv2%2Fproduct_brand&post=809"},{"taxonomy":"product_cat","embeddable":true,"href":"https:\/\/vivasem.ro\/index.php?rest_route=%2Fwp%2Fv2%2Fproduct_cat&post=809"},{"taxonomy":"product_tag","embeddable":true,"href":"https:\/\/vivasem.ro\/index.php?rest_route=%2Fwp%2Fv2%2Fproduct_tag&post=809"}],"curies":[{"name":"wp","href":"https:\/\/api.w.org\/{rel}","templated":true}]}}