{"id":8081,"date":"2022-11-17T08:54:21","date_gmt":"2022-11-17T06:54:21","guid":{"rendered":"https:\/\/vivasem.ro\/?post_type=product&#038;p=8081"},"modified":"2025-02-24T13:41:39","modified_gmt":"2025-02-24T11:41:39","slug":"cuor-di-bue-ligure-ingegnoli","status":"publish","type":"product","link":"https:\/\/vivasem.ro\/?product=cuor-di-bue-ligure-ingegnoli","title":{"rendered":".CUOR DI BUE LIGURE \/INIM\u0102 DE BOU LIGURE (FRATELLI INGEGNOLI)"},"content":{"rendered":"<h6 class=\"page-title\"><span class=\"base\" style=\"color: #ff0000;\" data-ui-id=\"page-title-wrapper\">CUOR DI BUE LIGURE \/INIM\u0102 DE BOU LIGURE sau RED PEAR- SELEZIONE PIRIFORM ( Catalogul Ingegnoli)<\/span><\/h6>\n<h6><span style=\"color: #ff0000;\">-Produc\u0103tor :<a href=\"https:\/\/vivasem.ro\/wp-content\/uploads\/2021\/11\/INGEGNOLI.jpg\"><img loading=\"lazy\" decoding=\"async\" class=\"alignnone size-medium wp-image-8034\" src=\"https:\/\/vivasem.ro\/wp-content\/uploads\/2021\/11\/INGEGNOLI-300x75.jpg\" alt=\"\" width=\"300\" height=\"75\" \/><\/a><\/span><\/h6>\n<h6><strong><span style=\"color: #0000ff;\">SOI CELEBRU, CLASIC ,TIP DE INIM\u0102 DE BOU ITALIAN\u0102 , \u00ceN FORM\u0102 DE PAR\u0102 COSTAT\u0102,O VARIETATE A <\/span><\/strong><span class=\"base\" style=\"color: #0000ff;\" data-ui-id=\"page-title-wrapper\">CUORE DI BUE DI ALBENGA.<\/span><\/h6>\n<h6><span style=\"color: #000000;\">FRUCTELE SUNT <strong>C\u0102RNOASE , CU PULPA FERM\u0102, <\/strong>CU SEMIN\u021aE PU\u021aINE .<\/span><\/h6>\n<h6><span style=\"color: #ff0000;\"><strong>SUNT\u00a0 MARI, \u00ceN MEDIE DE 100-200 gr.,DAR <\/strong>POT AJUNGE LA 500 grame\u00a0 !<\/span><\/h6>\n<h6><span style=\"color: #000000;\">CULOAREA FOARTE FRUMOAS\u0102,\u00a0 RO\u0218U-APRINS.<\/span><\/h6>\n<h6><strong><span style=\"color: #0000ff;\">GUST EXCELENT , FOARTE DULCE , AROM\u0102 PUTERNIC\u0102.MULT UTILIZAT\u00a0 \u00ceN BUC\u0102T\u0102RIE, \u00ceN FORM\u0102 PROASP\u0102T\u0102, DATORIT\u0102 CALIT\u0102\u021aILOR ORGANOLEPTICE DEOSEBITE.<\/span><\/strong><\/h6>\n<h6><span style=\"color: #ff0000;\">RODE\u0218TE FOARTE MULT, FIIND CARACTERIZAT CU PRODUC\u021aIE MARE.<\/span><\/h6>\n<h6>POATE FI CULTIVAT \u00ceN GR\u0102DIN\u0102 \u0218I \u00ceN SOLARII SAU SERE.<\/h6>\n<h6>NEDETERMINAT,NECESITA SUPORT SOLID .<span class=\"Y2IQFc\" lang=\"ro\">\u00a0<\/span><\/h6>\n","protected":false},"excerpt":{"rendered":"<h6><span style=\"color: #0000ff;\">30 SEMIN\u021aE<\/span><\/h6>\n<h6><span style=\"color: #ff00ff;\">SOI CELEBRU, FOARTE PRODUCTIV !<\/span><\/h6>\n","protected":false},"featured_media":8082,"comment_status":"open","ping_status":"closed","template":"","meta":{"site-sidebar-layout":"default","site-content-layout":"default","ast-site-content-layout":"default","site-content-style":"default","site-sidebar-style":"default","ast-global-header-display":"","ast-banner-title-visibility":"","ast-main-header-display":"","ast-hfb-above-header-display":"","ast-hfb-below-header-display":"","ast-hfb-mobile-header-display":"","site-post-title":"","ast-breadcrumbs-content":"","ast-featured-img":"","footer-sml-layout":"","ast-disable-related-posts":"","theme-transparent-header-meta":"default","adv-header-id-meta":"","stick-header-meta":"","header-above-stick-meta":"","header-main-stick-meta":"","header-below-stick-meta":"","astra-migrate-meta-layouts":"set","ast-page-background-enabled":"default","ast-page-background-meta":{"desktop":{"background-color":"var(--ast-global-color-4)","background-image":"","background-repeat":"repeat","background-position":"center center","background-size":"auto","background-attachment":"scroll","background-type":"","background-media":"","overlay-type":"","overlay-color":"","overlay-opacity":"","overlay-gradient":""},"tablet":{"background-color":"","background-image":"","background-repeat":"repeat","background-position":"center center","background-size":"auto","background-attachment":"scroll","background-type":"","background-media":"","overlay-type":"","overlay-color":"","overlay-opacity":"","overlay-gradient":""},"mobile":{"background-color":"","background-image":"","background-repeat":"repeat","background-position":"center center","background-size":"auto","background-attachment":"scroll","background-type":"","background-media":"","overlay-type":"","overlay-color":"","overlay-opacity":"","overlay-gradient":""}},"ast-content-background-meta":{"desktop":{"background-color":"var(--ast-global-color-5)","background-image":"","background-repeat":"repeat","background-position":"center center","background-size":"auto","background-attachment":"scroll","background-type":"","background-media":"","overlay-type":"","overlay-color":"","overlay-opacity":"","overlay-gradient":""},"tablet":{"background-color":"var(--ast-global-color-5)","background-image":"","background-repeat":"repeat","background-position":"center center","background-size":"auto","background-attachment":"scroll","background-type":"","background-media":"","overlay-type":"","overlay-color":"","overlay-opacity":"","overlay-gradient":""},"mobile":{"background-color":"var(--ast-global-color-5)","background-image":"","background-repeat":"repeat","background-position":"center center","background-size":"auto","background-attachment":"scroll","background-type":"","background-media":"","overlay-type":"","overlay-color":"","overlay-opacity":"","overlay-gradient":""}}},"product_brand":[],"product_cat":[151,141,142,144,15],"product_tag":[],"class_list":{"0":"post-8081","1":"product","2":"type-product","3":"status-publish","4":"has-post-thumbnail","6":"product_cat-soiuri-italiene","7":"product_cat-soi-gigant-urias","8":"product_cat-soiuri-rosii-roz","9":"product_cat-soiuri-tip-inima-de-bou","10":"product_cat-tomate-soi","11":"pa_numar-30-s-202","12":"pa_numar-30-s-1200-seminte","13":"pa_numar-30-s-150-seminte","14":"pa_numar-30-s-1500-seminte","15":"pa_numar-30-s-180-seminte","16":"pa_numar-30-s-210-seminte","17":"pa_numar-30-s-240-seminte","18":"pa_numar-30-s-270-seminte","19":"pa_numar-30-s-30-seminte","20":"pa_numar-30-s-300-seminte","21":"pa_numar-30-s-60-seminte","22":"pa_numar-30-s-600-seminte","23":"pa_numar-30-s-90-seminte","24":"pa_numar-30-s-900-seminte","25":"desktop-align-left","26":"tablet-align-left","27":"mobile-align-left","29":"first","30":"instock","31":"sale","32":"taxable","33":"shipping-taxable","34":"purchasable","35":"product-type-variable"},"_links":{"self":[{"href":"https:\/\/vivasem.ro\/index.php?rest_route=\/wp\/v2\/product\/8081","targetHints":{"allow":["GET"]}}],"collection":[{"href":"https:\/\/vivasem.ro\/index.php?rest_route=\/wp\/v2\/product"}],"about":[{"href":"https:\/\/vivasem.ro\/index.php?rest_route=\/wp\/v2\/types\/product"}],"replies":[{"embeddable":true,"href":"https:\/\/vivasem.ro\/index.php?rest_route=%2Fwp%2Fv2%2Fcomments&post=8081"}],"wp:featuredmedia":[{"embeddable":true,"href":"https:\/\/vivasem.ro\/index.php?rest_route=\/wp\/v2\/media\/8082"}],"wp:attachment":[{"href":"https:\/\/vivasem.ro\/index.php?rest_route=%2Fwp%2Fv2%2Fmedia&parent=8081"}],"wp:term":[{"taxonomy":"product_brand","embeddable":true,"href":"https:\/\/vivasem.ro\/index.php?rest_route=%2Fwp%2Fv2%2Fproduct_brand&post=8081"},{"taxonomy":"product_cat","embeddable":true,"href":"https:\/\/vivasem.ro\/index.php?rest_route=%2Fwp%2Fv2%2Fproduct_cat&post=8081"},{"taxonomy":"product_tag","embeddable":true,"href":"https:\/\/vivasem.ro\/index.php?rest_route=%2Fwp%2Fv2%2Fproduct_tag&post=8081"}],"curies":[{"name":"wp","href":"https:\/\/api.w.org\/{rel}","templated":true}]}}