{"id":808,"date":"2021-11-05T13:44:08","date_gmt":"2021-11-05T11:44:08","guid":{"rendered":"https:\/\/vivasem.ro\/?post_type=product&#038;p=808"},"modified":"2025-12-07T17:58:21","modified_gmt":"2025-12-07T15:58:21","slug":"grase-de-dambovita","status":"publish","type":"product","link":"https:\/\/vivasem.ro\/?product=grase-de-dambovita","title":{"rendered":"GRASE DE D\u00c2MBOVITA"},"content":{"rendered":"<h6><span style=\"color: #ff0000;\">GRASE DE D\u00c2MBOVI\u021aA,<\/span><\/h6>\n<h6><span style=\"color: #0000ff;\">EXCELENT SOI ROM\u00c2NESC,<\/span> <span style=\"color: #0000ff;\">FOARTE PRODUCTIV, DIN ZONA T\u00c2RGOVI\u0218TELUI.<\/span><\/h6>\n<h6>RO\u0218IILE ACESTUI <span style=\"color: #0000ff;\">,<\/span> SUNT BUTUC\u0102NOASE, MARI, U\u0218OR ALUNGITE \u0218I APLATIZATE PE LATERAL.<\/h6>\n<h6>PULPA ESTE FRAGED\u0102, C\u0102RNOAS\u0102, CU PU\u021aINE SEMINTE ,.<\/h6>\n<h6><span style=\"color: #0000ff;\">GUST EXCEP\u021aIONAL, FOARTE DULCE,<\/span> APROAPE NEACID,\u00a0 AROM\u0102 INTENS\u0102 DE RO\u0218IE VECHE.<\/h6>\n<h6>GREUTATEA MEDIE SE \u00ceNCADREAZ\u0102 \u00ceNTRE <span style=\"color: #0000ff;\">150-300 grame, DAR DEP\u0102\u0218ESC \u0218I 400 -500 grame<\/span>.<\/h6>\n<h6>PLANTELE SUNT PUTERNICE,<span style=\"color: #0000ff;\"> DE SEZON LUNG<\/span> \u0218I PRODUC BOGAT P\u00c2N\u0102 LA SF\u0102R\u0218IT , FRIGUL PRINZ\u00c2NDU-LE \u00ceNC\u0102RCATE DE GOGONELE.<\/h6>\n<h6>NEDETERMINATE, SEMITIMPURII<\/h6>\n<h6><span style=\"color: #0000ff;\">SOI REZISTENT, EVOLUEAZ\u0102 BINE \u0218I TEMPERATURI SC\u0102ZUTE \u0218I LA TEMPERATURI RIDICATE.<\/span><\/h6>\n<p>&nbsp;<\/p>\n","protected":false},"excerpt":{"rendered":"<h6><span style=\"color: #0000ff;\">30 SEMIN\u021aE<\/span><\/h6>\n<h6><\/h6>\n<h6>GUST EXTRAORDINAR !<\/h6>\n<h6>SOI PRODUCTIV, FOARTE REZISTENT<\/h6>\n<p><img loading=\"lazy\" decoding=\"async\" class=\"alignnone size-medium wp-image-17985\" src=\"https:\/\/vivasem.ro\/wp-content\/uploads\/2025\/05\/SOI-ROMANESC-300x106.jpg\" alt=\"\" width=\"300\" height=\"106\" srcset=\"https:\/\/vivasem.ro\/wp-content\/uploads\/2025\/05\/SOI-ROMANESC-300x106.jpg 300w, https:\/\/vivasem.ro\/wp-content\/uploads\/2025\/05\/SOI-ROMANESC-150x53.jpg 150w, https:\/\/vivasem.ro\/wp-content\/uploads\/2025\/05\/SOI-ROMANESC-248x88.jpg 248w, https:\/\/vivasem.ro\/wp-content\/uploads\/2025\/05\/SOI-ROMANESC-590x209.jpg 590w, https:\/\/vivasem.ro\/wp-content\/uploads\/2025\/05\/SOI-ROMANESC.jpg 700w\" sizes=\"auto, (max-width: 300px) 100vw, 300px\" \/><\/p>\n","protected":false},"featured_media":3976,"comment_status":"open","ping_status":"closed","template":"","meta":{"site-sidebar-layout":"default","site-content-layout":"default","ast-site-content-layout":"default","site-content-style":"default","site-sidebar-style":"default","ast-global-header-display":"","ast-banner-title-visibility":"","ast-main-header-display":"","ast-hfb-above-header-display":"","ast-hfb-below-header-display":"","ast-hfb-mobile-header-display":"","site-post-title":"","ast-breadcrumbs-content":"","ast-featured-img":"","footer-sml-layout":"","ast-disable-related-posts":"","theme-transparent-header-meta":"default","adv-header-id-meta":"","stick-header-meta":"","header-above-stick-meta":"","header-main-stick-meta":"","header-below-stick-meta":"","astra-migrate-meta-layouts":"set","ast-page-background-enabled":"default","ast-page-background-meta":{"desktop":{"background-color":"var(--ast-global-color-4)","background-image":"","background-repeat":"repeat","background-position":"center center","background-size":"auto","background-attachment":"scroll","background-type":"","background-media":"","overlay-type":"","overlay-color":"","overlay-opacity":"","overlay-gradient":""},"tablet":{"background-color":"","background-image":"","background-repeat":"repeat","background-position":"center center","background-size":"auto","background-attachment":"scroll","background-type":"","background-media":"","overlay-type":"","overlay-color":"","overlay-opacity":"","overlay-gradient":""},"mobile":{"background-color":"","background-image":"","background-repeat":"repeat","background-position":"center center","background-size":"auto","background-attachment":"scroll","background-type":"","background-media":"","overlay-type":"","overlay-color":"","overlay-opacity":"","overlay-gradient":""}},"ast-content-background-meta":{"desktop":{"background-color":"var(--ast-global-color-5)","background-image":"","background-repeat":"repeat","background-position":"center center","background-size":"auto","background-attachment":"scroll","background-type":"","background-media":"","overlay-type":"","overlay-color":"","overlay-opacity":"","overlay-gradient":""},"tablet":{"background-color":"var(--ast-global-color-5)","background-image":"","background-repeat":"repeat","background-position":"center center","background-size":"auto","background-attachment":"scroll","background-type":"","background-media":"","overlay-type":"","overlay-color":"","overlay-opacity":"","overlay-gradient":""},"mobile":{"background-color":"var(--ast-global-color-5)","background-image":"","background-repeat":"repeat","background-position":"center center","background-size":"auto","background-attachment":"scroll","background-type":"","background-media":"","overlay-type":"","overlay-color":"","overlay-opacity":"","overlay-gradient":""}}},"product_brand":[],"product_cat":[141,140,142,15],"product_tag":[],"class_list":{"0":"post-808","1":"product","2":"type-product","3":"status-publish","4":"has-post-thumbnail","6":"product_cat-soi-gigant-urias","7":"product_cat-soiuri-romanesti","8":"product_cat-soiuri-rosii-roz","9":"product_cat-tomate-soi","10":"desktop-align-left","11":"tablet-align-left","12":"mobile-align-left","14":"first","15":"instock","16":"taxable","17":"shipping-taxable","18":"purchasable","19":"product-type-simple"},"_links":{"self":[{"href":"https:\/\/vivasem.ro\/index.php?rest_route=\/wp\/v2\/product\/808","targetHints":{"allow":["GET"]}}],"collection":[{"href":"https:\/\/vivasem.ro\/index.php?rest_route=\/wp\/v2\/product"}],"about":[{"href":"https:\/\/vivasem.ro\/index.php?rest_route=\/wp\/v2\/types\/product"}],"replies":[{"embeddable":true,"href":"https:\/\/vivasem.ro\/index.php?rest_route=%2Fwp%2Fv2%2Fcomments&post=808"}],"wp:featuredmedia":[{"embeddable":true,"href":"https:\/\/vivasem.ro\/index.php?rest_route=\/wp\/v2\/media\/3976"}],"wp:attachment":[{"href":"https:\/\/vivasem.ro\/index.php?rest_route=%2Fwp%2Fv2%2Fmedia&parent=808"}],"wp:term":[{"taxonomy":"product_brand","embeddable":true,"href":"https:\/\/vivasem.ro\/index.php?rest_route=%2Fwp%2Fv2%2Fproduct_brand&post=808"},{"taxonomy":"product_cat","embeddable":true,"href":"https:\/\/vivasem.ro\/index.php?rest_route=%2Fwp%2Fv2%2Fproduct_cat&post=808"},{"taxonomy":"product_tag","embeddable":true,"href":"https:\/\/vivasem.ro\/index.php?rest_route=%2Fwp%2Fv2%2Fproduct_tag&post=808"}],"curies":[{"name":"wp","href":"https:\/\/api.w.org\/{rel}","templated":true}]}}