{"id":8075,"date":"2022-11-17T08:21:37","date_gmt":"2022-11-17T06:21:37","guid":{"rendered":"https:\/\/vivasem.ro\/?post_type=product&#038;p=8075"},"modified":"2025-11-18T07:45:05","modified_gmt":"2025-11-18T05:45:05","slug":"oxheart-belmonte-ingegnoli","status":"publish","type":"product","link":"https:\/\/vivasem.ro\/?product=oxheart-belmonte-ingegnoli","title":{"rendered":"_OXHEART BELMONTE (Gigant)\/ INIM\u0102 DE BOU BELMONTE (FRATELLI INGEGNOLI )-25s"},"content":{"rendered":"<h6><span style=\"color: #ff0000;\">OXHEART BELMONTE \/INIM\u0102 DE BOU BELMONTE\u00a0<\/span><\/h6>\n<h6><span style=\"color: #ff0000;\">-Produc\u0103tor :<a href=\"https:\/\/vivasem.ro\/wp-content\/uploads\/2021\/11\/INGEGNOLI.jpg\"><img loading=\"lazy\" decoding=\"async\" class=\"alignnone size-medium wp-image-8034\" src=\"https:\/\/vivasem.ro\/wp-content\/uploads\/2021\/11\/INGEGNOLI-300x75.jpg\" alt=\"\" width=\"300\" height=\"75\" \/><\/a><\/span><\/h6>\n<h6><span style=\"color: #ff0000;\"><strong>SOI ITALIAN CELEBRU, CU FRUCTE MARI,\u0218I FOARTE MARI, \u00ceN MEDIE DE 200-500 gr.,DAR <\/strong>POT AJUNGE URIA\u0218E, LA 800 grame \u0218I CHIAR PESTE 1 kilogram, VEZI FOTO !<\/span><\/h6>\n<h6><span style=\"color: #000080;\">FRUCTELE SUNT ROTUNDE, \u00ceNALTE, <strong>TURTITE LA CAPETE, U\u0218OR ONDULATE, <\/strong><strong>C\u0102RNOASE , CU PULPA FERM\u0102, <\/strong>CU SEMIN\u021aE PU\u021aINE .<\/span><\/h6>\n<h6><span style=\"color: #000080;\">CULOAREA FOARTE FRUMOAS\u0102, PURPURIE SPRE RO\u0218U.<\/span><\/h6>\n<h6><span style=\"color: #000080;\"><strong>GUST EXCELENT ,CLASIC, DULCE SLAB ACID, AROM\u0102 PUTERNIC\u0102.<\/strong><\/span><\/h6>\n<h6><span style=\"color: #ff0000;\">RODE\u0218TE FOARTE MULT, FIIND CARACTERIZAT CU PRODUC\u021aIE FOARTE MARE.<\/span><\/h6>\n<h6><span style=\"color: #000080;\">POATE FI CULTIVAT \u00ceN GR\u0102DIN\u0102 \u0218I \u00ceN SOLARII SAU SERE.<\/span><\/h6>\n<h6><span style=\"color: #000080;\"><strong>SOI TIMPURIU,DE VIGOARE MIJLOCIE, CU INTERNODII MEDII, <\/strong>SEMIEDETERMINAT .<\/span><\/h6>\n<h6><\/h6>\n","protected":false},"excerpt":{"rendered":"<h6><span style=\"color: #0000ff;\">25 SEMIN\u021aE<\/span><\/h6>\n<h6><span style=\"color: #ff00ff;\">SOI GIGANT FOARTE PRODUCTIV !<\/span><\/h6>\n","protected":false},"featured_media":17263,"comment_status":"open","ping_status":"closed","template":"","meta":{"site-sidebar-layout":"default","site-content-layout":"default","ast-site-content-layout":"default","site-content-style":"default","site-sidebar-style":"default","ast-global-header-display":"","ast-banner-title-visibility":"","ast-main-header-display":"","ast-hfb-above-header-display":"","ast-hfb-below-header-display":"","ast-hfb-mobile-header-display":"","site-post-title":"","ast-breadcrumbs-content":"","ast-featured-img":"","footer-sml-layout":"","ast-disable-related-posts":"","theme-transparent-header-meta":"default","adv-header-id-meta":"","stick-header-meta":"","header-above-stick-meta":"","header-main-stick-meta":"","header-below-stick-meta":"","astra-migrate-meta-layouts":"set","ast-page-background-enabled":"default","ast-page-background-meta":{"desktop":{"background-color":"var(--ast-global-color-4)","background-image":"","background-repeat":"repeat","background-position":"center center","background-size":"auto","background-attachment":"scroll","background-type":"","background-media":"","overlay-type":"","overlay-color":"","overlay-opacity":"","overlay-gradient":""},"tablet":{"background-color":"","background-image":"","background-repeat":"repeat","background-position":"center center","background-size":"auto","background-attachment":"scroll","background-type":"","background-media":"","overlay-type":"","overlay-color":"","overlay-opacity":"","overlay-gradient":""},"mobile":{"background-color":"","background-image":"","background-repeat":"repeat","background-position":"center center","background-size":"auto","background-attachment":"scroll","background-type":"","background-media":"","overlay-type":"","overlay-color":"","overlay-opacity":"","overlay-gradient":""}},"ast-content-background-meta":{"desktop":{"background-color":"var(--ast-global-color-5)","background-image":"","background-repeat":"repeat","background-position":"center center","background-size":"auto","background-attachment":"scroll","background-type":"","background-media":"","overlay-type":"","overlay-color":"","overlay-opacity":"","overlay-gradient":""},"tablet":{"background-color":"var(--ast-global-color-5)","background-image":"","background-repeat":"repeat","background-position":"center center","background-size":"auto","background-attachment":"scroll","background-type":"","background-media":"","overlay-type":"","overlay-color":"","overlay-opacity":"","overlay-gradient":""},"mobile":{"background-color":"var(--ast-global-color-5)","background-image":"","background-repeat":"repeat","background-position":"center center","background-size":"auto","background-attachment":"scroll","background-type":"","background-media":"","overlay-type":"","overlay-color":"","overlay-opacity":"","overlay-gradient":""}}},"product_brand":[],"product_cat":[151,141,142,144,15],"product_tag":[],"class_list":{"0":"post-8075","1":"product","2":"type-product","3":"status-publish","4":"has-post-thumbnail","6":"product_cat-soiuri-italiene","7":"product_cat-soi-gigant-urias","8":"product_cat-soiuri-rosii-roz","9":"product_cat-soiuri-tip-inima-de-bou","10":"product_cat-tomate-soi","11":"desktop-align-left","12":"tablet-align-left","13":"mobile-align-left","15":"first","16":"instock","17":"sale","18":"taxable","19":"shipping-taxable","20":"purchasable","21":"product-type-simple"},"_links":{"self":[{"href":"https:\/\/vivasem.ro\/index.php?rest_route=\/wp\/v2\/product\/8075","targetHints":{"allow":["GET"]}}],"collection":[{"href":"https:\/\/vivasem.ro\/index.php?rest_route=\/wp\/v2\/product"}],"about":[{"href":"https:\/\/vivasem.ro\/index.php?rest_route=\/wp\/v2\/types\/product"}],"replies":[{"embeddable":true,"href":"https:\/\/vivasem.ro\/index.php?rest_route=%2Fwp%2Fv2%2Fcomments&post=8075"}],"wp:featuredmedia":[{"embeddable":true,"href":"https:\/\/vivasem.ro\/index.php?rest_route=\/wp\/v2\/media\/17263"}],"wp:attachment":[{"href":"https:\/\/vivasem.ro\/index.php?rest_route=%2Fwp%2Fv2%2Fmedia&parent=8075"}],"wp:term":[{"taxonomy":"product_brand","embeddable":true,"href":"https:\/\/vivasem.ro\/index.php?rest_route=%2Fwp%2Fv2%2Fproduct_brand&post=8075"},{"taxonomy":"product_cat","embeddable":true,"href":"https:\/\/vivasem.ro\/index.php?rest_route=%2Fwp%2Fv2%2Fproduct_cat&post=8075"},{"taxonomy":"product_tag","embeddable":true,"href":"https:\/\/vivasem.ro\/index.php?rest_route=%2Fwp%2Fv2%2Fproduct_tag&post=8075"}],"curies":[{"name":"wp","href":"https:\/\/api.w.org\/{rel}","templated":true}]}}