{"id":804,"date":"2021-11-05T12:34:43","date_gmt":"2021-11-05T10:34:43","guid":{"rendered":"https:\/\/vivasem.ro\/?post_type=product&#038;p=804"},"modified":"2025-02-10T11:39:15","modified_gmt":"2025-02-10T09:39:15","slug":"fireball","status":"publish","type":"product","link":"https:\/\/vivasem.ro\/?product=fireball","title":{"rendered":"\u201e\u201eFIREBALL"},"content":{"rendered":"<h6><span style=\"color: #ff0000;\"><strong><u>FIREBALL \/ MINGIILE<\/u><\/strong><strong><u>\u00a0DE FOC<\/u><\/strong>,<\/span><\/h6>\n<h6><span style=\"color: #0000ff;\"><strong>UN SOI HEIRLOOM ITALIAN, AMELORAT \u00ceN UKRAINA, FOARTE APRECIAT DATORIT\u0102 GUSTULUI EXCEP\u021aIONAL,DE RO\u0218IE VECHE<\/strong>, DULCE, PUTERNIC AROMAT.<\/span><\/h6>\n<h6>FRUCTELE SUNT C\u0102RNOASE,CU PULP\u0102 FERM\u0102, TIP BEEFSTEAK, SE POT FELIA PENTRU SANDVI\u0218URI , SALATE.<\/h6>\n<h6>GREUTATEA SE SITUEAZ\u0102 \u00ceNTRE 200-400 grame.<\/h6>\n<h6>PLANTELE NEDETERMINATE, <span style=\"color: #0000ff;\">REZIST\u0102 LA VARIA\u021aII DE CLIM\u0102 EXTREME , DE LA RECE LA SECET\u0102 \u0218I PRODUC CIORCHINI , DE 3-5 FRUCTE FRUMOASE.<\/span><\/h6>\n","protected":false},"excerpt":{"rendered":"<h5><span style=\"color: #0000ff;\">30 SEMIN\u021aE<\/span><\/h5>\n<h5><span style=\"color: #ff00ff;\">SOI FOARTE REZISTENT !<\/span><\/h5>\n<h5><span style=\"color: #ff00ff;\">GUST EXCEP\u021aIONAL !<\/span><\/h5>\n","protected":false},"featured_media":3998,"comment_status":"open","ping_status":"closed","template":"","meta":{"site-sidebar-layout":"default","site-content-layout":"default","ast-site-content-layout":"default","site-content-style":"default","site-sidebar-style":"default","ast-global-header-display":"","ast-banner-title-visibility":"","ast-main-header-display":"","ast-hfb-above-header-display":"","ast-hfb-below-header-display":"","ast-hfb-mobile-header-display":"","site-post-title":"","ast-breadcrumbs-content":"","ast-featured-img":"","footer-sml-layout":"","ast-disable-related-posts":"","theme-transparent-header-meta":"default","adv-header-id-meta":"","stick-header-meta":"","header-above-stick-meta":"","header-main-stick-meta":"","header-below-stick-meta":"","astra-migrate-meta-layouts":"set","ast-page-background-enabled":"default","ast-page-background-meta":{"desktop":{"background-color":"var(--ast-global-color-4)","background-image":"","background-repeat":"repeat","background-position":"center center","background-size":"auto","background-attachment":"scroll","background-type":"","background-media":"","overlay-type":"","overlay-color":"","overlay-opacity":"","overlay-gradient":""},"tablet":{"background-color":"","background-image":"","background-repeat":"repeat","background-position":"center center","background-size":"auto","background-attachment":"scroll","background-type":"","background-media":"","overlay-type":"","overlay-color":"","overlay-opacity":"","overlay-gradient":""},"mobile":{"background-color":"","background-image":"","background-repeat":"repeat","background-position":"center center","background-size":"auto","background-attachment":"scroll","background-type":"","background-media":"","overlay-type":"","overlay-color":"","overlay-opacity":"","overlay-gradient":""}},"ast-content-background-meta":{"desktop":{"background-color":"var(--ast-global-color-5)","background-image":"","background-repeat":"repeat","background-position":"center center","background-size":"auto","background-attachment":"scroll","background-type":"","background-media":"","overlay-type":"","overlay-color":"","overlay-opacity":"","overlay-gradient":""},"tablet":{"background-color":"var(--ast-global-color-5)","background-image":"","background-repeat":"repeat","background-position":"center center","background-size":"auto","background-attachment":"scroll","background-type":"","background-media":"","overlay-type":"","overlay-color":"","overlay-opacity":"","overlay-gradient":""},"mobile":{"background-color":"var(--ast-global-color-5)","background-image":"","background-repeat":"repeat","background-position":"center center","background-size":"auto","background-attachment":"scroll","background-type":"","background-media":"","overlay-type":"","overlay-color":"","overlay-opacity":"","overlay-gradient":""}}},"product_brand":[],"product_cat":[141,142,15],"product_tag":[],"class_list":{"0":"post-804","1":"product","2":"type-product","3":"status-publish","4":"has-post-thumbnail","6":"product_cat-soi-gigant-urias","7":"product_cat-soiuri-rosii-roz","8":"product_cat-tomate-soi","9":"desktop-align-left","10":"tablet-align-left","11":"mobile-align-left","13":"first","14":"outofstock","15":"taxable","16":"shipping-taxable","17":"purchasable","18":"product-type-simple"},"_links":{"self":[{"href":"https:\/\/vivasem.ro\/index.php?rest_route=\/wp\/v2\/product\/804","targetHints":{"allow":["GET"]}}],"collection":[{"href":"https:\/\/vivasem.ro\/index.php?rest_route=\/wp\/v2\/product"}],"about":[{"href":"https:\/\/vivasem.ro\/index.php?rest_route=\/wp\/v2\/types\/product"}],"replies":[{"embeddable":true,"href":"https:\/\/vivasem.ro\/index.php?rest_route=%2Fwp%2Fv2%2Fcomments&post=804"}],"wp:featuredmedia":[{"embeddable":true,"href":"https:\/\/vivasem.ro\/index.php?rest_route=\/wp\/v2\/media\/3998"}],"wp:attachment":[{"href":"https:\/\/vivasem.ro\/index.php?rest_route=%2Fwp%2Fv2%2Fmedia&parent=804"}],"wp:term":[{"taxonomy":"product_brand","embeddable":true,"href":"https:\/\/vivasem.ro\/index.php?rest_route=%2Fwp%2Fv2%2Fproduct_brand&post=804"},{"taxonomy":"product_cat","embeddable":true,"href":"https:\/\/vivasem.ro\/index.php?rest_route=%2Fwp%2Fv2%2Fproduct_cat&post=804"},{"taxonomy":"product_tag","embeddable":true,"href":"https:\/\/vivasem.ro\/index.php?rest_route=%2Fwp%2Fv2%2Fproduct_tag&post=804"}],"curies":[{"name":"wp","href":"https:\/\/api.w.org\/{rel}","templated":true}]}}