{"id":803,"date":"2021-11-05T12:29:02","date_gmt":"2021-11-05T10:29:02","guid":{"rendered":"https:\/\/vivasem.ro\/?post_type=product&#038;p=803"},"modified":"2026-04-13T16:19:36","modified_gmt":"2026-04-13T14:19:36","slug":"inima-de-bivol-bulgareasca","status":"publish","type":"product","link":"https:\/\/vivasem.ro\/?product=inima-de-bivol-bulgareasca","title":{"rendered":"INIM\u0102 DE BIVOL BULG\u0102REASC\u0102 25s"},"content":{"rendered":"<h6><span style=\"color: #ff0000;\">INIM\u0102 DE BIVOL BULG\u0102REASC\u0102,<\/span><\/h6>\n<h6><strong>SOI TRADI\u021aIONAL BULG\u0102RESC <span style=\"color: #0000ff;\">TIMPURIU, CE SE COACE PRINTRE PRIMELE SOIURI MARI, DEOSEBIT DE <\/span><\/strong><span style=\"color: #0000ff;\">\u00a0PRODUCTIV .<\/span><\/h6>\n<h6>FRUCTELE SUNT C\u0102RNOASE, DE CULOARE ROZ, CU PU\u021aIN GEL ,SUCULENTE.<\/h6>\n<h6>DE\u0218I AU PIELI\u021aA FOARTE\u00a0 SUB\u021aIRE, <span style=\"color: #0000ff;\">PULPA ESTE FERMA, \u0218I REZIST\u0102 BINE LA TRANSPORT.<\/span><\/h6>\n<h6><span style=\"color: #0000ff;\">GUST EXCEP\u021aIONAL, F<\/span>OARTE DULCI, CU AROM\u0102 CLASIC\u0102 ,DE TOMATE \u021a\u0102R\u0102NE\u0218TI.<\/h6>\n<h6><span style=\"color: #0000ff;\">GREUTATEA ESTE \u00ceNTRE 150-300 grame,DAR POT DEP\u0102\u0218II 500 grame.<\/span><\/h6>\n<h6>SOI DE CULTIVAT SPECIAL \u00ceN GR\u0102DIN\u0102 DAR MERGE EXCELENT \u0218I \u00ceN SOLAR, DE SEZON LUNG, NEDETERMINAT.<\/h6>\n","protected":false},"excerpt":{"rendered":"<h6><span style=\"color: #0000ff;\">25 SEMIN\u021aE<\/span><\/h6>\n<h6>GUST EXCEP\u021aIONAL !<\/h6>\n<h6>DEOSEBIT DE PRODUCTIVE !<\/h6>\n","protected":false},"featured_media":1782,"comment_status":"open","ping_status":"closed","template":"","meta":{"site-sidebar-layout":"default","site-content-layout":"default","ast-site-content-layout":"default","site-content-style":"default","site-sidebar-style":"default","ast-global-header-display":"","ast-banner-title-visibility":"","ast-main-header-display":"","ast-hfb-above-header-display":"","ast-hfb-below-header-display":"","ast-hfb-mobile-header-display":"","site-post-title":"","ast-breadcrumbs-content":"","ast-featured-img":"","footer-sml-layout":"","ast-disable-related-posts":"","theme-transparent-header-meta":"default","adv-header-id-meta":"","stick-header-meta":"","header-above-stick-meta":"","header-main-stick-meta":"","header-below-stick-meta":"","astra-migrate-meta-layouts":"set","ast-page-background-enabled":"default","ast-page-background-meta":{"desktop":{"background-color":"var(--ast-global-color-4)","background-image":"","background-repeat":"repeat","background-position":"center center","background-size":"auto","background-attachment":"scroll","background-type":"","background-media":"","overlay-type":"","overlay-color":"","overlay-opacity":"","overlay-gradient":""},"tablet":{"background-color":"","background-image":"","background-repeat":"repeat","background-position":"center center","background-size":"auto","background-attachment":"scroll","background-type":"","background-media":"","overlay-type":"","overlay-color":"","overlay-opacity":"","overlay-gradient":""},"mobile":{"background-color":"","background-image":"","background-repeat":"repeat","background-position":"center center","background-size":"auto","background-attachment":"scroll","background-type":"","background-media":"","overlay-type":"","overlay-color":"","overlay-opacity":"","overlay-gradient":""}},"ast-content-background-meta":{"desktop":{"background-color":"var(--ast-global-color-5)","background-image":"","background-repeat":"repeat","background-position":"center center","background-size":"auto","background-attachment":"scroll","background-type":"","background-media":"","overlay-type":"","overlay-color":"","overlay-opacity":"","overlay-gradient":""},"tablet":{"background-color":"var(--ast-global-color-5)","background-image":"","background-repeat":"repeat","background-position":"center center","background-size":"auto","background-attachment":"scroll","background-type":"","background-media":"","overlay-type":"","overlay-color":"","overlay-opacity":"","overlay-gradient":""},"mobile":{"background-color":"var(--ast-global-color-5)","background-image":"","background-repeat":"repeat","background-position":"center center","background-size":"auto","background-attachment":"scroll","background-type":"","background-media":"","overlay-type":"","overlay-color":"","overlay-opacity":"","overlay-gradient":""}}},"product_brand":[],"product_cat":[141,142,144,187,15],"product_tag":[],"class_list":{"0":"post-803","1":"product","2":"type-product","3":"status-publish","4":"has-post-thumbnail","6":"product_cat-soi-gigant-urias","7":"product_cat-soiuri-rosii-roz","8":"product_cat-soiuri-tip-inima-de-bou","9":"product_cat-soiuri-florian-opal-bulgaria","10":"product_cat-tomate-soi","11":"desktop-align-left","12":"tablet-align-left","13":"mobile-align-left","15":"first","16":"instock","17":"taxable","18":"shipping-taxable","19":"purchasable","20":"product-type-simple"},"_links":{"self":[{"href":"https:\/\/vivasem.ro\/index.php?rest_route=\/wp\/v2\/product\/803","targetHints":{"allow":["GET"]}}],"collection":[{"href":"https:\/\/vivasem.ro\/index.php?rest_route=\/wp\/v2\/product"}],"about":[{"href":"https:\/\/vivasem.ro\/index.php?rest_route=\/wp\/v2\/types\/product"}],"replies":[{"embeddable":true,"href":"https:\/\/vivasem.ro\/index.php?rest_route=%2Fwp%2Fv2%2Fcomments&post=803"}],"wp:featuredmedia":[{"embeddable":true,"href":"https:\/\/vivasem.ro\/index.php?rest_route=\/wp\/v2\/media\/1782"}],"wp:attachment":[{"href":"https:\/\/vivasem.ro\/index.php?rest_route=%2Fwp%2Fv2%2Fmedia&parent=803"}],"wp:term":[{"taxonomy":"product_brand","embeddable":true,"href":"https:\/\/vivasem.ro\/index.php?rest_route=%2Fwp%2Fv2%2Fproduct_brand&post=803"},{"taxonomy":"product_cat","embeddable":true,"href":"https:\/\/vivasem.ro\/index.php?rest_route=%2Fwp%2Fv2%2Fproduct_cat&post=803"},{"taxonomy":"product_tag","embeddable":true,"href":"https:\/\/vivasem.ro\/index.php?rest_route=%2Fwp%2Fv2%2Fproduct_tag&post=803"}],"curies":[{"name":"wp","href":"https:\/\/api.w.org\/{rel}","templated":true}]}}