{"id":801,"date":"2021-11-05T09:30:35","date_gmt":"2021-11-05T07:30:35","guid":{"rendered":"https:\/\/vivasem.ro\/?post_type=product&#038;p=801"},"modified":"2023-04-17T08:38:47","modified_gmt":"2023-04-17T06:38:47","slug":"sicilian-saucer","status":"publish","type":"product","link":"https:\/\/vivasem.ro\/?product=sicilian-saucer","title":{"rendered":"\u201dSICILIAN SAUCER-PERA"},"content":{"rendered":"<h6><span style=\"color: #ff0000;\"><strong>SICILIAN SAUCER-PERA,<\/strong><\/span><\/h6>\n<h6><strong>SOI\u00a0 \u00a0VECHI ITALIAN, \u00ceN FORM\u0102 DE PAR\u0102, CARE, DUP\u0102 CUM \u00ceI SPUNE \u0218I NUMELE, ESTE RECOMANDAT\u00a0 DE A FI FOLOSIT \u00ceN SPECIAL ,PENTRU SOSURI DE PASTE, PIZZA, CONSERVE, ETC., DAR \u0218I PENTRU CONSUM PROASP\u0102T.<\/strong><\/h6>\n<h6><strong>FRUCTELE SALE DE CULOARE RO\u0218IE , U\u0218OR SPRE ROZ, SUNT <\/strong>FOARTE DULCI \u0218I GUSTOASE, AROMATE , C\u0102RNOASE, CU SEMIN\u021aE \u0218I ZEAM\u0102 PU\u021aINE.<\/h6>\n<h6>GREUTATEA SE SITUEAZ\u0102 \u00ceNTRE 100-200 grame,DAR POATE AJUNGE \u0218I LA 400 grame.<\/h6>\n<h6>ESTE FOARTE PRODUCTIV,RODIND NUMEROASE\u00a0 FRUCTE CRE\u021aE, ONDULATE , SEMIDEDETERMINAT\u00a0 .<\/h6>\n","protected":false},"excerpt":{"rendered":"<p>30 SEMIN\u021aE<\/p>\n","protected":false},"featured_media":4062,"comment_status":"open","ping_status":"closed","template":"","meta":{"site-sidebar-layout":"default","site-content-layout":"default","ast-site-content-layout":"default","site-content-style":"default","site-sidebar-style":"default","ast-global-header-display":"","ast-banner-title-visibility":"","ast-main-header-display":"","ast-hfb-above-header-display":"","ast-hfb-below-header-display":"","ast-hfb-mobile-header-display":"","site-post-title":"","ast-breadcrumbs-content":"","ast-featured-img":"","footer-sml-layout":"","ast-disable-related-posts":"","theme-transparent-header-meta":"default","adv-header-id-meta":"","stick-header-meta":"","header-above-stick-meta":"","header-main-stick-meta":"","header-below-stick-meta":"","astra-migrate-meta-layouts":"default","ast-page-background-enabled":"default","ast-page-background-meta":{"desktop":{"background-color":"var(--ast-global-color-4)","background-image":"","background-repeat":"repeat","background-position":"center center","background-size":"auto","background-attachment":"scroll","background-type":"","background-media":"","overlay-type":"","overlay-color":"","overlay-opacity":"","overlay-gradient":""},"tablet":{"background-color":"","background-image":"","background-repeat":"repeat","background-position":"center center","background-size":"auto","background-attachment":"scroll","background-type":"","background-media":"","overlay-type":"","overlay-color":"","overlay-opacity":"","overlay-gradient":""},"mobile":{"background-color":"","background-image":"","background-repeat":"repeat","background-position":"center center","background-size":"auto","background-attachment":"scroll","background-type":"","background-media":"","overlay-type":"","overlay-color":"","overlay-opacity":"","overlay-gradient":""}},"ast-content-background-meta":{"desktop":{"background-color":"var(--ast-global-color-5)","background-image":"","background-repeat":"repeat","background-position":"center center","background-size":"auto","background-attachment":"scroll","background-type":"","background-media":"","overlay-type":"","overlay-color":"","overlay-opacity":"","overlay-gradient":""},"tablet":{"background-color":"var(--ast-global-color-5)","background-image":"","background-repeat":"repeat","background-position":"center center","background-size":"auto","background-attachment":"scroll","background-type":"","background-media":"","overlay-type":"","overlay-color":"","overlay-opacity":"","overlay-gradient":""},"mobile":{"background-color":"var(--ast-global-color-5)","background-image":"","background-repeat":"repeat","background-position":"center center","background-size":"auto","background-attachment":"scroll","background-type":"","background-media":"","overlay-type":"","overlay-color":"","overlay-opacity":"","overlay-gradient":""}}},"product_brand":[],"product_cat":[149],"product_tag":[],"class_list":{"0":"post-801","1":"product","2":"type-product","3":"status-publish","4":"has-post-thumbnail","6":"product_cat-33-produse-epuizate","7":"desktop-align-left","8":"tablet-align-left","9":"mobile-align-left","11":"first","12":"outofstock","13":"taxable","14":"shipping-taxable","15":"purchasable","16":"product-type-simple"},"_links":{"self":[{"href":"https:\/\/vivasem.ro\/index.php?rest_route=\/wp\/v2\/product\/801","targetHints":{"allow":["GET"]}}],"collection":[{"href":"https:\/\/vivasem.ro\/index.php?rest_route=\/wp\/v2\/product"}],"about":[{"href":"https:\/\/vivasem.ro\/index.php?rest_route=\/wp\/v2\/types\/product"}],"replies":[{"embeddable":true,"href":"https:\/\/vivasem.ro\/index.php?rest_route=%2Fwp%2Fv2%2Fcomments&post=801"}],"wp:featuredmedia":[{"embeddable":true,"href":"https:\/\/vivasem.ro\/index.php?rest_route=\/wp\/v2\/media\/4062"}],"wp:attachment":[{"href":"https:\/\/vivasem.ro\/index.php?rest_route=%2Fwp%2Fv2%2Fmedia&parent=801"}],"wp:term":[{"taxonomy":"product_brand","embeddable":true,"href":"https:\/\/vivasem.ro\/index.php?rest_route=%2Fwp%2Fv2%2Fproduct_brand&post=801"},{"taxonomy":"product_cat","embeddable":true,"href":"https:\/\/vivasem.ro\/index.php?rest_route=%2Fwp%2Fv2%2Fproduct_cat&post=801"},{"taxonomy":"product_tag","embeddable":true,"href":"https:\/\/vivasem.ro\/index.php?rest_route=%2Fwp%2Fv2%2Fproduct_tag&post=801"}],"curies":[{"name":"wp","href":"https:\/\/api.w.org\/{rel}","templated":true}]}}