{"id":800,"date":"2021-11-05T09:21:45","date_gmt":"2021-11-05T07:21:45","guid":{"rendered":"https:\/\/vivasem.ro\/?post_type=product&#038;p=800"},"modified":"2026-02-06T11:58:59","modified_gmt":"2026-02-06T09:58:59","slug":"kellogs-breakfast","status":"publish","type":"product","link":"https:\/\/vivasem.ro\/?product=kellogs-breakfast","title":{"rendered":"KELLOG&#8217;S BREAKFAST"},"content":{"rendered":"<h6><span style=\"color: #ff0000;\">KELLOG<\/span><span id=\"Anthem_ctl00_MainContentHolder_lblName__\"><span id=\"ctl00_MainContentHolder_lblName\">&#8216;<\/span><\/span><span style=\"color: #ff0000;\">S BREAKFAST-Reimeer Seeds USA,<\/span><\/h6>\n<div class=\"ast-oembed-container \" style=\"height: 100%;\"><iframe loading=\"lazy\" title=\"KELLOGG\u2019S BREAKFAST #gardeningmakesmehappy #tomato #gardentomatoes #gardenanswer #gardentalk\" width=\"422\" height=\"750\" src=\"https:\/\/www.youtube.com\/embed\/jy-VoyHVFrs?feature=oembed\" frameborder=\"0\" allow=\"accelerometer; autoplay; clipboard-write; encrypted-media; gyroscope; picture-in-picture; web-share\" referrerpolicy=\"strict-origin-when-cross-origin\" allowfullscreen><\/iframe><\/div>\n<p>&nbsp;<\/p>\n<div class=\"ast-oembed-container \" style=\"height: 100%;\"><iframe loading=\"lazy\" title=\"Do you grow kellogg\u2019s breakfast #tomato #organicvegetablegarden #garden #homegardening #sowandgrow\" width=\"422\" height=\"750\" src=\"https:\/\/www.youtube.com\/embed\/Ln-MTvkYanU?feature=oembed\" frameborder=\"0\" allow=\"accelerometer; autoplay; clipboard-write; encrypted-media; gyroscope; picture-in-picture; web-share\" referrerpolicy=\"strict-origin-when-cross-origin\" allowfullscreen><\/iframe><\/div>\n<p>&nbsp;<\/p>\n<h6><span style=\"color: #000080;\">O TOMAT\u0102 UNIC\u0102 ,DIN SUA, EXCEP\u021aIONAL\u0102, DE CULOAREA MANDARINEI, DEOSEBIT DE PRODUCTIV\u0102.<\/span><\/h6>\n<h6><span style=\"color: #ff0000;\">FRUCTELE SUNT MARI ,\u00ceNTRE 150-300 grame, DAR AJUNG FRECVENT\u00a0 LA 400-500 grame \u0218I CHIAR URIA\u0218E, SPRE 1 kilogram.<\/span><\/h6>\n<h6><span style=\"color: #000080;\">AU PULPA FOARTE C\u0102RNOAS\u0102,\u00a0 O COMBINATIE EXCELENT\u0102 , AROMAT\u0102, DE PULP\u0102 \u0218I GEL, SUCULENT.<\/span><\/h6>\n<h6><span style=\"color: #000080;\">TOMATE PERFECTE DE CONSUMAT \u00ceN STARE PROASP\u0102T\u0102.<\/span><\/h6>\n<h6><span style=\"color: #ff0000;\">GUST EXCEP\u021aIONAL, EXTREM DE DULCE, NEACID, FOARTE AROMAT,<\/span><\/h6>\n<h6><span style=\"color: #000080;\">SOI\u00a0 VECHI , HEIRLOOM, NEDETERMINAT, SEMITIMPURIU, CREEAT DE DARRELL KELLOG DIN WEST VIRGINIA-SUA.<\/span><\/h6>\n","protected":false},"excerpt":{"rendered":"<h6><span style=\"color: #ff0000;\">GUST EXCEP\u021aIONAL !<img loading=\"lazy\" decoding=\"async\" class=\"alignnone wp-image-8306 size-full\" src=\"https:\/\/vivasem.ro\/wp-content\/uploads\/2021\/11\/RECOMAND-e1762844609348.jpg\" alt=\"\" width=\"87\" height=\"84\" \/><\/span><\/h6>\n<h6><span style=\"color: #ff0000;\">EXTREM DE PRODUCTIV !<\/span><\/h6>\n<h6><span style=\"color: #ff0000;\">AJUNGE GIGANT ! Vezi Video!<\/span><\/h6>\n<p>&nbsp;<\/p>\n","protected":false},"featured_media":1437,"comment_status":"open","ping_status":"closed","template":"","meta":{"site-sidebar-layout":"default","site-content-layout":"default","ast-site-content-layout":"default","site-content-style":"default","site-sidebar-style":"default","ast-global-header-display":"","ast-banner-title-visibility":"","ast-main-header-display":"","ast-hfb-above-header-display":"","ast-hfb-below-header-display":"","ast-hfb-mobile-header-display":"","site-post-title":"","ast-breadcrumbs-content":"","ast-featured-img":"","footer-sml-layout":"","ast-disable-related-posts":"","theme-transparent-header-meta":"default","adv-header-id-meta":"","stick-header-meta":"","header-above-stick-meta":"","header-main-stick-meta":"","header-below-stick-meta":"","astra-migrate-meta-layouts":"set","ast-page-background-enabled":"default","ast-page-background-meta":{"desktop":{"background-color":"var(--ast-global-color-4)","background-image":"","background-repeat":"repeat","background-position":"center center","background-size":"auto","background-attachment":"scroll","background-type":"","background-media":"","overlay-type":"","overlay-color":"","overlay-opacity":"","overlay-gradient":""},"tablet":{"background-color":"","background-image":"","background-repeat":"repeat","background-position":"center center","background-size":"auto","background-attachment":"scroll","background-type":"","background-media":"","overlay-type":"","overlay-color":"","overlay-opacity":"","overlay-gradient":""},"mobile":{"background-color":"","background-image":"","background-repeat":"repeat","background-position":"center center","background-size":"auto","background-attachment":"scroll","background-type":"","background-media":"","overlay-type":"","overlay-color":"","overlay-opacity":"","overlay-gradient":""}},"ast-content-background-meta":{"desktop":{"background-color":"var(--ast-global-color-5)","background-image":"","background-repeat":"repeat","background-position":"center center","background-size":"auto","background-attachment":"scroll","background-type":"","background-media":"","overlay-type":"","overlay-color":"","overlay-opacity":"","overlay-gradient":""},"tablet":{"background-color":"var(--ast-global-color-5)","background-image":"","background-repeat":"repeat","background-position":"center center","background-size":"auto","background-attachment":"scroll","background-type":"","background-media":"","overlay-type":"","overlay-color":"","overlay-opacity":"","overlay-gradient":""},"mobile":{"background-color":"var(--ast-global-color-5)","background-image":"","background-repeat":"repeat","background-position":"center center","background-size":"auto","background-attachment":"scroll","background-type":"","background-media":"","overlay-type":"","overlay-color":"","overlay-opacity":"","overlay-gradient":""}}},"product_brand":[],"product_cat":[139,141,15],"product_tag":[],"class_list":{"0":"post-800","1":"product","2":"type-product","3":"status-publish","4":"has-post-thumbnail","6":"product_cat-tomate-galbene-orange-bicolore-verzi","7":"product_cat-soi-gigant-urias","8":"product_cat-tomate-soi","9":"pa_cantitate-10-seminte","10":"pa_cantitate-100-seminte","11":"pa_cantitate-200-seminte","12":"pa_cantitate-25-seminte","13":"pa_cantitate-250-seminte","14":"pa_cantitate-5-seminte","15":"pa_cantitate-50-seminte","16":"pa_cantitate-500-seminte","17":"desktop-align-left","18":"tablet-align-left","19":"mobile-align-left","21":"first","22":"instock","23":"sale","24":"taxable","25":"shipping-taxable","26":"purchasable","27":"product-type-variable"},"_links":{"self":[{"href":"https:\/\/vivasem.ro\/index.php?rest_route=\/wp\/v2\/product\/800","targetHints":{"allow":["GET"]}}],"collection":[{"href":"https:\/\/vivasem.ro\/index.php?rest_route=\/wp\/v2\/product"}],"about":[{"href":"https:\/\/vivasem.ro\/index.php?rest_route=\/wp\/v2\/types\/product"}],"replies":[{"embeddable":true,"href":"https:\/\/vivasem.ro\/index.php?rest_route=%2Fwp%2Fv2%2Fcomments&post=800"}],"wp:featuredmedia":[{"embeddable":true,"href":"https:\/\/vivasem.ro\/index.php?rest_route=\/wp\/v2\/media\/1437"}],"wp:attachment":[{"href":"https:\/\/vivasem.ro\/index.php?rest_route=%2Fwp%2Fv2%2Fmedia&parent=800"}],"wp:term":[{"taxonomy":"product_brand","embeddable":true,"href":"https:\/\/vivasem.ro\/index.php?rest_route=%2Fwp%2Fv2%2Fproduct_brand&post=800"},{"taxonomy":"product_cat","embeddable":true,"href":"https:\/\/vivasem.ro\/index.php?rest_route=%2Fwp%2Fv2%2Fproduct_cat&post=800"},{"taxonomy":"product_tag","embeddable":true,"href":"https:\/\/vivasem.ro\/index.php?rest_route=%2Fwp%2Fv2%2Fproduct_tag&post=800"}],"curies":[{"name":"wp","href":"https:\/\/api.w.org\/{rel}","templated":true}]}}