{"id":797,"date":"2021-11-05T08:59:10","date_gmt":"2021-11-05T06:59:10","guid":{"rendered":"https:\/\/vivasem.ro\/?post_type=product&#038;p=797"},"modified":"2025-12-30T10:55:22","modified_gmt":"2025-12-30T08:55:22","slug":"koreean-long","status":"publish","type":"product","link":"https:\/\/vivasem.ro\/?product=koreean-long","title":{"rendered":".KOREAN LONG (Ofert\u0103 de pret\/G. 75-95%)"},"content":{"rendered":"<h6><span style=\"color: #ff0000;\">KOREAN LONG,<\/span><\/h6>\n<h6>Lot cu germina\u021bie de 75-95%.<\/h6>\n<h6><span style=\"color: #000080;\">SOI ASIATIC,AMELIORAT \u00ceN UKRAINA, DEVENIT MAI REZISTENT LA TEMPERATURI SC\u0102ZUTE\u00a0 \u0218I CARE PRODUCE , P\u00c2N\u0102 LA \u00ceNGHE\u021a.<\/span><\/h6>\n<h6><span style=\"color: #ff0000;\">FRUCTELE SUNT FOARTE C\u0102RNOASE, DE CULOAREA ZMEUREI, LUNGI, CARE AU V\u00c2RF CURBAT.<\/span><\/h6>\n<h6><span style=\"color: #ff0000;\"> GUST\u00a0 EXCELENT, DULCE, FOARTE POTRIVITE DE UTILIZAT LA OB\u021aINEREA DE SOSURI, CONSERVE, DAR \u0218I DE CONSUMAT PROASPETE.<\/span><\/h6>\n<h6><span style=\"color: #000080;\">GREUTATEA MEDIE ESTE DE 120-150 grame, DAR AJUNG \u0218I LA 350 grame.<\/span><\/h6>\n<h6><span style=\"color: #000080;\">SOI SEMIDETERMINAT\u00a0 , CARE ATINGE 1,8 metrii, LA CARE PRODUC\u021aII FOARTE MARI SE OB\u021aIN LA DIRIJAREA PE 2-3 BRA\u021aE, DE CULTIVAT \u00ceN GR\u0102DIN\u0102 \u0218I SOLAR.<\/span><\/h6>\n","protected":false},"excerpt":{"rendered":"<h6><span style=\"color: #ff00ff;\">FOARTE REZISTENT LA FRIG !<\/span><\/h6>\n<h6><span style=\"color: #ff00ff;\">GUST EXCELENT ! FOARTE PRODUCTIV !<\/span><\/h6>\n","protected":false},"featured_media":4136,"comment_status":"open","ping_status":"closed","template":"","meta":{"site-sidebar-layout":"default","site-content-layout":"default","ast-site-content-layout":"default","site-content-style":"default","site-sidebar-style":"default","ast-global-header-display":"","ast-banner-title-visibility":"","ast-main-header-display":"","ast-hfb-above-header-display":"","ast-hfb-below-header-display":"","ast-hfb-mobile-header-display":"","site-post-title":"","ast-breadcrumbs-content":"","ast-featured-img":"","footer-sml-layout":"","ast-disable-related-posts":"","theme-transparent-header-meta":"default","adv-header-id-meta":"","stick-header-meta":"","header-above-stick-meta":"","header-main-stick-meta":"","header-below-stick-meta":"","astra-migrate-meta-layouts":"set","ast-page-background-enabled":"default","ast-page-background-meta":{"desktop":{"background-color":"var(--ast-global-color-4)","background-image":"","background-repeat":"repeat","background-position":"center center","background-size":"auto","background-attachment":"scroll","background-type":"","background-media":"","overlay-type":"","overlay-color":"","overlay-opacity":"","overlay-gradient":""},"tablet":{"background-color":"","background-image":"","background-repeat":"repeat","background-position":"center center","background-size":"auto","background-attachment":"scroll","background-type":"","background-media":"","overlay-type":"","overlay-color":"","overlay-opacity":"","overlay-gradient":""},"mobile":{"background-color":"","background-image":"","background-repeat":"repeat","background-position":"center center","background-size":"auto","background-attachment":"scroll","background-type":"","background-media":"","overlay-type":"","overlay-color":"","overlay-opacity":"","overlay-gradient":""}},"ast-content-background-meta":{"desktop":{"background-color":"var(--ast-global-color-5)","background-image":"","background-repeat":"repeat","background-position":"center center","background-size":"auto","background-attachment":"scroll","background-type":"","background-media":"","overlay-type":"","overlay-color":"","overlay-opacity":"","overlay-gradient":""},"tablet":{"background-color":"var(--ast-global-color-5)","background-image":"","background-repeat":"repeat","background-position":"center center","background-size":"auto","background-attachment":"scroll","background-type":"","background-media":"","overlay-type":"","overlay-color":"","overlay-opacity":"","overlay-gradient":""},"mobile":{"background-color":"var(--ast-global-color-5)","background-image":"","background-repeat":"repeat","background-position":"center center","background-size":"auto","background-attachment":"scroll","background-type":"","background-media":"","overlay-type":"","overlay-color":"","overlay-opacity":"","overlay-gradient":""}}},"product_brand":[],"product_cat":[178,141,142,15],"product_tag":[],"class_list":{"0":"post-797","1":"product","2":"type-product","3":"status-publish","4":"has-post-thumbnail","6":"product_cat-soiuri-lungi","7":"product_cat-soi-gigant-urias","8":"product_cat-soiuri-rosii-roz","9":"product_cat-tomate-soi","10":"pa_cantitate-10-seminte","11":"pa_cantitate-100-seminte","12":"pa_cantitate-200-seminte","13":"pa_cantitate-25-seminte","14":"pa_cantitate-250-seminte","15":"pa_cantitate-5-seminte","16":"pa_cantitate-50-seminte","17":"pa_cantitate-500-seminte","18":"desktop-align-left","19":"tablet-align-left","20":"mobile-align-left","22":"first","23":"instock","24":"sale","25":"taxable","26":"shipping-taxable","27":"purchasable","28":"product-type-variable"},"_links":{"self":[{"href":"https:\/\/vivasem.ro\/index.php?rest_route=\/wp\/v2\/product\/797","targetHints":{"allow":["GET"]}}],"collection":[{"href":"https:\/\/vivasem.ro\/index.php?rest_route=\/wp\/v2\/product"}],"about":[{"href":"https:\/\/vivasem.ro\/index.php?rest_route=\/wp\/v2\/types\/product"}],"replies":[{"embeddable":true,"href":"https:\/\/vivasem.ro\/index.php?rest_route=%2Fwp%2Fv2%2Fcomments&post=797"}],"wp:featuredmedia":[{"embeddable":true,"href":"https:\/\/vivasem.ro\/index.php?rest_route=\/wp\/v2\/media\/4136"}],"wp:attachment":[{"href":"https:\/\/vivasem.ro\/index.php?rest_route=%2Fwp%2Fv2%2Fmedia&parent=797"}],"wp:term":[{"taxonomy":"product_brand","embeddable":true,"href":"https:\/\/vivasem.ro\/index.php?rest_route=%2Fwp%2Fv2%2Fproduct_brand&post=797"},{"taxonomy":"product_cat","embeddable":true,"href":"https:\/\/vivasem.ro\/index.php?rest_route=%2Fwp%2Fv2%2Fproduct_cat&post=797"},{"taxonomy":"product_tag","embeddable":true,"href":"https:\/\/vivasem.ro\/index.php?rest_route=%2Fwp%2Fv2%2Fproduct_tag&post=797"}],"curies":[{"name":"wp","href":"https:\/\/api.w.org\/{rel}","templated":true}]}}