{"id":795,"date":"2021-11-05T08:27:02","date_gmt":"2021-11-05T06:27:02","guid":{"rendered":"https:\/\/vivasem.ro\/?post_type=product&#038;p=795"},"modified":"2023-04-17T08:28:05","modified_gmt":"2023-04-17T06:28:05","slug":"black-russian","status":"publish","type":"product","link":"https:\/\/vivasem.ro\/?product=black-russian","title":{"rendered":"\u201eBLACK RUSSIAN (Anglia )"},"content":{"rendered":"<h6><span style=\"color: #ff0000;\">BLACK RUSSIAN,<\/span><\/h6>\n<h6><span style=\"color: #0000ff;\"><strong>SOI VECHI ENGLEZESC,<\/strong> CU ORIGINI \u00ceN RUSIA, FOARTE CUNOSCUT \u0218I CULTIVAT, CU O AROM\u0102 <\/span><strong><span style=\"color: #0000ff;\">COMPLEX\u0102 \u0218I GUST EXCELENT, PERFECT ECHILIBRAT \u00ceNTRE DULCE \u0218I ACID ,<\/span> FOARTE POTRIVIT DE CONSUMAT \u00ceN STARE PROSP\u0102T\u0102.<\/strong><\/h6>\n<h6>M\u0102RIMEA FRUCTELOR ESTE \u00ceN MEDIE DE 150-200 grame, DAR POT AJUNGE \u0218I LA 400 grame.<\/h6>\n<h6>CULOAREA , VARIAZ\u0102 DE LA MARO-MAHON, PAN\u0102 LA NEGRU.<\/h6>\n<h6><span style=\"color: #0000ff;\">SOI HERITAGE\/HEIRLOOM, CARE, AV\u00c2ND\u00a0 ORIGINEA INI\u021aIAL\u0102 \u00ceN RUSIA, ARE O REZISTEN\u021a\u0102 DEOSEBIT\u0102 LA TEMPERATURI SC\u0102ZUTE.<\/span><\/h6>\n<h6>TREBUIE NEAPARAT TESTAT, PENTRU A-I VERIFICA FAIMA.<\/h6>\n","protected":false},"excerpt":{"rendered":"<h6><span style=\"color: #0000ff;\">40\u00a0 SEMIN\u021aE<\/span><\/h6>\n<h6>SOI FOARTE REZISTENT, DEOSEBIT DE PRODUCTIV !<\/h6>\n<h6>GUST EXCELENT !<\/h6>\n","protected":false},"featured_media":4538,"comment_status":"open","ping_status":"closed","template":"","meta":{"site-sidebar-layout":"default","site-content-layout":"default","ast-site-content-layout":"default","site-content-style":"default","site-sidebar-style":"default","ast-global-header-display":"","ast-banner-title-visibility":"","ast-main-header-display":"","ast-hfb-above-header-display":"","ast-hfb-below-header-display":"","ast-hfb-mobile-header-display":"","site-post-title":"","ast-breadcrumbs-content":"","ast-featured-img":"","footer-sml-layout":"","ast-disable-related-posts":"","theme-transparent-header-meta":"default","adv-header-id-meta":"","stick-header-meta":"","header-above-stick-meta":"","header-main-stick-meta":"","header-below-stick-meta":"","astra-migrate-meta-layouts":"default","ast-page-background-enabled":"default","ast-page-background-meta":{"desktop":{"background-color":"var(--ast-global-color-4)","background-image":"","background-repeat":"repeat","background-position":"center center","background-size":"auto","background-attachment":"scroll","background-type":"","background-media":"","overlay-type":"","overlay-color":"","overlay-opacity":"","overlay-gradient":""},"tablet":{"background-color":"","background-image":"","background-repeat":"repeat","background-position":"center center","background-size":"auto","background-attachment":"scroll","background-type":"","background-media":"","overlay-type":"","overlay-color":"","overlay-opacity":"","overlay-gradient":""},"mobile":{"background-color":"","background-image":"","background-repeat":"repeat","background-position":"center center","background-size":"auto","background-attachment":"scroll","background-type":"","background-media":"","overlay-type":"","overlay-color":"","overlay-opacity":"","overlay-gradient":""}},"ast-content-background-meta":{"desktop":{"background-color":"var(--ast-global-color-5)","background-image":"","background-repeat":"repeat","background-position":"center center","background-size":"auto","background-attachment":"scroll","background-type":"","background-media":"","overlay-type":"","overlay-color":"","overlay-opacity":"","overlay-gradient":""},"tablet":{"background-color":"var(--ast-global-color-5)","background-image":"","background-repeat":"repeat","background-position":"center center","background-size":"auto","background-attachment":"scroll","background-type":"","background-media":"","overlay-type":"","overlay-color":"","overlay-opacity":"","overlay-gradient":""},"mobile":{"background-color":"var(--ast-global-color-5)","background-image":"","background-repeat":"repeat","background-position":"center center","background-size":"auto","background-attachment":"scroll","background-type":"","background-media":"","overlay-type":"","overlay-color":"","overlay-opacity":"","overlay-gradient":""}}},"product_brand":[],"product_cat":[149],"product_tag":[],"class_list":{"0":"post-795","1":"product","2":"type-product","3":"status-publish","4":"has-post-thumbnail","6":"product_cat-33-produse-epuizate","7":"desktop-align-left","8":"tablet-align-left","9":"mobile-align-left","11":"first","12":"outofstock","13":"taxable","14":"shipping-taxable","15":"purchasable","16":"product-type-simple"},"_links":{"self":[{"href":"https:\/\/vivasem.ro\/index.php?rest_route=\/wp\/v2\/product\/795","targetHints":{"allow":["GET"]}}],"collection":[{"href":"https:\/\/vivasem.ro\/index.php?rest_route=\/wp\/v2\/product"}],"about":[{"href":"https:\/\/vivasem.ro\/index.php?rest_route=\/wp\/v2\/types\/product"}],"replies":[{"embeddable":true,"href":"https:\/\/vivasem.ro\/index.php?rest_route=%2Fwp%2Fv2%2Fcomments&post=795"}],"wp:featuredmedia":[{"embeddable":true,"href":"https:\/\/vivasem.ro\/index.php?rest_route=\/wp\/v2\/media\/4538"}],"wp:attachment":[{"href":"https:\/\/vivasem.ro\/index.php?rest_route=%2Fwp%2Fv2%2Fmedia&parent=795"}],"wp:term":[{"taxonomy":"product_brand","embeddable":true,"href":"https:\/\/vivasem.ro\/index.php?rest_route=%2Fwp%2Fv2%2Fproduct_brand&post=795"},{"taxonomy":"product_cat","embeddable":true,"href":"https:\/\/vivasem.ro\/index.php?rest_route=%2Fwp%2Fv2%2Fproduct_cat&post=795"},{"taxonomy":"product_tag","embeddable":true,"href":"https:\/\/vivasem.ro\/index.php?rest_route=%2Fwp%2Fv2%2Fproduct_tag&post=795"}],"curies":[{"name":"wp","href":"https:\/\/api.w.org\/{rel}","templated":true}]}}