{"id":7926,"date":"2022-11-06T21:54:38","date_gmt":"2022-11-06T19:54:38","guid":{"rendered":"https:\/\/vivasem.ro\/?post_type=product&#038;p=7926"},"modified":"2026-03-02T11:41:48","modified_gmt":"2026-03-02T09:41:48","slug":"dovlecel-ornamental-mix","status":"publish","type":"product","link":"https:\/\/vivasem.ro\/?product=dovlecel-ornamental-mix","title":{"rendered":"DOVLECEL ORNAMENTAL MIX"},"content":{"rendered":"<h6><span style=\"color: #ff0000;\"> DOVLECEL ORNAMENTAL MIX-Agrosem Tg.Mure\u0219<\/span><\/h6>\n<h6>Dovleacul decorativ este o plant\u0103 anual\u0103 ag\u0103\u021b\u0103toare. Fructele sunt mijlocii \u0219i mici, au forme \u0219i culori diferite \u0219i suprafa\u021ba neted\u0103 sau cu broboane.<\/h6>\n<h6>Are o cre\u0219tere viguroas\u0103 \u0219i este ideal pentru mascarea zidurilor \u0219i gardurilor.<\/h6>\n<h6>Cre\u0219te la soare \u0219i la semiumbr\u0103.<\/h6>\n<h6>Semin\u021bele se seam\u0103n\u0103 \u00een aprilie-mai, se acoper\u0103 cu un centimetru de sol \u0219i se ud\u0103 cu ap\u0103.<\/h6>\n<h6>Plantele au nevoie de suporturi.<\/h6>\n<h6>C\u00e2nd sunt bine coapte \u0219i uscate, fructele \u00ee\u0219i p\u0103streaz\u0103 aspectul exterior timp de c\u00e2teva luni, dac\u0103 sunt p\u0103strate \u00een locuri r\u0103coroase \u0219i uscate.<\/h6>\n<h6>Se folosesc pentru decorarea gardurilor, balcoanelor, etc.<\/h6>\n<h6>Semin\u021bele se seam\u0103n\u0103 la distan\u021be de 120\/80 cm. \u00cen\u0103l\u021bimea plantei este de 250 cm.<\/h6>\n<h6><span style=\"color: #0000ff;\">1,5 grame\/24 seminte<\/span><\/h6>\n<h6><\/h6>\n","protected":false},"excerpt":{"rendered":"<h6><span style=\"color: #0000ff;\">0,8 grame\/14 seminte<\/span><\/h6>\n","protected":false},"featured_media":7927,"comment_status":"open","ping_status":"closed","template":"","meta":{"site-sidebar-layout":"default","site-content-layout":"default","ast-site-content-layout":"default","site-content-style":"default","site-sidebar-style":"default","ast-global-header-display":"","ast-banner-title-visibility":"","ast-main-header-display":"","ast-hfb-above-header-display":"","ast-hfb-below-header-display":"","ast-hfb-mobile-header-display":"","site-post-title":"","ast-breadcrumbs-content":"","ast-featured-img":"","footer-sml-layout":"","ast-disable-related-posts":"","theme-transparent-header-meta":"default","adv-header-id-meta":"","stick-header-meta":"","header-above-stick-meta":"","header-main-stick-meta":"","header-below-stick-meta":"","astra-migrate-meta-layouts":"set","ast-page-background-enabled":"default","ast-page-background-meta":{"desktop":{"background-color":"var(--ast-global-color-4)","background-image":"","background-repeat":"repeat","background-position":"center center","background-size":"auto","background-attachment":"scroll","background-type":"","background-media":"","overlay-type":"","overlay-color":"","overlay-opacity":"","overlay-gradient":""},"tablet":{"background-color":"","background-image":"","background-repeat":"repeat","background-position":"center center","background-size":"auto","background-attachment":"scroll","background-type":"","background-media":"","overlay-type":"","overlay-color":"","overlay-opacity":"","overlay-gradient":""},"mobile":{"background-color":"","background-image":"","background-repeat":"repeat","background-position":"center center","background-size":"auto","background-attachment":"scroll","background-type":"","background-media":"","overlay-type":"","overlay-color":"","overlay-opacity":"","overlay-gradient":""}},"ast-content-background-meta":{"desktop":{"background-color":"var(--ast-global-color-5)","background-image":"","background-repeat":"repeat","background-position":"center center","background-size":"auto","background-attachment":"scroll","background-type":"","background-media":"","overlay-type":"","overlay-color":"","overlay-opacity":"","overlay-gradient":""},"tablet":{"background-color":"var(--ast-global-color-5)","background-image":"","background-repeat":"repeat","background-position":"center center","background-size":"auto","background-attachment":"scroll","background-type":"","background-media":"","overlay-type":"","overlay-color":"","overlay-opacity":"","overlay-gradient":""},"mobile":{"background-color":"var(--ast-global-color-5)","background-image":"","background-repeat":"repeat","background-position":"center center","background-size":"auto","background-attachment":"scroll","background-type":"","background-media":"","overlay-type":"","overlay-color":"","overlay-opacity":"","overlay-gradient":""}}},"product_brand":[],"product_cat":[87],"product_tag":[],"class_list":{"0":"post-7926","1":"product","2":"type-product","3":"status-publish","4":"has-post-thumbnail","6":"product_cat-dovlecei","7":"desktop-align-left","8":"tablet-align-left","9":"mobile-align-left","11":"first","12":"instock","13":"taxable","14":"shipping-taxable","15":"purchasable","16":"product-type-simple"},"_links":{"self":[{"href":"https:\/\/vivasem.ro\/index.php?rest_route=\/wp\/v2\/product\/7926","targetHints":{"allow":["GET"]}}],"collection":[{"href":"https:\/\/vivasem.ro\/index.php?rest_route=\/wp\/v2\/product"}],"about":[{"href":"https:\/\/vivasem.ro\/index.php?rest_route=\/wp\/v2\/types\/product"}],"replies":[{"embeddable":true,"href":"https:\/\/vivasem.ro\/index.php?rest_route=%2Fwp%2Fv2%2Fcomments&post=7926"}],"wp:featuredmedia":[{"embeddable":true,"href":"https:\/\/vivasem.ro\/index.php?rest_route=\/wp\/v2\/media\/7927"}],"wp:attachment":[{"href":"https:\/\/vivasem.ro\/index.php?rest_route=%2Fwp%2Fv2%2Fmedia&parent=7926"}],"wp:term":[{"taxonomy":"product_brand","embeddable":true,"href":"https:\/\/vivasem.ro\/index.php?rest_route=%2Fwp%2Fv2%2Fproduct_brand&post=7926"},{"taxonomy":"product_cat","embeddable":true,"href":"https:\/\/vivasem.ro\/index.php?rest_route=%2Fwp%2Fv2%2Fproduct_cat&post=7926"},{"taxonomy":"product_tag","embeddable":true,"href":"https:\/\/vivasem.ro\/index.php?rest_route=%2Fwp%2Fv2%2Fproduct_tag&post=7926"}],"curies":[{"name":"wp","href":"https:\/\/api.w.org\/{rel}","templated":true}]}}