{"id":7924,"date":"2022-11-06T21:53:28","date_gmt":"2022-11-06T19:53:28","guid":{"rendered":"https:\/\/vivasem.ro\/?post_type=product&#038;p=7924"},"modified":"2026-03-26T08:40:57","modified_gmt":"2026-03-26T06:40:57","slug":"leurda","status":"publish","type":"product","link":"https:\/\/vivasem.ro\/?product=leurda","title":{"rendered":"LEURDA"},"content":{"rendered":"<h6><span style=\"color: #ff0000;\"><strong><u>LEURDA- Agrosem Tg.Mure\u0219<\/u><\/strong>,<\/span><\/h6>\n<h6><strong>Leurda<em>(Allium ursinum)<\/em>\u00a0<\/strong>este o planta perena ce poate atinge intaltimi de 20 &#8211; 30 cm.<\/h6>\n<h6>Infloreste in general in lunile aprilie &#8211; iunie si are un miros asemanator cu cel al usturoiului doar ca este mult mai puternic.<\/h6>\n<h6><strong>Leurda\u00a0<\/strong>are aceleasi proprietati precum usturoiul doar ca\u00a0puterea lui curativa este mult mai mare.<\/h6>\n<h6><strong>Leurda\u00a0<\/strong>este o planta ce\u00a0trateaza urmatoarele efectiuni:<\/h6>\n<ul>\n<li>\n<h6>hepatita, gripa, raceala;<\/h6>\n<\/li>\n<li>\n<h6>afectiuni ale pielii;<\/h6>\n<\/li>\n<li>\n<h6>purificarea organismului;<\/h6>\n<\/li>\n<li>\n<h6>reglarea tractului digestiv;<\/h6>\n<\/li>\n<li>\n<h6>Planta erbacee perena, este denumita si usturoiul salbatic. Inaltimea plantei 25-30 cm. Se cultiva pentru frunze, care au un gust si o aroma asemanatoare usturoiului. Frunzele trebuie recoltate inainte ca planta sa infloreasca.<\/h6>\n<h6>Utilizare: la prepararea si aromatizarea salatelor.<\/h6>\n<\/li>\n<li>\n<h6>Planta perena cu bulbi care se mai numeste si USTUROIUL URSULUI. Frunzele sale sunt elipsoidale, de culoare verde-proaspat, lucioase, asemanatoare cu lacramioarele. Toata planta este delicioasa si se foloseste atat ca si condiment delicios, cat si ca mijloc puternic curativ. Are un miros mai moale si subtil de usturoi. Supliment ideal la salate, supe si alte mancaruri. Frunzele tinere se culeg in lunile aprilie-mai, infloreste in mai -iulie, iar capatanile se culeg vara tarziu sau toamna. Ometoda mai usoara de plantat este cultivarea bulbilor in februarie sau septembrie la o adancime de 5-8 cm. Ajuta in caz de hipertensiune arteriala sau tulburari intestinale. Actioneaza in scop profilactic in cazul gripei, pentru imbunatatirea apetitului culinar si reprezinta o sursa bogata de vitamine.<\/h6>\n<h6>Numele latinesc al leurdei este Allium ursinum (usturoiul ursului) \u015fi, \u00eentr-adev\u0103r, ur\u015fii o consum\u0103 ca medicament, imediat ce ies din hibernare.<br \/>\nDe altfel, se pare c\u0103 apari\u0163ia frunzelor de leurd\u0103 este \u015fi semnul c\u0103, \u00een cur\u00e2nd, animalele vor ie\u015fi din b\u00e2rloguri pentru a se bucura de razele soarelui de prim\u0103var\u0103.<br \/>\nEste o plant\u0103 de talie medie-mic\u0103, cu frunze c\u0103rnoase, de un verde puternic, care face ni\u015fte flori mici \u015fi albe. Popular, mai este numit\u0103 \u015fi usturoit\u0103, pentru c\u0103 frunzele \u015fi tulpinile sale au un gust \u015fi un miros puternic de usturoi, cu care de altfel este \u015fi rud\u0103, din punct de vedere botanic.<\/h6>\n<h6>Leurda cre\u015fte numai \u00een p\u0103durile din Europa Central\u0103, iar p\u00e2n\u0103 \u00een prezent nu a putut fi aclimatizat\u0103 \u00een nici o alt\u0103 regiune.<\/h6>\n<h6>\u00cen urma unor studii efectuate \u00een laboratoarele din Germania, a fost declarat\u0103 \u201ePlanta mileniului trei\u201d, efectele sale asupra inimii \u015fi a vaselor de s\u00e2nge, asupra digestiei, asupra sistemului imunitar \u015fi a celui endocrin uimind pur \u015fi simplu oamenii de \u015ftiin\u0163\u0103.<\/h6>\n<h6>\u00cen prezent, leurda este considerat\u0103 din punct de vedere terapeutic mai puternic\u0103 dec\u00e2t usturoiul, care la r\u00e2ndul s\u0103u este unul dintre cele mai folosite \u015fi apreciate medicamente naturale din lume. Cum este posibil acest lucru? Ei bine, \u00een compara\u0163ie cu celebrul ei v\u0103r, leurda a crescut liber\u0103, neinfluen\u0163at\u0103 de m\u00e2na omului, p\u0103str\u00e2ndu-\u015fi neatinde \u00eensu\u015firile cu care a fost \u00eenzestrat\u0103. A\u015fa se explic\u0103 faptul c\u0103 are efecte terapeutice at\u00e2t de puternice.<\/h6>\n<h6>Pentru alimenta\u0163ie \u015fi preparare \u00een stare proasp\u0103t\u0103, se recolteaz\u0103 frunzele fragede, tinere, \u00een lunile martie-aprilie. Se taie cu un cu\u0163ita\u015f, pentru a nu scoate afar\u0103 planta cu tot cu r\u0103d\u0103cin\u0103, care trebuie s\u0103 r\u0103m\u00e2n\u0103 \u00een p\u0103m\u00e2nt pentru a permite regenerarea plantei.<\/h6>\n<\/li>\n<li>\n<h6>Salata de leurda preparata cu zeama de lamaie si ulei de masline este un remediu excelent pentru persoanele ce au colesterolul ridicat.<\/h6>\n<\/li>\n<\/ul>\n","protected":false},"excerpt":{"rendered":"<h6><span style=\"color: #0000ff;\">0,15 grame (22 SEMINTE)<\/span><\/h6>\n","protected":false},"featured_media":7932,"comment_status":"open","ping_status":"closed","template":"","meta":{"site-sidebar-layout":"default","site-content-layout":"default","ast-site-content-layout":"default","site-content-style":"default","site-sidebar-style":"default","ast-global-header-display":"","ast-banner-title-visibility":"","ast-main-header-display":"","ast-hfb-above-header-display":"","ast-hfb-below-header-display":"","ast-hfb-mobile-header-display":"","site-post-title":"","ast-breadcrumbs-content":"","ast-featured-img":"","footer-sml-layout":"","ast-disable-related-posts":"","theme-transparent-header-meta":"default","adv-header-id-meta":"","stick-header-meta":"","header-above-stick-meta":"","header-main-stick-meta":"","header-below-stick-meta":"","astra-migrate-meta-layouts":"set","ast-page-background-enabled":"default","ast-page-background-meta":{"desktop":{"background-color":"var(--ast-global-color-4)","background-image":"","background-repeat":"repeat","background-position":"center center","background-size":"auto","background-attachment":"scroll","background-type":"","background-media":"","overlay-type":"","overlay-color":"","overlay-opacity":"","overlay-gradient":""},"tablet":{"background-color":"","background-image":"","background-repeat":"repeat","background-position":"center center","background-size":"auto","background-attachment":"scroll","background-type":"","background-media":"","overlay-type":"","overlay-color":"","overlay-opacity":"","overlay-gradient":""},"mobile":{"background-color":"","background-image":"","background-repeat":"repeat","background-position":"center center","background-size":"auto","background-attachment":"scroll","background-type":"","background-media":"","overlay-type":"","overlay-color":"","overlay-opacity":"","overlay-gradient":""}},"ast-content-background-meta":{"desktop":{"background-color":"var(--ast-global-color-5)","background-image":"","background-repeat":"repeat","background-position":"center center","background-size":"auto","background-attachment":"scroll","background-type":"","background-media":"","overlay-type":"","overlay-color":"","overlay-opacity":"","overlay-gradient":""},"tablet":{"background-color":"var(--ast-global-color-5)","background-image":"","background-repeat":"repeat","background-position":"center center","background-size":"auto","background-attachment":"scroll","background-type":"","background-media":"","overlay-type":"","overlay-color":"","overlay-opacity":"","overlay-gradient":""},"mobile":{"background-color":"var(--ast-global-color-5)","background-image":"","background-repeat":"repeat","background-position":"center center","background-size":"auto","background-attachment":"scroll","background-type":"","background-media":"","overlay-type":"","overlay-color":"","overlay-opacity":"","overlay-gradient":""}}},"product_brand":[],"product_cat":[88,91],"product_tag":[],"class_list":{"0":"post-7924","1":"product","2":"type-product","3":"status-publish","4":"has-post-thumbnail","6":"product_cat-salata-varza-kale","7":"product_cat-alte-legume","8":"desktop-align-left","9":"tablet-align-left","10":"mobile-align-left","12":"first","13":"instock","14":"taxable","15":"shipping-taxable","16":"purchasable","17":"product-type-simple"},"_links":{"self":[{"href":"https:\/\/vivasem.ro\/index.php?rest_route=\/wp\/v2\/product\/7924","targetHints":{"allow":["GET"]}}],"collection":[{"href":"https:\/\/vivasem.ro\/index.php?rest_route=\/wp\/v2\/product"}],"about":[{"href":"https:\/\/vivasem.ro\/index.php?rest_route=\/wp\/v2\/types\/product"}],"replies":[{"embeddable":true,"href":"https:\/\/vivasem.ro\/index.php?rest_route=%2Fwp%2Fv2%2Fcomments&post=7924"}],"wp:featuredmedia":[{"embeddable":true,"href":"https:\/\/vivasem.ro\/index.php?rest_route=\/wp\/v2\/media\/7932"}],"wp:attachment":[{"href":"https:\/\/vivasem.ro\/index.php?rest_route=%2Fwp%2Fv2%2Fmedia&parent=7924"}],"wp:term":[{"taxonomy":"product_brand","embeddable":true,"href":"https:\/\/vivasem.ro\/index.php?rest_route=%2Fwp%2Fv2%2Fproduct_brand&post=7924"},{"taxonomy":"product_cat","embeddable":true,"href":"https:\/\/vivasem.ro\/index.php?rest_route=%2Fwp%2Fv2%2Fproduct_cat&post=7924"},{"taxonomy":"product_tag","embeddable":true,"href":"https:\/\/vivasem.ro\/index.php?rest_route=%2Fwp%2Fv2%2Fproduct_tag&post=7924"}],"curies":[{"name":"wp","href":"https:\/\/api.w.org\/{rel}","templated":true}]}}