{"id":7920,"date":"2022-11-06T21:39:30","date_gmt":"2022-11-06T19:39:30","guid":{"rendered":"https:\/\/vivasem.ro\/?post_type=product&#038;p=7920"},"modified":"2026-03-02T11:04:55","modified_gmt":"2026-03-02T09:04:55","slug":"stevia","status":"publish","type":"product","link":"https:\/\/vivasem.ro\/?product=stevia","title":{"rendered":"STEVIA"},"content":{"rendered":"<h6><span style=\"color: #ff0000;\"><strong><u>\u0218TEVIA- Agrosem Tg.Mure\u0219<\/u><\/strong>,<\/span><\/h6>\n<h6>\u0218tevia (Rumex patientia), denumit\u0103 popular dragomir, m\u0103cri\u0219 de gr\u0103din\u0103, este o plant\u0103 din familia Poligonaceelor, o erbacee peren\u0103 foarte frecvent\u0103 \u00een flora spontan\u0103 din Rom\u00e2nia. Cre\u0219te s\u0103lbatic\u0103 \u0219i liber\u0103 \u00een toat\u0103 Europa.<\/h6>\n<h6>Este originar\u0103 din Austria inferioar\u0103, unde este cultivat\u0103 ca plant\u0103 culinar\u0103.<\/h6>\n<h6>\u00cen p\u0103m\u00e2nt, ea are un rizom gros, cu multe capete. \u00cen partea superioar\u0103, tulpina de \u0219tevie este ramificat\u0103, purt\u00e2nd pe ea frunze mari, cu pe\u021biolul consistent. Florile sunt grupate, verzui, purt\u00e2nd pe ele un cerc ro\u0219u-palid sau ro\u0219u-vi\u0219iniu.<\/h6>\n<h6>Printre mult apreciatele plante de prim\u0103var\u0103 la noi, \u00eenc\u0103 de pe vremea tracilor, \u0219tevia este o plant\u0103 dulce-acri\u0219oar\u0103 \u0219i ocup\u0103 un loc bine-meritat \u00een buc\u0103t\u0103ria tradi\u021bional\u0103. Valoarea sa nutritiv\u0103 este completat\u0103 cu succes de calit\u0103\u021bile curative \u0219i medicale prin bog\u0103\u021bia de vitamine, s\u0103ruri minerale, proteine, fibre etc.<\/h6>\n<h6>Substan\u021be active importante sunt: \u00een cantitate semnificativ\u0103 vitamina C, dar \u0219i A, E \u0219i K, acid tartric, acid oxalic (oxala\u021bi), s\u0103ruri minerale \u2014 potasiu, fosfor, magneziu, calciu, fier, zinc\u2014, proteine, fibre.Valoare medicinal\u0103 au, mai ales, r\u0103d\u0103cinile, care se recolteaz\u0103 toamna, atunci c\u00e2nd perioada de vegeta\u021bie a \u00eencetat, precum \u0219i semin\u021bele. Pentru aplica\u021bii strict medicinale, se prepar\u0103 infuzie, decoct, cataplasme.<\/h6>\n<h6>\u0218tevia este o plant\u0103 specific\u0103 buc\u0103t\u0103riei est europene, consumat\u0103 mai ales prim\u0103vara, c\u00e2nd frunzele sunt tinere \u0219i c\u00e2nd acidul oxalic se g\u0103se\u0219te \u00een cantit\u0103\u021bi mai mici \u00een plant\u0103, responsabil de formarea pietrelor la rinichi, potrivit unor informa\u021bii. \u00cen buc\u0103t\u0103ria noastr\u0103 tradi\u021bional\u0103, se folosesc frunzele tinere mai ales \u00een ciorbe, \u00een pl\u0103cinte, omlete, ca foi pentru sarmale sau \u00eenn\u0103bu\u0219ite asemeni spanacului.<\/h6>\n<h6>Ele pot fi consumate crude, \u00een salate sau pot fi conservate prin uscare, congelare, sau puse la borcan cu sare \u0219i ad\u0103ugate ulterior la diferite m\u00e2nc\u0103ruri.Preparatele din \u0219tevie, \u00een forma lor natural\u0103, nefiart\u0103, au propriet\u0103\u021bi depurative, diuretice, tonice.<\/h6>\n<h6>Consumul de \u0219tevie este indicat, cu prec\u0103dere, \u00een lunile de prim\u0103var\u0103, pentru detoxifierea organismului. Prin propriet\u0103\u021bile sale depurative, \u0219tevia cur\u0103\u021b\u0103 organismul de toxinele adunate \u00een decursul iernii.<\/h6>\n<h6>\u0218tevia contribuie \u0219i la accelerarea proceselor de mineralizare, de reechilibrare a organismului, \u00een trecut fiind considerat\u0103 \u0219i un antiscorbutic important. Capacitatea \u0219teviei de a combate scorbutul trebuie luat\u0103 \u00een seam\u0103 \u0219i \u00een ziua de azi.Consumul de \u0219tevie stimuleaz\u0103 energia mental\u0103 \u0219i fizic\u0103, fiind totodat\u0103 o barier\u0103 \u00eempotriva bacteriilor care provoac\u0103 cariile dentare. Aceste calit\u0103\u021bi sunt sus\u021binute de cercet\u0103ri \u0219i studii \u0219tiin\u021bifice. Este o plant\u0103 care ne ajut\u0103 s\u0103 elimin\u0103m lichidul de prisos din corp, ne scap\u0103 de oboseala min\u021bii \u0219i a trupului.<\/h6>\n<h6>Este recomandat\u0103 \u0219i \u00een restabilirea echilibrelor gastrice, fiind alcalinizant\u0103.\u0218tevia, cultivat\u0103 sau s\u0103lbatic\u0103, este folosit\u0103 pentru calmarea usturimii provocate de contactul cu urzicile.<\/h6>\n<h6>Efectul de ameliorare este resim\u021bit aproape imediat.Pentru c\u0103 are o valoare energetic\u0103 redus\u0103, ajut\u0103 la sc\u0103derea \u00een greutate datorit\u0103 propriet\u0103\u021bilor sale de reglare a nivelului de zah\u0103r din s\u00e2nge, dar \u0219i a nivelului colesterolului.<\/h6>\n<p>1 gram con\u021bine aproximativ 350 semin\u021be de \u0219tevie.<\/p>\n","protected":false},"excerpt":{"rendered":"<h6><span style=\"color: #0000ff;\">0,3 grame (100 SEMINTE)<\/span><\/h6>\n","protected":false},"featured_media":7922,"comment_status":"open","ping_status":"closed","template":"","meta":{"site-sidebar-layout":"default","site-content-layout":"default","ast-site-content-layout":"default","site-content-style":"default","site-sidebar-style":"default","ast-global-header-display":"","ast-banner-title-visibility":"","ast-main-header-display":"","ast-hfb-above-header-display":"","ast-hfb-below-header-display":"","ast-hfb-mobile-header-display":"","site-post-title":"","ast-breadcrumbs-content":"","ast-featured-img":"","footer-sml-layout":"","ast-disable-related-posts":"","theme-transparent-header-meta":"default","adv-header-id-meta":"","stick-header-meta":"","header-above-stick-meta":"","header-main-stick-meta":"","header-below-stick-meta":"","astra-migrate-meta-layouts":"set","ast-page-background-enabled":"default","ast-page-background-meta":{"desktop":{"background-color":"var(--ast-global-color-4)","background-image":"","background-repeat":"repeat","background-position":"center center","background-size":"auto","background-attachment":"scroll","background-type":"","background-media":"","overlay-type":"","overlay-color":"","overlay-opacity":"","overlay-gradient":""},"tablet":{"background-color":"","background-image":"","background-repeat":"repeat","background-position":"center center","background-size":"auto","background-attachment":"scroll","background-type":"","background-media":"","overlay-type":"","overlay-color":"","overlay-opacity":"","overlay-gradient":""},"mobile":{"background-color":"","background-image":"","background-repeat":"repeat","background-position":"center center","background-size":"auto","background-attachment":"scroll","background-type":"","background-media":"","overlay-type":"","overlay-color":"","overlay-opacity":"","overlay-gradient":""}},"ast-content-background-meta":{"desktop":{"background-color":"var(--ast-global-color-5)","background-image":"","background-repeat":"repeat","background-position":"center center","background-size":"auto","background-attachment":"scroll","background-type":"","background-media":"","overlay-type":"","overlay-color":"","overlay-opacity":"","overlay-gradient":""},"tablet":{"background-color":"var(--ast-global-color-5)","background-image":"","background-repeat":"repeat","background-position":"center center","background-size":"auto","background-attachment":"scroll","background-type":"","background-media":"","overlay-type":"","overlay-color":"","overlay-opacity":"","overlay-gradient":""},"mobile":{"background-color":"var(--ast-global-color-5)","background-image":"","background-repeat":"repeat","background-position":"center center","background-size":"auto","background-attachment":"scroll","background-type":"","background-media":"","overlay-type":"","overlay-color":"","overlay-opacity":"","overlay-gradient":""}}},"product_brand":[],"product_cat":[114,88,91],"product_tag":[],"class_list":{"0":"post-7920","1":"product","2":"type-product","3":"status-publish","4":"has-post-thumbnail","6":"product_cat-spanac","7":"product_cat-salata-varza-kale","8":"product_cat-alte-legume","9":"desktop-align-left","10":"tablet-align-left","11":"mobile-align-left","13":"first","14":"instock","15":"taxable","16":"shipping-taxable","17":"purchasable","18":"product-type-simple"},"_links":{"self":[{"href":"https:\/\/vivasem.ro\/index.php?rest_route=\/wp\/v2\/product\/7920","targetHints":{"allow":["GET"]}}],"collection":[{"href":"https:\/\/vivasem.ro\/index.php?rest_route=\/wp\/v2\/product"}],"about":[{"href":"https:\/\/vivasem.ro\/index.php?rest_route=\/wp\/v2\/types\/product"}],"replies":[{"embeddable":true,"href":"https:\/\/vivasem.ro\/index.php?rest_route=%2Fwp%2Fv2%2Fcomments&post=7920"}],"wp:featuredmedia":[{"embeddable":true,"href":"https:\/\/vivasem.ro\/index.php?rest_route=\/wp\/v2\/media\/7922"}],"wp:attachment":[{"href":"https:\/\/vivasem.ro\/index.php?rest_route=%2Fwp%2Fv2%2Fmedia&parent=7920"}],"wp:term":[{"taxonomy":"product_brand","embeddable":true,"href":"https:\/\/vivasem.ro\/index.php?rest_route=%2Fwp%2Fv2%2Fproduct_brand&post=7920"},{"taxonomy":"product_cat","embeddable":true,"href":"https:\/\/vivasem.ro\/index.php?rest_route=%2Fwp%2Fv2%2Fproduct_cat&post=7920"},{"taxonomy":"product_tag","embeddable":true,"href":"https:\/\/vivasem.ro\/index.php?rest_route=%2Fwp%2Fv2%2Fproduct_tag&post=7920"}],"curies":[{"name":"wp","href":"https:\/\/api.w.org\/{rel}","templated":true}]}}